{"id":1512,"date":"2025-04-14T10:04:08","date_gmt":"2025-04-14T10:04:08","guid":{"rendered":"https:\/\/dronelab.lv\/?post_type=product&#038;p=1512"},"modified":"2025-04-14T10:05:18","modified_gmt":"2025-04-14T10:05:18","slug":"drone-bathymetry","status":"publish","type":"product","link":"https:\/\/dronelab.lv\/lv\/products\/drona-batimetrija\/","title":{"rendered":"Drona batimetrija"},"content":{"rendered":"<div id=\"model-response-message-contentr_7713f902cba2dd97\" class=\"markdown markdown-main-panel\" dir=\"ltr\">\n<h2 data-sourcepos=\"1:1-1:62\">Atbr\u012bvojieties no dzi\u013cumiem: visaptvero\u0161i dronu batimetrijas risin\u0101jumi<\/h2>\n<p data-sourcepos=\"3:1-3:448\">Prec\u012bza zem\u016bdens vides kart\u0113\u0161ana jau sen ir rad\u012bjusi noz\u012bm\u012bgas lo\u0123istikas un tehnolo\u0123iskas probl\u0113mas. Tradicion\u0101l\u0101s metodes bie\u017ei ir saist\u012btas ar apgr\u016btino\u0161u apr\u012bkojumu, \u012bpa\u0161iem ku\u0123iem un laikietilp\u012bgu manu\u0101lu datu v\u0101k\u0161anu, jo \u012bpa\u0161i sare\u017e\u0123\u012bt\u0101s vai nepieejam\u0101s viet\u0101s. Tom\u0113r dronu batimetrijas par\u0101d\u012b\u0161an\u0101s \u0161aj\u0101 jom\u0101 ir rad\u012bjusi revol\u016bciju, pied\u0101v\u0101jot \u0101tru, efekt\u012bvu un rentablu alternat\u012bvu pla\u0161am lietojumu kl\u0101stam.<\/p>\n<p data-sourcepos=\"5:1-5:394\">Vietn\u0113 Dronelab.lv m\u0113s pied\u0101v\u0101jam vismodern\u0101kos dronu batimetrijas risin\u0101jumus, izmantojot bezpilota lidapar\u0101tu (UAV) jaudu, kas integr\u0113ta ar progres\u012bvu hidrolokatoru tehnolo\u0123iju. M\u016bsu visaptvero\u0161aj\u0101 katalog\u0101 ir iek\u013cautas vismodern\u0101k\u0101s eholotes un vienm\u0113r\u012bgi integr\u0113ta programmat\u016bra no nozares l\u012bderiem, kas \u013cauj ieg\u016bt prec\u012bzus zem\u016bdens dzi\u013cuma datus ar nepieredz\u0113tu vieglumu un precizit\u0101ti.<\/p>\n<p data-sourcepos=\"7:1-7:32\"><strong>K\u0101p\u0113c izv\u0113l\u0113ties drona batimetriju?<\/strong><\/p>\n<p data-sourcepos=\"9:1-9:87\">Drona batimetrija pied\u0101v\u0101 daudzas p\u0101rliecino\u0161as priek\u0161roc\u012bbas sal\u012bdzin\u0101jum\u0101 ar parastaj\u0101m metod\u0113m:<\/p>\n<ul data-sourcepos=\"11:1-18:0\">\n<li data-sourcepos=\"11:1-11:193\"><strong>Pieejam\u012bba:<\/strong> Sasniedziet sare\u017e\u0123\u012btas vides, piem\u0113ram, seklus \u016bde\u0146us, ierobe\u017eotas vietas un vietas, kur nav tie\u0161as piek\u013cuves \u016bdenim, nov\u0113r\u0161ot vajadz\u012bbu nolaist laivas vai iebraukt person\u0101lam.<\/li>\n<li data-sourcepos=\"12:1-12:200\"><strong>Efektivit\u0101te:<\/strong> \u0100tra izvieto\u0161ana un datu ieg\u016b\u0161ana iev\u0113rojami samazina apsekojuma laiku un darb\u012bbas izmaksas. Aptveriet liel\u0101kas plat\u012bbas \u0101tri un efekt\u012bvi, sal\u012bdzinot ar tradicion\u0101lajiem ku\u0123u apsekojumiem.<\/li>\n<li data-sourcepos=\"13:1-13:141\"><strong>Izmaksu efektivit\u0101te:<\/strong> Samaziniet ekspluat\u0101cijas izdevumus, samazinot vajadz\u012bbu p\u0113c liel\u0101m apkalp\u0113m, specializ\u0113tiem ku\u0123iem un ilgu laiku uz vietas.<\/li>\n<li data-sourcepos=\"14:1-14:147\"><strong>Dro\u0161\u012bba:<\/strong> Samaziniet riskus person\u0101lam, nov\u0113r\u0161ot nepiecie\u0161am\u012bbu inspektoriem fiziski atrasties potenci\u0101li b\u012bstam\u0101 \u016bdens vid\u0113.<\/li>\n<li data-sourcepos=\"15:1-15:153\"><strong>Augstas iz\u0161\u0137irtsp\u0113jas dati:<\/strong> Ieg\u016bstiet detaliz\u0113tus batimetriskos datus ar augstu telpisko iz\u0161\u0137irtsp\u0113ju, nodro\u0161inot visaptvero\u0161u izpratni par zem\u016bdens reljefu.<\/li>\n<li data-sourcepos=\"16:1-16:169\"><strong>Atk\u0101rtojam\u012bba:<\/strong> Viegli veiciet atk\u0101rtotus apsekojumus laika gait\u0101, lai uzraudz\u012btu izmai\u0146as zem\u016bdens reljef\u0101, nogulumu uzkr\u0101\u0161anos vai vides notikumu ietekmi.<\/li>\n<li data-sourcepos=\"17:1-18:0\"><strong>Manevr\u0113tsp\u0113ja:<\/strong> Drons pied\u0101v\u0101 lielisku manevr\u0113\u0161anas sp\u0113ju, \u013caujot prec\u012bzi sav\u0101kt datus pa sare\u017e\u0123\u012btiem upju kan\u0101liem, krasta l\u012bnij\u0101m un sare\u017e\u0123\u012bt\u0101s \u016bdenstilp\u0113s.<\/li>\n<\/ul>\n<p data-sourcepos=\"19:1-19:61\"><strong>Integr\u0113t\u0101s tehnolo\u0123ijas sp\u0113ks: bezpilota batimetrija<\/strong><\/p>\n<p data-sourcepos=\"21:1-21:586\">M\u016bsu dronu batimetrijas risin\u0101jumi ir balst\u012bti uz iztur\u012bgo platformu, pied\u0101v\u0101jot visaptvero\u0161u hidrogr\u0101fijas r\u012bku komplektu, kas izstr\u0101d\u0101ts efekt\u012bvai batimetrisk\u0101s kart\u0113\u0161anas apsekojuma veik\u0161anai. M\u0113s pied\u0101v\u0101jam virkni eholotes iesp\u0113ju, tostarp vienas un divu frekven\u010du mode\u013cus, kas ir neman\u0101mi integr\u0113ti ar programmat\u016bru efekt\u012bvai misijas pl\u0101no\u0161anai, datu ieg\u016b\u0161anai un apstr\u0101dei. Papildu sensoru integr\u0101cija t\u0101du parametru k\u0101 s\u0101\u013cuma, du\u013c\u0137ainuma, pl\u016bsmas \u0101truma un ska\u0146as \u0101truma m\u0113r\u012b\u0161anai, nodro\u0161inot holistisku izpratni par \u016bdens vidi.<\/p>\n<p data-sourcepos=\"23:1-23:34\"><strong>Pied\u0101v\u0101t\u0101s eholotes opcijas:<\/strong><\/p>\n<ul data-sourcepos=\"25:1-44:0\">\n<li data-sourcepos=\"25:1-34:0\">\n<p data-sourcepos=\"25:3-25:51\"><strong>Drona eholote (vienas frekvences):<\/strong><\/p>\n<ul data-sourcepos=\"26:5-34:0\">\n<li data-sourcepos=\"26:5-26:96\">Darbojas ar 450 KHz, ide\u0101li piem\u0113rots visp\u0101r\u0113jai dzi\u013cuma kart\u0113\u0161anai un iegremd\u0113tu strukt\u016bru identific\u0113\u0161anai.<\/li>\n<li data-sourcepos=\"27:5-27:54\">Dzi\u013cuma diapazons: no 0,3 m l\u012bdz 100 m (praktiska lieto\u0161ana &gt; 30 cm).<\/li>\n<li data-sourcepos=\"28:5-28:36\">Integr\u0113ts temperat\u016bras sensors.<\/li>\n<li data-sourcepos=\"29:5-29:66\">Tie\u0161a savienojam\u012bba netrauc\u0113tai datu integr\u0101cijai.<\/li>\n<li data-sourcepos=\"30:5-30:68\">Apr\u012bkots ar sl\u012bpuma sensoru uzlabotai datu kvalit\u0101tes kontrolei.<\/li>\n<li data-sourcepos=\"31:5-31:48\">Viegls dizains ar aptuveni 1,3\u00a0kg.<\/li>\n<li data-sourcepos=\"32:5-32:69\">Datu izvade standarta NMEA (O803) un pilna atbalss datu form\u0101tos.<\/li>\n<li data-sourcepos=\"33:5-34:0\">Datu apstr\u0101des izvadi ietver CSV X, Y, Z koordin\u0101t\u0101m un SEG-Y form\u0101ta sader\u012bbu ar HydroMagic programmat\u016bru.<\/li>\n<\/ul>\n<\/li>\n<li data-sourcepos=\"35:1-44:0\">\n<p data-sourcepos=\"35:3-35:52\"><strong>Drona eholote (divfrekvences):<\/strong><\/p>\n<ul data-sourcepos=\"36:5-44:0\">\n<li data-sourcepos=\"36:5-36:151\">Izmanto gan 50KHz, gan 200KHz frekvences, \u013caujot noteikt m\u012bksto nogulumu sl\u0101\u0146a biezumu un iek\u013c\u016b\u0161anu iegremd\u0113t\u0101 ve\u0123et\u0101cij\u0101.<\/li>\n<li data-sourcepos=\"37:5-37:32\">Dzi\u013cuma diapazons: no 1,3 m l\u012bdz 200 m.<\/li>\n<li data-sourcepos=\"38:5-38:36\">Integr\u0113ts temperat\u016bras sensors.<\/li>\n<li data-sourcepos=\"39:5-39:36\">Tie\u0161a savienojam\u012bba.<\/li>\n<li data-sourcepos=\"40:5-40:49\">Ietver sl\u012bpuma sensoru kvalit\u0101tes kontrolei.<\/li>\n<li data-sourcepos=\"41:5-41:37\">Komplekta svars aptuveni 2,3 kg.<\/li>\n<li data-sourcepos=\"42:5-42:66\">Pied\u0101v\u0101 standarta NMEA (O803) un pilnas atbalss datu izvades re\u017e\u012bmus.<\/li>\n<li data-sourcepos=\"43:5-44:0\">Nodro\u0161ina datus CSV (X,Y,Z) un SEG-Y form\u0101tos, lai nodro\u0161in\u0101tu sader\u012bbu ar programmat\u016bru HydroMagic.<\/li>\n<\/ul>\n<\/li>\n<\/ul>\n<p data-sourcepos=\"45:1-45:49\"><strong>K\u0101p\u0113c j\u016bsu organiz\u0101cijai ir nepiecie\u0161ama drona batimetrija:<\/strong><\/p>\n<p data-sourcepos=\"47:1-47:93\">Drona batimetrija pied\u0101v\u0101 kritisku ieskatu un efektivit\u0101ti daudz\u0101m organiz\u0101cij\u0101m:<\/p>\n<ul data-sourcepos=\"49:1-52:0\">\n<li data-sourcepos=\"49:1-49:358\"><strong>Uz\u0146\u0113mumi:<\/strong> Optimiz\u0113jiet bagar\u0113\u0161anas darb\u012bbas, prec\u012bzi nosakot nogulumu daudzumu. Veiciet detaliz\u0113tas zem\u016bdens infrastrukt\u016bras, piem\u0113ram, cauru\u013cvadu, tiltu balstu un dambju, p\u0101rbaudes. Uzraudz\u012bt piekrastes eroziju un nov\u0113rt\u0113t b\u016bvniec\u012bbas projektu ietekmi uz \u016bdens vidi. Atrodiet iegremd\u0113tos akt\u012bvus un gru\u017eus, lai tos atg\u016btu vai mazin\u0101tu apdraud\u0113jumu.<\/li>\n<li data-sourcepos=\"50:1-50:388\"><strong>Vald\u012bbas:<\/strong> Veiciet visaptvero\u0161us ku\u0123ojamo \u016bdensce\u013cu apsekojumus, lai nodro\u0161in\u0101tu dro\u0161\u012bbu un optimiz\u0113tu kan\u0101lu apkopi. P\u0101rraugiet sald\u016bdens resursu st\u0101vokli un izsekojiet sediment\u0101ciju rezervu\u0101ros. Veikt ietekmes uz vidi nov\u0113rt\u0113jumus infrastrukt\u016bras att\u012bst\u012bbai un piekrastes p\u0101rvald\u012bbas iniciat\u012bv\u0101m. Atbalstiet mekl\u0113\u0161anas un gl\u0101b\u0161anas oper\u0101cijas, \u0101tri kart\u0113jot zem\u016bdens reljefu.<\/li>\n<li data-sourcepos=\"51:1-52:0\"><strong>Iest\u0101des:<\/strong> Veiciniet progres\u012bvus p\u0113t\u012bjumus limnolo\u0123ij\u0101, okeanogr\u0101fij\u0101 un \u0123eolo\u0123ij\u0101, nodro\u0161inot augstas iz\u0161\u0137irtsp\u0113jas batimetriskos datus. Veiciet detaliz\u0113tu biotopu kart\u0113\u0161anu ekolo\u0123iskajiem p\u0113t\u012bjumiem un saglab\u0101\u0161anas pas\u0101kumiem. Uzraudz\u012bt klimata p\u0101rmai\u0146u ietekmi uz \u016bdens vidi. Atbalstiet izgl\u012bt\u012bbas programmas ar praktisk\u0101m datu ieg\u016b\u0161anas un anal\u012bzes iesp\u0113j\u0101m.<\/li>\n<\/ul>\n<p data-sourcepos=\"53:1-53:196\"><strong>Atveriet neredzamo pasauli zem \u016bdens virsmas. Sazinieties ar mums jau \u0161odien, lai uzzin\u0101tu, k\u0101 m\u016bsu dronu batimetrijas risin\u0101jumi var p\u0101rveidot j\u016bsu darb\u012bbas un nodro\u0161in\u0101t jums nepiecie\u0161amos kritiskos datus.<\/strong><\/p>\n<p data-sourcepos=\"55:1-55:18\">\n<div class=\"wpcf7 no-js\" id=\"wpcf7-f84-o1\" lang=\"en-US\" dir=\"ltr\" data-wpcf7-id=\"84\">\n<div class=\"screen-reader-response\"><p role=\"status\" aria-live=\"polite\" aria-atomic=\"true\"><\/p> <ul><\/ul><\/div>\n<form action=\"\/lv\/wp-json\/wp\/v2\/product\/1512#wpcf7-f84-o1\" method=\"post\" class=\"wpcf7-form init\" aria-label=\"Kontaktforma\" novalidate=\"novalidate\" data-status=\"init\" data-trp-original-action=\"\/lv\/wp-json\/wp\/v2\/product\/1512#wpcf7-f84-o1\">\n<div style=\"display: none;\">\n<input type=\"hidden\" name=\"_wpcf7\" value=\"84\" \/>\n<input type=\"hidden\" name=\"_wpcf7_version\" value=\"6.0.6\" \/>\n<input type=\"hidden\" name=\"_wpcf7_locale\" value=\"en_US\" \/>\n<input type=\"hidden\" name=\"_wpcf7_unit_tag\" value=\"wpcf7-f84-o1\" \/>\n<input type=\"hidden\" name=\"_wpcf7_container_post\" value=\"0\" \/>\n<input type=\"hidden\" name=\"_wpcf7_posted_data_hash\" value=\"\" \/>\n<input type=\"hidden\" name=\"_wpcf7_recaptcha_response\" value=\"\" \/>\n<\/div>\n<p><label> J\u016bsu v\u0101rds (oblig\u0101ti)<br \/>\n<span class=\"wpcf7-form-control-wrap\" data-name=\"your-name\"><input size=\"40\" maxlength=\"400\" class=\"wpcf7-form-control wpcf7-text wpcf7-validates-as-required\" aria-required=\"true\" aria-invalid=\"false\" value=\"\" type=\"text\" name=\"your-name\" \/><\/span> <\/label>\n<\/p>\n<p><label> J\u016bsu e-pasts (oblig\u0101ti)<br \/>\n<span class=\"wpcf7-form-control-wrap\" data-name=\"your-email\"><input size=\"40\" maxlength=\"400\" class=\"wpcf7-form-control wpcf7-email wpcf7-validates-as-required wpcf7-text wpcf7-validates-as-email\" aria-required=\"true\" aria-invalid=\"false\" value=\"\" type=\"email\" name=\"your-email\" \/><\/span> <\/label>\n<\/p>\n<p><label> J\u016bsu t\u0101lrunis<br \/>\n<span class=\"wpcf7-form-control-wrap\" data-name=\"tel-199\"><input size=\"40\" maxlength=\"12\" minlength=\"8\" class=\"wpcf7-form-control wpcf7-tel wpcf7-validates-as-required wpcf7-text wpcf7-validates-as-tel\" aria-required=\"true\" aria-invalid=\"false\" value=\"\" type=\"tel\" name=\"tel-199\" \/><\/span> <\/label>\n<\/p>\n<p><label> Priek\u0161mets<br \/>\n<span class=\"wpcf7-form-control-wrap\" data-name=\"your-subject\"><input size=\"40\" maxlength=\"400\" class=\"wpcf7-form-control wpcf7-text\" aria-invalid=\"false\" value=\"\" type=\"text\" name=\"your-subject\" \/><\/span> <\/label>\n<\/p>\n<p><label> J\u016bsu Zi\u0146a<br \/>\n<span class=\"wpcf7-form-control-wrap\" data-name=\"your-message\"><textarea cols=\"40\" rows=\"10\" maxlength=\"2000\" class=\"wpcf7-form-control wpcf7-textarea\" aria-invalid=\"false\" name=\"your-message\"><\/textarea><\/span> <\/label>\n<\/p>\n\n<p><input class=\"wpcf7-form-control wpcf7-submit has-spinner\" type=\"submit\" value=\"S\u016bt\u012bt\" \/>\n<\/p><div class=\"wpcf7-response-output\" aria-hidden=\"true\"><\/div>\n<input type=\"hidden\" name=\"trp-form-language\" value=\"lv\"\/><\/form>\n<\/div>\n<\/p>\n<\/div>","protected":false},"excerpt":{"rendered":"<p>Atbr\u012bvojieties no dzi\u013cumiem: visaptvero\u0161i dronu batimetrijas risin\u0101jumi Prec\u012bza zem\u016bdens vides kart\u0113\u0161ana jau sen ir rad\u012bjusi iev\u0113rojamas lo\u0123istikas un tehnolo\u0123iskas probl\u0113mas. Tradicion\u0101l\u0101s metodes bie\u017ei [\u2026]<\/p>","protected":false},"featured_media":675,"template":"","meta":[],"product_brand":[],"product_cat":[55],"product_tag":[],"class_list":{"0":"post-1512","1":"product","2":"type-product","3":"status-publish","4":"has-post-thumbnail","6":"product_cat-solutions","8":"first","9":"instock","10":"shipping-taxable","11":"product-type-simple"},"_links":{"self":[{"href":"https:\/\/dronelab.lv\/lv\/wp-json\/wp\/v2\/product\/1512","targetHints":{"allow":["GET"]}}],"collection":[{"href":"https:\/\/dronelab.lv\/lv\/wp-json\/wp\/v2\/product"}],"about":[{"href":"https:\/\/dronelab.lv\/lv\/wp-json\/wp\/v2\/types\/product"}],"wp:featuredmedia":[{"embeddable":true,"href":"https:\/\/dronelab.lv\/lv\/wp-json\/wp\/v2\/media\/675"}],"wp:attachment":[{"href":"https:\/\/dronelab.lv\/lv\/wp-json\/wp\/v2\/media?parent=1512"}],"wp:term":[{"taxonomy":"product_brand","embeddable":true,"href":"https:\/\/dronelab.lv\/lv\/wp-json\/wp\/v2\/product_brand?post=1512"},{"taxonomy":"product_cat","embeddable":true,"href":"https:\/\/dronelab.lv\/lv\/wp-json\/wp\/v2\/product_cat?post=1512"},{"taxonomy":"product_tag","embeddable":true,"href":"https:\/\/dronelab.lv\/lv\/wp-json\/wp\/v2\/product_tag?post=1512"}],"curies":[{"name":"wp","href":"https:\/\/api.w.org\/{rel}","templated":true}]}}