{"id":1511,"date":"2025-04-14T09:56:51","date_gmt":"2025-04-14T09:56:51","guid":{"rendered":"https:\/\/dronelab.lv\/?post_type=product&#038;p=1511"},"modified":"2025-04-14T09:59:40","modified_gmt":"2025-04-14T09:59:40","slug":"underwater-intruder-detection-and-tracking-solutions","status":"publish","type":"product","link":"https:\/\/dronelab.lv\/lv\/products\/zemudens-ielausanas-atklasanas-un-izsekosanas-risinajumi\/","title":{"rendered":"Zem\u016bdens ielau\u0161an\u0101s atkl\u0101\u0161anas un izseko\u0161anas risin\u0101jumi"},"content":{"rendered":"<div id=\"model-response-message-contentr_8548df8452778a34\" class=\"markdown markdown-main-panel\" dir=\"ltr\">\n<h1 data-sourcepos=\"1:1-1:68\">Visaptvero\u0161i zem\u016bdens ielau\u0161an\u0101s atkl\u0101\u0161anas un izseko\u0161anas risin\u0101jumi<\/h1>\n<h2 data-sourcepos=\"3:1-3:62\">Nodro\u0161iniet svar\u012bgus akt\u012bvus, izmantojot uzlaboto son\u0101ra tehnolo\u0123iju<\/h2>\n<p data-sourcepos=\"5:1-5:466\">Aizvien sare\u017e\u0123\u012bt\u0101k\u0101 dro\u0161\u012bbas vid\u0113 nepiecie\u0161am\u012bba p\u0113c sp\u0113c\u012bgas un uzticamas zem\u016bdens draudu noteik\u0161anas nekad nav bijusi tik kritiska. No vit\u0101li svar\u012bgas valsts infrastrukt\u016bras un ros\u012bgo ostu aizsardz\u012bbas l\u012bdz priv\u0101to un komerci\u0101lo j\u016brniec\u012bbas l\u012bdzek\u013cu dro\u0161\u012bbas nodro\u0161in\u0101\u0161anai, \u013coti svar\u012bga ir sp\u0113ja identific\u0113t un izsekot zem\u016bdens iebruc\u0113jus. Vietn\u0113 Dronelab.lv m\u0113s pied\u0101v\u0101jam progres\u012bvus ielau\u0161an\u0101s son\u0101ra (IDS) risin\u0101jumus, kas izstr\u0101d\u0101ti, lai nodro\u0161in\u0101tu nep\u0101rsp\u0113jamu zem\u016bdens dro\u0161\u012bbu.<\/p>\n<p data-sourcepos=\"7:1-7:340\">M\u016bsu vado\u0161\u0101 sist\u0113ma, vado\u0161\u0101 IDS, ir zem\u016bdens nov\u0113ro\u0161anas tehnolo\u0123iju virsotne. \u0160is IDS ir izvietots vis\u0101 pasaul\u0113, lai aizsarg\u0101tu da\u017e\u0101dus akt\u012bvus, un tas izce\u013cas ar daudzu zem\u016bdens m\u0113r\u0137u atkl\u0101\u0161anu, izseko\u0161anu un klasific\u0113\u0161anu, tostarp bezpilota zem\u016bdens transportl\u012bdzek\u013cu vai zem\u016bdens dronu rad\u012btajiem draudiem.<\/p>\n<h2 data-sourcepos=\"9:1-9:50\">K\u0101p\u0113c zem\u016bdens ielau\u0161an\u0101s noteik\u0161ana ir b\u016btiska?<\/h2>\n<p data-sourcepos=\"11:1-11:384\">Zem\u016bdens dom\u0113ns rada unik\u0101las dro\u0161\u012bbas probl\u0113mas. Tradicion\u0101lie virs\u016bdens dro\u0161\u012bbas pas\u0101kumi ir neefekt\u012bvi pret apdraud\u0113jumiem, kas sl\u0113pjas zem virsmas. Neatkl\u0101tas zem\u016bdens ielau\u0161an\u0101s iesp\u0113jam\u0101s sekas var b\u016bt smagas, s\u0101kot no kritisk\u0101s infrastrukt\u016bras boj\u0101jumiem un j\u016bras oper\u0101ciju p\u0101rtrauk\u0161anas l\u012bdz b\u016btiskiem dro\u0161\u012bbas p\u0101rk\u0101pumiem un iesp\u0113jamiem cilv\u0113ku zaud\u0113jumiem.<\/p>\n<p data-sourcepos=\"13:1-13:37\"><strong>Apsveriet \u0161\u0101dus scen\u0101rijus:<\/strong><\/p>\n<ul data-sourcepos=\"15:1-20:0\">\n<li data-sourcepos=\"15:1-15:308\"><strong>Kritisk\u0101s infrastrukt\u016bras aizsardz\u012bba:<\/strong> Zem\u016bdens cauru\u013cvadi, sakaru kabe\u013ci un j\u016bras ener\u0123ijas platformas ir \u013coti svar\u012bgas valsts dro\u0161\u012bbai un ekonomiskajai stabilit\u0101tei. \u0160ie l\u012bdzek\u013ci ir neaizsarg\u0101ti pret sabot\u0101\u017eu vai valsts sponsor\u0113tu dal\u012bbnieku vai teroristu organiz\u0101ciju uzbrukumiem, kas izmanto zem\u016bdens sp\u0113jas.<\/li>\n<li data-sourcepos=\"16:1-16:286\"><strong>Ostas un ostas dro\u0161\u012bba:<\/strong> Ostas un ostas ir starptautisk\u0101s tirdzniec\u012bbas un transporta mezgli. To dro\u0161\u012bbas nodro\u0161in\u0101\u0161ana pret zem\u016bdens apdraud\u0113jumiem, piem\u0113ram, \u016bdensl\u012bd\u0113jiem, kas st\u0101da spr\u0101gstvielas vai sl\u0113ptos zem\u016bdens ku\u0123us, ir \u013coti svar\u012bgi, lai uztur\u0113tu ekonomisko pl\u016bsmu un nov\u0113rstu nelikum\u012bgas darb\u012bbas.<\/li>\n<li data-sourcepos=\"17:1-17:212\"><strong>Milit\u0101r\u0101s oper\u0101cijas un b\u0101zes:<\/strong> J\u016bras sp\u0113ku b\u0101z\u0113m un darb\u012bbas zon\u0101m ir nepiecie\u0161ama visaptvero\u0161a zem\u016bdens uzraudz\u012bba, lai aizsarg\u0101tu v\u0113rt\u012bgus akt\u012bvus, person\u0101lu un notieko\u0161\u0101s misijas no naid\u012bgiem zem\u016bdens iebrukumiem.<\/li>\n<li data-sourcepos=\"18:1-18:186\"><strong>Priv\u0101tie un komerci\u0101lie j\u016bras akt\u012bvi:<\/strong> Jahtas, komerci\u0101lie ku\u0123i un piekrastes \u012bpa\u0161umi saskaras ar zem\u016bdens apdraud\u0113jumiem, tostarp z\u0101dz\u012bb\u0101m, sabot\u0101\u017eu un nesankcion\u0113tu piek\u013cuvi.<\/li>\n<li data-sourcepos=\"19:1-20:0\"><strong>C\u012b\u0146a pret jauniem bezpilota lidapar\u0101tu draudiem:<\/strong> Izsmalcin\u0101tu zem\u016bdens bezpilota lidapar\u0101tu izplat\u012bba ir jauns un main\u012bgs izaicin\u0101jums. \u0160os bezpilota transportl\u012bdzek\u013cus var b\u016bt gr\u016bti atkl\u0101t, un tie var nopietni apdraud\u0113t pla\u0161u \u012bpa\u0161umu kl\u0101stu.<\/li>\n<\/ul>\n<h2 data-sourcepos=\"21:1-21:73\">Iepaz\u012bstin\u0101m ar m\u016bsu vado\u0161ajiem IDS: izcilais zem\u016bdens dro\u0161\u012bbas risin\u0101jums<\/h2>\n<p data-sourcepos=\"23:1-23:412\">M\u016bsu vado\u0161\u0101 IDS ir izstr\u0101d\u0101ta, lai risin\u0101tu \u0161\u012bs kritisk\u0101s dro\u0161\u012bbas vajadz\u012bbas ar nep\u0101rsp\u0113jamu precizit\u0101ti un uzticam\u012bbu. \u0160\u012b uzlabot\u0101 sist\u0113ma autom\u0101tiski nosaka, klasific\u0113 un izseko zem\u016bdens apdraud\u0113jumus, kad tie tuvojas j\u016bsu aizsarg\u0101jamai teritorijai vai objektam. Neatkar\u012bgi no t\u0101, vai tas ir \u016bdensl\u012bd\u0113js, peld\u0113t\u0101ju pieg\u0101des transportl\u012bdzeklis vai bezpilota zem\u016bdens drons, m\u016bsu vado\u0161\u0101 IDS nodro\u0161ina agr\u012bnu br\u012bdin\u0101jumu, \u013caujot savlaic\u012bgi un efekt\u012bvi rea\u0123\u0113t.<\/p>\n<p data-sourcepos=\"25:1-25:402\">M\u016bsu jaun\u0101k\u0101 inov\u0101cija, n\u0101kam\u0101s paaudzes IDS, paaugstina zem\u016bdens dro\u0161\u012bbu uz n\u0101kamo l\u012bmeni, integr\u0113jot uzlabotas <strong>Vienlaic\u012bgs joslas akt\u012bvais un pas\u012bvais son\u0101rs <\/strong>sp\u0113ja. \u0160\u012b revolucion\u0101r\u0101 tehnolo\u0123ija \u013cauj uzlabot draudu identific\u0113\u0161anu un aizsardz\u012bbu papla\u0161in\u0101tos diapazonos \u2013 l\u012bdz 1500 metriem mini zem\u016bden\u0113m un iespaid\u012bgiem 1000 metriem \u016bdensl\u012bd\u0113ju noteik\u0161anai.<\/p>\n<h2 data-sourcepos=\"27:1-27:48\">M\u016bsu vado\u0161o IDS galven\u0101s funkcijas un priek\u0161roc\u012bbas:<\/h2>\n<ul data-sourcepos=\"29:1-39:0\">\n<li data-sourcepos=\"29:1-29:173\"><strong>Liela att\u0101luma noteik\u0161ana un klasifik\u0101cija:<\/strong> Identific\u0113jiet un klasific\u0113jiet draudus iev\u0113rojamos att\u0101lumos (l\u012bdz 1500 m), nodro\u0161inot pietiekami daudz laika draudu nov\u0113rt\u0113\u0161anai un rea\u0123\u0113\u0161anai.<\/li>\n<li data-sourcepos=\"30:1-30:206\"><strong>Uzlabotas tehnolo\u0123ijas:<\/strong> M\u016bsu unik\u0101l\u0101 vienlaic\u012bga akt\u012bv\u0101 un pas\u012bv\u0101 son\u0101ra tehnolo\u0123ija apvieno gan akt\u012bv\u0101, gan pas\u012bv\u0101 hidrolokatoru stipr\u0101s puses, lai nodro\u0161in\u0101tu izcilu noteik\u0161anas un izseko\u0161anas veiktsp\u0113ju.<\/li>\n<li data-sourcepos=\"31:1-31:183\"><strong>Vienlaic\u012bga vair\u0101ku m\u0113r\u0137u izseko\u0161ana:<\/strong> Uzraugiet un izsekojiet vair\u0101kus zem\u016bdens m\u0113r\u0137us vienlaikus, nodro\u0161inot visaptvero\u0161u izpratni par zem\u016bdens vidi.<\/li>\n<li data-sourcepos=\"32:1-32:168\"><strong>Supermantojums:<\/strong> Saglab\u0101jiet konsekventu ce\u013ca mar\u0161rutu uz m\u0113r\u0137i pat tad, kad tas p\u0101rvietojas starp vair\u0101ku hidrolokatoru galvi\u0146u p\u0101rkl\u0101juma zon\u0101m, nodro\u0161inot nep\u0101rtrauktu uzraudz\u012bbu.<\/li>\n<li data-sourcepos=\"33:1-33:149\"><strong>M\u0113r\u0137a t\u0101lummai\u0146a:<\/strong> Uzlabojiet m\u0113r\u0137a klasifik\u0101ciju, izmantojot augstas iz\u0161\u0137irtsp\u0113jas, palielin\u0101ta \u0101truma atk\u0101rto\u0161anu, kas \u013cauj detaliz\u0113ti analiz\u0113t iesp\u0113jamos draudus.<\/li>\n<li data-sourcepos=\"34:1-34:135\"><strong>V\u0113sturiskie izseko\u0161anas dati:<\/strong> P\u0101rskatiet iepriek\u0161\u0113jos izseko\u0161anas datus, lai identific\u0113tu mode\u013cus, nov\u0113rt\u0113tu iesp\u0113jamos riskus un uzlabotu dro\u0161\u012bbas protokolus.<\/li>\n<li data-sourcepos=\"35:1-35:194\"><strong>\u0100tr\u0101s rea\u0123\u0113\u0161anas laiki:<\/strong> Automatiz\u0113t\u0101 akt\u012bv\u0101 pas\u012bv\u0101 ce\u013ca korel\u0101cija \u0101tri paaugstina trases br\u012bdin\u0101juma l\u012bmeni, samazinot reakcijas laiku un palielinot dro\u0161\u012bbas pas\u0101kumu efektivit\u0101ti.<\/li>\n<li data-sourcepos=\"36:1-36:236\"><strong>Intuit\u012bva darb\u012bba:<\/strong> Sist\u0113mai ir vispus\u012bgi atjaunin\u0101ts grafisk\u0101 displeja procesors, kas paredz\u0113ts lieto\u0161anas \u0113rt\u012bbai. Lai galalietot\u0101ji saprastu iesp\u0113jamos draudus un rea\u0123\u0113tu uz tiem, nav nepiecie\u0161ama specializ\u0113ta son\u0101ra apm\u0101c\u012bba.<\/li>\n<li data-sourcepos=\"37:1-37:245\"><strong>Elast\u012bgas izvieto\u0161anas iesp\u0113jas:<\/strong> Var pieg\u0101d\u0101t p\u0101rn\u0113s\u0101jam\u0101s un mobil\u0101s konfigur\u0101cij\u0101s \u0101trai izvieto\u0161anai pagaidu dro\u0161\u012bbas situ\u0101cij\u0101s vai k\u0101 past\u0101v\u012bgi uzst\u0101d\u012bta sist\u0113ma past\u0101v\u012bgai pamatl\u012bdzek\u013cu un perimetru aizsardz\u012bbai.<\/li>\n<li data-sourcepos=\"38:1-39:0\"><strong>Bez\u0161uvju integr\u0101cija:<\/strong> Sist\u0113mu var viegli integr\u0113t eso\u0161aj\u0101s vad\u012bbas un kontroles sist\u0113m\u0101s, nodro\u0161inot vienotu dro\u0161\u012bbas att\u0113lu virs un zem \u016bdensl\u012bnijas.<\/li>\n<\/ul>\n<h2 data-sourcepos=\"40:1-40:69\">K\u0101p\u0113c uz\u0146\u0113mumiem, vald\u012bb\u0101m un iest\u0101d\u0113m ir nepiecie\u0161ami m\u016bsu vado\u0161ie ID:<\/h2>\n<ul data-sourcepos=\"42:1-48:0\">\n<li data-sourcepos=\"42:1-42:135\"><strong>Uzlabota dro\u0161\u012bbas poza:<\/strong> Ieg\u016bstiet iev\u0113rojamas priek\u0161roc\u012bbas, aizsarg\u0101jot kritiskos l\u012bdzek\u013cus un infrastrukt\u016bru no zem\u016bdens apdraud\u0113jumiem.<\/li>\n<li data-sourcepos=\"43:1-43:150\"><strong>Proakt\u012bva draudu noteik\u0161ana:<\/strong> Identific\u0113jiet un izsekojiet potenci\u0101los iebruc\u0113jus, pirms tie var rad\u012bt risku, \u013caujot veikt savlaic\u012bgu iejauk\u0161anos un to mazin\u0101\u0161anu.<\/li>\n<li data-sourcepos=\"44:1-44:135\"><strong>Samazin\u0101ta ievainojam\u012bba:<\/strong> Samaziniet sabot\u0101\u017eas, terorisma, z\u0101dz\u012bbu un citu nelikum\u012bgu darb\u012bbu risku, kas v\u0113rstas uz zem\u016bdens akt\u012bviem.<\/li>\n<li data-sourcepos=\"45:1-45:160\"><strong>Uzlabota darb\u012bbas efektivit\u0101te:<\/strong> Uzturiet nep\u0101rtrauktu darb\u012bbu ost\u0101s, ost\u0101s un \u0101rzonas objektos, nodro\u0161inot dro\u0161u zem\u016bdens vidi.<\/li>\n<li data-sourcepos=\"46:1-46:175\"><strong>Rentabla dro\u0161\u012bba:<\/strong> M\u016bsu IDS nodro\u0161ina visaptvero\u0161u un automatiz\u0113tu risin\u0101jumu, kas potenci\u0101li samazina vajadz\u012bbu p\u0113c pla\u0161as zem\u016bdens patru\u013cas un manu\u0101las uzraudz\u012bbas.<\/li>\n<li data-sourcepos=\"47:1-48:0\"><strong>N\u0101kotnes dro\u0161a tehnolo\u0123ija:<\/strong> M\u016bsu nep\u0101rtraukt\u0101 inov\u0101cija, ko raksturo jaun\u0101s paaudzes IDS uzlabot\u0101 tehnolo\u0123ija, nodro\u0161ina, ka jums ir piek\u013cuve vismodern\u0101kaj\u0101m zem\u016bdens dro\u0161\u012bbas iesp\u0113j\u0101m, lai c\u012bn\u012btos pret main\u012bgiem draudiem, tostarp sare\u017e\u0123\u012btiem zem\u016bdens droniem.<\/li>\n<\/ul>\n<p data-sourcepos=\"49:1-49:237\">Ieguldiet savu kritisko l\u012bdzek\u013cu dro\u0161\u012bb\u0101 ar m\u016bsu vado\u0161ajiem IDS no Dronelab.lv. Sazinieties ar mums jau \u0161odien, lai apspriestu savas \u012bpa\u0161\u0101s zem\u016bdens dro\u0161\u012bbas vajadz\u012bbas un uzzin\u0101tu, k\u0101 m\u016bsu uzlabot\u0101 hidrolokatoru tehnolo\u0123ija var nodro\u0161in\u0101t nep\u0101rsp\u0113jamu aizsardz\u012bbu.<\/p>\n<p data-sourcepos=\"51:1-51:18\">\n<div class=\"wpcf7 no-js\" id=\"wpcf7-f84-o1\" lang=\"en-US\" dir=\"ltr\" data-wpcf7-id=\"84\">\n<div class=\"screen-reader-response\"><p role=\"status\" aria-live=\"polite\" aria-atomic=\"true\"><\/p> <ul><\/ul><\/div>\n<form action=\"\/lv\/wp-json\/wp\/v2\/product\/1511#wpcf7-f84-o1\" method=\"post\" class=\"wpcf7-form init\" aria-label=\"Kontaktforma\" novalidate=\"novalidate\" data-status=\"init\" data-trp-original-action=\"\/lv\/wp-json\/wp\/v2\/product\/1511#wpcf7-f84-o1\">\n<div style=\"display: none;\">\n<input type=\"hidden\" name=\"_wpcf7\" value=\"84\" \/>\n<input type=\"hidden\" name=\"_wpcf7_version\" value=\"6.0.6\" \/>\n<input type=\"hidden\" name=\"_wpcf7_locale\" value=\"en_US\" \/>\n<input type=\"hidden\" name=\"_wpcf7_unit_tag\" value=\"wpcf7-f84-o1\" \/>\n<input type=\"hidden\" name=\"_wpcf7_container_post\" value=\"0\" \/>\n<input type=\"hidden\" name=\"_wpcf7_posted_data_hash\" value=\"\" \/>\n<input type=\"hidden\" name=\"_wpcf7_recaptcha_response\" value=\"\" \/>\n<\/div>\n<p><label> J\u016bsu v\u0101rds (oblig\u0101ti)<br \/>\n<span class=\"wpcf7-form-control-wrap\" data-name=\"your-name\"><input size=\"40\" maxlength=\"400\" class=\"wpcf7-form-control wpcf7-text wpcf7-validates-as-required\" aria-required=\"true\" aria-invalid=\"false\" value=\"\" type=\"text\" name=\"your-name\" \/><\/span> <\/label>\n<\/p>\n<p><label> J\u016bsu e-pasts (oblig\u0101ti)<br \/>\n<span class=\"wpcf7-form-control-wrap\" data-name=\"your-email\"><input size=\"40\" maxlength=\"400\" class=\"wpcf7-form-control wpcf7-email wpcf7-validates-as-required wpcf7-text wpcf7-validates-as-email\" aria-required=\"true\" aria-invalid=\"false\" value=\"\" type=\"email\" name=\"your-email\" \/><\/span> <\/label>\n<\/p>\n<p><label> J\u016bsu t\u0101lrunis<br \/>\n<span class=\"wpcf7-form-control-wrap\" data-name=\"tel-199\"><input size=\"40\" maxlength=\"12\" minlength=\"8\" class=\"wpcf7-form-control wpcf7-tel wpcf7-validates-as-required wpcf7-text wpcf7-validates-as-tel\" aria-required=\"true\" aria-invalid=\"false\" value=\"\" type=\"tel\" name=\"tel-199\" \/><\/span> <\/label>\n<\/p>\n<p><label> Priek\u0161mets<br \/>\n<span class=\"wpcf7-form-control-wrap\" data-name=\"your-subject\"><input size=\"40\" maxlength=\"400\" class=\"wpcf7-form-control wpcf7-text\" aria-invalid=\"false\" value=\"\" type=\"text\" name=\"your-subject\" \/><\/span> <\/label>\n<\/p>\n<p><label> J\u016bsu Zi\u0146a<br \/>\n<span class=\"wpcf7-form-control-wrap\" data-name=\"your-message\"><textarea cols=\"40\" rows=\"10\" maxlength=\"2000\" class=\"wpcf7-form-control wpcf7-textarea\" aria-invalid=\"false\" name=\"your-message\"><\/textarea><\/span> <\/label>\n<\/p>\n\n<p><input class=\"wpcf7-form-control wpcf7-submit has-spinner\" type=\"submit\" value=\"S\u016bt\u012bt\" \/>\n<\/p><div class=\"wpcf7-response-output\" aria-hidden=\"true\"><\/div>\n<input type=\"hidden\" name=\"trp-form-language\" value=\"lv\"\/><\/form>\n<\/div>\n<\/p>\n<\/div>","protected":false},"excerpt":{"rendered":"<p>Visaptvero\u0161i zem\u016bdens ielau\u0161an\u0101s atkl\u0101\u0161anas un izseko\u0161anas risin\u0101jumi, kas aizsarg\u0101 kritiskos akt\u012bvus ar modernu son\u0101ra tehnolo\u0123iju Aizvien sare\u017e\u0123\u012bt\u0101k\u0101 dro\u0161\u012bbas vid\u0113 ir nepiecie\u0161ama [\u2026]<\/p>","protected":false},"featured_media":1310,"template":"","meta":[],"product_brand":[57],"product_cat":[55],"product_tag":[],"class_list":{"0":"post-1511","1":"product","2":"type-product","3":"status-publish","4":"has-post-thumbnail","6":"product_brand-dronelab-engineering","7":"product_cat-solutions","9":"first","10":"instock","11":"shipping-taxable","12":"product-type-simple"},"_links":{"self":[{"href":"https:\/\/dronelab.lv\/lv\/wp-json\/wp\/v2\/product\/1511","targetHints":{"allow":["GET"]}}],"collection":[{"href":"https:\/\/dronelab.lv\/lv\/wp-json\/wp\/v2\/product"}],"about":[{"href":"https:\/\/dronelab.lv\/lv\/wp-json\/wp\/v2\/types\/product"}],"wp:featuredmedia":[{"embeddable":true,"href":"https:\/\/dronelab.lv\/lv\/wp-json\/wp\/v2\/media\/1310"}],"wp:attachment":[{"href":"https:\/\/dronelab.lv\/lv\/wp-json\/wp\/v2\/media?parent=1511"}],"wp:term":[{"taxonomy":"product_brand","embeddable":true,"href":"https:\/\/dronelab.lv\/lv\/wp-json\/wp\/v2\/product_brand?post=1511"},{"taxonomy":"product_cat","embeddable":true,"href":"https:\/\/dronelab.lv\/lv\/wp-json\/wp\/v2\/product_cat?post=1511"},{"taxonomy":"product_tag","embeddable":true,"href":"https:\/\/dronelab.lv\/lv\/wp-json\/wp\/v2\/product_tag?post=1511"}],"curies":[{"name":"wp","href":"https:\/\/api.w.org\/{rel}","templated":true}]}}