{"id":1496,"date":"2025-04-14T05:29:09","date_gmt":"2025-04-14T05:29:09","guid":{"rendered":"https:\/\/dronelab.lv\/?post_type=product&#038;p=1496"},"modified":"2025-04-14T07:15:16","modified_gmt":"2025-04-14T07:15:16","slug":"autonomous-deep-water-scanning-services-in-the-baltic-sea-region","status":"publish","type":"product","link":"https:\/\/dronelab.lv\/lv\/products\/autonomo-virszemes-kugu-sanu-skenesanas-hidrolokatoru-pakalpojumi-baltijas-juras-regiona\/","title":{"rendered":"Autonomie dzi\u013c\u016bdens sken\u0113\u0161anas pakalpojumi Baltijas j\u016bras re\u0123ion\u0101"},"content":{"rendered":"<div id=\"model-response-message-contentr_3b11ab2546f3b386\" class=\"markdown markdown-main-panel\" dir=\"ltr\">\n<h2 data-sourcepos=\"1:1-1:114\">Autonomo virszemes ku\u0123u s\u0101nu sken\u0113\u0161anas hidrolokatoru pakalpojumi Baltijas j\u016bras re\u0123ion\u0101<\/h2>\n<p data-sourcepos=\"3:1-3:549\">Baltijas j\u016bras re\u0123ions pied\u0101v\u0101 unik\u0101lu un izaicino\u0161u zem\u016bdens vidi, ko raksturo sare\u017e\u0123\u012bta \u0123eolo\u0123ija, v\u0113sturiska noz\u012bme un pieaugo\u0161a j\u016brniec\u012bbas aktivit\u0101te. \u0160\u012bs iegremd\u0113t\u0101s ainavas izpratne ir \u013coti svar\u012bga da\u017e\u0101d\u0101m nozar\u0113m, tostarp j\u016bras ener\u0123ijai, infrastrukt\u016bras att\u012bst\u012bbai, vides uzraudz\u012bbai un dro\u0161\u012bbai. Tradicion\u0101li \u0161o \u016bde\u0146u apseko\u0161ana ir balst\u012bta uz apkalpiem ku\u0123iem, kas var b\u016bt d\u0101rgi, laikietilp\u012bgi un ierobe\u017eotas ar to darb\u012bbas iesp\u0113j\u0101m, \u012bpa\u0161i skarbos laika apst\u0101k\u013cos vai jut\u012bg\u0101s zon\u0101s.<\/p>\n<p data-sourcepos=\"5:1-5:302\">Ieejiet autonomo virszemes ku\u0123u (ASV) laikmet\u0101, kas apr\u012bkoti ar s\u0101nu sken\u0113\u0161anas hidrolokatoru (SSS) tehnolo\u0123iju. \u0160\u012b novatorisk\u0101 kombin\u0101cija pied\u0101v\u0101 paradigmas mai\u0146u zem\u016bdens apsekojumu veik\u0161an\u0101, nodro\u0161inot augstas iz\u0161\u0137irtsp\u0113jas j\u016bras gultnes att\u0113lus ar nepieredz\u0113tu efektivit\u0101ti, dro\u0161\u012bbu un izmaksu lietder\u012bbu.<\/p>\n<h3 data-sourcepos=\"7:1-7:35\">K\u0101p\u0113c autonomie virszemes ku\u0123i?<\/h3>\n<p data-sourcepos=\"9:1-9:232\">Autonomie virszemes ku\u0123i ir j\u016bras tehnolo\u0123iju progres\u012bv\u0101k\u0101s malas. \u0160\u012bs bezpilota platformas var p\u0101rvietoties pa iepriek\u0161 ieprogramm\u0113tiem mar\u0161rutiem, v\u0101kt datus un veikt uzdevumus ar minim\u0101lu cilv\u0113ka iejauk\u0161anos. Vi\u0146iem ir daudz priek\u0161roc\u012bbu:<\/p>\n<ul data-sourcepos=\"11:1-16:0\">\n<li data-sourcepos=\"11:1-11:195\"><strong>Pagarin\u0101ta darb\u012bbas iztur\u012bba:<\/strong> ASV var darboties ilg\u0101k nek\u0101 apkalpes ku\u0123i, t\u0101d\u0113j\u0101di nodro\u0161inot pla\u0161\u0101ku apsekojumu aptv\u0113rumu un samazinot vajadz\u012bbu p\u0113c bie\u017e\u0101m p\u0101rtraukumiem vai apkalpes mai\u0146as.<\/li>\n<li data-sourcepos=\"12:1-12:220\"><strong>Uzlabota dro\u0161\u012bba:<\/strong> Atce\u013cot vajadz\u012bbu p\u0113c person\u0101la uz ku\u0123a, ASV var darboties b\u012bstam\u0101s vid\u0113s, piem\u0113ram, zon\u0101s ar nespr\u0101gu\u0161u mun\u012bciju vai nelabv\u0113l\u012bgos laikapst\u0101k\u013cos, mazinot riskus cilv\u0113ku dz\u012bv\u012bbai.<\/li>\n<li data-sourcepos=\"13:1-13:186\"><strong>Samazin\u0101tas darb\u012bbas izmaksas:<\/strong> Apkalpes tr\u016bkums noz\u012bm\u0113 zem\u0101ku degvielas pat\u0113ri\u0146u, person\u0101la izmaksas un lo\u0123istikas izdevumus, padarot ASV aptaujas ilgtermi\u0146\u0101 ekonomisk\u0101ku.<\/li>\n<li data-sourcepos=\"14:1-14:171\"><strong>Uzlabota datu kvalit\u0101te:<\/strong> ASV var uztur\u0113t nemain\u012bgu \u0101trumu un prec\u012bzu navig\u0101ciju, t\u0101d\u0113j\u0101di nodro\u0161inot vienm\u0113r\u012bg\u0101ku un prec\u012bz\u0101ku datu ieguvi s\u0101nu sken\u0113\u0161anas hidrolokatoru sist\u0113m\u0101m.<\/li>\n<li data-sourcepos=\"15:1-16:0\"><strong>Videi draudz\u012bgums:<\/strong> Daudzi ASV izmanto hibr\u012bda vai elektrisk\u0101s piedzi\u0146as sist\u0113mas, k\u0101 rezult\u0101t\u0101 ir zem\u0101kas emisijas un maz\u0101ka ietekme uz vidi, sal\u012bdzinot ar tradicion\u0101lajiem ku\u0123iem.<\/li>\n<\/ul>\n<h3 data-sourcepos=\"17:1-17:32\">S\u0101nu sken\u0113\u0161anas son\u0101ra sp\u0113ks<\/h3>\n<p data-sourcepos=\"19:1-19:443\">S\u0101nu sken\u0113\u0161anas hidrolokators ir akustisk\u0101 att\u0113lveido\u0161anas sist\u0113ma, kas nodro\u0161ina detaliz\u0113tus, fotogr\u0101fijai l\u012bdz\u012bgus j\u016bras dibena att\u0113lus. Tas darbojas, izstarojot v\u0113dek\u013cveida ska\u0146as vi\u013c\u0146u impulsus uz ku\u0123a (vai ASV) mal\u0101m un re\u0123istr\u0113jot atbalsu intensit\u0101ti, kas atgrie\u017eas no j\u016bras gultnes un uz t\u0101 eso\u0161ajiem objektiem. Atpaka\u013c izklied\u0113t\u0101 sign\u0101la stiprums ir atkar\u012bgs no j\u016bras dibena materi\u0101la un fakt\u016bras, k\u0101 ar\u012b no eso\u0161o elementu formas un izm\u0113ra.<\/p>\n<p data-sourcepos=\"21:1-21:40\">Galven\u0101s s\u0101nu sken\u0113\u0161anas son\u0101ra priek\u0161roc\u012bbas ir:<\/p>\n<ul data-sourcepos=\"23:1-27:0\">\n<li data-sourcepos=\"23:1-23:173\"><strong>Augstas iz\u0161\u0137irtsp\u0113jas att\u0113li:<\/strong> SSS var atkl\u0101t mazus objektus un smalkas izmai\u0146as j\u016bras gultnes tekst\u016br\u0101, nodro\u0161inot detaliz\u0101cijas l\u012bmeni, kas bie\u017ei vien nav sasniedzams ar cit\u0101m akustisk\u0101m metod\u0113m.<\/li>\n<li data-sourcepos=\"25:1-25:169\"><strong>Iegremd\u0113tu objektu noteik\u0161ana:<\/strong> Ku\u0123u vraki, cauru\u013cvadi, kabe\u013ci, gruve\u0161i un citi m\u0101ksl\u012bgi vai dabiski elementi j\u016bras gultn\u0113 ir viegli identific\u0113jami SSS att\u0113los.<\/li>\n<li data-sourcepos=\"26:1-27:0\"><strong>J\u016bras gultnes raksturojums:<\/strong> Analiz\u0113jot atpaka\u013cizkliedes mode\u013cus, \u0123eologi un vides zin\u0101tnieki var kart\u0113t da\u017e\u0101dus nogulumu veidus un bentosa biotopus.<\/li>\n<\/ul>\n<h3 data-sourcepos=\"28:1-28:58\">Siner\u0123ija: ASV un Side Scan Sonar Baltijas j\u016br\u0101<\/h3>\n<p data-sourcepos=\"30:1-30:204\">Apvienojot ASV platformas ar uzlabot\u0101m s\u0101nu sken\u0113\u0161anas hidrolokatoru sist\u0113m\u0101m, tiek izveidots sp\u0113c\u012bgs r\u012bks zem\u016bdens izp\u0113tei Baltijas j\u016br\u0101. \u0160\u012b siner\u0123ija pied\u0101v\u0101 iev\u0113rojamas priek\u0161roc\u012bbas pla\u0161am lietojumu kl\u0101stam:<\/p>\n<ul data-sourcepos=\"32:1-39:0\">\n<li data-sourcepos=\"32:1-32:341\"><strong>J\u016bras v\u0113ja parku att\u012bst\u012bba un uztur\u0113\u0161ana:<\/strong> Detaliz\u0113ta j\u016bras gultnes kart\u0113\u0161ana ir \u013coti svar\u012bga vietas izv\u0113lei, pamatu uzst\u0101d\u012b\u0161anai, kabe\u013cu mar\u0161rut\u0113\u0161anai un past\u0101v\u012bgai j\u016bras v\u0113ja parku p\u0101rbaudei. ASV, kas apr\u012bkotas ar SSS, var efekt\u012bvi apsekot lielas plat\u012bbas, identific\u0113t iesp\u0113jamos apdraud\u0113jumus un uzraudz\u012bt zem\u016bdens akt\u012bvu struktur\u0101lo integrit\u0101ti.<\/li>\n<li data-sourcepos=\"33:1-33:231\"><strong>Cauru\u013cvadu un kabe\u013cu aptaujas:<\/strong> Baltijas j\u016bru \u0161\u0137\u0113rso daudzi cauru\u013cvadi un sakaru kabe\u013ci. ASV ar SSS var veikt prec\u012bzu mar\u0161ruta apsekojumu, uzraudz\u012bt to st\u0101vokli un noteikt iesp\u0113jamos boj\u0101jumus vai iedarb\u012bbu.<\/li>\n<li data-sourcepos=\"34:1-34:306\"><strong>Vides monitorings:<\/strong> Lai izprastu da\u017e\u0101du j\u016bras gultnes biotopu izplat\u012bbu, identific\u0113tu pies\u0101r\u0146ojuma sl\u0101\u0146us un uzraudz\u012btu cilv\u0113ka darb\u012bbu ietekmi, ir nepiecie\u0161ama detaliz\u0113ta kart\u0113\u0161ana. ASV balst\u012btas SSS aptaujas var sniegt v\u0113rt\u012bgus datus ietekmes uz vidi nov\u0113rt\u0113jumiem un saglab\u0101\u0161anas pas\u0101kumiem.<\/li>\n<li data-sourcepos=\"35:1-35:224\"><strong>Hidrogr\u0101fisk\u0101 uzm\u0113r\u012b\u0161ana un kart\u0113\u0161ana:<\/strong> Prec\u012bzi batimetrijas dati un j\u016bras gultnes elementu identifik\u0101cija ir b\u016btiska dro\u0161ai navig\u0101cijai. ASV ar integr\u0113tu SSS var sniegt ieguld\u012bjumu augstas iz\u0161\u0137irtsp\u0113jas Baltijas j\u016bras kart\u0113\u0161an\u0101.<\/li>\n<li data-sourcepos=\"36:1-36:233\"><strong>Mekl\u0113\u0161anas un atkop\u0161anas darb\u012bbas:<\/strong> Neveiksm\u012bg\u0101 negad\u012bjuma gad\u012bjum\u0101 j\u016br\u0101 ar SSS apr\u012bkotos ASV var \u0101tri izvietot, lai mekl\u0113tu iegremd\u0113tus objektus vai gruve\u0161us, iev\u0113rojami uzlabojot atg\u016b\u0161anas pas\u0101kumu efektivit\u0101ti.<\/li>\n<li data-sourcepos=\"37:1-37:266\"><strong>Arheolo\u0123iskie p\u0113t\u012bjumi:<\/strong> Baltijas j\u016brai ir bag\u0101ta j\u016brniec\u012bbas v\u0113sture ar daudziem ku\u0123u vrakiem un iegremd\u0113t\u0101m arheolo\u0123isk\u0101m viet\u0101m. ASV b\u0101z\u0113ta SSS nodro\u0161ina neinvaz\u012bvu metodi \u0161o zem\u016bdens kult\u016bras mantojuma vietu atra\u0161anai, kart\u0113\u0161anai un izp\u0113tei.<\/li>\n<li data-sourcepos=\"38:1-39:0\"><strong>Dro\u0161\u012bba un uzraudz\u012bba:<\/strong> ASV ar SSS var izmantot zem\u016bdens infrastrukt\u016bras uzraudz\u012bbai, neat\u013cautu darb\u012bbu noteik\u0161anai un visp\u0101r\u0113j\u0101s j\u016brniec\u012bbas jomas izpratnes uzlabo\u0161anai.<\/li>\n<\/ul>\n<h3 data-sourcepos=\"40:1-40:47\">K\u0101p\u0113c jums ir nepiecie\u0161ams \u0161is pakalpojums: aicin\u0101jums r\u012bkoties<\/h3>\n<p data-sourcepos=\"42:1-42:339\">Uz\u0146\u0113mumiem, vald\u012bb\u0101m un iest\u0101d\u0113m, kas darbojas Baltijas j\u016bras re\u0123ion\u0101 vai kur\u0101m ir intereses \u0161aj\u0101 re\u0123ion\u0101, nepiecie\u0161am\u012bba p\u0113c detaliz\u0113tas un uzticamas zem\u016bdens inform\u0101cijas ir \u0101rk\u0101rt\u012bgi svar\u012bga. Ieguld\u012bjumi autonomos virszemes ku\u0123a s\u0101nu sken\u0113\u0161anas hidrolokatoru pakalpojumos sniedz daudz priek\u0161roc\u012bbu, kas tie\u0161i risina kritisk\u0101s darb\u012bbas un strat\u0113\u0123isk\u0101s pras\u012bbas:<\/p>\n<p data-sourcepos=\"44:1-44:18\"><strong>Uz\u0146\u0113mumiem:<\/strong><\/p>\n<ul data-sourcepos=\"46:1-51:0\">\n<li data-sourcepos=\"46:1-46:95\"><strong>Samaziniet projekta izmaksas un termi\u0146us<\/strong> \u0101rzonas att\u012bst\u012bbai un infrastrukt\u016bras projektiem.<\/li>\n<li data-sourcepos=\"47:1-47:110\"><strong>Uzlabojiet dro\u0161\u012bbu<\/strong> zem\u016bdens oper\u0101cij\u0101m, samazinot cilv\u0113ku kl\u0101tb\u016btni potenci\u0101li b\u012bstam\u0101s zon\u0101s.<\/li>\n<li data-sourcepos=\"48:1-48:120\"><strong>Ieg\u016bstiet augstas iz\u0161\u0137irtsp\u0113jas datus<\/strong> apzin\u0101tu l\u0113mumu pie\u0146em\u0161anai vietas izv\u0113l\u0113, riska nov\u0113rt\u0113\u0161an\u0101 un akt\u012bvu p\u0101rvald\u012bb\u0101.<\/li>\n<li data-sourcepos=\"49:1-49:84\"><strong>Uzlabojiet efektivit\u0101ti<\/strong> zem\u016bdens b\u016bvju p\u0101rbaud\u0113m un uzraudz\u012bbu.<\/li>\n<li data-sourcepos=\"50:1-51:0\"><strong>Ieg\u016bstiet konkurences priek\u0161roc\u012bbas<\/strong> izmantojot jaun\u0101k\u0101s tehnolo\u0123ijas j\u016bras apsekojumos.<\/li>\n<\/ul>\n<p data-sourcepos=\"52:1-52:37\"><strong>Vald\u012bb\u0101m un iest\u0101d\u0113m:<\/strong><\/p>\n<ul data-sourcepos=\"54:1-59:0\">\n<li data-sourcepos=\"54:1-54:99\"><strong>Uzlabot ku\u0123o\u0161anas dro\u0161\u012bbu<\/strong> izmantojot detaliz\u0113tas diagrammas un uzraudz\u012bbas iesp\u0113jas.<\/li>\n<li data-sourcepos=\"55:1-55:131\"><strong>Uzlabot vides p\u0101rvald\u012bbas un saglab\u0101\u0161anas pas\u0101kumus<\/strong> ar visaptvero\u0161u j\u016bras gultnes biotopu kart\u0113\u0161anu un pies\u0101r\u0146ojuma monitoringu.<\/li>\n<li data-sourcepos=\"56:1-56:83\"><strong>Progres\u012bvie zin\u0101tniskie p\u0113t\u012bjumi<\/strong> j\u016bras \u0123eolo\u0123ij\u0101, arheolo\u0123ij\u0101 un okeanogr\u0101fij\u0101.<\/li>\n<li data-sourcepos=\"57:1-57:65\"><strong>Nodro\u0161in\u0101t kritisk\u0101s zem\u016bdens infrastrukt\u016bras integrit\u0101ti.<\/strong><\/li>\n<li data-sourcepos=\"58:1-59:0\"><strong>Efekt\u012bvi rea\u0123\u0113jiet uz mekl\u0113\u0161anas un atkop\u0161anas misij\u0101m.<\/strong><\/li>\n<\/ul>\n<p data-sourcepos=\"60:1-60:372\">Ar s\u0101nu sken\u0113\u0161anas hidrolokatoru apr\u012bkotu autonomu virszemes ku\u0123u izvieto\u0161ana Baltijas j\u016bras re\u0123ion\u0101 nav tikai tehnolo\u0123isks sasniegums; t\u0101 ir strat\u0113\u0123iska nepiecie\u0161am\u012bba efekt\u012bvai, dro\u0161ai un videi draudz\u012bgai \u0161\u012bs svar\u012bg\u0101s j\u016bras vides p\u0101rvald\u012bbai. Aptveriet zem\u016bdens m\u0113rniec\u012bbas n\u0101kotni un atkl\u0101jiet zem vi\u013c\u0146iem pasl\u0113pt\u0101s inform\u0101cijas bag\u0101t\u012bbu.<\/p>\n<p data-sourcepos=\"62:1-62:18\">\n<div class=\"wpcf7 no-js\" id=\"wpcf7-f84-o1\" lang=\"en-US\" dir=\"ltr\" data-wpcf7-id=\"84\">\n<div class=\"screen-reader-response\"><p role=\"status\" aria-live=\"polite\" aria-atomic=\"true\"><\/p> <ul><\/ul><\/div>\n<form action=\"\/lv\/wp-json\/wp\/v2\/product\/1496#wpcf7-f84-o1\" method=\"post\" class=\"wpcf7-form init\" aria-label=\"Kontaktforma\" novalidate=\"novalidate\" data-status=\"init\" data-trp-original-action=\"\/lv\/wp-json\/wp\/v2\/product\/1496#wpcf7-f84-o1\">\n<div style=\"display: none;\">\n<input type=\"hidden\" name=\"_wpcf7\" value=\"84\" \/>\n<input type=\"hidden\" name=\"_wpcf7_version\" value=\"6.0.6\" \/>\n<input type=\"hidden\" name=\"_wpcf7_locale\" value=\"en_US\" \/>\n<input type=\"hidden\" name=\"_wpcf7_unit_tag\" value=\"wpcf7-f84-o1\" \/>\n<input type=\"hidden\" name=\"_wpcf7_container_post\" value=\"0\" \/>\n<input type=\"hidden\" name=\"_wpcf7_posted_data_hash\" value=\"\" \/>\n<input type=\"hidden\" name=\"_wpcf7_recaptcha_response\" value=\"\" \/>\n<\/div>\n<p><label> J\u016bsu v\u0101rds (oblig\u0101ti)<br \/>\n<span class=\"wpcf7-form-control-wrap\" data-name=\"your-name\"><input size=\"40\" maxlength=\"400\" class=\"wpcf7-form-control wpcf7-text wpcf7-validates-as-required\" aria-required=\"true\" aria-invalid=\"false\" value=\"\" type=\"text\" name=\"your-name\" \/><\/span> <\/label>\n<\/p>\n<p><label> J\u016bsu e-pasts (oblig\u0101ti)<br \/>\n<span class=\"wpcf7-form-control-wrap\" data-name=\"your-email\"><input size=\"40\" maxlength=\"400\" class=\"wpcf7-form-control wpcf7-email wpcf7-validates-as-required wpcf7-text wpcf7-validates-as-email\" aria-required=\"true\" aria-invalid=\"false\" value=\"\" type=\"email\" name=\"your-email\" \/><\/span> <\/label>\n<\/p>\n<p><label> J\u016bsu t\u0101lrunis<br \/>\n<span class=\"wpcf7-form-control-wrap\" data-name=\"tel-199\"><input size=\"40\" maxlength=\"12\" minlength=\"8\" class=\"wpcf7-form-control wpcf7-tel wpcf7-validates-as-required wpcf7-text wpcf7-validates-as-tel\" aria-required=\"true\" aria-invalid=\"false\" value=\"\" type=\"tel\" name=\"tel-199\" \/><\/span> <\/label>\n<\/p>\n<p><label> Priek\u0161mets<br \/>\n<span class=\"wpcf7-form-control-wrap\" data-name=\"your-subject\"><input size=\"40\" maxlength=\"400\" class=\"wpcf7-form-control wpcf7-text\" aria-invalid=\"false\" value=\"\" type=\"text\" name=\"your-subject\" \/><\/span> <\/label>\n<\/p>\n<p><label> J\u016bsu Zi\u0146a<br \/>\n<span class=\"wpcf7-form-control-wrap\" data-name=\"your-message\"><textarea cols=\"40\" rows=\"10\" maxlength=\"2000\" class=\"wpcf7-form-control wpcf7-textarea\" aria-invalid=\"false\" name=\"your-message\"><\/textarea><\/span> <\/label>\n<\/p>\n\n<p><input class=\"wpcf7-form-control wpcf7-submit has-spinner\" type=\"submit\" value=\"S\u016bt\u012bt\" \/>\n<\/p><div class=\"wpcf7-response-output\" aria-hidden=\"true\"><\/div>\n<input type=\"hidden\" name=\"trp-form-language\" value=\"lv\"\/><\/form>\n<\/div>\n<\/p>\n<\/div>","protected":false},"excerpt":{"rendered":"<p>Autonom\u0101 virszemes ku\u0123a s\u0101nu sken\u0113\u0161anas son\u0101ra pakalpojumi Baltijas j\u016bras re\u0123ion\u0101 Baltijas j\u016bras re\u0123ions pied\u0101v\u0101 unik\u0101lu un izaicino\u0161u zem\u016bdens [\u2026]<\/p>","protected":false},"featured_media":1379,"template":"","meta":[],"product_brand":[],"product_cat":[54,56],"product_tag":[],"class_list":{"0":"post-1496","1":"product","2":"type-product","3":"status-publish","4":"has-post-thumbnail","6":"product_cat-services","7":"product_cat-products","9":"first","10":"instock","11":"shipping-taxable","12":"product-type-simple"},"_links":{"self":[{"href":"https:\/\/dronelab.lv\/lv\/wp-json\/wp\/v2\/product\/1496","targetHints":{"allow":["GET"]}}],"collection":[{"href":"https:\/\/dronelab.lv\/lv\/wp-json\/wp\/v2\/product"}],"about":[{"href":"https:\/\/dronelab.lv\/lv\/wp-json\/wp\/v2\/types\/product"}],"wp:featuredmedia":[{"embeddable":true,"href":"https:\/\/dronelab.lv\/lv\/wp-json\/wp\/v2\/media\/1379"}],"wp:attachment":[{"href":"https:\/\/dronelab.lv\/lv\/wp-json\/wp\/v2\/media?parent=1496"}],"wp:term":[{"taxonomy":"product_brand","embeddable":true,"href":"https:\/\/dronelab.lv\/lv\/wp-json\/wp\/v2\/product_brand?post=1496"},{"taxonomy":"product_cat","embeddable":true,"href":"https:\/\/dronelab.lv\/lv\/wp-json\/wp\/v2\/product_cat?post=1496"},{"taxonomy":"product_tag","embeddable":true,"href":"https:\/\/dronelab.lv\/lv\/wp-json\/wp\/v2\/product_tag?post=1496"}],"curies":[{"name":"wp","href":"https:\/\/api.w.org\/{rel}","templated":true}]}}