{"id":1495,"date":"2025-04-14T05:16:23","date_gmt":"2025-04-14T05:16:23","guid":{"rendered":"https:\/\/dronelab.lv\/?post_type=product&#038;p=1495"},"modified":"2025-04-14T05:18:57","modified_gmt":"2025-04-14T05:18:57","slug":"autonomous-surface-vessels-development","status":"publish","type":"product","link":"https:\/\/dronelab.lv\/lv\/products\/autonomo-virszemes-kugu-attistiba\/","title":{"rendered":"Autonomo virszemes ku\u0123u izstr\u0101de"},"content":{"rendered":"<div id=\"model-response-message-contentr_270c4cf9b3f0bc94\" class=\"markdown markdown-main-panel\" dir=\"ltr\">\n<h1 class=\"product_title entry-title\">Autonomo virszemes ku\u0123u izstr\u0101de 1-8 metrus gariem ku\u0123iem<\/h1>\n<p data-sourcepos=\"3:1-3:429\">Laikmet\u0101, ko nosaka tehnolo\u0123iju att\u012bst\u012bba, piepras\u012bjums p\u0113c inovat\u012bviem risin\u0101jumiem da\u017e\u0101d\u0101s nozar\u0113s turpina pieaugt. Viena no \u0161\u0101d\u0101m p\u0101rveidojo\u0161\u0101m tehnolo\u0123ij\u0101m ir autonomo virsmas ku\u0123u (ASV) izstr\u0101de un pielieto\u0161ana. \u0160ie bezpilota peldl\u012bdzek\u013ci, kas apr\u012bkoti ar sare\u017e\u0123\u012btiem sensoriem, navig\u0101cijas sist\u0113m\u0101m un m\u0101ksl\u012bgo intelektu, ir gatavi no jauna defin\u0113t to, k\u0101 m\u0113s mijiedarbojamies ar \u016bdens vidi un izmantojam to.<\/p>\n<p data-sourcepos=\"5:1-5:383\">M\u0113s vietn\u0113 Dronelab.lv esam \u0161\u012bs revol\u016bcijas priek\u0161gal\u0101, sadarbojoties ar vado\u0161ajiem elektronikas speci\u0101listiem, lai izstr\u0101d\u0101tu progres\u012bvus autonomos peldl\u012bdzek\u013cus (virszemes ku\u0123us). M\u016bsu ap\u0146em\u0161an\u0101s ir nodro\u0161in\u0101t stabilus, uzticamus un \u013coti piel\u0101gojamus ASV, kas atbilst to uz\u0146\u0113mumu, vald\u012bbu un iest\u0101\u017eu main\u012bgaj\u0101m vajadz\u012bb\u0101m, kas darbojas da\u017e\u0101d\u0101s j\u016bras un iek\u0161\u0113jo \u016bde\u0146u jom\u0101s.<\/p>\n<h2 data-sourcepos=\"7:1-7:71\">K\u0101p\u0113c autonomie virszemes ku\u0123i?<\/h2>\n<p data-sourcepos=\"9:1-9:175\">Autonom\u0101s tehnolo\u0123ijas integr\u0101cija virszemes ku\u0123os pied\u0101v\u0101 daudzas p\u0101rliecino\u0161as priek\u0161roc\u012bbas, padarot tos par neaizst\u0101jamu priek\u0161roc\u012bbu pla\u0161am lietojumu kl\u0101stam.<\/p>\n<p data-sourcepos=\"11:1-11:338\"><strong>Uzlabota efektivit\u0101te un rentabilit\u0101te:<\/strong> ASV var darboties ilgu laiku, neizmantojot cilv\u0113ku apkalpi, iev\u0113rojami samazinot darb\u012bbas izmaksas, kas saist\u012btas ar person\u0101lu, izmitin\u0101\u0161anu un lo\u0123istikas atbalstu. To optimiz\u0113t\u0101s navig\u0101cijas un vad\u012bbas sist\u0113mas var ar\u012b ietaup\u012bt degvielu un samazin\u0101t ietekmi uz vidi.<\/p>\n<p data-sourcepos=\"13:1-13:393\"><strong>Uzlabota dro\u0161\u012bba un riska mazin\u0101\u0161ana:<\/strong> Daudzi ar \u016bdeni saist\u012bti uzdevumi, piem\u0113ram, b\u012bstamu vidi apseko\u0161ana, mekl\u0113\u0161anas un gl\u0101b\u0161anas oper\u0101ciju veik\u0161ana sare\u017e\u0123\u012btos apst\u0101k\u013cos vai ilgsto\u0161a monitoringa veik\u0161ana, rada iev\u0113rojamu risku person\u0101lam. ASV var veikt \u0161\u012bs misijas att\u0101lin\u0101ti, nodro\u0161inot operatoru dro\u0161\u012bbu, v\u0101cot kritiskos datus un veicot b\u016btiskas funkcijas.<\/p>\n<p data-sourcepos=\"15:1-15:362\"><strong>Paaugstin\u0101ta datu precizit\u0101te un p\u0101rkl\u0101jums:<\/strong> Apr\u012bkoti ar uzlabot\u0101m sensoru krav\u0101m, ASV var sav\u0101kt augstas iz\u0161\u0137irtsp\u0113jas datus pla\u0161os apgabalos ar liel\u0101ku konsekvenci un precizit\u0101ti nek\u0101 tradicion\u0101lie pilot\u0113jamie ku\u0123i. \u0160\u012b iesp\u0113ja ir \u013coti svar\u012bga t\u0101d\u0101m lietojumprogramm\u0101m k\u0101 vides uzraudz\u012bba, hidrogr\u0101fisk\u0101 uzm\u0113r\u012b\u0161ana, infrastrukt\u016bras p\u0101rbaude un resursu p\u0101rvald\u012bba.<\/p>\n<p data-sourcepos=\"17:1-17:360\"><strong>Liel\u0101ka darb\u012bbas elast\u012bba un piel\u0101gojam\u012bba:<\/strong> ASV var konstru\u0113t un konfigur\u0113t pla\u0161a spektra specifiskiem uzdevumiem, s\u0101kot no \u0101tras izvieto\u0161anas \u0101rk\u0101rtas rea\u0123\u0113\u0161anai l\u012bdz past\u0101v\u012bg\u0101m, ilgtermi\u0146a uzraudz\u012bbas misij\u0101m. To autonom\u0101s iesp\u0113jas \u013cauj elast\u012bgi pl\u0101not un izpild\u012bt misiju, piel\u0101gojoties main\u012bgajiem apst\u0101k\u013ciem un pras\u012bb\u0101m re\u0101llaik\u0101.<\/p>\n<h2 data-sourcepos=\"19:1-19:38\">Lietojumprogrammas da\u017e\u0101d\u0101s nozar\u0113s<\/h2>\n<p data-sourcepos=\"21:1-21:135\">Autonomo virszemes ku\u0123u daudzpus\u012bba paver daudz iesp\u0113ju daudz\u0101s nozar\u0113s un vald\u012bbas funkcij\u0101s:<\/p>\n<p data-sourcepos=\"23:1-23:244\"><strong>Vides monitorings:<\/strong> ASV var autonomi uzraudz\u012bt \u016bdens kvalit\u0101ti, izsekot pies\u0101r\u0146ojuma avotiem, veikt batimetriskos apsekojumus un nov\u0113rot j\u016bras ekosist\u0113mas ilg\u0101k\u0101 laika posm\u0101, nodro\u0161inot v\u0113rt\u012bgus datus izp\u0113tei un saglab\u0101\u0161anas pas\u0101kumiem.<\/p>\n<p data-sourcepos=\"25:1-25:251\"><strong>Hidrogr\u0101fisk\u0101 uzm\u0113r\u012b\u0161ana un kart\u0113\u0161ana:<\/strong> Apr\u012bkoti ar hidrolokatoru un citiem specializ\u0113tiem instrumentiem, ASV var efekt\u012bvi un prec\u012bzi kart\u0113t j\u016bras gultnes, upju gultnes un piekrastes zonas, kas ir b\u016btiskas navig\u0101cijai, infrastrukt\u016bras att\u012bst\u012bbai un resursu izp\u0113tei.<\/p>\n<p data-sourcepos=\"27:1-27:217\"><strong>\u0100rzonas ener\u0123ija:<\/strong> ASV var atbalst\u012bt naftas un g\u0101zes oper\u0101cijas j\u016br\u0101, veicot cauru\u013cvadu un platformu p\u0101rbaudes, uzraugot vides apst\u0101k\u013cus un nodro\u0161inot autonomu lo\u0123istikas un dro\u0161\u012bbas atbalstu.<\/p>\n<p data-sourcepos=\"29:1-29:213\"><strong>J\u016bras dro\u0161\u012bba un nov\u0113ro\u0161ana:<\/strong> ASV var uzlabot j\u016bras jomas izpratni, veicot autonomas patru\u013cas, atkl\u0101jot un izsekojot aizdom\u012bgas darb\u012bbas un nodro\u0161inot agr\u012bnu br\u012bdin\u0101jumu par iesp\u0113jamiem draudiem.<\/p>\n<p data-sourcepos=\"31:1-31:225\"><strong>Mekl\u0113\u0161anas un gl\u0101b\u0161anas oper\u0101cijas:<\/strong> Kritisk\u0101s situ\u0101cij\u0101s ASV var \u0101tri izvietoties mekl\u0113\u0161anas zon\u0101s, atrast izdz\u012bvoju\u0161os un sniegt s\u0101kotn\u0113jo pal\u012bdz\u012bbu, iev\u0113rojami palielinot gl\u0101b\u0161anas darbu efektivit\u0101ti un efektivit\u0101ti.<\/p>\n<p data-sourcepos=\"33:1-33:271\"><strong>Infrastrukt\u016bras p\u0101rbaude:<\/strong> ASV, kas apr\u012bkoti ar kamer\u0101m un citiem sensoriem, var autonomi p\u0101rbaud\u012bt tiltus, dambjus, ostas un citu kritisku zem\u016bdens vai virszemes infrastrukt\u016bru, identific\u0113jot iesp\u0113jamos boj\u0101jumus un samazinot nepiecie\u0161am\u012bbu p\u0113c d\u0101rg\u0101m un riskant\u0101m pilot\u0113jam\u0101m p\u0101rbaud\u0113m.<\/p>\n<p data-sourcepos=\"35:1-35:181\"><strong>Akvakult\u016bra:<\/strong> ASV var automatiz\u0113t t\u0101dus uzdevumus k\u0101 baro\u0161ana, zivju vesel\u012bbas uzraudz\u012bba un akvakult\u016bras infrastrukt\u016bras p\u0101rbaude, uzlabojot zivju audz\u0113\u0161anas efektivit\u0101ti un ilgtsp\u0113j\u012bbu.<\/p>\n<h2 data-sourcepos=\"37:1-37:62\">\u016adens oper\u0101ciju n\u0101kotne<\/h2>\n<p data-sourcepos=\"39:1-39:264\">Autonomo virszemes ku\u0123u integr\u0113\u0161anas darb\u012bbas darbpl\u016bsm\u0101s priek\u0161roc\u012bbas ir nenoliedzamas. Par <strong>uz\u0146\u0113mumiem<\/strong> M\u0113\u0123inot optimiz\u0113t efektivit\u0101ti, samazin\u0101t izmaksas un uzlabot dro\u0161\u012bbu j\u016bras vai iek\u0161\u0113jos \u016bde\u0146os, ASV pied\u0101v\u0101 p\u0101rveidojo\u0161u risin\u0101jumu.<\/p>\n<p data-sourcepos=\"41:1-41:288\"><strong>vald\u012bbas<\/strong> var izmantot ASV, lai stiprin\u0101tu vides monitoringa programmas, uzlabotu j\u016bras dro\u0161\u012bbu, uzlabotu hidrogr\u0101fisko apsekojumu efektivit\u0101ti un stiprin\u0101tu mekl\u0113\u0161anas un gl\u0101b\u0161anas iesp\u0113jas, galu gal\u0101 veicinot dro\u0161\u0101ku un ilgtsp\u0113j\u012bg\u0101ku \u016bdens resursu p\u0101rvald\u012bbu.<\/p>\n<p data-sourcepos=\"43:1-43:192\"><strong>Iest\u0101des<\/strong> Zin\u0101tniskajos p\u0113t\u012bjumos iesaist\u012bt\u0101s personas var izmantot ASV k\u0101 sp\u0113c\u012bgas datu v\u0101k\u0161anas platformas, kas \u013cauj veikt revolucion\u0101rus atkl\u0101jumus okeanogr\u0101fij\u0101, limnolo\u0123ij\u0101 un saist\u012bt\u0101s jom\u0101s.<\/p>\n<p data-sourcepos=\"45:1-45:254\">Ieguldot autonomo virszemes ku\u0123u tehnolo\u0123ij\u0101, organiz\u0101cijas var pozicion\u0113t sevi inov\u0101ciju priek\u0161gal\u0101, ieg\u016bt iev\u0113rojamas konkurences priek\u0161roc\u012bbas un veicin\u0101t efekt\u012bv\u0101ku, dro\u0161\u0101ku un ilgtsp\u0113j\u012bg\u0101ku darb\u012bbu \u016bdens vid\u0113.<\/p>\n<p data-sourcepos=\"47:1-47:18\">\n<div class=\"wpcf7 no-js\" id=\"wpcf7-f84-o1\" lang=\"en-US\" dir=\"ltr\" data-wpcf7-id=\"84\">\n<div class=\"screen-reader-response\"><p role=\"status\" aria-live=\"polite\" aria-atomic=\"true\"><\/p> <ul><\/ul><\/div>\n<form action=\"\/lv\/wp-json\/wp\/v2\/product\/1495#wpcf7-f84-o1\" method=\"post\" class=\"wpcf7-form init\" aria-label=\"Kontaktforma\" novalidate=\"novalidate\" data-status=\"init\" data-trp-original-action=\"\/lv\/wp-json\/wp\/v2\/product\/1495#wpcf7-f84-o1\">\n<div style=\"display: none;\">\n<input type=\"hidden\" name=\"_wpcf7\" value=\"84\" \/>\n<input type=\"hidden\" name=\"_wpcf7_version\" value=\"6.0.6\" \/>\n<input type=\"hidden\" name=\"_wpcf7_locale\" value=\"en_US\" \/>\n<input type=\"hidden\" name=\"_wpcf7_unit_tag\" value=\"wpcf7-f84-o1\" \/>\n<input type=\"hidden\" name=\"_wpcf7_container_post\" value=\"0\" \/>\n<input type=\"hidden\" name=\"_wpcf7_posted_data_hash\" value=\"\" \/>\n<input type=\"hidden\" name=\"_wpcf7_recaptcha_response\" value=\"\" \/>\n<\/div>\n<p><label> J\u016bsu v\u0101rds (oblig\u0101ti)<br \/>\n<span class=\"wpcf7-form-control-wrap\" data-name=\"your-name\"><input size=\"40\" maxlength=\"400\" class=\"wpcf7-form-control wpcf7-text wpcf7-validates-as-required\" aria-required=\"true\" aria-invalid=\"false\" value=\"\" type=\"text\" name=\"your-name\" \/><\/span> <\/label>\n<\/p>\n<p><label> J\u016bsu e-pasts (oblig\u0101ti)<br \/>\n<span class=\"wpcf7-form-control-wrap\" data-name=\"your-email\"><input size=\"40\" maxlength=\"400\" class=\"wpcf7-form-control wpcf7-email wpcf7-validates-as-required wpcf7-text wpcf7-validates-as-email\" aria-required=\"true\" aria-invalid=\"false\" value=\"\" type=\"email\" name=\"your-email\" \/><\/span> <\/label>\n<\/p>\n<p><label> J\u016bsu t\u0101lrunis<br \/>\n<span class=\"wpcf7-form-control-wrap\" data-name=\"tel-199\"><input size=\"40\" maxlength=\"12\" minlength=\"8\" class=\"wpcf7-form-control wpcf7-tel wpcf7-validates-as-required wpcf7-text wpcf7-validates-as-tel\" aria-required=\"true\" aria-invalid=\"false\" value=\"\" type=\"tel\" name=\"tel-199\" \/><\/span> <\/label>\n<\/p>\n<p><label> Priek\u0161mets<br \/>\n<span class=\"wpcf7-form-control-wrap\" data-name=\"your-subject\"><input size=\"40\" maxlength=\"400\" class=\"wpcf7-form-control wpcf7-text\" aria-invalid=\"false\" value=\"\" type=\"text\" name=\"your-subject\" \/><\/span> <\/label>\n<\/p>\n<p><label> J\u016bsu Zi\u0146a<br \/>\n<span class=\"wpcf7-form-control-wrap\" data-name=\"your-message\"><textarea cols=\"40\" rows=\"10\" maxlength=\"2000\" class=\"wpcf7-form-control wpcf7-textarea\" aria-invalid=\"false\" name=\"your-message\"><\/textarea><\/span> <\/label>\n<\/p>\n\n<p><input class=\"wpcf7-form-control wpcf7-submit has-spinner\" type=\"submit\" value=\"S\u016bt\u012bt\" \/>\n<\/p><div class=\"wpcf7-response-output\" aria-hidden=\"true\"><\/div>\n<input type=\"hidden\" name=\"trp-form-language\" value=\"lv\"\/><\/form>\n<\/div>\n<\/p>\n<\/div>","protected":false},"excerpt":{"rendered":"<p>Autonomu virszemes ku\u0123u izstr\u0101de 1-8 metrus gariem ku\u0123iem Laikmet\u0101, ko nosaka tehnolo\u0123iju att\u012bst\u012bba, piepras\u012bjums p\u0113c inovat\u012bviem risin\u0101jumiem [\u2026]<\/p>","protected":false},"featured_media":1379,"template":"","meta":[],"product_brand":[57],"product_cat":[55],"product_tag":[],"class_list":{"0":"post-1495","1":"product","2":"type-product","3":"status-publish","4":"has-post-thumbnail","6":"product_brand-dronelab-engineering","7":"product_cat-solutions","9":"first","10":"instock","11":"shipping-taxable","12":"product-type-simple"},"_links":{"self":[{"href":"https:\/\/dronelab.lv\/lv\/wp-json\/wp\/v2\/product\/1495","targetHints":{"allow":["GET"]}}],"collection":[{"href":"https:\/\/dronelab.lv\/lv\/wp-json\/wp\/v2\/product"}],"about":[{"href":"https:\/\/dronelab.lv\/lv\/wp-json\/wp\/v2\/types\/product"}],"wp:featuredmedia":[{"embeddable":true,"href":"https:\/\/dronelab.lv\/lv\/wp-json\/wp\/v2\/media\/1379"}],"wp:attachment":[{"href":"https:\/\/dronelab.lv\/lv\/wp-json\/wp\/v2\/media?parent=1495"}],"wp:term":[{"taxonomy":"product_brand","embeddable":true,"href":"https:\/\/dronelab.lv\/lv\/wp-json\/wp\/v2\/product_brand?post=1495"},{"taxonomy":"product_cat","embeddable":true,"href":"https:\/\/dronelab.lv\/lv\/wp-json\/wp\/v2\/product_cat?post=1495"},{"taxonomy":"product_tag","embeddable":true,"href":"https:\/\/dronelab.lv\/lv\/wp-json\/wp\/v2\/product_tag?post=1495"}],"curies":[{"name":"wp","href":"https:\/\/api.w.org\/{rel}","templated":true}]}}