{"id":1484,"date":"2025-04-12T07:04:01","date_gmt":"2025-04-12T07:04:01","guid":{"rendered":"https:\/\/dronelab.lv\/?post_type=product&#038;p=1484"},"modified":"2025-04-14T05:13:02","modified_gmt":"2025-04-14T05:13:02","slug":"underwater-thickness-measurement-for-non-metallic-materials-fiberglass-polypropylene","status":"publish","type":"product","link":"https:\/\/dronelab.lv\/lv\/products\/uzlabots-zemudens-biezuma-merijums-nemetaliskiem-materialiem-stikla-skiedras-polipropilenam\/","title":{"rendered":"Zem\u016bdens biezuma m\u0113r\u012b\u0161ana nemet\u0101liskiem materi\u0101liem Stikla \u0161\u0137iedras polipropil\u0113ns"},"content":{"rendered":"<div id=\"model-response-message-contentr_e219e67e05f4fd6b\" class=\"markdown markdown-main-panel\" dir=\"ltr\">\n<h2 data-sourcepos=\"1:1-1:71\">Uzlabota zem\u016bdens biezuma m\u0113r\u012b\u0161ana materi\u0101liem, kas nav met\u0101li<\/h2>\n<p data-sourcepos=\"3:1-3:104\"><strong>Iegremd\u0113tu stikla \u0161\u0137iedras, polipropil\u0113na, PVC, PET un polietil\u0113na akt\u012bvu integrit\u0101tes nodro\u0161in\u0101\u0161ana<\/strong><\/p>\n<p data-sourcepos=\"5:1-5:616\">Uzlabotu nemet\u0101lisku materi\u0101lu, piem\u0113ram, stikl\u0161\u0137iedras (GRP\/FRP), polipropil\u0113na (PP), polivinilhlor\u012bda (PVC), polietil\u0113ntereftal\u0101ta (PET) un polietil\u0113na (PE) izmanto\u0161ana zem\u016bdens lietojumos strauji pieaug to iztur\u012bbas pret koroziju, svara priek\u0161roc\u012bbu un daudzpus\u012bbas d\u0113\u013c. Tom\u0113r \u0161ie materi\u0101li nav im\u016bni pret no\u0101rd\u012b\u0161anos un boj\u0101jumiem laika gait\u0101, pak\u013caujot tiem zem\u016bdens vidi. M\u016bsu specializ\u0113tie zem\u016bdens biezuma m\u0113r\u012b\u0161anas pakalpojumi nemet\u0101liskiem materi\u0101liem nodro\u0161ina b\u016btiskus datus, lai uzraudz\u012btu to st\u0101vokli, nodro\u0161inot ekspluat\u0101cijas dro\u0161\u012bbu, atbilst\u012bbu videi un akt\u012bvu ilgm\u016b\u017e\u012bbu.<\/p>\n<p data-sourcepos=\"7:1-7:58\"><strong>Kas ir zem\u016bdens nemet\u0101la biezuma m\u0113r\u012b\u0161ana?<\/strong><\/p>\n<p data-sourcepos=\"9:1-9:947\">\u0160is pakalpojums ietver specializ\u0113tas nesagraujo\u0161\u0101s p\u0101rbaudes (NDT) metodes, kas piel\u0101gotas, lai prec\u012bzi izm\u0113r\u012btu da\u017e\u0101du polim\u0113ru un kompoz\u012btmateri\u0101lu biezumu, kas atrodas zem \u016bdensl\u012bnijas. Lai gan uzlabot\u0101 ultraska\u0146as test\u0113\u0161ana (UT) joproj\u0101m ir galven\u0101 metode, t\u0101s pielieto\u0161anai nemet\u0101liskiem materi\u0101liem ir nepiecie\u0161amas \u012bpa\u0161as zin\u0101\u0161anas, specializ\u0113ts apr\u012bkojums un r\u016bp\u012bga kalibr\u0113\u0161ana \u0161o materi\u0101lu unik\u0101lo akustisko \u012bpa\u0161\u012bbu d\u0113\u013c (kas b\u016btiski at\u0161\u0137iras no met\u0101liem). Ska\u0146as vi\u013c\u0146i da\u017e\u0101di p\u0101rvietojas pa polim\u0113riem un kompoz\u012btmateri\u0101liem, un j\u0101\u0146em v\u0113r\u0101 t\u0101di faktori k\u0101 materi\u0101la bl\u012bvums, elast\u012bba, potenci\u0101lais sl\u0101\u0146ojums (stikl\u0161\u0137iedr\u0101) un virsmas st\u0101voklis. Atkar\u012bb\u0101 no konkr\u0113t\u0101 materi\u0101la un pielietojuma, lai nodro\u0161in\u0101tu augst\u0101ko precizit\u0101ti, var izmantot ar\u012b alternat\u012bvas vai papildu NDT metodes. M\u0113r\u012bjumus parasti veic, izmantojot att\u0101lin\u0101ti vad\u0101mus transportl\u012bdzek\u013cus (ROV) vai kvalific\u0113tus \u016bdensl\u012bd\u0113jus, kas apr\u012bkoti ar \u012bpa\u0161i kalibr\u0113tiem sensoriem.<\/p>\n<p data-sourcepos=\"11:1-11:52\"><strong>K\u0101p\u0113c nemet\u0101la biezuma m\u0113r\u012b\u0161anai ir iz\u0161\u0137iro\u0161a noz\u012bme?<\/strong><\/p>\n<p data-sourcepos=\"13:1-13:147\"><span class=\"citation-0 recitation citation-end-0\">Neskatoties uz to iztur\u012bbu pret tradicion\u0101lo koroziju, polim\u0113ri un kompoz\u012btmateri\u0101li iegremd\u0113t\u0101 vid\u0113 saskaras ar sav\u0101m probl\u0113m\u0101m:<sup class=\"superscript visible\" data-turn-source-index=\"1\">1<\/sup><\/span><\/p>\n<ol data-sourcepos=\"15:1-23:0\">\n<li data-sourcepos=\"15:1-17:238\"><strong>Materi\u0101la degrad\u0101cija:<\/strong> \u0160ie materi\u0101li var no\u0101rd\u012bties, izmantojot da\u017e\u0101dus meh\u0101nismus:\n<ul data-sourcepos=\"16:5-17:238\">\n<li data-sourcepos=\"16:5-16:165\"><strong>Stikla \u0161\u0137iedra (GRP\/FRP):<\/strong> Osmotiska p\u016bsl\u012b\u0161u veido\u0161an\u0101s (\u016bdens iek\u013c\u016b\u0161anas atdalo\u0161ie sl\u0101\u0146i), hidrol\u012bze (\u0137\u012bmiska sve\u0137u sadal\u012b\u0161an\u0101s ar \u016bdeni), trieciena boj\u0101jumi un nobr\u0101zums.<\/li>\n<li data-sourcepos=\"17:5-17:238\"><strong>PP, PVC, PE, PET:<\/strong> Specifisku vielu \u0137\u012bmisks uzbrukums, UV no\u0101rd\u012b\u0161an\u0101s (\u012bpa\u0161i \u016bdensl\u012bnijas tuvum\u0101 vai pirms iegremd\u0113\u0161anas), plais\u0101\u0161ana no apk\u0101rt\u0113j\u0101s vides slodzes, nobr\u0101zumi, trieciena boj\u0101jumi un materi\u0101la \u0161\u013c\u016bde zem slodzes.<\/li>\n<\/ul>\n<\/li>\n<li data-sourcepos=\"18:1-18:213\"><strong>Struktur\u0101l\u0101s integrit\u0101tes nov\u0113rt\u0113jums:<\/strong> Retin\u0101\u0161ana vai boj\u0101jumi var apdraud\u0113t tvert\u0146u, cauru\u013cu, laivu korpusu, pontonu un citu konstrukciju nestsp\u0113ju, kas var izrais\u012bt nopl\u016bdes vai konstrukcijas boj\u0101jumus.<\/li>\n<li data-sourcepos=\"19:1-19:230\"><strong>Ierobe\u017eo\u0161anas garantija:<\/strong> Caurul\u0113m (PVC, PE, PP) un tvertn\u0113m (GRP, PE, PP), ko izmanto \u016bdens, notek\u016bde\u0146u vai \u0137\u012bmisko vielu transport\u0113\u0161anai\/uzglab\u0101\u0161anai, sieni\u0146u biezuma saglab\u0101\u0161ana ir \u013coti svar\u012bga, lai nov\u0113rstu nopl\u016bdes un nodro\u0161in\u0101tu vides aizsardz\u012bbu.<\/li>\n<li data-sourcepos=\"20:1-20:231\"><strong>Kvalit\u0101tes kontrole un atbilst\u012bba:<\/strong> Lai nodro\u0161in\u0101tu kvalit\u0101tes nodro\u0161in\u0101\u0161anu un atbilst\u012bbu normat\u012bvajiem aktiem, ir svar\u012bgi p\u0101rbaud\u012bt oder\u0113jumu (piem\u0113ram, PE, PVC tvertn\u0113s vai d\u012b\u0137os) vai jaunuzst\u0101d\u012bto komponentu biezumu atbilsto\u0161i projekt\u0113\u0161anas specifik\u0101cij\u0101m.<\/li>\n<li data-sourcepos=\"21:1-21:207\"><strong>Nodiluma uzraudz\u012bba:<\/strong> \u016adens pl\u016bsmas, nogulumu vai meh\u0101niska kontakta rad\u012bta nober\u0161an\u0101s laika gait\u0101 var samazin\u0101t materi\u0101la biezumu, jo \u012bpa\u0161i caurul\u0113s un dinamisk\u0101s strukt\u016br\u0101s, piem\u0113ram, akvakult\u016bras b\u016bros (PE).<\/li>\n<li data-sourcepos=\"22:1-23:0\"><strong>Apzin\u0101ta apkope un m\u016b\u017ea p\u0101rvald\u012bba:<\/strong> Izpratne par st\u0101vokli un no\u0101rd\u012b\u0161an\u0101s \u0101trumu \u013cauj veikt pl\u0101notu apkopi, m\u0113r\u0137tiec\u012bgus remontdarbus (piem\u0113ram, GRP l\u0101p\u012b\u0161anu, ar metin\u0101\u0161anu sader\u012bgu termoplastu) un re\u0101listisku atliku\u0161\u0101 kalpo\u0161anas laika apl\u0113si.<\/li>\n<\/ol>\n<p data-sourcepos=\"24:1-24:40\"><strong>Lietojumprogrammas da\u017e\u0101d\u0101s nozar\u0113s:<\/strong><\/p>\n<p data-sourcepos=\"26:1-26:93\">M\u016bsu zin\u0101\u0161anas aptver pla\u0161u pielietojumu kl\u0101stu, kas ietver iegremd\u0113tus nemet\u0101liskus materi\u0101lus:<\/p>\n<ul data-sourcepos=\"28:1-34:0\">\n<li data-sourcepos=\"28:1-28:100\"><strong>J\u016bras satiksme:<\/strong> Stikla \u0161\u0137iedras (GRP) ku\u0123u korpusi, pontoni, hidrolokatoru kupoli, nemet\u0101la tvertnes un bojas.<\/li>\n<li data-sourcepos=\"29:1-29:95\"><strong>Akvakult\u016bra:<\/strong> Augsta bl\u012bvuma polietil\u0113na (ABPE) zivju audz\u0113tavu b\u016bri, tvertnes un cauru\u013cvadu sist\u0113mas.<\/li>\n<li data-sourcepos=\"30:1-30:146\"><strong>\u016adens un notek\u016bde\u0146u apsaimnieko\u0161ana:<\/strong> PVC, PE un PP cauru\u013cvadi; GRP tvertnes un ierobe\u017eo\u0161anas tvertnes; PE un PVC starplikas d\u012b\u0137iem un \u016bdenskr\u0101tuv\u0113m.<\/li>\n<li data-sourcepos=\"31:1-31:131\"><strong>\u0136\u012bmisk\u0101 apstr\u0101de un uzglab\u0101\u0161ana:<\/strong> Pretkoroziju iztur\u012bgas PP, PVC un GRP tvertnes, caurules un starplikas, kas apstr\u0101d\u0101 noteiktas \u0137\u012bmiskas vielas.<\/li>\n<li data-sourcepos=\"32:1-32:144\"><strong>Civil\u0101 infrastrukt\u016bra:<\/strong> GRP konstrukciju sast\u0101vda\u013cas, kompoz\u012btmateri\u0101lu stiegrojumi, cauru\u013cu atjauno\u0161anas uzlikas (bie\u017ei uz PET b\u0101zes CIPP), PE caurtekas.<\/li>\n<li data-sourcepos=\"33:1-34:0\"><strong>Atp\u016btas iesp\u0113jas:<\/strong> PVC baseinu ielikt\u0146i, PE peldo\u0161\u0101 doka komponenti.<\/li>\n<\/ul>\n<p data-sourcepos=\"35:1-35:73\"><strong>Specializ\u0113t\u0101s p\u0101rbaudes oblig\u0101ta pras\u012bba: zi\u0146ojums organiz\u0101cij\u0101m<\/strong><\/p>\n<ul data-sourcepos=\"37:1-40:0\">\n<li data-sourcepos=\"37:1-37:538\"><strong>Uz\u0146\u0113mumiem:<\/strong> Nemet\u0101lisko l\u012bdzek\u013cu, piem\u0113ram, GRP laivu korpusu, \u0137\u012bmisko vielu uzglab\u0101\u0161anas tvert\u0146u (PP, GRP) vai akvakult\u016bras infrastrukt\u016bras (PE) k\u013c\u016bmes var izrais\u012bt iev\u0113rojamus finansi\u0101lus zaud\u0113jumus, vides incidentus un darb\u012bbas aptur\u0113\u0161anu. Var nepietikt ar standarta met\u0101la p\u0101rbaudes metod\u0113m. M\u016bsu specializ\u0113tais pakalpojums nodro\u0161ina prec\u012bzu \u0161o kritisko materi\u0101lu st\u0101vok\u013ca nov\u0113rt\u0113jumu, mazinot riskus, kas saist\u012bti ar nopl\u016bd\u0113m, struktur\u0101l\u0101m k\u013c\u016bm\u0113m un \u0137\u012bmisko nesader\u012bbu. Nodro\u0161iniet savu da\u017e\u0101do materi\u0101lo v\u0113rt\u012bbu uzticam\u012bbu un dro\u0161\u012bbu.<\/li>\n<li data-sourcepos=\"38:1-38:547\"><strong>Vald\u012bb\u0101m un komun\u0101lajiem pakalpojumiem:<\/strong> Pa\u0161vald\u012bbas \u016bdens\/notek\u016bde\u0146u t\u012bkli arvien vair\u0101k balst\u0101s uz PVC un PE caurul\u0113m, savuk\u0101rt GRP izmanto att\u012br\u012b\u0161anas iek\u0101rt\u0101s un infrastrukt\u016br\u0101. \u0160o sist\u0113mu integrit\u0101tes nodro\u0161in\u0101\u0161ana ir \u013coti svar\u012bga sabiedr\u012bbas vesel\u012bbai un vides dro\u0161\u012bbai. M\u016bsu nemet\u0101la biezuma m\u0113r\u012b\u0161anas pakalpojumi pied\u0101v\u0101 datus, kas nepiecie\u0161ami, lai efekt\u012bvi uzraudz\u012btu \u0161os l\u012bdzek\u013cus, iev\u0113rotu noteikumus, nov\u0113rstu d\u0101rgas atteices un pl\u0101notu ilgtermi\u0146a infrastrukt\u016bras uztur\u0113\u0161anu un atjauno\u0161anu. Atbalst\u012bt sabiedr\u012bbas uztic\u0113\u0161anos un vides standartus.<\/li>\n<li data-sourcepos=\"39:1-40:0\"><strong>Iest\u0101d\u0113m un l\u012bdzek\u013cu p\u0101rvald\u012bt\u0101jiem:<\/strong> Iek\u0101rtu vai infrastrukt\u016bras p\u0101rraudz\u012bba bie\u017ei ietver met\u0101lisku un nemet\u0101lisku komponentu sajaukumu. Degrad\u0101cijas re\u017e\u012bmi iev\u0113rojami at\u0161\u0137iras. Pa\u013caujoties tikai uz p\u0101rbaud\u0113m, kas v\u0113rstas uz met\u0101lu, iesp\u0113jam\u0101s ievainojam\u012bbas netiek nov\u0113rstas. M\u016bsu pakalpojums nodro\u0161ina specializ\u0113tu iesp\u0113ju nov\u0113rt\u0113t iegremd\u0113to stikl\u0161\u0137iedras, PP, PVC, PET un PE akt\u012bvu st\u0101vokli, nodro\u0161inot visaptvero\u0161u riska p\u0101rvald\u012bbu, optimiz\u0113tu apkopes grafiku vis\u0101 j\u016bsu portfel\u012b un maksim\u0101li palielinot akt\u012bvu kalpo\u0161anas laiku. Ieg\u016bstiet piln\u012bgu priek\u0161statu par sava \u012bpa\u0161uma st\u0101vokli.<\/li>\n<\/ul>\n<p data-sourcepos=\"41:1-41:40\"><strong>Piesaistot zin\u0101\u0161anas un tehnolo\u0123ijas:<\/strong><\/p>\n<p data-sourcepos=\"43:1-43:504\">M\u0113s izmantojam progres\u012bvu NDT apr\u012bkojumu, kas \u012bpa\u0161i izv\u0113l\u0113ts un kalibr\u0113ts da\u017e\u0101du polim\u0113ru un kompoz\u012btmateri\u0101lu biezuma m\u0113r\u012b\u0161anai zem \u016bdens. M\u016bsu tehni\u0137iem ir specializ\u0113tas zin\u0101\u0161anas, kas nepiecie\u0161amas, lai prec\u012bzi interpret\u0113tu rezult\u0101tus, \u0146emot v\u0113r\u0101 materi\u0101la veidu un vides faktorus. Neatkar\u012bgi no t\u0101, vai izmantojat ROV dro\u0161ai att\u0101lai piek\u013cuvei vai izvietojam ekspertus nir\u0113jus, m\u0113s nodro\u0161in\u0101m prec\u012bzus, praktiski izmantojamus datus, izmantojot visaptvero\u0161us p\u0101rskatus, \u013caujot jums efekt\u012bvi p\u0101rvald\u012bt savus nemet\u0101liskos akt\u012bvus.<\/p>\n<p data-sourcepos=\"45:1-45:212\">Aizsarg\u0101jiet savus ieguld\u012bjumus un nodro\u0161iniet nep\u0101rtrauktu iegremd\u0113to nemet\u0101lisko konstrukciju dro\u0161u darb\u012bbu. Sazinieties, lai uzzin\u0101tu, k\u0101 m\u016bsu specializ\u0113tie biezuma m\u0113r\u012b\u0161anas pakalpojumi var apmierin\u0101t j\u016bsu \u012bpa\u0161\u0101s vajadz\u012bbas.<\/p>\n<p data-sourcepos=\"47:1-47:18\">\n<div class=\"wpcf7 no-js\" id=\"wpcf7-f84-o1\" lang=\"en-US\" dir=\"ltr\" data-wpcf7-id=\"84\">\n<div class=\"screen-reader-response\"><p role=\"status\" aria-live=\"polite\" aria-atomic=\"true\"><\/p> <ul><\/ul><\/div>\n<form action=\"\/lv\/wp-json\/wp\/v2\/product\/1484#wpcf7-f84-o1\" method=\"post\" class=\"wpcf7-form init\" aria-label=\"Kontaktforma\" novalidate=\"novalidate\" data-status=\"init\" data-trp-original-action=\"\/lv\/wp-json\/wp\/v2\/product\/1484#wpcf7-f84-o1\">\n<div style=\"display: none;\">\n<input type=\"hidden\" name=\"_wpcf7\" value=\"84\" \/>\n<input type=\"hidden\" name=\"_wpcf7_version\" value=\"6.0.6\" \/>\n<input type=\"hidden\" name=\"_wpcf7_locale\" value=\"en_US\" \/>\n<input type=\"hidden\" name=\"_wpcf7_unit_tag\" value=\"wpcf7-f84-o1\" \/>\n<input type=\"hidden\" name=\"_wpcf7_container_post\" value=\"0\" \/>\n<input type=\"hidden\" name=\"_wpcf7_posted_data_hash\" value=\"\" \/>\n<input type=\"hidden\" name=\"_wpcf7_recaptcha_response\" value=\"\" \/>\n<\/div>\n<p><label> J\u016bsu v\u0101rds (oblig\u0101ti)<br \/>\n<span class=\"wpcf7-form-control-wrap\" data-name=\"your-name\"><input size=\"40\" maxlength=\"400\" class=\"wpcf7-form-control wpcf7-text wpcf7-validates-as-required\" aria-required=\"true\" aria-invalid=\"false\" value=\"\" type=\"text\" name=\"your-name\" \/><\/span> <\/label>\n<\/p>\n<p><label> J\u016bsu e-pasts (oblig\u0101ti)<br \/>\n<span class=\"wpcf7-form-control-wrap\" data-name=\"your-email\"><input size=\"40\" maxlength=\"400\" class=\"wpcf7-form-control wpcf7-email wpcf7-validates-as-required wpcf7-text wpcf7-validates-as-email\" aria-required=\"true\" aria-invalid=\"false\" value=\"\" type=\"email\" name=\"your-email\" \/><\/span> <\/label>\n<\/p>\n<p><label> J\u016bsu t\u0101lrunis<br \/>\n<span class=\"wpcf7-form-control-wrap\" data-name=\"tel-199\"><input size=\"40\" maxlength=\"12\" minlength=\"8\" class=\"wpcf7-form-control wpcf7-tel wpcf7-validates-as-required wpcf7-text wpcf7-validates-as-tel\" aria-required=\"true\" aria-invalid=\"false\" value=\"\" type=\"tel\" name=\"tel-199\" \/><\/span> <\/label>\n<\/p>\n<p><label> Priek\u0161mets<br \/>\n<span class=\"wpcf7-form-control-wrap\" data-name=\"your-subject\"><input size=\"40\" maxlength=\"400\" class=\"wpcf7-form-control wpcf7-text\" aria-invalid=\"false\" value=\"\" type=\"text\" name=\"your-subject\" \/><\/span> <\/label>\n<\/p>\n<p><label> J\u016bsu Zi\u0146a<br \/>\n<span class=\"wpcf7-form-control-wrap\" data-name=\"your-message\"><textarea cols=\"40\" rows=\"10\" maxlength=\"2000\" class=\"wpcf7-form-control wpcf7-textarea\" aria-invalid=\"false\" name=\"your-message\"><\/textarea><\/span> <\/label>\n<\/p>\n\n<p><input class=\"wpcf7-form-control wpcf7-submit has-spinner\" type=\"submit\" value=\"S\u016bt\u012bt\" \/>\n<\/p><div class=\"wpcf7-response-output\" aria-hidden=\"true\"><\/div>\n<input type=\"hidden\" name=\"trp-form-language\" value=\"lv\"\/><\/form>\n<\/div>\n<\/p>\n<\/div>","protected":false},"excerpt":{"rendered":"<p>Uzlabota zem\u016bdens biezuma m\u0113r\u012b\u0161ana nemet\u0101liskiem materi\u0101liem, kas nodro\u0161ina iegremd\u0113tu stikla \u0161\u0137iedras, polipropil\u0113na, PVC, PET un polietil\u0113na l\u012bdzek\u013cu integrit\u0101ti [\u2026]<\/p>","protected":false},"featured_media":1480,"template":"","meta":[],"product_brand":[57],"product_cat":[54],"product_tag":[],"class_list":{"0":"post-1484","1":"product","2":"type-product","3":"status-publish","4":"has-post-thumbnail","6":"product_brand-dronelab-engineering","7":"product_cat-services","9":"first","10":"instock","11":"shipping-taxable","12":"product-type-simple"},"_links":{"self":[{"href":"https:\/\/dronelab.lv\/lv\/wp-json\/wp\/v2\/product\/1484","targetHints":{"allow":["GET"]}}],"collection":[{"href":"https:\/\/dronelab.lv\/lv\/wp-json\/wp\/v2\/product"}],"about":[{"href":"https:\/\/dronelab.lv\/lv\/wp-json\/wp\/v2\/types\/product"}],"wp:featuredmedia":[{"embeddable":true,"href":"https:\/\/dronelab.lv\/lv\/wp-json\/wp\/v2\/media\/1480"}],"wp:attachment":[{"href":"https:\/\/dronelab.lv\/lv\/wp-json\/wp\/v2\/media?parent=1484"}],"wp:term":[{"taxonomy":"product_brand","embeddable":true,"href":"https:\/\/dronelab.lv\/lv\/wp-json\/wp\/v2\/product_brand?post=1484"},{"taxonomy":"product_cat","embeddable":true,"href":"https:\/\/dronelab.lv\/lv\/wp-json\/wp\/v2\/product_cat?post=1484"},{"taxonomy":"product_tag","embeddable":true,"href":"https:\/\/dronelab.lv\/lv\/wp-json\/wp\/v2\/product_tag?post=1484"}],"curies":[{"name":"wp","href":"https:\/\/api.w.org\/{rel}","templated":true}]}}