{"id":1478,"date":"2025-04-12T06:53:36","date_gmt":"2025-04-12T06:53:36","guid":{"rendered":"https:\/\/dronelab.lv\/?post_type=product&#038;p=1478"},"modified":"2025-04-12T06:58:41","modified_gmt":"2025-04-12T06:58:41","slug":"underwater-metal-thickness-measurement-services","status":"publish","type":"product","link":"https:\/\/dronelab.lv\/lv\/products\/zemudens-metala-biezuma-merisanas-pakalpojumi\/","title":{"rendered":"Zem\u016bdens met\u0101la biezuma m\u0113r\u012b\u0161anas pakalpojumi"},"content":{"rendered":"<div id=\"model-response-message-contentr_dfd7fc402251d8e4\" class=\"markdown markdown-main-panel\" dir=\"ltr\">\n<div id=\"model-response-message-contentr_b54bbf9a6f33c68a\" class=\"markdown markdown-main-panel\" dir=\"ltr\">\n<h2 data-sourcepos=\"1:1-1:64\">Visaptvero\u0161i zem\u016bdens met\u0101la biezuma m\u0113r\u012b\u0161anas pakalpojumi<\/h2>\n<p data-sourcepos=\"3:1-3:73\"><strong>Iegremd\u0113tu met\u0101la konstrukciju integrit\u0101tes un ilgm\u016b\u017e\u012bbas nodro\u0161in\u0101\u0161ana<\/strong><\/p>\n<p data-sourcepos=\"5:1-5:478\">Iegremd\u0113to met\u0101lisko akt\u012bvu struktur\u0101l\u0101 integrit\u0101te ir \u013coti svar\u012bga ekspluat\u0101cijas dro\u0161\u012bbai, vides aizsardz\u012bbai un ekonomiskajai dz\u012bvotsp\u0113jai. Laika gait\u0101 t\u0101di faktori k\u0101 korozija, erozija un nodilums var pasliktin\u0101t met\u0101la biezumu, kas var izrais\u012bt katastrof\u0101las k\u013c\u016bmes, ja tos nekontrol\u0113. M\u016bsu specializ\u0113tie zem\u016bdens met\u0101la biezuma m\u0113r\u012b\u0161anas pakalpojumi sniedz b\u016btisku ieskatu \u0161o svar\u012bgo akt\u012bvu st\u0101vokl\u012b, \u013caujot veikt akt\u012bvu apkopi un pie\u0146emt apzin\u0101tus l\u0113mumus.<\/p>\n<p data-sourcepos=\"7:1-7:51\"><strong>Kas ir zem\u016bdens met\u0101la biezuma m\u0113r\u012b\u0161ana?<\/strong><\/p>\n<p data-sourcepos=\"9:1-9:726\">Zem\u016bdens met\u0101la biezuma m\u0113r\u012b\u0161ana ir nesagraujo\u0161\u0101s test\u0113\u0161anas (NDT) metode, kas \u012bpa\u0161i izstr\u0101d\u0101ta, lai prec\u012bzi noteiktu met\u0101la konstrukciju biezumu, kas atrodas zem \u016bdensl\u012bnijas. Izmantojot progres\u012bvu ultraska\u0146as tehnolo\u0123iju, specializ\u0113t\u0101s zondes izstaro ska\u0146as vi\u013c\u0146us, kas p\u0101rvietojas caur materi\u0101lu. Izm\u0113rot laiku, kas nepiecie\u0161ams, lai \u0161ie vi\u013c\u0146i atspogu\u013cotos no aizmugures virsmas vai jebk\u0101d\u0101m iek\u0161\u0113j\u0101m anom\u0101lij\u0101m un atgrieztos zond\u0113, m\u0113s varam prec\u012bzi apr\u0113\u0137in\u0101t materi\u0101la biezumu. \u0160is process tiek veikts, izmantojot att\u0101lin\u0101ti vad\u0101mus transportl\u012bdzek\u013cus (ROV), kas apr\u012bkoti ar specializ\u0113tiem sensoriem, vai augsti apm\u0101c\u012btus \u016bdensl\u012bd\u0113jus, kas izmanto iegremd\u0113jamus ultraska\u0146as biezuma m\u0113r\u012bt\u0101jus, nodro\u0161inot precizit\u0101ti pat sare\u017e\u0123\u012bt\u0101 zem\u016bdens vid\u0113.<\/p>\n<p data-sourcepos=\"11:1-11:45\"><strong>K\u0101p\u0113c \u0161is pakalpojums ir \u013coti svar\u012bgs?<\/strong><\/p>\n<p data-sourcepos=\"13:1-13:217\">Iegremd\u0113tas met\u0101la konstrukcijas, tostarp ku\u0123u korpusi, atkl\u0101t\u0101 j\u016br\u0101 eso\u0161\u0101s platformas sast\u0101vda\u013cas, cauru\u013cvadi, tiltu balsti, aizsprostu konstrukcijas un uzglab\u0101\u0161anas tvertnes, past\u0101v\u012bgi tiek pak\u013cautas skarbiem apst\u0101k\u013ciem, kas pa\u0101trina degrad\u0101ciju.<\/p>\n<ol data-sourcepos=\"15:1-21:0\">\n<li data-sourcepos=\"15:1-15:249\"><strong>Korozijas uzraudz\u012bba:<\/strong> J\u016bras \u016bdens, sald\u016bdens un da\u017e\u0101di r\u016bpnieciskie \u0161\u0137idrumi var izrais\u012bt iev\u0113rojamu koroziju. Regul\u0101ri biezuma m\u0113r\u012bjumi nosaka met\u0101la zudumu vietas, \u013caujot veikt m\u0113r\u0137tiec\u012bgus remontdarbus, pirms tiek apdraud\u0113ta konstrukcijas integrit\u0101te.<\/li>\n<li data-sourcepos=\"16:1-16:237\"><strong>Dro\u0161\u012bbas garantija:<\/strong> Met\u0101la retin\u0101\u0161ana, \u012bpa\u0161i kritisk\u0101s neso\u0161\u0101s konstrukcij\u0101s vai spiediena sist\u0113m\u0101s, rada nopietnus dro\u0161\u012bbas riskus. Prec\u012bzi m\u0113r\u012bjumi nodro\u0161ina, ka l\u012bdzek\u013ci atbilst dro\u0161\u012bbas standartiem un sp\u0113j iztur\u0113t ekspluat\u0101cijas slodzi.<\/li>\n<li data-sourcepos=\"17:1-17:280\"><strong>Atbilst\u012bba normat\u012bvajiem aktiem:<\/strong> Daudzas nozares darbojas saska\u0146\u0101 ar stingriem noteikumiem, kas prasa periodiskas p\u0101rbaudes un struktur\u0101l\u0101s integrit\u0101tes p\u0101rbaudi. M\u016bsu pakalpojumi sniedz nepiecie\u0161amos datus, lai nodro\u0161in\u0101tu atbilst\u012bbu j\u016brniec\u012bbas, vides un r\u016bpniec\u012bbas standartiem un dokument\u0113tu to atbilst\u012bbu.<\/li>\n<li data-sourcepos=\"18:1-18:246\"><strong>Prognoz\u0113jo\u0161\u0101 apkope:<\/strong> Sekojot l\u012bdzi biezuma izmai\u0146\u0101m laika gait\u0101, organiz\u0101cijas var p\u0101riet no reakt\u012bva remonta uz paredzam\u0101m apkopes strat\u0113\u0123ij\u0101m. Tas \u013cauj veikt pl\u0101notas iejauk\u0161an\u0101s, samazinot negaid\u012btas d\u012bkst\u0101ves un uztur\u0113\u0161anas izmaksas.<\/li>\n<li data-sourcepos=\"19:1-19:234\"><strong>L\u012bdzek\u013cu kalpo\u0161anas laika pagarin\u0101\u0161ana:<\/strong> Izpratne par materi\u0101lu no\u0101rd\u012b\u0161an\u0101s \u0101trumu \u013cauj ieviest efekt\u012bvas pretkorozijas aizsardz\u012bbas sist\u0113mas un savlaic\u012bgus remontdarbus, iev\u0113rojami pagarinot v\u0113rt\u012bgo l\u012bdzek\u013cu ekspluat\u0101cijas laiku.<\/li>\n<li data-sourcepos=\"20:1-21:0\"><strong>Riska p\u0101rvald\u012bba:<\/strong> Neatkl\u0101ti struktur\u0101lie tr\u016bkumi var izrais\u012bt d\u0101rgas neveiksmes, kait\u0113jumu videi un kait\u0113jumu reput\u0101cijai. Biezuma m\u0113r\u012bjumi ir visaptvero\u0161as riska p\u0101rvald\u012bbas strat\u0113\u0123ijas b\u016btiska sast\u0101vda\u013ca.<\/li>\n<\/ol>\n<p data-sourcepos=\"22:1-22:35\"><strong>Lietojumprogrammas da\u017e\u0101d\u0101s nozar\u0113s:<\/strong><\/p>\n<p data-sourcepos=\"24:1-24:98\">M\u016bsu zem\u016bdens met\u0101la biezuma m\u0113r\u012b\u0161anas pakalpojumi ir neaizst\u0101jami daudz\u0101s nozar\u0113s:<\/p>\n<ul data-sourcepos=\"26:1-32:0\">\n<li data-sourcepos=\"26:1-26:140\"><strong>J\u016brniec\u012bba un ku\u0123niec\u012bba:<\/strong> Ku\u0123u, bar\u017eu un peldo\u0161o konstrukciju korpusa integrit\u0101tes p\u0101rbaudes. Klasifik\u0101cijas sabiedr\u012bbas aptaujas atbalsts.<\/li>\n<li data-sourcepos=\"27:1-27:148\"><strong>J\u016bras nafta un g\u0101ze:<\/strong> Platformu apvalku, st\u0101vvadu, zem\u016bdens cauru\u013cvadu un peldo\u0161o produkcijas uzglab\u0101\u0161anas un izkrau\u0161anas (FPSO) vien\u012bbu p\u0101rbaude.<\/li>\n<li data-sourcepos=\"28:1-28:105\"><strong>Atjaunojam\u0101 ener\u0123ija:<\/strong> J\u016bras v\u0113ja turb\u012bnu un citu j\u016bras ener\u0123ijas iek\u0101rtu pamatu uzraudz\u012bba.<\/li>\n<li data-sourcepos=\"29:1-29:106\"><strong>Civil\u0101 infrastrukt\u016bra:<\/strong> Tiltu p\u0101\u013cu, aizsprostu v\u0101rtu, iepl\u016bdes konstrukciju un iegremd\u0113to tune\u013cu nov\u0113rt\u0113\u0161ana.<\/li>\n<li data-sourcepos=\"30:1-30:100\"><strong>Ener\u0123ijas ra\u017eo\u0161ana:<\/strong> Dzes\u0113\u0161anas \u016bdens iepl\u016bdes\/izpl\u016bdes konstrukciju un iegremd\u0113to komponentu p\u0101rbaude.<\/li>\n<li data-sourcepos=\"31:1-32:0\"><strong>Notek\u016bde\u0146u att\u012br\u012b\u0161ana:<\/strong> Tvert\u0146u, cauru\u013cvadu un apstr\u0101des iek\u0101rtu nov\u0113rt\u0113\u0161ana.<\/li>\n<\/ul>\n<p data-sourcepos=\"33:1-33:65\"><strong>Nepiecie\u0161am\u012bba p\u0113c proakt\u012bva nov\u0113rt\u0113juma: v\u0113st\u012bjums organiz\u0101cij\u0101m<\/strong><\/p>\n<ul data-sourcepos=\"35:1-38:0\">\n<li data-sourcepos=\"35:1-35:437\"><strong>Uz\u0146\u0113mumiem:<\/strong> Neparedz\u0113tas iegremd\u0113to akt\u012bvu atteices izraisa d\u0101rgas darb\u012bbas p\u0101rtrauk\u0161anas, av\u0101rijas remontdarbus un iesp\u0113jam\u0101s vides saist\u012bbas. Ieguld\u012bjumi regul\u0101ros zem\u016bdens biezuma m\u0113r\u012bjumos ir proakt\u012bvs solis, lai nodro\u0161in\u0101tu darb\u012bbas nep\u0101rtraukt\u012bbu, optimiz\u0113tu uztur\u0113\u0161anas bud\u017eetus, izmantojot paredzamo grafiku, un aizsarg\u0101tu j\u016bsu ieguld\u012bjumus. Samaziniet riskus, uzlabojiet efektivit\u0101ti un aizsarg\u0101jiet savu pe\u013c\u0146u.<\/li>\n<li data-sourcepos=\"36:1-36:484\"><strong>Vald\u012bb\u0101m un regulat\u012bvaj\u0101m iest\u0101d\u0113m:<\/strong> Lai nodro\u0161in\u0101tu sabiedr\u012bbas dro\u0161\u012bbu un vides aizsardz\u012bbu, ir r\u016bp\u012bgi j\u0101p\u0101rrauga kritisk\u0101 infrastrukt\u016bra, kuras liel\u0101k\u0101 da\u013ca atrodas zem \u016bdens. M\u016bsu pakalpojumi nodro\u0161ina p\u0101rbaud\u0101mus datus, lai nov\u0113rt\u0113tu valsts \u012bpa\u0161umu, piem\u0113ram, tiltu, dambju un ostu iek\u0101rtu st\u0101vokli, atbalstot atbilst\u012bbu normat\u012bvajiem aktiem, inform\u0113jot par infrastrukt\u016bras izdevumu priorit\u0101t\u0113m un iev\u0113rojot dro\u0161\u012bbas mand\u0101tus. Nodro\u0161in\u0101t b\u016btisku sabiedrisko darbu ilgtermi\u0146a dz\u012bvotsp\u0113ju un dro\u0161\u012bbu.<\/li>\n<li data-sourcepos=\"37:1-38:0\"><strong>Iest\u0101d\u0113m un l\u012bdzek\u013cu p\u0101rvald\u012bt\u0101jiem:<\/strong> Lai p\u0101rvald\u012btu lielus iegremd\u0113tas vai da\u013c\u0113ji iegremd\u0113tas infrastrukt\u016bras portfe\u013cus, ir nepiecie\u0161ams prec\u012bzs st\u0101vok\u013ca nov\u0113rt\u0113jums efekt\u012bvai ilgtermi\u0146a pl\u0101no\u0161anai un resursu sadalei. Zem\u016bdens biezuma m\u0113r\u012bjumi sniedz svar\u012bgus datus, kas nepiecie\u0161ami dz\u012bves cikla anal\u012bzei, priorit\u0101rai uztur\u0113\u0161anai, apdro\u0161in\u0101\u0161anas nov\u0113rt\u0113jumu apstiprin\u0101\u0161anai un p\u0101rvald\u012bto akt\u012bvu ilgm\u016b\u017e\u012bbas un uzticam\u012bbas nodro\u0161in\u0101\u0161anai. Pie\u0146emiet apzin\u0101tus l\u0113mumus, pamatojoties uz prec\u012bziem, objekt\u012bviem datiem.<\/li>\n<\/ul>\n<p data-sourcepos=\"39:1-39:33\"><strong>M\u016bsu ap\u0146em\u0161an\u0101s sasniegt izcil\u012bbu:<\/strong><\/p>\n<p data-sourcepos=\"41:1-41:439\">M\u0113s izmantojam vismodern\u0101k\u0101s ultraska\u0146as iek\u0101rtas un iev\u0113rojam stingrus nozares standartus, lai nodro\u0161in\u0101tu \u013coti prec\u012bzus un uzticamus biezuma m\u0113r\u012bjumus. M\u016bsu pieredz\u0113ju\u0161ie tehni\u0137i un uzlabot\u0101s izvieto\u0161anas metodes (tostarp ROV nepieejam\u0101m vai b\u012bstam\u0101m zon\u0101m) nodro\u0161ina visaptvero\u0161as p\u0101rbaudes, kas piel\u0101gotas j\u016bsu \u012bpa\u0161aj\u0101m vajadz\u012bb\u0101m. Detaliz\u0113ti zi\u0146ojumi nodro\u0161ina skaidrus, izmantojamus datus j\u016bsu uztur\u0113\u0161anas un integrit\u0101tes p\u0101rvald\u012bbas programm\u0101m.<\/p>\n<p data-sourcepos=\"43:1-43:180\">Nodro\u0161iniet savu zem\u016bdens met\u0101lisko l\u012bdzek\u013cu dro\u0161\u012bbu, atbilst\u012bbu un ilgm\u016b\u017e\u012bbu. Sazinieties ar mums, lai uzzin\u0101tu, k\u0101 m\u016bsu specializ\u0113tie biezuma m\u0113r\u012b\u0161anas pakalpojumi var sniegt labumu j\u016bsu darb\u012bbai.<\/p>\n<p data-sourcepos=\"45:1-45:18\">\n<div class=\"wpcf7 no-js\" id=\"wpcf7-f84-o1\" lang=\"en-US\" dir=\"ltr\" data-wpcf7-id=\"84\">\n<div class=\"screen-reader-response\"><p role=\"status\" aria-live=\"polite\" aria-atomic=\"true\"><\/p> <ul><\/ul><\/div>\n<form action=\"\/lv\/wp-json\/wp\/v2\/product\/1478#wpcf7-f84-o1\" method=\"post\" class=\"wpcf7-form init\" aria-label=\"Kontaktforma\" novalidate=\"novalidate\" data-status=\"init\" data-trp-original-action=\"\/lv\/wp-json\/wp\/v2\/product\/1478#wpcf7-f84-o1\">\n<div style=\"display: none;\">\n<input type=\"hidden\" name=\"_wpcf7\" value=\"84\" \/>\n<input type=\"hidden\" name=\"_wpcf7_version\" value=\"6.0.6\" \/>\n<input type=\"hidden\" name=\"_wpcf7_locale\" value=\"en_US\" \/>\n<input type=\"hidden\" name=\"_wpcf7_unit_tag\" value=\"wpcf7-f84-o1\" \/>\n<input type=\"hidden\" name=\"_wpcf7_container_post\" value=\"0\" \/>\n<input type=\"hidden\" name=\"_wpcf7_posted_data_hash\" value=\"\" \/>\n<input type=\"hidden\" name=\"_wpcf7_recaptcha_response\" value=\"\" \/>\n<\/div>\n<p><label> J\u016bsu v\u0101rds (oblig\u0101ti)<br \/>\n<span class=\"wpcf7-form-control-wrap\" data-name=\"your-name\"><input size=\"40\" maxlength=\"400\" class=\"wpcf7-form-control wpcf7-text wpcf7-validates-as-required\" aria-required=\"true\" aria-invalid=\"false\" value=\"\" type=\"text\" name=\"your-name\" \/><\/span> <\/label>\n<\/p>\n<p><label> J\u016bsu e-pasts (oblig\u0101ti)<br \/>\n<span class=\"wpcf7-form-control-wrap\" data-name=\"your-email\"><input size=\"40\" maxlength=\"400\" class=\"wpcf7-form-control wpcf7-email wpcf7-validates-as-required wpcf7-text wpcf7-validates-as-email\" aria-required=\"true\" aria-invalid=\"false\" value=\"\" type=\"email\" name=\"your-email\" \/><\/span> <\/label>\n<\/p>\n<p><label> J\u016bsu t\u0101lrunis<br \/>\n<span class=\"wpcf7-form-control-wrap\" data-name=\"tel-199\"><input size=\"40\" maxlength=\"12\" minlength=\"8\" class=\"wpcf7-form-control wpcf7-tel wpcf7-validates-as-required wpcf7-text wpcf7-validates-as-tel\" aria-required=\"true\" aria-invalid=\"false\" value=\"\" type=\"tel\" name=\"tel-199\" \/><\/span> <\/label>\n<\/p>\n<p><label> Priek\u0161mets<br \/>\n<span class=\"wpcf7-form-control-wrap\" data-name=\"your-subject\"><input size=\"40\" maxlength=\"400\" class=\"wpcf7-form-control wpcf7-text\" aria-invalid=\"false\" value=\"\" type=\"text\" name=\"your-subject\" \/><\/span> <\/label>\n<\/p>\n<p><label> J\u016bsu Zi\u0146a<br \/>\n<span class=\"wpcf7-form-control-wrap\" data-name=\"your-message\"><textarea cols=\"40\" rows=\"10\" maxlength=\"2000\" class=\"wpcf7-form-control wpcf7-textarea\" aria-invalid=\"false\" name=\"your-message\"><\/textarea><\/span> <\/label>\n<\/p>\n\n<p><input class=\"wpcf7-form-control wpcf7-submit has-spinner\" type=\"submit\" value=\"S\u016bt\u012bt\" \/>\n<\/p><div class=\"wpcf7-response-output\" aria-hidden=\"true\"><\/div>\n<input type=\"hidden\" name=\"trp-form-language\" value=\"lv\"\/><\/form>\n<\/div>\n<\/p>\n<\/div>\n<\/div>","protected":false},"excerpt":{"rendered":"<p>Visaptvero\u0161i zem\u016bdens met\u0101la biezuma m\u0113r\u012b\u0161anas pakalpojumi, kas nodro\u0161ina iegremd\u0113tu met\u0101la konstrukciju integrit\u0101ti un ilgm\u016b\u017e\u012bbu Iegremd\u0113to met\u0101la akt\u012bvu struktur\u0101l\u0101 integrit\u0101te [\u2026]<\/p>","protected":false},"featured_media":1483,"template":"","meta":[],"product_brand":[57],"product_cat":[54],"product_tag":[],"class_list":{"0":"post-1478","1":"product","2":"type-product","3":"status-publish","4":"has-post-thumbnail","6":"product_brand-dronelab-engineering","7":"product_cat-services","9":"first","10":"instock","11":"shipping-taxable","12":"product-type-simple"},"_links":{"self":[{"href":"https:\/\/dronelab.lv\/lv\/wp-json\/wp\/v2\/product\/1478","targetHints":{"allow":["GET"]}}],"collection":[{"href":"https:\/\/dronelab.lv\/lv\/wp-json\/wp\/v2\/product"}],"about":[{"href":"https:\/\/dronelab.lv\/lv\/wp-json\/wp\/v2\/types\/product"}],"wp:featuredmedia":[{"embeddable":true,"href":"https:\/\/dronelab.lv\/lv\/wp-json\/wp\/v2\/media\/1483"}],"wp:attachment":[{"href":"https:\/\/dronelab.lv\/lv\/wp-json\/wp\/v2\/media?parent=1478"}],"wp:term":[{"taxonomy":"product_brand","embeddable":true,"href":"https:\/\/dronelab.lv\/lv\/wp-json\/wp\/v2\/product_brand?post=1478"},{"taxonomy":"product_cat","embeddable":true,"href":"https:\/\/dronelab.lv\/lv\/wp-json\/wp\/v2\/product_cat?post=1478"},{"taxonomy":"product_tag","embeddable":true,"href":"https:\/\/dronelab.lv\/lv\/wp-json\/wp\/v2\/product_tag?post=1478"}],"curies":[{"name":"wp","href":"https:\/\/api.w.org\/{rel}","templated":true}]}}