{"id":1473,"date":"2025-04-11T19:02:02","date_gmt":"2025-04-11T19:02:02","guid":{"rendered":"https:\/\/dronelab.lv\/?post_type=product&#038;p=1473"},"modified":"2025-04-11T19:02:02","modified_gmt":"2025-04-11T19:02:02","slug":"underwater-archaeological-site-survey","status":"publish","type":"product","link":"https:\/\/dronelab.lv\/lv\/products\/zemudens-arheologisko-vietu-izpete\/","title":{"rendered":"Zem\u016bdens arheolo\u0123isko vietu izp\u0113te"},"content":{"rendered":"<div id=\"model-response-message-contentr_0f4caf203290f0e3\" class=\"markdown markdown-main-panel\" dir=\"ltr\">\n<h2 data-sourcepos=\"1:1-1:57\">Zem\u016bdens arheolo\u0123isko vietu izp\u0113te ar ROV un USV<\/h2>\n<p data-sourcepos=\"3:1-3:396\">Atkl\u0101jiet un dokument\u0113jiet iegremd\u0113to v\u0113sturi, izmantojot m\u016bsu specializ\u0113tos zem\u016bdens arheolo\u0123isko vietu izp\u0113tes pakalpojumus, izmantojot jaud\u012bgu t\u0101lvad\u012bbas transportl\u012bdzek\u013cu (ROV) un bezpilota virszemes transportl\u012bdzek\u013cu (USV) kombin\u0101ciju. \u0160\u012b integr\u0113t\u0101 pieeja nodro\u0161ina visaptvero\u0161u, neinvaz\u012bvu risin\u0101jumu zem\u016bdens kult\u016bras mantojuma vietu noteik\u0161anai, kart\u0113\u0161anai un nov\u0113rt\u0113\u0161anai ar nep\u0101rsp\u0113jamu detaliz\u0101ciju un dro\u0161\u012bbu.<\/p>\n<p data-sourcepos=\"5:1-5:57\">M\u016bsu metodolo\u0123ija apvieno abu platformu stipr\u0101s puses:<\/p>\n<ul data-sourcepos=\"7:1-9:0\">\n<li data-sourcepos=\"7:1-7:339\"><strong>Uz USV balst\u012bta apseko\u0161ana:<\/strong> M\u016bsu USV, kas vispirms tika izvietoti pla\u0161a apgabala izl\u016bko\u0161anai, izmanto uzlabotas hidrolokatoru sist\u0113mas (Side Scan, Multibeam, Sub-bottom Profiler), lai efekt\u012bvi kart\u0113tu j\u016bras gultni, identific\u0113tu iesp\u0113jamos arheolo\u0123iskos objektus, piem\u0113ram, ku\u0123u vrakus, iegremd\u0113tas strukt\u016bras vai artefaktu izkliedes, un izveidotu detaliz\u0113tas vietas batimetriskas diagrammas.<\/li>\n<li data-sourcepos=\"8:1-9:0\"><strong>Uz ROV balst\u012bta p\u0101rbaude un dokument\u0101cija:<\/strong> P\u0113c tam, kad USV ir identific\u0113jis m\u0113r\u0137i, m\u016bsu ROV tiek izvietoti vizu\u0101lai p\u0101rbaudei tuvpl\u0101n\u0101. Apr\u012bkots ar augstas iz\u0161\u0137irtsp\u0113jas kamer\u0101m, jaud\u012bgu apgaismojumu un, iesp\u0113jams, l\u0101zera skeneriem vai manipulatoriem nelielu uzdevumu veik\u0161anai, ROV uz\u0146em detaliz\u0113tus att\u0113lus un datus, \u013caujot prec\u012bzi dokument\u0113t un nov\u0113rt\u0113t vietas st\u0101vokli, netrauc\u0113jot trausl\u0101s atliekas.<\/li>\n<\/ul>\n<p data-sourcepos=\"10:1-10:60\"><strong>K\u0101p\u0113c jums ir nepiecie\u0161ami uzlaboti zem\u016bdens arheolo\u0123iskie p\u0113t\u012bjumi:<\/strong><\/p>\n<p data-sourcepos=\"12:1-12:350\">Zem\u016bdens kult\u016bras mantojuma aizsardz\u012bba un izpratne ir noz\u012bm\u012bga atbild\u012bba, ko bie\u017ei kav\u0113 dzi\u013c\u016bdens izaicin\u0101jumi, slikta redzam\u012bba un riski, kas saist\u012bti ar nir\u0161anas darb\u012bb\u0101m. Tradicion\u0101l\u0101s arheolo\u0123isk\u0101s metodes var b\u016bt l\u0113nas, d\u0101rgas un potenci\u0101li trauc\u0113jo\u0161as. M\u016bsu ROV un USV aptauju risin\u0101jumi pied\u0101v\u0101 m\u016bsdien\u012bgu alternat\u012bvu:<\/p>\n<ul data-sourcepos=\"14:1-20:0\">\n<li data-sourcepos=\"14:1-14:149\"><strong>Neinvaz\u012bva izp\u0113te:<\/strong> Atrodiet un nov\u0113rt\u0113jiet jut\u012bgas arheolo\u0123isk\u0101s vietas ar minim\u0101liem fiziskiem trauc\u0113jumiem vai bez tiem, saglab\u0101jot to integrit\u0101ti.<\/li>\n<li data-sourcepos=\"15:1-15:119\"><strong>Uzlabota dro\u0161\u012bba:<\/strong> Nov\u0113rst riskus cilv\u0113kiem, kas nir\u0113ji, jo \u012bpa\u0161i dzi\u013c\u0101, aukst\u0101 vai b\u012bstam\u0101 zem\u016bdens vid\u0113.<\/li>\n<li data-sourcepos=\"16:1-16:152\"><strong>Visaptvero\u0161a viet\u0146u kart\u0113\u0161ana:<\/strong> Ieg\u016bstiet detaliz\u0113tas hidrolokatoru kartes un prec\u012bzus \u0123eoreferences datus, lai laika gait\u0101 prec\u012bzi raksturotu un uzraudz\u012btu vietu.<\/li>\n<li data-sourcepos=\"17:1-17:152\"><strong>Augstas kvalit\u0101tes vizu\u0101l\u0101 dokument\u0101cija:<\/strong> Uz\u0146emiet skaidrus, augstas iz\u0161\u0137irtsp\u0113jas video un nekust\u012bgus att\u0113lus izp\u0113tei, saglab\u0101\u0161anas pl\u0101no\u0161anai un sabiedr\u012bbas inform\u0113\u0161anai.<\/li>\n<li data-sourcepos=\"18:1-18:151\"><strong>Rentablas darb\u012bbas:<\/strong> Veiciet provizoriskus nov\u0113rt\u0113jumus un m\u0113r\u0137tiec\u012bgu izmekl\u0113\u0161anu efekt\u012bv\u0101k nek\u0101 liela m\u0113roga tradicion\u0101l\u0101s eksped\u012bcijas.<\/li>\n<li data-sourcepos=\"19:1-20:0\"><strong>Piek\u013cuve izaicino\u0161\u0101m viet\u0101m:<\/strong> Apsekojiet vietas att\u0101los apgabalos vai dzi\u013cumos, kas p\u0101rsniedz praktisko nir\u0113ju ierobe\u017eojumus.<\/li>\n<\/ul>\n<p data-sourcepos=\"21:1-21:41\"><strong>Saglab\u0101t pag\u0101tni, inform\u0113t n\u0101kotni:<\/strong><\/p>\n<p data-sourcepos=\"23:1-23:500\">Vald\u012bbas mantojuma a\u0123ent\u016br\u0101m, muzejiem, akad\u0113miskaj\u0101m iest\u0101d\u0113m, j\u016bras att\u012bst\u012bbas pl\u0101not\u0101jiem un vides konsultantiem m\u016bsu zem\u016bdens arheolo\u0123isk\u0101s izp\u0113tes pakalpojums ir b\u016btisks. Nodro\u0161in\u0101t atbilst\u012bbu kult\u016bras mantojuma noteikumiem, veikt r\u016bp\u012bgus ietekmes uz vidi nov\u0113rt\u0113jumus, virz\u012bt zin\u0101tnisko izp\u0113ti un aizsarg\u0101t nenov\u0113rt\u0113jamas iegremd\u0113tas v\u0113sturiskas vietas n\u0101kamaj\u0101m paaudz\u0113m. Izmantojiet jaun\u0101k\u0101s tehnolo\u0123ijas, lai atbild\u012bgi un efekt\u012bvi atkl\u0101tu nosl\u0113pumus, kas glab\u0101jas zem vi\u013c\u0146iem.<\/p>\n<p data-sourcepos=\"25:1-25:18\">\n<div class=\"wpcf7 no-js\" id=\"wpcf7-f84-o1\" lang=\"en-US\" dir=\"ltr\" data-wpcf7-id=\"84\">\n<div class=\"screen-reader-response\"><p role=\"status\" aria-live=\"polite\" aria-atomic=\"true\"><\/p> <ul><\/ul><\/div>\n<form action=\"\/lv\/wp-json\/wp\/v2\/product\/1473#wpcf7-f84-o1\" method=\"post\" class=\"wpcf7-form init\" aria-label=\"Kontaktforma\" novalidate=\"novalidate\" data-status=\"init\" data-trp-original-action=\"\/lv\/wp-json\/wp\/v2\/product\/1473#wpcf7-f84-o1\">\n<div style=\"display: none;\">\n<input type=\"hidden\" name=\"_wpcf7\" value=\"84\" \/>\n<input type=\"hidden\" name=\"_wpcf7_version\" value=\"6.0.6\" \/>\n<input type=\"hidden\" name=\"_wpcf7_locale\" value=\"en_US\" \/>\n<input type=\"hidden\" name=\"_wpcf7_unit_tag\" value=\"wpcf7-f84-o1\" \/>\n<input type=\"hidden\" name=\"_wpcf7_container_post\" value=\"0\" \/>\n<input type=\"hidden\" name=\"_wpcf7_posted_data_hash\" value=\"\" \/>\n<input type=\"hidden\" name=\"_wpcf7_recaptcha_response\" value=\"\" \/>\n<\/div>\n<p><label> J\u016bsu v\u0101rds (oblig\u0101ti)<br \/>\n<span class=\"wpcf7-form-control-wrap\" data-name=\"your-name\"><input size=\"40\" maxlength=\"400\" class=\"wpcf7-form-control wpcf7-text wpcf7-validates-as-required\" aria-required=\"true\" aria-invalid=\"false\" value=\"\" type=\"text\" name=\"your-name\" \/><\/span> <\/label>\n<\/p>\n<p><label> J\u016bsu e-pasts (oblig\u0101ti)<br \/>\n<span class=\"wpcf7-form-control-wrap\" data-name=\"your-email\"><input size=\"40\" maxlength=\"400\" class=\"wpcf7-form-control wpcf7-email wpcf7-validates-as-required wpcf7-text wpcf7-validates-as-email\" aria-required=\"true\" aria-invalid=\"false\" value=\"\" type=\"email\" name=\"your-email\" \/><\/span> <\/label>\n<\/p>\n<p><label> J\u016bsu t\u0101lrunis<br \/>\n<span class=\"wpcf7-form-control-wrap\" data-name=\"tel-199\"><input size=\"40\" maxlength=\"12\" minlength=\"8\" class=\"wpcf7-form-control wpcf7-tel wpcf7-validates-as-required wpcf7-text wpcf7-validates-as-tel\" aria-required=\"true\" aria-invalid=\"false\" value=\"\" type=\"tel\" name=\"tel-199\" \/><\/span> <\/label>\n<\/p>\n<p><label> Priek\u0161mets<br \/>\n<span class=\"wpcf7-form-control-wrap\" data-name=\"your-subject\"><input size=\"40\" maxlength=\"400\" class=\"wpcf7-form-control wpcf7-text\" aria-invalid=\"false\" value=\"\" type=\"text\" name=\"your-subject\" \/><\/span> <\/label>\n<\/p>\n<p><label> J\u016bsu Zi\u0146a<br \/>\n<span class=\"wpcf7-form-control-wrap\" data-name=\"your-message\"><textarea cols=\"40\" rows=\"10\" maxlength=\"2000\" class=\"wpcf7-form-control wpcf7-textarea\" aria-invalid=\"false\" name=\"your-message\"><\/textarea><\/span> <\/label>\n<\/p>\n\n<p><input class=\"wpcf7-form-control wpcf7-submit has-spinner\" type=\"submit\" value=\"S\u016bt\u012bt\" \/>\n<\/p><div class=\"wpcf7-response-output\" aria-hidden=\"true\"><\/div>\n<input type=\"hidden\" name=\"trp-form-language\" value=\"lv\"\/><\/form>\n<\/div>\n<\/p>\n<\/div>","protected":false},"excerpt":{"rendered":"<p>Zem\u016bdens arheolo\u0123isko vietu izp\u0113te ar ROV un USV Atkl\u0101jiet un dokument\u0113jiet iegremd\u0113to v\u0113sturi, izmantojot m\u016bsu specializ\u0113tos zem\u016bdens arheolo\u0123isko vietu izp\u0113tes pakalpojumus, izmantojot [\u2026]<\/p>","protected":false},"featured_media":1474,"template":"","meta":[],"product_brand":[57],"product_cat":[54],"product_tag":[],"class_list":{"0":"post-1473","1":"product","2":"type-product","3":"status-publish","4":"has-post-thumbnail","6":"product_brand-dronelab-engineering","7":"product_cat-services","9":"first","10":"instock","11":"shipping-taxable","12":"product-type-simple"},"_links":{"self":[{"href":"https:\/\/dronelab.lv\/lv\/wp-json\/wp\/v2\/product\/1473","targetHints":{"allow":["GET"]}}],"collection":[{"href":"https:\/\/dronelab.lv\/lv\/wp-json\/wp\/v2\/product"}],"about":[{"href":"https:\/\/dronelab.lv\/lv\/wp-json\/wp\/v2\/types\/product"}],"wp:featuredmedia":[{"embeddable":true,"href":"https:\/\/dronelab.lv\/lv\/wp-json\/wp\/v2\/media\/1474"}],"wp:attachment":[{"href":"https:\/\/dronelab.lv\/lv\/wp-json\/wp\/v2\/media?parent=1473"}],"wp:term":[{"taxonomy":"product_brand","embeddable":true,"href":"https:\/\/dronelab.lv\/lv\/wp-json\/wp\/v2\/product_brand?post=1473"},{"taxonomy":"product_cat","embeddable":true,"href":"https:\/\/dronelab.lv\/lv\/wp-json\/wp\/v2\/product_cat?post=1473"},{"taxonomy":"product_tag","embeddable":true,"href":"https:\/\/dronelab.lv\/lv\/wp-json\/wp\/v2\/product_tag?post=1473"}],"curies":[{"name":"wp","href":"https:\/\/api.w.org\/{rel}","templated":true}]}}