{"id":1472,"date":"2025-04-11T18:39:56","date_gmt":"2025-04-11T18:39:56","guid":{"rendered":"https:\/\/dronelab.lv\/?post_type=product&#038;p=1472"},"modified":"2025-04-11T18:39:56","modified_gmt":"2025-04-11T18:39:56","slug":"unmanned-surface-vehicle-usv-systems-services","status":"publish","type":"product","link":"https:\/\/dronelab.lv\/lv\/products\/bezpilota-virszemes-transportlidzeklu-usv-sistemu-pakalpojumi\/","title":{"rendered":"Bezpilota virszemes transportl\u012bdzek\u013cu (USV) sist\u0113mu pakalpojumi"},"content":{"rendered":"<div id=\"model-response-message-contentr_00bd1fda993e8b76\" class=\"markdown markdown-main-panel\" dir=\"ltr\">\n<h2 data-sourcepos=\"1:1-1:56\">Bezpilota virszemes transportl\u012bdzek\u013cu (USV) sist\u0113mu pakalpojumi<\/h2>\n<p data-sourcepos=\"3:1-3:327\">Atbr\u012bvojiet zem\u016bdens izp\u0113tes un datu ieg\u016b\u0161anas potenci\u0101lu, izmantojot m\u016bsu uzlabotos bezpilota virszemes transportl\u012bdzek\u013cu (USV) son\u0101ru sist\u0113mu pakalpojumus. M\u016bsu USV ir izstr\u0101d\u0101tas precizit\u0101tei un efektivit\u0101tei, un t\u0101s ku\u0123o \u016bde\u0146os, kas nav pieejami vai ir b\u012bstami tradicion\u0101liem pilot\u0113jamiem ku\u0123iem, nodro\u0161inot augstas iz\u0161\u0137irtsp\u0113jas datus daudz\u0101m lietojumprogramm\u0101m.<\/p>\n<p data-sourcepos=\"5:1-5:61\">M\u016bsu visaptvero\u0161aj\u0101 USV son\u0101ru pakalpojumu komplekt\u0101 ietilpst:<\/p>\n<ul data-sourcepos=\"7:1-13:0\">\n<li data-sourcepos=\"7:1-7:156\"><strong>S\u0101nu sken\u0113\u0161anas son\u0101rs:<\/strong> Izveidojiet detaliz\u0113tus j\u016bras gultnes att\u0113lus, kas ir ide\u0101li piem\u0113roti iegremd\u0113tu objektu, konstrukciju identific\u0113\u0161anai un zem\u016bdens reljefa objektu kart\u0113\u0161anai.<\/li>\n<li data-sourcepos=\"8:1-8:169\"><strong>Batimetrija:<\/strong> Prec\u012bzi izm\u0113ra \u016bdens dzi\u013cumu, lai izveidotu detaliz\u0113tas zem\u016bdens topogr\u0101fisk\u0101s kartes, kas ir \u013coti svar\u012bgas navig\u0101cijas dro\u0161\u012bbai, bagar\u0113\u0161anas darb\u012bb\u0101m un biotopu kart\u0113\u0161anai.<\/li>\n<li data-sourcepos=\"9:1-9:180\"><strong>Apak\u0161\u0113j\u0101 profil\u0113\u0161ana:<\/strong> Ieg\u016bstiet prec\u012bzus j\u016bras gultnes un apak\u0161\u0113jo sl\u0101\u0146u \u0161\u0137\u0113rsgriezuma skatus, kas ir b\u016btiski \u0123eolo\u0123iskajiem p\u0113t\u012bjumiem, cauru\u013cvadu mar\u0161rut\u0113\u0161anai un infrastrukt\u016bras p\u0101rbaudei.<\/li>\n<li data-sourcepos=\"10:1-10:187\"><strong>Daudzstaru atbalss:<\/strong> Uz\u0146emiet pla\u0161us augstas iz\u0161\u0137irtsp\u0113jas batimetrijas un atpaka\u013cizkliedes datus vienlaikus, nodro\u0161inot nep\u0101rsp\u0113jamas deta\u013cas sare\u017e\u0123\u012btai j\u016bras gultnes kart\u0113\u0161anai un anal\u012bzei.<\/li>\n<li data-sourcepos=\"11:1-11:162\"><strong>Zem\u016bdens l\u0101zersken\u0113\u0161ana:<\/strong> Sasniedziet prec\u012bzus zem\u016bdens objektu, konstrukciju un arheolo\u0123isko vietu 3D m\u0113r\u012bjumus un mode\u013cus ar izcilu precizit\u0101ti.<\/li>\n<li data-sourcepos=\"12:1-13:0\"><strong>Augstas iz\u0161\u0137irtsp\u0113jas nekust\u012bga att\u0113lveido\u0161ana:<\/strong> Uz\u0146emiet krist\u0101ldzidras zem\u016bdens fotogr\u0101fijas pat v\u0101ja apgaismojuma apst\u0101k\u013cos, izmantojot jaud\u012bgas integr\u0113tas gaismas diodes detaliz\u0113t\u0101m vizu\u0101l\u0101m p\u0101rbaud\u0113m un dokument\u0101cijai.<\/li>\n<\/ul>\n<p data-sourcepos=\"14:1-14:51\"><strong>K\u0101p\u0113c j\u016bsu organiz\u0101cijai ir nepiecie\u0161ami USV son\u0101ra pakalpojumi:<\/strong><\/p>\n<p data-sourcepos=\"16:1-16:339\">M\u016bsdienu pras\u012bgaj\u0101 j\u016bras vid\u0113 prec\u012bzu zem\u016bdens datu ieg\u016b\u0161ana ir \u013coti svar\u012bga, tom\u0113r bie\u017ei vien sare\u017e\u0123\u012bta un d\u0101rga. Tradicion\u0101l\u0101s metodes, kur\u0101s izmanto ku\u0123us ar apkalpi, var b\u016bt d\u0101rgas, laikietilp\u012bgas un rad\u012bt dro\u0161\u012bbas riskus, jo \u012bpa\u0161i seklos, norobe\u017eotos vai b\u012bstamos \u016bde\u0146os. M\u016bsu USV son\u0101ru sist\u0113mas p\u0101rvar \u0161os ierobe\u017eojumus, pied\u0101v\u0101jot:<\/p>\n<ul data-sourcepos=\"18:1-23:0\">\n<li data-sourcepos=\"18:1-18:108\"><strong>Uzlabota dro\u0161\u012bba:<\/strong> Nov\u0113rsiet riskus person\u0101lam, izvietojot bezpilota sist\u0113mas sare\u017e\u0123\u012btos apst\u0101k\u013cos.<\/li>\n<li data-sourcepos=\"19:1-19:118\"><strong>Darb\u012bbas efektivit\u0101te:<\/strong> Veiciet apsekojumus \u0101tr\u0101k un bie\u017e\u0101k, samazinot projekta termi\u0146us un ku\u0123u izmaksas.<\/li>\n<li data-sourcepos=\"20:1-20:127\"><strong>Nep\u0101rsp\u0113jama piek\u013cuve:<\/strong> Apkopojiet svar\u012bgus datus seklos \u016bde\u0146os, ost\u0101s, up\u0113s un ezeros, kur liel\u0101ki ku\u0123i nevar darboties.<\/li>\n<li data-sourcepos=\"21:1-21:121\"><strong>Izcila datu kvalit\u0101te:<\/strong> Izmantojiet vismodern\u0101ko hidrolokatoru un att\u0113lveido\u0161anas tehnolo\u0123iju, lai ieg\u016btu augstas iz\u0161\u0137irtsp\u0113jas un prec\u012bzus rezult\u0101tus.<\/li>\n<li data-sourcepos=\"22:1-23:0\"><strong>Izmaksu efektivit\u0101te:<\/strong> Iev\u0113rojami zem\u0101ki ekspluat\u0101cijas izdevumi, sal\u012bdzinot ar aptauju komand\u0113jumiem.<\/li>\n<\/ul>\n<p data-sourcepos=\"24:1-24:30\"><strong>Ieg\u016bstiet konkur\u0113tsp\u0113j\u012bgas priek\u0161roc\u012bbas:<\/strong><\/p>\n<p data-sourcepos=\"26:1-26:533\">Uz\u0146\u0113mumiem, valsts a\u0123ent\u016br\u0101m un p\u0113tniec\u012bbas iest\u0101d\u0113m, kur\u0101m nepiecie\u0161ama prec\u012bza zem\u016bdens izl\u016bko\u0161ana, m\u016bsu USV Sonar Services nodro\u0161ina neaizst\u0101jamu risin\u0101jumu. Neatkar\u012bgi no t\u0101, vai esat iesaist\u012bts vides uzraudz\u012bb\u0101, infrastrukt\u016bras p\u0101rbaud\u0113s, j\u016bras b\u016bvniec\u012bb\u0101, resursu p\u0101rvald\u012bb\u0101, ostu dro\u0161\u012bb\u0101 vai zin\u0101tniskaj\u0101 izp\u0113t\u0113, m\u016bsu tehnolo\u0123ija sniedz jums svar\u012bgus datus, kas nepiecie\u0161ami apzin\u0101tu l\u0113mumu pie\u0146em\u0161anai, normat\u012bvo aktu iev\u0113ro\u0161anai un darb\u012bbas pan\u0101kumiem. Ieguldiet vied\u0101k\u0101, dro\u0161\u0101k\u0101 un efekt\u012bv\u0101k\u0101 zem\u016bdens datu ieg\u016b\u0161an\u0101.<\/p>\n<p data-sourcepos=\"28:1-28:18\">\n<div class=\"wpcf7 no-js\" id=\"wpcf7-f84-o1\" lang=\"en-US\" dir=\"ltr\" data-wpcf7-id=\"84\">\n<div class=\"screen-reader-response\"><p role=\"status\" aria-live=\"polite\" aria-atomic=\"true\"><\/p> <ul><\/ul><\/div>\n<form action=\"\/lv\/wp-json\/wp\/v2\/product\/1472#wpcf7-f84-o1\" method=\"post\" class=\"wpcf7-form init\" aria-label=\"Kontaktforma\" novalidate=\"novalidate\" data-status=\"init\" data-trp-original-action=\"\/lv\/wp-json\/wp\/v2\/product\/1472#wpcf7-f84-o1\">\n<div style=\"display: none;\">\n<input type=\"hidden\" name=\"_wpcf7\" value=\"84\" \/>\n<input type=\"hidden\" name=\"_wpcf7_version\" value=\"6.0.6\" \/>\n<input type=\"hidden\" name=\"_wpcf7_locale\" value=\"en_US\" \/>\n<input type=\"hidden\" name=\"_wpcf7_unit_tag\" value=\"wpcf7-f84-o1\" \/>\n<input type=\"hidden\" name=\"_wpcf7_container_post\" value=\"0\" \/>\n<input type=\"hidden\" name=\"_wpcf7_posted_data_hash\" value=\"\" \/>\n<input type=\"hidden\" name=\"_wpcf7_recaptcha_response\" value=\"\" \/>\n<\/div>\n<p><label> J\u016bsu v\u0101rds (oblig\u0101ti)<br \/>\n<span class=\"wpcf7-form-control-wrap\" data-name=\"your-name\"><input size=\"40\" maxlength=\"400\" class=\"wpcf7-form-control wpcf7-text wpcf7-validates-as-required\" aria-required=\"true\" aria-invalid=\"false\" value=\"\" type=\"text\" name=\"your-name\" \/><\/span> <\/label>\n<\/p>\n<p><label> J\u016bsu e-pasts (oblig\u0101ti)<br \/>\n<span class=\"wpcf7-form-control-wrap\" data-name=\"your-email\"><input size=\"40\" maxlength=\"400\" class=\"wpcf7-form-control wpcf7-email wpcf7-validates-as-required wpcf7-text wpcf7-validates-as-email\" aria-required=\"true\" aria-invalid=\"false\" value=\"\" type=\"email\" name=\"your-email\" \/><\/span> <\/label>\n<\/p>\n<p><label> J\u016bsu t\u0101lrunis<br \/>\n<span class=\"wpcf7-form-control-wrap\" data-name=\"tel-199\"><input size=\"40\" maxlength=\"12\" minlength=\"8\" class=\"wpcf7-form-control wpcf7-tel wpcf7-validates-as-required wpcf7-text wpcf7-validates-as-tel\" aria-required=\"true\" aria-invalid=\"false\" value=\"\" type=\"tel\" name=\"tel-199\" \/><\/span> <\/label>\n<\/p>\n<p><label> Priek\u0161mets<br \/>\n<span class=\"wpcf7-form-control-wrap\" data-name=\"your-subject\"><input size=\"40\" maxlength=\"400\" class=\"wpcf7-form-control wpcf7-text\" aria-invalid=\"false\" value=\"\" type=\"text\" name=\"your-subject\" \/><\/span> <\/label>\n<\/p>\n<p><label> J\u016bsu Zi\u0146a<br \/>\n<span class=\"wpcf7-form-control-wrap\" data-name=\"your-message\"><textarea cols=\"40\" rows=\"10\" maxlength=\"2000\" class=\"wpcf7-form-control wpcf7-textarea\" aria-invalid=\"false\" name=\"your-message\"><\/textarea><\/span> <\/label>\n<\/p>\n\n<p><input class=\"wpcf7-form-control wpcf7-submit has-spinner\" type=\"submit\" value=\"S\u016bt\u012bt\" \/>\n<\/p><div class=\"wpcf7-response-output\" aria-hidden=\"true\"><\/div>\n<input type=\"hidden\" name=\"trp-form-language\" value=\"lv\"\/><\/form>\n<\/div>\n<\/p>\n<\/div>","protected":false},"excerpt":{"rendered":"<p>Bezpilota virszemes transportl\u012bdzek\u013cu (USV) sist\u0113mu pakalpojumi Atbr\u012bvojiet zem\u016bdens izp\u0113tes un datu ieg\u016b\u0161anas potenci\u0101lu, izmantojot m\u016bsu uzlaboto bezpilota virszemes transportl\u012bdzekli (USV) [\u2026]<\/p>","protected":false},"featured_media":1379,"template":"","meta":[],"product_brand":[57],"product_cat":[54],"product_tag":[],"class_list":{"0":"post-1472","1":"product","2":"type-product","3":"status-publish","4":"has-post-thumbnail","6":"product_brand-dronelab-engineering","7":"product_cat-services","9":"first","10":"instock","11":"shipping-taxable","12":"product-type-simple"},"_links":{"self":[{"href":"https:\/\/dronelab.lv\/lv\/wp-json\/wp\/v2\/product\/1472","targetHints":{"allow":["GET"]}}],"collection":[{"href":"https:\/\/dronelab.lv\/lv\/wp-json\/wp\/v2\/product"}],"about":[{"href":"https:\/\/dronelab.lv\/lv\/wp-json\/wp\/v2\/types\/product"}],"wp:featuredmedia":[{"embeddable":true,"href":"https:\/\/dronelab.lv\/lv\/wp-json\/wp\/v2\/media\/1379"}],"wp:attachment":[{"href":"https:\/\/dronelab.lv\/lv\/wp-json\/wp\/v2\/media?parent=1472"}],"wp:term":[{"taxonomy":"product_brand","embeddable":true,"href":"https:\/\/dronelab.lv\/lv\/wp-json\/wp\/v2\/product_brand?post=1472"},{"taxonomy":"product_cat","embeddable":true,"href":"https:\/\/dronelab.lv\/lv\/wp-json\/wp\/v2\/product_cat?post=1472"},{"taxonomy":"product_tag","embeddable":true,"href":"https:\/\/dronelab.lv\/lv\/wp-json\/wp\/v2\/product_tag?post=1472"}],"curies":[{"name":"wp","href":"https:\/\/api.w.org\/{rel}","templated":true}]}}