{"id":1468,"date":"2025-04-11T17:15:30","date_gmt":"2025-04-11T17:15:30","guid":{"rendered":"https:\/\/dronelab.lv\/?post_type=product&#038;p=1468"},"modified":"2025-04-14T05:19:41","modified_gmt":"2025-04-14T05:19:41","slug":"unmanned-surface-vessels-marine-operations","status":"publish","type":"product","link":"https:\/\/dronelab.lv\/lv\/products\/bezpilota-virszemes-kugu-juras-operacijas\/","title":{"rendered":"Bezpilota virszemes ku\u0123u j\u016bras oper\u0101cijas"},"content":{"rendered":"<div id=\"model-response-message-contentr_f286eef2b2aa4a1b\" class=\"markdown markdown-main-panel\" dir=\"ltr\">\n<h2 data-sourcepos=\"1:1-1:84\">Revolucion\u0113jiet savas j\u016bras oper\u0101cijas, izmantojot uzlabotos bezpilota virszemes ku\u0123us (USV)<\/h2>\n<p data-sourcepos=\"3:1-3:399\">Ieejiet j\u016brniec\u012bbas uzdevumu n\u0101kotn\u0113 ar m\u016bsu progres\u012bvajiem bezpilota virszemes ku\u0123iem. \u0160\u012bs uzlabot\u0101s platformas, kas izstr\u0101d\u0101tas efektivit\u0101tei, dro\u0161\u012bbai un daudzpus\u012bbai, no jauna defin\u0113 to, kas ir iesp\u0113jams uz \u016bdens. Darbojoties bez person\u0101la, USV navig\u0113 att\u0101lin\u0101ti vai autonomi, veicot sare\u017e\u0123\u012btas misijas da\u017e\u0101d\u0101s j\u016bras vid\u0113s, s\u0101kot no piekrastes zon\u0101m un iek\u0161zemes up\u0113m l\u012bdz ezeriem un \u016bdenskr\u0101tuv\u0113m.<\/p>\n<p data-sourcepos=\"5:1-5:349\">M\u016bsu USV nodro\u0161ina nep\u0101rsp\u0113jamu veiktsp\u0113ju un augstas kvalit\u0101tes datu ieguvi, izmantojot sare\u017e\u0123\u012btas vad\u012bbas sist\u0113mas, uzlabotas sensoru slodzes (tostarp augstas precizit\u0101tes hidrolokatoru un GNSS RTK pozicion\u0113\u0161anu) un ilgsto\u0161as baro\u0161anas avotu iesp\u0113jas. Tie pied\u0101v\u0101 iztur\u012bgu, uzticamu un piel\u0101gojamu risin\u0101jumu pla\u0161am virszemes \u016bdens lietojumu kl\u0101stam.<\/p>\n<p data-sourcepos=\"7:1-7:38\"><strong>K\u0101p\u0113c j\u016bsu organiz\u0101cijai ir nepiecie\u0161ams USV:<\/strong><\/p>\n<ul data-sourcepos=\"9:1-12:0\">\n<li data-sourcepos=\"9:1-9:541\"><strong>Uz\u0146\u0113mumiem:<\/strong> Krasi samaziniet darb\u012bbas izmaksas, kas saist\u012btas ar tradicion\u0101lajiem apkalpes ku\u0123iem. Uzlabojiet hidrogr\u0101fisko apsekojumu, vides nov\u0113rt\u0113jumu un kritisk\u0101s infrastrukt\u016bras p\u0101rbau\u017eu (piem\u0113ram, tiltu vai j\u016br\u0101 eso\u0161o iek\u0101rtu) efektivit\u0101ti. Samaziniet cilv\u0113ku risku b\u012bstamos apst\u0101k\u013cos, uzlabojiet datu precizit\u0101ti resursu p\u0101rvald\u012bb\u0101 un ieg\u016bstiet konkur\u0113tsp\u0113ju, izmantojot tehnolo\u0123iju att\u012bst\u012bbu. USV darbojas k\u0101 \u201csp\u0113ka pavairot\u0101ji\u201d, iev\u0113rojami samazinot projekta laiku un izmaksas, \u012bpa\u0161i, ja tos izmanto kop\u0101 ar tradicion\u0101laj\u0101m metod\u0113m.<\/li>\n<li data-sourcepos=\"10:1-10:545\"><strong>Valsts a\u0123ent\u016br\u0101m:<\/strong> Pastipriniet j\u016bras dro\u0161\u012bbu ar past\u0101v\u012bgas uzraudz\u012bbas un izl\u016bko\u0161anas (ISR) iesp\u0113j\u0101m robe\u017ekontrolei, ostu dro\u0161\u012bbai un kritisk\u0101s infrastrukt\u016bras aizsardz\u012bbai. Veiciet rentablu un visaptvero\u0161u vides monitoringu un hidrogr\u0101fisko kart\u0113\u0161anu, lai izpild\u012btu normat\u012bv\u0101s pras\u012bbas un p\u0101rvald\u012btu valsts \u016bde\u0146us. Uzlabojiet rea\u0123\u0113\u0161anas sp\u0113jas mekl\u0113\u0161anas un gl\u0101b\u0161anas vai m\u012bnu pretpas\u0101kumu oper\u0101cij\u0101s, vienlaikus nodro\u0161inot person\u0101la dro\u0161\u012bbu. USV nodro\u0161ina elast\u012bgu un ilgsto\u0161u l\u012bdzekli da\u017e\u0101d\u0101m sabiedrisko pakalpojumu misij\u0101m.<\/li>\n<li data-sourcepos=\"11:1-12:0\"><strong>P\u0113tniec\u012bbas un akad\u0113miskaj\u0101m iest\u0101d\u0113m:<\/strong> Piek\u013c\u016bstiet iepriek\u0161 nepieejamai vai b\u012bstamai j\u016bras videi progres\u012bvai izp\u0113tei. Apkopojiet pla\u0161us augstas iz\u0161\u0137irtsp\u0113jas okeanogr\u0101fiskos, atmosf\u0113ras un batimetriskos datus ar liel\u0101ku efektivit\u0101ti un iztur\u012bbu nek\u0101 tradicion\u0101l\u0101s metodes. Izmantojiet daudzpus\u012bgu platformu, kas piel\u0101gojama da\u017e\u0101d\u0101m sensoru krav\u0101m daudznozaru p\u0113t\u012bjumiem, s\u0101kot no klimata p\u0101rmai\u0146u monitoringa un ekosist\u0113mu anal\u012bzes l\u012bdz zem\u016bdens arheolo\u0123ijai. Dro\u0161i un rentabli p\u0101rk\u0101pjiet zin\u0101tnisko atkl\u0101jumu robe\u017eas.<\/li>\n<\/ul>\n<p data-sourcepos=\"13:1-13:161\">Atbr\u012bvojiet v\u0113l nebiju\u0161us efektivit\u0101tes, dro\u0161\u012bbas un datu iesp\u0113ju l\u012bme\u0146us sav\u0101s j\u016bras oper\u0101cij\u0101s. Izp\u0113tiet, k\u0101 m\u016bsu uzlabotie USV risin\u0101jumi var p\u0101rveidot j\u016bsu darbu.<\/p>\n<p data-sourcepos=\"15:1-15:18\">\n<div class=\"wpcf7 no-js\" id=\"wpcf7-f84-o1\" lang=\"en-US\" dir=\"ltr\" data-wpcf7-id=\"84\">\n<div class=\"screen-reader-response\"><p role=\"status\" aria-live=\"polite\" aria-atomic=\"true\"><\/p> <ul><\/ul><\/div>\n<form action=\"\/lv\/wp-json\/wp\/v2\/product\/1468#wpcf7-f84-o1\" method=\"post\" class=\"wpcf7-form init\" aria-label=\"Kontaktforma\" novalidate=\"novalidate\" data-status=\"init\" data-trp-original-action=\"\/lv\/wp-json\/wp\/v2\/product\/1468#wpcf7-f84-o1\">\n<div style=\"display: none;\">\n<input type=\"hidden\" name=\"_wpcf7\" value=\"84\" \/>\n<input type=\"hidden\" name=\"_wpcf7_version\" value=\"6.0.6\" \/>\n<input type=\"hidden\" name=\"_wpcf7_locale\" value=\"en_US\" \/>\n<input type=\"hidden\" name=\"_wpcf7_unit_tag\" value=\"wpcf7-f84-o1\" \/>\n<input type=\"hidden\" name=\"_wpcf7_container_post\" value=\"0\" \/>\n<input type=\"hidden\" name=\"_wpcf7_posted_data_hash\" value=\"\" \/>\n<input type=\"hidden\" name=\"_wpcf7_recaptcha_response\" value=\"\" \/>\n<\/div>\n<p><label> J\u016bsu v\u0101rds (oblig\u0101ti)<br \/>\n<span class=\"wpcf7-form-control-wrap\" data-name=\"your-name\"><input size=\"40\" maxlength=\"400\" class=\"wpcf7-form-control wpcf7-text wpcf7-validates-as-required\" aria-required=\"true\" aria-invalid=\"false\" value=\"\" type=\"text\" name=\"your-name\" \/><\/span> <\/label>\n<\/p>\n<p><label> J\u016bsu e-pasts (oblig\u0101ti)<br \/>\n<span class=\"wpcf7-form-control-wrap\" data-name=\"your-email\"><input size=\"40\" maxlength=\"400\" class=\"wpcf7-form-control wpcf7-email wpcf7-validates-as-required wpcf7-text wpcf7-validates-as-email\" aria-required=\"true\" aria-invalid=\"false\" value=\"\" type=\"email\" name=\"your-email\" \/><\/span> <\/label>\n<\/p>\n<p><label> J\u016bsu t\u0101lrunis<br \/>\n<span class=\"wpcf7-form-control-wrap\" data-name=\"tel-199\"><input size=\"40\" maxlength=\"12\" minlength=\"8\" class=\"wpcf7-form-control wpcf7-tel wpcf7-validates-as-required wpcf7-text wpcf7-validates-as-tel\" aria-required=\"true\" aria-invalid=\"false\" value=\"\" type=\"tel\" name=\"tel-199\" \/><\/span> <\/label>\n<\/p>\n<p><label> Priek\u0161mets<br \/>\n<span class=\"wpcf7-form-control-wrap\" data-name=\"your-subject\"><input size=\"40\" maxlength=\"400\" class=\"wpcf7-form-control wpcf7-text\" aria-invalid=\"false\" value=\"\" type=\"text\" name=\"your-subject\" \/><\/span> <\/label>\n<\/p>\n<p><label> J\u016bsu Zi\u0146a<br \/>\n<span class=\"wpcf7-form-control-wrap\" data-name=\"your-message\"><textarea cols=\"40\" rows=\"10\" maxlength=\"2000\" class=\"wpcf7-form-control wpcf7-textarea\" aria-invalid=\"false\" name=\"your-message\"><\/textarea><\/span> <\/label>\n<\/p>\n\n<p><input class=\"wpcf7-form-control wpcf7-submit has-spinner\" type=\"submit\" value=\"S\u016bt\u012bt\" \/>\n<\/p><div class=\"wpcf7-response-output\" aria-hidden=\"true\"><\/div>\n<input type=\"hidden\" name=\"trp-form-language\" value=\"lv\"\/><\/form>\n<\/div>\n<\/p>\n<\/div>","protected":false},"excerpt":{"rendered":"<p>Revolucion\u0113jiet savas j\u016bras oper\u0101cijas ar uzlabotiem bezpilota virszemes ku\u0123iem (USV) Ieejiet j\u016brniec\u012bbas uzdevumu n\u0101kotn\u0113, izmantojot m\u016bsu progres\u012bvo bezpilota virszemes [\u2026]<\/p>","protected":false},"featured_media":1379,"template":"","meta":[],"product_brand":[57],"product_cat":[54,55],"product_tag":[],"class_list":{"0":"post-1468","1":"product","2":"type-product","3":"status-publish","4":"has-post-thumbnail","6":"product_brand-dronelab-engineering","7":"product_cat-services","8":"product_cat-solutions","10":"first","11":"instock","12":"shipping-taxable","13":"product-type-simple"},"_links":{"self":[{"href":"https:\/\/dronelab.lv\/lv\/wp-json\/wp\/v2\/product\/1468","targetHints":{"allow":["GET"]}}],"collection":[{"href":"https:\/\/dronelab.lv\/lv\/wp-json\/wp\/v2\/product"}],"about":[{"href":"https:\/\/dronelab.lv\/lv\/wp-json\/wp\/v2\/types\/product"}],"wp:featuredmedia":[{"embeddable":true,"href":"https:\/\/dronelab.lv\/lv\/wp-json\/wp\/v2\/media\/1379"}],"wp:attachment":[{"href":"https:\/\/dronelab.lv\/lv\/wp-json\/wp\/v2\/media?parent=1468"}],"wp:term":[{"taxonomy":"product_brand","embeddable":true,"href":"https:\/\/dronelab.lv\/lv\/wp-json\/wp\/v2\/product_brand?post=1468"},{"taxonomy":"product_cat","embeddable":true,"href":"https:\/\/dronelab.lv\/lv\/wp-json\/wp\/v2\/product_cat?post=1468"},{"taxonomy":"product_tag","embeddable":true,"href":"https:\/\/dronelab.lv\/lv\/wp-json\/wp\/v2\/product_tag?post=1468"}],"curies":[{"name":"wp","href":"https:\/\/api.w.org\/{rel}","templated":true}]}}