{"id":1466,"date":"2025-04-11T17:00:38","date_gmt":"2025-04-11T17:00:38","guid":{"rendered":"https:\/\/dronelab.lv\/?post_type=product&#038;p=1466"},"modified":"2025-04-11T17:00:38","modified_gmt":"2025-04-11T17:00:38","slug":"water-sampling-services","status":"publish","type":"product","link":"https:\/\/dronelab.lv\/lv\/products\/udens-paraugu-nemsanas-pakalpojumi\/","title":{"rendered":"\u016adens paraugu \u0146em\u0161anas pakalpojumi"},"content":{"rendered":"<div id=\"model-response-message-contentr_fafd5e29609e5caa\" class=\"markdown markdown-main-panel\" dir=\"ltr\">\n<h2 data-sourcepos=\"1:1-1:26\">\u016adens paraugu \u0146em\u0161anas pakalpojumi<\/h2>\n<p data-sourcepos=\"3:1-3:598\"><span class=\"citation-0 recitation citation-end-0\">Izmantojiet dronu tehnolo\u0123ijas jaudu efekt\u012bvai, dro\u0161ai un prec\u012bzai \u016bdens paraugu \u0146em\u0161anai da\u017e\u0101d\u0101s \u016bdens vid\u0113s.<sup class=\"superscript\" data-turn-source-index=\"1\">1<\/sup><\/span> Izmantojot specializ\u0113tus gaisa bezpilota lidapar\u0101tus, kas apr\u012bkoti ar \u016bdens paraugu \u0146em\u0161anas meh\u0101nismiem vai speci\u0101liem bezpilota virszemes transportl\u012bdzek\u013ciem (USV), m\u0113s varam virz\u012bties uz konkr\u0113t\u0101m koordin\u0101t\u0101m ezeros, up\u0113s, rezervu\u0101ros, piekrastes zon\u0101s, r\u016bpnieciskajos d\u012b\u0137os, ats\u0101r\u0146u aizsprostos un cit\u0101s \u016bdenstilp\u0113s. M\u016bsu sist\u0113mas ir izstr\u0101d\u0101tas, lai sav\u0101ktu paraugus no virsmas vai iepriek\u0161 noteikta dzi\u013cuma, nodro\u0161inot m\u0113r\u0137tiec\u012bgu datu ieg\u016b\u0161anu laboratorijas anal\u012bzei, vienlaikus samazinot vietas trauc\u0113jumus.<\/p>\n<p data-sourcepos=\"5:1-5:38\"><strong>K\u0101p\u0113c \u016bdens paraugu \u0146em\u0161anai izmantot dronus?<\/strong><\/p>\n<p data-sourcepos=\"7:1-7:210\"><span class=\"citation-1 recitation citation-end-1\">Tradicion\u0101l\u0101 \u016bdens paraugu \u0146em\u0161ana bie\u017ei ietver apkalpes laivas, apgr\u016btin\u0101tu piek\u013cuvi krasta l\u012bnijai vai iesp\u0113jamu person\u0101la pak\u013cau\u0161anu b\u012bstamiem apst\u0101k\u013ciem.<sup class=\"superscript\" data-turn-source-index=\"2\">2<\/sup><\/span> Uz droniem balst\u012bta paraugu \u0146em\u0161ana pied\u0101v\u0101 iev\u0113rojamus uzlabojumus:<\/p>\n<ul data-sourcepos=\"9:1-14:0\">\n<li data-sourcepos=\"9:1-9:198\"><strong><span class=\"citation-2 recitation\">Uzlabota dro\u0161\u012bba:<\/span><\/strong><span class=\"citation-2 recitation citation-end-2\"> \u0145emiet paraugus no potenci\u0101li pies\u0101r\u0146otiem \u016bde\u0146iem, nestabil\u0101m krasta l\u012bnij\u0101m vai b\u012bstam\u0101m r\u016bpniec\u012bbas viet\u0101m bez tie\u0161as iedarb\u012bbas uz cilv\u0113kiem vai riskant\u0101m piek\u013cuves proced\u016br\u0101m.<sup class=\"superscript\" data-turn-source-index=\"3\">3<\/sup><\/span><\/li>\n<li data-sourcepos=\"10:1-10:203\"><strong><span class=\"citation-3 recitation\">Paaugstin\u0101ta efektivit\u0101te:<\/span><\/strong><span class=\"citation-3 recitation citation-end-3\"> \u0100tri \u0161\u0137\u0113rsojiet lielas \u016bdenstilpes un sav\u0101ciet paraugus no vair\u0101kiem nor\u0101d\u012btajiem punktiem vien\u0101 izvieto\u0161anas reiz\u0113, iev\u0113rojami samazinot lauka laiku un darbasp\u0113ka izmaksas.<sup class=\"superscript\" data-turn-source-index=\"4\">4<\/sup><\/span><\/li>\n<li data-sourcepos=\"11:1-11:204\"><strong>Izcila pieejam\u012bba:<\/strong> <span class=\"citation-4 recitation citation-end-4\">Viegli sasniedziet piekrastes vietas, att\u0101los apgabalus, seklos \u016bde\u0146us vai punktus, kas cit\u0101di nav pieejami ar tradicion\u0101liem l\u012bdzek\u013ciem, \u013caujot veikt visaptvero\u0161\u0101ku uzraudz\u012bbu.<sup class=\"superscript\" data-turn-source-index=\"5\">5<\/sup><\/span><\/li>\n<li data-sourcepos=\"12:1-12:209\"><strong>Precizit\u0101te un konsekvence:<\/strong> <span class=\"citation-5 recitation citation-end-5\">Izmantojiet prec\u012bzu GPS pozicion\u0113\u0161anu, lai nodro\u0161in\u0101tu, ka paraugi tiek sav\u0101kti no prec\u012bz\u0101m paredz\u0113taj\u0101m viet\u0101m un dzi\u013cumiem, kas ir b\u016btiski atk\u0101rtojamai uzraudz\u012bbai un tenden\u010du anal\u012bzei.<sup class=\"superscript\" data-turn-source-index=\"6\">6<\/sup><\/span><\/li>\n<li data-sourcepos=\"13:1-14:0\"><strong><span class=\"citation-6 recitation\">Samazin\u0101ts lo\u0123istikas slogs:<\/span><\/strong><span class=\"citation-6 recitation citation-end-6\"> Samaziniet vajadz\u012bbu p\u0113c d\u0101rgas laivu nomas, liel\u0101m lauka komand\u0101m un sare\u017e\u0123\u012btas izvieto\u0161anas lo\u0123istikas, racionaliz\u0113jot visu paraugu \u0146em\u0161anas procesu.<sup class=\"superscript\" data-turn-source-index=\"7\">7<\/sup><\/span><\/li>\n<\/ul>\n<p data-sourcepos=\"15:1-15:70\"><strong>B\u016btiski efekt\u012bvai \u016bdens kvalit\u0101tes uzraudz\u012bbai un nov\u0113rt\u0113\u0161anai:<\/strong><\/p>\n<ul data-sourcepos=\"17:1-19:0\">\n<li data-sourcepos=\"17:1-17:585\"><strong>Vides konsultantiem, r\u016bpniecisk\u0101m iek\u0101rt\u0101m un lauksaimniec\u012bbas darb\u012bb\u0101m:<\/strong> Vai piepras\u012bt uzticamus \u016bdens kvalit\u0101tes datus, lai nodro\u0161in\u0101tu atbilst\u012bbu normat\u012bvajiem aktiem, darb\u012bbas procesa kontroli, ietekmes uz vidi nov\u0113rt\u0113jumiem vai vietas izp\u0113tei? <span class=\"citation-7 recitation citation-end-7\">\u016adens paraugu \u0146em\u0161ana ar dronu nodro\u0161ina dro\u0161u, izmaksu zi\u0146\u0101 efekt\u012bvu un \u0101tru metodi, lai uzraudz\u012btu izpl\u016bdes punktus, uztvero\u0161os \u016bde\u0146us, dzes\u0113\u0161anas d\u012b\u0137us, ap\u016bde\u0146o\u0161anas avotus vai izmekl\u0113tu iesp\u0113jam\u0101s pies\u0101r\u0146ojuma vietas.<sup class=\"superscript\" data-turn-source-index=\"8\">8<\/sup><\/span> Optimiz\u0113jiet savas uzraudz\u012bbas programmas, \u0101tri rea\u0123\u0113jiet uz vides probl\u0113m\u0101m un ieg\u016bstiet prec\u012bzus paraugus ar liel\u0101ku efektivit\u0101ti.<\/li>\n<li data-sourcepos=\"18:1-19:0\"><strong>Vald\u012bbas vides a\u0123ent\u016br\u0101m, \u016bdenssaimniec\u012bbas iest\u0101d\u0113m un p\u0113tniec\u012bbas organiz\u0101cij\u0101m:<\/strong> Vai esat uzdevis regul\u0101ri uzraudz\u012bt \u016bdens resursus, izsekot pies\u0101r\u0146ojuma notikumiem, p\u0113t\u012bt kait\u012bgo a\u013c\u0123u zied\u0113\u0161anu vai veikt zin\u0101tniskus p\u0113t\u012bjumus? Dronu tehnolo\u0123ija iev\u0113rojami uzlabo j\u016bsu iesp\u0113jas, nodro\u0161inot dro\u0161\u0101kas, \u0101tr\u0101kas un telpiski reprezentat\u012bv\u0101kas paraugu \u0146em\u0161anas kampa\u0146as. <span class=\"citation-8 recitation citation-end-8\">Uzlabojiet uzraudz\u012bbas t\u012bklu efektivit\u0101ti, nodro\u0161iniet person\u0101la dro\u0161\u012bbu, piek\u013c\u016bstiet kritiskajiem paraugu \u0146em\u0161anas punktiem, kas iepriek\u0161 nebija pieejami, un apkopojiet augstas kvalit\u0101tes datus, lai atbalst\u012btu stabilu vides p\u0101rvald\u012bbu, sabiedr\u012bbas vesel\u012bbas aizsardz\u012bbu un zin\u0101tniskus atkl\u0101jumus.<sup class=\"superscript\" data-turn-source-index=\"9\">9<\/sup><\/span><\/li>\n<\/ul>\n<p data-sourcepos=\"20:1-20:18\">\n<div class=\"wpcf7 no-js\" id=\"wpcf7-f84-o1\" lang=\"en-US\" dir=\"ltr\" data-wpcf7-id=\"84\">\n<div class=\"screen-reader-response\"><p role=\"status\" aria-live=\"polite\" aria-atomic=\"true\"><\/p> <ul><\/ul><\/div>\n<form action=\"\/lv\/wp-json\/wp\/v2\/product\/1466#wpcf7-f84-o1\" method=\"post\" class=\"wpcf7-form init\" aria-label=\"Kontaktforma\" novalidate=\"novalidate\" data-status=\"init\" data-trp-original-action=\"\/lv\/wp-json\/wp\/v2\/product\/1466#wpcf7-f84-o1\">\n<div style=\"display: none;\">\n<input type=\"hidden\" name=\"_wpcf7\" value=\"84\" \/>\n<input type=\"hidden\" name=\"_wpcf7_version\" value=\"6.0.6\" \/>\n<input type=\"hidden\" name=\"_wpcf7_locale\" value=\"en_US\" \/>\n<input type=\"hidden\" name=\"_wpcf7_unit_tag\" value=\"wpcf7-f84-o1\" \/>\n<input type=\"hidden\" name=\"_wpcf7_container_post\" value=\"0\" \/>\n<input type=\"hidden\" name=\"_wpcf7_posted_data_hash\" value=\"\" \/>\n<input type=\"hidden\" name=\"_wpcf7_recaptcha_response\" value=\"\" \/>\n<\/div>\n<p><label> J\u016bsu v\u0101rds (oblig\u0101ti)<br \/>\n<span class=\"wpcf7-form-control-wrap\" data-name=\"your-name\"><input size=\"40\" maxlength=\"400\" class=\"wpcf7-form-control wpcf7-text wpcf7-validates-as-required\" aria-required=\"true\" aria-invalid=\"false\" value=\"\" type=\"text\" name=\"your-name\" \/><\/span> <\/label>\n<\/p>\n<p><label> J\u016bsu e-pasts (oblig\u0101ti)<br \/>\n<span class=\"wpcf7-form-control-wrap\" data-name=\"your-email\"><input size=\"40\" maxlength=\"400\" class=\"wpcf7-form-control wpcf7-email wpcf7-validates-as-required wpcf7-text wpcf7-validates-as-email\" aria-required=\"true\" aria-invalid=\"false\" value=\"\" type=\"email\" name=\"your-email\" \/><\/span> <\/label>\n<\/p>\n<p><label> J\u016bsu t\u0101lrunis<br \/>\n<span class=\"wpcf7-form-control-wrap\" data-name=\"tel-199\"><input size=\"40\" maxlength=\"12\" minlength=\"8\" class=\"wpcf7-form-control wpcf7-tel wpcf7-validates-as-required wpcf7-text wpcf7-validates-as-tel\" aria-required=\"true\" aria-invalid=\"false\" value=\"\" type=\"tel\" name=\"tel-199\" \/><\/span> <\/label>\n<\/p>\n<p><label> Priek\u0161mets<br \/>\n<span class=\"wpcf7-form-control-wrap\" data-name=\"your-subject\"><input size=\"40\" maxlength=\"400\" class=\"wpcf7-form-control wpcf7-text\" aria-invalid=\"false\" value=\"\" type=\"text\" name=\"your-subject\" \/><\/span> <\/label>\n<\/p>\n<p><label> J\u016bsu Zi\u0146a<br \/>\n<span class=\"wpcf7-form-control-wrap\" data-name=\"your-message\"><textarea cols=\"40\" rows=\"10\" maxlength=\"2000\" class=\"wpcf7-form-control wpcf7-textarea\" aria-invalid=\"false\" name=\"your-message\"><\/textarea><\/span> <\/label>\n<\/p>\n\n<p><input class=\"wpcf7-form-control wpcf7-submit has-spinner\" type=\"submit\" value=\"S\u016bt\u012bt\" \/>\n<\/p><div class=\"wpcf7-response-output\" aria-hidden=\"true\"><\/div>\n<input type=\"hidden\" name=\"trp-form-language\" value=\"lv\"\/><\/form>\n<\/div>\n<\/p>\n<\/div>","protected":false},"excerpt":{"rendered":"<p>\u016adens paraugu \u0146em\u0161anas pakalpojumi Izmantojiet dronu tehnolo\u0123iju jaudu efekt\u012bvai, dro\u0161ai un prec\u012bzai \u016bdens paraugu \u0146em\u0161anai pla\u0161\u0101 [\u2026]<\/p>","protected":false},"featured_media":1097,"template":"","meta":[],"product_brand":[57],"product_cat":[54],"product_tag":[],"class_list":{"0":"post-1466","1":"product","2":"type-product","3":"status-publish","4":"has-post-thumbnail","6":"product_brand-dronelab-engineering","7":"product_cat-services","9":"first","10":"instock","11":"shipping-taxable","12":"product-type-simple"},"_links":{"self":[{"href":"https:\/\/dronelab.lv\/lv\/wp-json\/wp\/v2\/product\/1466","targetHints":{"allow":["GET"]}}],"collection":[{"href":"https:\/\/dronelab.lv\/lv\/wp-json\/wp\/v2\/product"}],"about":[{"href":"https:\/\/dronelab.lv\/lv\/wp-json\/wp\/v2\/types\/product"}],"wp:featuredmedia":[{"embeddable":true,"href":"https:\/\/dronelab.lv\/lv\/wp-json\/wp\/v2\/media\/1097"}],"wp:attachment":[{"href":"https:\/\/dronelab.lv\/lv\/wp-json\/wp\/v2\/media?parent=1466"}],"wp:term":[{"taxonomy":"product_brand","embeddable":true,"href":"https:\/\/dronelab.lv\/lv\/wp-json\/wp\/v2\/product_brand?post=1466"},{"taxonomy":"product_cat","embeddable":true,"href":"https:\/\/dronelab.lv\/lv\/wp-json\/wp\/v2\/product_cat?post=1466"},{"taxonomy":"product_tag","embeddable":true,"href":"https:\/\/dronelab.lv\/lv\/wp-json\/wp\/v2\/product_tag?post=1466"}],"curies":[{"name":"wp","href":"https:\/\/api.w.org\/{rel}","templated":true}]}}