{"id":1465,"date":"2025-04-11T16:58:57","date_gmt":"2025-04-11T16:58:57","guid":{"rendered":"https:\/\/dronelab.lv\/?post_type=product&#038;p=1465"},"modified":"2025-04-11T16:58:57","modified_gmt":"2025-04-11T16:58:57","slug":"tunnel-inspection-services","status":"publish","type":"product","link":"https:\/\/dronelab.lv\/lv\/products\/tunelu-parbaudes-pakalpojumi\/","title":{"rendered":"Tune\u013cu p\u0101rbaudes pakalpojumi"},"content":{"rendered":"<div id=\"model-response-message-contentr_bb4895a6a5831c4b\" class=\"markdown markdown-main-panel\" dir=\"ltr\">\n<h2 data-sourcepos=\"1:1-1:29\">Tune\u013cu p\u0101rbaudes pakalpojumi<\/h2>\n<p data-sourcepos=\"3:1-3:757\">Nodro\u0161iniet svar\u012bgas tune\u013ca infrastrukt\u016bras struktur\u0101lo integrit\u0101ti un dro\u0161\u012bbu, izmantojot m\u016bsu specializ\u0113tos robotiz\u0113t\u0101s p\u0101rbaudes pakalpojumus. Izmantojot progres\u012bvas tehnolo\u0123ijas, piem\u0113ram, pret sadursm\u0113m iztur\u012bgus lidojo\u0161us bezpilota lidapar\u0101tus, robotiz\u0113tus r\u0101pu\u013cprogrammas vai specializ\u0113tus transportl\u012bdzek\u013cus, m\u0113s p\u0101rvietojamies pa sare\u017e\u0123\u012bt\u0101m tune\u013cu vid\u0113m (ce\u013ciem, dzelzce\u013ciem, komun\u0101lajiem pakalpojumiem, g\u0101j\u0113jiem, kalnr\u016bpniec\u012bb\u0101), lai veiktu detaliz\u0113tu st\u0101vok\u013ca nov\u0113rt\u0113jumu. M\u016bsu platformas, kas apr\u012bkotas ar augstas iz\u0161\u0137irtsp\u0113jas kamer\u0101m, jaud\u012bg\u0101m integr\u0113t\u0101m apgaismojuma sist\u0113m\u0101m, termouz\u0146\u0113m\u0113jiem un potenci\u0101li 3D LiDAR vai l\u0101zera skeneriem, tver visaptvero\u0161us datus par tune\u013cu ap\u0161uvumiem, sien\u0101m un griestiem. Tas \u013cauj prec\u012bzi identific\u0113t un kart\u0113t defektus, piem\u0113ram, plaisas, plais\u0101\u0161anu, \u016bdens infiltr\u0101ciju, deform\u0101ciju, loc\u012btavu boj\u0101jumus un citas struktur\u0101las probl\u0113mas.<\/p>\n<p data-sourcepos=\"5:1-5:54\"><strong>K\u0101p\u0113c tune\u013cu p\u0101rbaud\u0113m izv\u0113l\u0113ties robotu sist\u0113mas?<\/strong><\/p>\n<p data-sourcepos=\"7:1-7:198\">Tradicion\u0101l\u0101s tune\u013cu p\u0101rbaudes metodes bie\u017ei ir saist\u012btas ar iev\u0113rojamu dro\u0161\u012bbas risku, d\u0101rgiem satiksmes vai pakalpojumu trauc\u0113jumiem un darbietilp\u012bgiem procesiem. M\u016bsu robotiz\u0113t\u0101 pieeja pied\u0101v\u0101 p\u0101rliecino\u0161as priek\u0161roc\u012bbas:<\/p>\n<ul data-sourcepos=\"9:1-14:0\">\n<li data-sourcepos=\"9:1-9:169\"><strong>Uzlabota dro\u0161\u012bba:<\/strong> Nov\u0113r\u0161 cilv\u0113ku iek\u013c\u016b\u0161anu potenci\u0101li b\u012bstam\u0101s sl\u0113gt\u0101s telp\u0101s un no\u0146em person\u0101lu no dz\u012bv\u0101s satiksmes vai dzelzce\u013ca l\u012bniju tuvum\u0101.<\/li>\n<li data-sourcepos=\"10:1-10:209\"><strong>Izcila efektivit\u0101te:<\/strong> Veiciet r\u016bp\u012bgas p\u0101rbaudes daudz \u0101tr\u0101k nek\u0101 manu\u0101li vai izmantojot lielas piek\u013cuves iek\u0101rtas (piem\u0113ram, izlices pac\u0113l\u0101jus), iev\u0113rojami samazinot tune\u013ca sl\u0113g\u0161anas laiku un ar to saist\u012btos trauc\u0113jumus.<\/li>\n<li data-sourcepos=\"11:1-11:196\"><strong>Izmaksu optimiz\u0101cija:<\/strong> Samaziniet kop\u0113j\u0101s p\u0101rbaudes izmaksas, samazinot darbasp\u0113ka pras\u012bbas, samazinot kritisk\u0101s infrastrukt\u016bras d\u012bkst\u0101ves laiku un nodro\u0161inot m\u0113r\u0137tiec\u012bgu, uz apst\u0101k\u013ciem balst\u012btu apkopes pl\u0101no\u0161anu.<\/li>\n<li data-sourcepos=\"12:1-12:248\"><strong>Bag\u0101t\u012bgi, praktiski izmantojami dati:<\/strong> Uz\u0146emiet visaptvero\u0161us, augstas iz\u0161\u0137irtsp\u0113jas vizu\u0101los datus un prec\u012bzus 3D m\u0113r\u012bjumus (ar LiDAR\/l\u0101zera opcij\u0101m), kas aptver visu tune\u013ca virsmu, nodro\u0161inot objekt\u012bvus, detaliz\u0113tus ierakstus in\u017eeniertehniskajai anal\u012bzei un zi\u0146o\u0161anai.<\/li>\n<li data-sourcepos=\"13:1-14:0\"><strong>Pilns segums:<\/strong> Viegli piek\u013c\u016bt un p\u0101rbaud\u012bt augstos griestus, ventil\u0101cijas \u0161ahtas un citas gr\u016bti sasniedzamas vietas, nodro\u0161inot konsekventu un r\u016bp\u012bgu nov\u0113rt\u0113jumu.<\/li>\n<\/ul>\n<p data-sourcepos=\"15:1-15:54\"><strong>Tune\u013ca dro\u0161\u012bbai un akt\u012bvu p\u0101rvald\u012bbai \u013coti svar\u012bgi:<\/strong><\/p>\n<ul data-sourcepos=\"17:1-19:0\">\n<li data-sourcepos=\"17:1-17:568\"><strong>Tune\u013cu operatoriem, celtniec\u012bbas uz\u0146\u0113mumiem un komun\u0101lo pakalpojumu sniedz\u0113jiem:<\/strong> Tune\u013ca l\u012bdzek\u013cu dro\u0161\u012bbas un darb\u012bbas uzticam\u012bbas uztur\u0113\u0161ana nav apsprie\u017eama. M\u016bsu robotiz\u0113t\u0101s p\u0101rbaudes pakalpojumi nodro\u0161ina dro\u0161u, \u0101tru un detaliz\u0113tu metodi ikdienas st\u0101vok\u013ca uzraudz\u012bbai, apsekojumiem p\u0113c b\u016bvniec\u012bbas nodo\u0161anas, konkr\u0113tu remonta probl\u0113mu identific\u0113\u0161anai un dro\u0161\u012bbas standartu iev\u0113ro\u0161anas nodro\u0161in\u0101\u0161anai. Agri atkl\u0101jiet iesp\u0113jam\u0101s probl\u0113mas, efekt\u012bvi pl\u0101nojiet apkopi, samaziniet darb\u012bbas riskus un p\u0101rvaldiet savu pazemes infrastrukt\u016bru ar p\u0101rliec\u012bbu, pamatojoties uz prec\u012bziem datiem.<\/li>\n<li data-sourcepos=\"18:1-19:0\"><strong>Valsts transporta iest\u0101d\u0113m un sabiedrisko darbu a\u0123ent\u016br\u0101m:<\/strong> Vai esat atbild\u012bgs par svar\u012bgu publisko ce\u013cu, dzelzce\u013ca vai g\u0101j\u0113ju tune\u013cu ilgtermi\u0146a dro\u0161\u012bbu un uztur\u0113\u0161anu? Robotisk\u0101 p\u0101rbaude pied\u0101v\u0101 m\u016bsdien\u012bgu, efekt\u012bvu pieeju kritisk\u0101s infrastrukt\u016bras p\u0101rvald\u012bbai. Ieg\u016bstiet detaliz\u0113tus st\u0101vok\u013ca nov\u0113rt\u0113jumus ar minim\u0101lu ietekmi uz satiksmes pl\u016bsmu vai pakalpojumiem. Optimiz\u0113jiet uztur\u0113\u0161anas bud\u017eetus, prec\u012bzi nosakot remontdarbus un pie\u0161\u0137irot to priorit\u0101ti, nodro\u0161iniet sabiedr\u012bbas dro\u0161\u012bbu, veicot regul\u0101ras struktur\u0101l\u0101s vesel\u012bbas p\u0101rbaudes, pagariniet v\u0113rt\u012bgo akt\u012bvu kalpo\u0161anas laiku un izveidojiet prec\u012bzus digit\u0101los ierakstus efekt\u012bvai ilgtermi\u0146a pl\u0101no\u0161anai un l\u012bdzek\u013cu p\u0101rvald\u012bbas strat\u0113\u0123ij\u0101m.<\/li>\n<\/ul>\n<p data-sourcepos=\"20:1-20:18\">\n<div class=\"wpcf7 no-js\" id=\"wpcf7-f84-o1\" lang=\"en-US\" dir=\"ltr\" data-wpcf7-id=\"84\">\n<div class=\"screen-reader-response\"><p role=\"status\" aria-live=\"polite\" aria-atomic=\"true\"><\/p> <ul><\/ul><\/div>\n<form action=\"\/lv\/wp-json\/wp\/v2\/product\/1465#wpcf7-f84-o1\" method=\"post\" class=\"wpcf7-form init\" aria-label=\"Kontaktforma\" novalidate=\"novalidate\" data-status=\"init\" data-trp-original-action=\"\/lv\/wp-json\/wp\/v2\/product\/1465#wpcf7-f84-o1\">\n<div style=\"display: none;\">\n<input type=\"hidden\" name=\"_wpcf7\" value=\"84\" \/>\n<input type=\"hidden\" name=\"_wpcf7_version\" value=\"6.0.6\" \/>\n<input type=\"hidden\" name=\"_wpcf7_locale\" value=\"en_US\" \/>\n<input type=\"hidden\" name=\"_wpcf7_unit_tag\" value=\"wpcf7-f84-o1\" \/>\n<input type=\"hidden\" name=\"_wpcf7_container_post\" value=\"0\" \/>\n<input type=\"hidden\" name=\"_wpcf7_posted_data_hash\" value=\"\" \/>\n<input type=\"hidden\" name=\"_wpcf7_recaptcha_response\" value=\"\" \/>\n<\/div>\n<p><label> J\u016bsu v\u0101rds (oblig\u0101ti)<br \/>\n<span class=\"wpcf7-form-control-wrap\" data-name=\"your-name\"><input size=\"40\" maxlength=\"400\" class=\"wpcf7-form-control wpcf7-text wpcf7-validates-as-required\" aria-required=\"true\" aria-invalid=\"false\" value=\"\" type=\"text\" name=\"your-name\" \/><\/span> <\/label>\n<\/p>\n<p><label> J\u016bsu e-pasts (oblig\u0101ti)<br \/>\n<span class=\"wpcf7-form-control-wrap\" data-name=\"your-email\"><input size=\"40\" maxlength=\"400\" class=\"wpcf7-form-control wpcf7-email wpcf7-validates-as-required wpcf7-text wpcf7-validates-as-email\" aria-required=\"true\" aria-invalid=\"false\" value=\"\" type=\"email\" name=\"your-email\" \/><\/span> <\/label>\n<\/p>\n<p><label> J\u016bsu t\u0101lrunis<br \/>\n<span class=\"wpcf7-form-control-wrap\" data-name=\"tel-199\"><input size=\"40\" maxlength=\"12\" minlength=\"8\" class=\"wpcf7-form-control wpcf7-tel wpcf7-validates-as-required wpcf7-text wpcf7-validates-as-tel\" aria-required=\"true\" aria-invalid=\"false\" value=\"\" type=\"tel\" name=\"tel-199\" \/><\/span> <\/label>\n<\/p>\n<p><label> Priek\u0161mets<br \/>\n<span class=\"wpcf7-form-control-wrap\" data-name=\"your-subject\"><input size=\"40\" maxlength=\"400\" class=\"wpcf7-form-control wpcf7-text\" aria-invalid=\"false\" value=\"\" type=\"text\" name=\"your-subject\" \/><\/span> <\/label>\n<\/p>\n<p><label> J\u016bsu Zi\u0146a<br \/>\n<span class=\"wpcf7-form-control-wrap\" data-name=\"your-message\"><textarea cols=\"40\" rows=\"10\" maxlength=\"2000\" class=\"wpcf7-form-control wpcf7-textarea\" aria-invalid=\"false\" name=\"your-message\"><\/textarea><\/span> <\/label>\n<\/p>\n\n<p><input class=\"wpcf7-form-control wpcf7-submit has-spinner\" type=\"submit\" value=\"S\u016bt\u012bt\" \/>\n<\/p><div class=\"wpcf7-response-output\" aria-hidden=\"true\"><\/div>\n<input type=\"hidden\" name=\"trp-form-language\" value=\"lv\"\/><\/form>\n<\/div>\n<\/p>\n<\/div>","protected":false},"excerpt":{"rendered":"<p>Tune\u013cu p\u0101rbaudes pakalpojumi Nodro\u0161iniet svar\u012bgas tune\u013ca infrastrukt\u016bras struktur\u0101lo integrit\u0101ti un dro\u0161\u012bbu, izmantojot m\u016bsu specializ\u0113tos robotiz\u0113t\u0101s p\u0101rbaudes pakalpojumus. Izmantojot progres\u012bvas tehnolo\u0123ijas [\u2026]<\/p>","protected":false},"featured_media":988,"template":"","meta":[],"product_brand":[57],"product_cat":[54],"product_tag":[],"class_list":{"0":"post-1465","1":"product","2":"type-product","3":"status-publish","4":"has-post-thumbnail","6":"product_brand-dronelab-engineering","7":"product_cat-services","9":"first","10":"instock","11":"shipping-taxable","12":"product-type-simple"},"_links":{"self":[{"href":"https:\/\/dronelab.lv\/lv\/wp-json\/wp\/v2\/product\/1465","targetHints":{"allow":["GET"]}}],"collection":[{"href":"https:\/\/dronelab.lv\/lv\/wp-json\/wp\/v2\/product"}],"about":[{"href":"https:\/\/dronelab.lv\/lv\/wp-json\/wp\/v2\/types\/product"}],"wp:featuredmedia":[{"embeddable":true,"href":"https:\/\/dronelab.lv\/lv\/wp-json\/wp\/v2\/media\/988"}],"wp:attachment":[{"href":"https:\/\/dronelab.lv\/lv\/wp-json\/wp\/v2\/media?parent=1465"}],"wp:term":[{"taxonomy":"product_brand","embeddable":true,"href":"https:\/\/dronelab.lv\/lv\/wp-json\/wp\/v2\/product_brand?post=1465"},{"taxonomy":"product_cat","embeddable":true,"href":"https:\/\/dronelab.lv\/lv\/wp-json\/wp\/v2\/product_cat?post=1465"},{"taxonomy":"product_tag","embeddable":true,"href":"https:\/\/dronelab.lv\/lv\/wp-json\/wp\/v2\/product_tag?post=1465"}],"curies":[{"name":"wp","href":"https:\/\/api.w.org\/{rel}","templated":true}]}}