{"id":1464,"date":"2025-04-11T16:56:49","date_gmt":"2025-04-11T16:56:49","guid":{"rendered":"https:\/\/dronelab.lv\/?post_type=product&#038;p=1464"},"modified":"2025-04-11T16:56:49","modified_gmt":"2025-04-11T16:56:49","slug":"ship-boat-inspection-services","status":"publish","type":"product","link":"https:\/\/dronelab.lv\/lv\/products\/kugu-laivu-parbaudes-pakalpojumi\/","title":{"rendered":"Ku\u0123u\/laivu p\u0101rbaudes pakalpojumi"},"content":{"rendered":"<div id=\"model-response-message-contentr_31e53c9ac02df6bb\" class=\"markdown markdown-main-panel\" dir=\"ltr\">\n<h2 data-sourcepos=\"1:1-1:32\">Ku\u0123u\/laivu p\u0101rbaudes pakalpojumi<\/h2>\n<p data-sourcepos=\"3:1-3:740\">G\u016bstiet visaptvero\u0161u ieskatu par j\u016bras ku\u0123u st\u0101vokli gan virs, gan zem \u016bdensl\u012bnijas, izmantojot m\u016bsu uzlabotos dronu p\u0101rbaudes risin\u0101jumus. M\u0113s izmantojam div\u0113j\u0101du pieeju: gaisa droni, kas apr\u012bkoti ar augstas iz\u0161\u0137irtsp\u0113jas vizu\u0101laj\u0101m, t\u0101lummai\u0146as un termokamer\u0101m, veic detaliz\u0113tas korpusa (virs \u016bdensl\u012bnijas), virsb\u016bves, kl\u0101ja apr\u012bkojuma, mastu, celt\u0146u un iek\u0161\u0113jo zonu, piem\u0113ram, kravas tilp\u0146u, p\u0101rbaudes. Vienlaikus specializ\u0113tie zem\u016bdens t\u0101lvad\u012bbas transportl\u012bdzek\u013ci (ROV), kas apr\u012bkoti ar augstas iz\u0161\u0137irtsp\u0113jas kamer\u0101m, jaud\u012bgu apgaismojumu un, iesp\u0113jams, citiem sensoriem, r\u016bp\u012bgi p\u0101rbauda korpusu zem \u016bdensl\u012bnijas, dzenskr\u016bves, st\u016bres, dzinek\u013cus, j\u016bras l\u0101des un visp\u0101r\u0113jo konstrukcijas viengabalain\u012bbu, bie\u017ei vien nov\u0113r\u0161ot t\u016bl\u012bt\u0113ju vajadz\u012bbu p\u0113c saus\u0101s dokstacijas.<\/p>\n<p data-sourcepos=\"5:1-5:46\"><strong>K\u0101p\u0113c izmantot dronus ku\u0123u p\u0101rbaud\u0113m?<\/strong><\/p>\n<p data-sourcepos=\"7:1-7:236\">Tradicion\u0101l\u0101s ku\u0123u p\u0101rbaudes metodes var ietvert iev\u0113rojamus dro\u0161\u012bbas riskus (darbs augstum\u0101, nir\u0161ana), augstas izmaksas (saus\u0101 doks, piek\u013cuves apr\u012bkojums, nir\u0161anas komandas) un pagarin\u0101tu ku\u0123a d\u012bkst\u0101ves laiku. Dronu tehnolo\u0123ija pied\u0101v\u0101 p\u0101rliecino\u0161as priek\u0161roc\u012bbas:<\/p>\n<ul data-sourcepos=\"9:1-14:0\">\n<li data-sourcepos=\"9:1-9:224\"><strong>Nep\u0101rsp\u0113jama dro\u0161\u012bba:<\/strong> Krasi samazina riskus, samazinot vai nov\u0113r\u0161ot vajadz\u012bbu person\u0101lam veikt t\u0101dus b\u012bstamus uzdevumus k\u0101 k\u0101p\u0161ana mastos, darbs p\u0101ri s\u0101niem vai nir\u0161ana potenci\u0101li sare\u017e\u0123\u012btos apst\u0101k\u013cos.<\/li>\n<li data-sourcepos=\"10:1-10:176\"><strong>\u0100tras un efekt\u012bvas aptaujas:<\/strong> Pabeidziet r\u016bp\u012bgas vizu\u0101l\u0101s p\u0101rbaudes iev\u0113rojami \u0101tr\u0101k nek\u0101 tradicion\u0101l\u0101s manu\u0101l\u0101s metodes, samazinot ku\u0123a neaktivit\u0101ti un ar to saist\u012bt\u0101s izmaksas.<\/li>\n<li data-sourcepos=\"11:1-11:250\"><strong>Iev\u0113rojams izmaksu ietaup\u012bjums:<\/strong> Izvairieties no d\u0101rgas saus\u0101s dokstacijas vai atlieciet to daudz\u0101m k\u0101rt\u0113j\u0101m korpusa p\u0101rbaud\u0113m; samazin\u0101t izmaksas, kas saist\u012btas ar sastatn\u0113m, celt\u0146iem vai pla\u0161\u0101m nir\u0161anas darb\u012bb\u0101m. Veicina atbilst\u012bbu In-Water Survey (IWS) pras\u012bb\u0101m.<\/li>\n<li data-sourcepos=\"12:1-12:167\"><strong>Piln\u012bga pieejam\u012bba:<\/strong> \u0112rti p\u0101rbaudiet gr\u016bti sasniedzam\u0101s vietas uz sare\u017e\u0123\u012bt\u0101m ku\u0123u konstrukcij\u0101m, nodro\u0161inot visaptvero\u0161\u0101ku nov\u0113rt\u0113jumu gan \u0101r\u0113ji, gan iek\u0161\u0113ji.<\/li>\n<li data-sourcepos=\"13:1-14:0\"><strong>Objekt\u012bvi, augstas kvalit\u0101tes dati:<\/strong> Uz\u0146emiet detaliz\u0113tus, augstas iz\u0161\u0137irtsp\u0113jas att\u0113lus un videomateri\u0101lus, nodro\u0161inot skaidrus, koplietojamus un past\u0101v\u012bgus ierakstus st\u0101vok\u013ca nov\u0113rt\u0113\u0161anai, klases pras\u012bb\u0101m, apkopes pl\u0101no\u0161anai un apdro\u0161in\u0101\u0161anas nol\u016bkiem.<\/li>\n<\/ul>\n<p data-sourcepos=\"15:1-15:61\"><strong>B\u016btiski m\u016bsdienu j\u016bras oper\u0101cij\u0101m un uzraudz\u012bbai:<\/strong><\/p>\n<ul data-sourcepos=\"17:1-19:0\">\n<li data-sourcepos=\"17:1-17:624\"><strong>Ku\u0123u \u012bpa\u0161niekiem, vad\u012bt\u0101jiem, operatoriem, klasific\u0113\u0161anas sabiedr\u012bb\u0101m un apdro\u0161in\u0101t\u0101jiem:<\/strong> Nepiecie\u0161ami efekt\u012bvi, rentabli risin\u0101jumi klases apsekojumiem, st\u0101vok\u013ca uzraudz\u012bbai, nov\u0113rt\u0113jumiem pirms pirkuma vai boj\u0101jumu p\u0101rbaudei? M\u016bsu bezpilota lidapar\u0101tu p\u0101rbaudes pakalpojumi nodro\u0161ina detaliz\u0113tus vizu\u0101los datus, kas nepiecie\u0161ami \u016bdens apsekojumiem, korpusa integrit\u0101tes p\u0101rbaud\u0113m (boj\u0101jumu, korozijas vai biopies\u0101r\u0146ojuma identific\u0113\u0161anai), kravas tilpnes t\u012br\u012bbas p\u0101rbaudei, kr\u0101sas st\u0101vok\u013ca nov\u0113rt\u0113\u0161anai un saus\u0101 doka specifik\u0101ciju un apkopes strat\u0113\u0123iju optimiz\u0113\u0161anai. Nodro\u0161iniet ku\u0123a ku\u0123o\u0161anas sp\u0113ju, iev\u0113rojiet normat\u012bv\u0101s pras\u012bbas un efekt\u012bvi p\u0101rvaldiet akt\u012bvus, vienlaikus samazinot d\u012bkst\u0101ves laiku.<\/li>\n<li data-sourcepos=\"18:1-19:0\"><strong>Ostas p\u0101rvald\u0113m, j\u016bras dro\u0161\u012bbas a\u0123ent\u016br\u0101m, krasta apsardzei un j\u016bras sp\u0113kiem:<\/strong> Vai piepras\u012bt \u0101tras un dro\u0161as metodes ku\u0123u dro\u0161\u012bbas p\u0101rbaud\u0113m, dro\u0161\u012bbas p\u0101rbaud\u0113m, atbilst\u012bbas p\u0101rbaudei vai akt\u012bvu st\u0101vok\u013ca uzraudz\u012bbai? Droni pied\u0101v\u0101 jaud\u012bgu r\u012bku efekt\u012bvai ku\u0123u vizu\u0101lai apskatei ostas robe\u017e\u0101s, korpusa dro\u0161\u012bbas sken\u0113\u0161anai, boj\u0101jumu \u0101trai nov\u0113rt\u0113\u0161anai p\u0113c incidentiem un patru\u013cku\u0123u vai dienesta ku\u0123u darb\u012bbas gatav\u012bbas uztur\u0113\u0161anai. Uzlabojiet ku\u0123o\u0161anas dro\u0161\u012bbu, dro\u0161\u012bbu un darb\u012bbas efektivit\u0101ti.<\/li>\n<\/ul>\n<p data-sourcepos=\"20:1-20:18\">\n<div class=\"wpcf7 no-js\" id=\"wpcf7-f84-o1\" lang=\"en-US\" dir=\"ltr\" data-wpcf7-id=\"84\">\n<div class=\"screen-reader-response\"><p role=\"status\" aria-live=\"polite\" aria-atomic=\"true\"><\/p> <ul><\/ul><\/div>\n<form action=\"\/lv\/wp-json\/wp\/v2\/product\/1464#wpcf7-f84-o1\" method=\"post\" class=\"wpcf7-form init\" aria-label=\"Kontaktforma\" novalidate=\"novalidate\" data-status=\"init\" data-trp-original-action=\"\/lv\/wp-json\/wp\/v2\/product\/1464#wpcf7-f84-o1\">\n<div style=\"display: none;\">\n<input type=\"hidden\" name=\"_wpcf7\" value=\"84\" \/>\n<input type=\"hidden\" name=\"_wpcf7_version\" value=\"6.0.6\" \/>\n<input type=\"hidden\" name=\"_wpcf7_locale\" value=\"en_US\" \/>\n<input type=\"hidden\" name=\"_wpcf7_unit_tag\" value=\"wpcf7-f84-o1\" \/>\n<input type=\"hidden\" name=\"_wpcf7_container_post\" value=\"0\" \/>\n<input type=\"hidden\" name=\"_wpcf7_posted_data_hash\" value=\"\" \/>\n<input type=\"hidden\" name=\"_wpcf7_recaptcha_response\" value=\"\" \/>\n<\/div>\n<p><label> J\u016bsu v\u0101rds (oblig\u0101ti)<br \/>\n<span class=\"wpcf7-form-control-wrap\" data-name=\"your-name\"><input size=\"40\" maxlength=\"400\" class=\"wpcf7-form-control wpcf7-text wpcf7-validates-as-required\" aria-required=\"true\" aria-invalid=\"false\" value=\"\" type=\"text\" name=\"your-name\" \/><\/span> <\/label>\n<\/p>\n<p><label> J\u016bsu e-pasts (oblig\u0101ti)<br \/>\n<span class=\"wpcf7-form-control-wrap\" data-name=\"your-email\"><input size=\"40\" maxlength=\"400\" class=\"wpcf7-form-control wpcf7-email wpcf7-validates-as-required wpcf7-text wpcf7-validates-as-email\" aria-required=\"true\" aria-invalid=\"false\" value=\"\" type=\"email\" name=\"your-email\" \/><\/span> <\/label>\n<\/p>\n<p><label> J\u016bsu t\u0101lrunis<br \/>\n<span class=\"wpcf7-form-control-wrap\" data-name=\"tel-199\"><input size=\"40\" maxlength=\"12\" minlength=\"8\" class=\"wpcf7-form-control wpcf7-tel wpcf7-validates-as-required wpcf7-text wpcf7-validates-as-tel\" aria-required=\"true\" aria-invalid=\"false\" value=\"\" type=\"tel\" name=\"tel-199\" \/><\/span> <\/label>\n<\/p>\n<p><label> Priek\u0161mets<br \/>\n<span class=\"wpcf7-form-control-wrap\" data-name=\"your-subject\"><input size=\"40\" maxlength=\"400\" class=\"wpcf7-form-control wpcf7-text\" aria-invalid=\"false\" value=\"\" type=\"text\" name=\"your-subject\" \/><\/span> <\/label>\n<\/p>\n<p><label> J\u016bsu Zi\u0146a<br \/>\n<span class=\"wpcf7-form-control-wrap\" data-name=\"your-message\"><textarea cols=\"40\" rows=\"10\" maxlength=\"2000\" class=\"wpcf7-form-control wpcf7-textarea\" aria-invalid=\"false\" name=\"your-message\"><\/textarea><\/span> <\/label>\n<\/p>\n\n<p><input class=\"wpcf7-form-control wpcf7-submit has-spinner\" type=\"submit\" value=\"S\u016bt\u012bt\" \/>\n<\/p><div class=\"wpcf7-response-output\" aria-hidden=\"true\"><\/div>\n<input type=\"hidden\" name=\"trp-form-language\" value=\"lv\"\/><\/form>\n<\/div>\n<\/p>\n<\/div>","protected":false},"excerpt":{"rendered":"<p>Ku\u0123u\/laivu p\u0101rbaudes pakalpojumi G\u016bstiet visaptvero\u0161u ieskatu j\u016bras ku\u0123u st\u0101vokl\u012b gan virs, gan zem \u016bdensl\u012bnijas, izmantojot m\u016bsu uzlaboto dronu [\u2026]<\/p>","protected":false},"featured_media":987,"template":"","meta":[],"product_brand":[57],"product_cat":[54],"product_tag":[],"class_list":{"0":"post-1464","1":"product","2":"type-product","3":"status-publish","4":"has-post-thumbnail","6":"product_brand-dronelab-engineering","7":"product_cat-services","9":"first","10":"instock","11":"shipping-taxable","12":"product-type-simple"},"_links":{"self":[{"href":"https:\/\/dronelab.lv\/lv\/wp-json\/wp\/v2\/product\/1464","targetHints":{"allow":["GET"]}}],"collection":[{"href":"https:\/\/dronelab.lv\/lv\/wp-json\/wp\/v2\/product"}],"about":[{"href":"https:\/\/dronelab.lv\/lv\/wp-json\/wp\/v2\/types\/product"}],"wp:featuredmedia":[{"embeddable":true,"href":"https:\/\/dronelab.lv\/lv\/wp-json\/wp\/v2\/media\/987"}],"wp:attachment":[{"href":"https:\/\/dronelab.lv\/lv\/wp-json\/wp\/v2\/media?parent=1464"}],"wp:term":[{"taxonomy":"product_brand","embeddable":true,"href":"https:\/\/dronelab.lv\/lv\/wp-json\/wp\/v2\/product_brand?post=1464"},{"taxonomy":"product_cat","embeddable":true,"href":"https:\/\/dronelab.lv\/lv\/wp-json\/wp\/v2\/product_cat?post=1464"},{"taxonomy":"product_tag","embeddable":true,"href":"https:\/\/dronelab.lv\/lv\/wp-json\/wp\/v2\/product_tag?post=1464"}],"curies":[{"name":"wp","href":"https:\/\/api.w.org\/{rel}","templated":true}]}}