{"id":1463,"date":"2025-04-11T16:54:51","date_gmt":"2025-04-11T16:54:51","guid":{"rendered":"https:\/\/dronelab.lv\/?post_type=product&#038;p=1463"},"modified":"2025-04-11T16:54:51","modified_gmt":"2025-04-11T16:54:51","slug":"pipe-inspection-services","status":"publish","type":"product","link":"https:\/\/dronelab.lv\/lv\/products\/caurulu-parbaudes-pakalpojumi\/","title":{"rendered":"Cauru\u013cu p\u0101rbaudes pakalpojumi"},"content":{"rendered":"<div id=\"model-response-message-contentr_fbb26d9b5479bb08\" class=\"markdown markdown-main-panel\" dir=\"ltr\">\n<h2 data-sourcepos=\"1:1-1:27\">Cauru\u013cu p\u0101rbaudes pakalpojumi<\/h2>\n<p data-sourcepos=\"3:1-3:771\">G\u016bstiet kritisku ieskatu par savu cauru\u013cvadu t\u012bklu st\u0101vokli, izmantojot m\u016bsu uzlabotos robotiz\u0113t\u0101s p\u0101rbaudes risin\u0101jumus. M\u0113s izmantojam specializ\u0113tus robotiz\u0113tus r\u0101pu\u013cprogrammas un potenci\u0101li piel\u0101gotus dronus, kas apr\u012bkoti ar augstas iz\u0161\u0137irtsp\u0113jas kamer\u0101m, integr\u0113tu augstas intensit\u0101tes apgaismojumu un izv\u0113les sensoriem (piem\u0113ram, l\u0101zerus prec\u012bzai m\u0113r\u012b\u0161anai vai hidrolokatoru pilnu cauru\u013cu p\u0101rbaudei). \u0160\u012bs sist\u0113mas p\u0101rvietojas pa kanaliz\u0101cijas l\u012bnij\u0101m, lietus \u016bdens kanaliz\u0101ciju, r\u016bpnieciskajiem cauru\u013cvadiem, komun\u0101lajiem cauru\u013cvadiem un citiem sl\u0113gtiem cauru\u013cvadiem, lai ieg\u016btu detaliz\u0113tus iek\u0161\u0113jos skatus. M\u016bsu tehnolo\u0123ija identific\u0113 aizsprostojumus, struktur\u0101lus defektus (plaisas, sabrukumus), sak\u0146u iek\u013c\u016b\u0161anu, \u016bdens infiltr\u0101ciju\/eksfiltr\u0101ciju, koroziju, cauru\u013cu deform\u0101ciju, savienojumu integrit\u0101tes probl\u0113mas un citas anom\u0101lijas, kas ietekm\u0113 veiktsp\u0113ju un strukt\u016bras integrit\u0101ti.<\/p>\n<p data-sourcepos=\"5:1-5:55\"><strong>K\u0101p\u0113c izmantot robotu tehnolo\u0123iju cauru\u013cu p\u0101rbaud\u0113m?<\/strong><\/p>\n<p data-sourcepos=\"7:1-7:141\">Tradicion\u0101l\u0101s metodes cauru\u013cu st\u0101vok\u013ca nov\u0113rt\u0113\u0161anai var b\u016bt ierobe\u017eotas, trauc\u0113jo\u0161as vai b\u012bstamas. Robotisk\u0101 p\u0101rbaude sniedz iev\u0113rojamas priek\u0161roc\u012bbas:<\/p>\n<ul data-sourcepos=\"9:1-15:0\">\n<li data-sourcepos=\"9:1-9:119\"><strong>Uzlabota dro\u0161\u012bba:<\/strong> Nov\u0113r\u0161 vajadz\u012bbu person\u0101lam iek\u013c\u016bt b\u012bstam\u0101s sl\u0113gt\u0101s telp\u0101s, aizsarg\u0101jot darbinieku vesel\u012bbu.<\/li>\n<li data-sourcepos=\"10:1-10:140\"><strong>Augsta efektivit\u0101te:<\/strong> \u0100tri p\u0101rbaudiet lielus cauru\u013cu garumus, nodro\u0161inot savlaic\u012bgu st\u0101vok\u013ca nov\u0113rt\u0113jumu, minim\u0101li trauc\u0113jot apkalpo\u0161anu.<\/li>\n<li data-sourcepos=\"11:1-11:150\"><strong>Prec\u012bza diagnoze:<\/strong> Nodro\u0161ina skaidrus, augstas kvalit\u0101tes video un att\u0113lus, \u013caujot prec\u012bzi identific\u0113t un lokaliz\u0113t defektus un \u0161\u0137\u0113r\u0161\u013cus.<\/li>\n<li data-sourcepos=\"12:1-12:212\"><strong>Izmaksu efekt\u012bva l\u012bdzek\u013cu p\u0101rvald\u012bba:<\/strong> \u013bauj veikt proakt\u012bvu apkopi, savlaic\u012bgi identific\u0113jot probl\u0113mas, pal\u012bdzot nov\u0113rst d\u0101rgus av\u0101rijas remontdarbus, sist\u0113mas k\u013c\u016bmes, vides incidentus un nevajadz\u012bgus izrakumus.<\/li>\n<li data-sourcepos=\"13:1-13:229\"><strong>Detaliz\u0113ti digit\u0101lie ieraksti:<\/strong> Nodro\u0161ina visaptvero\u0161us p\u0101rbaudes zi\u0146ojumus, tostarp videomateri\u0101lus, att\u0113lus un standartiz\u0113tu defektu kod\u0113\u0161anu, atbalsta uztur\u0113\u0161anas pl\u0101no\u0161anu, l\u012bdzek\u013cu p\u0101rvald\u012bbas datu b\u0101zes un atbilst\u012bbas pras\u012bbas.<\/li>\n<li data-sourcepos=\"14:1-15:0\"><strong>Daudzpus\u012bgs pielietojums:<\/strong> Piem\u0113rots da\u017e\u0101diem cauru\u013cu diametriem, materi\u0101liem un ekspluat\u0101cijas apst\u0101k\u013ciem.<\/li>\n<\/ul>\n<p data-sourcepos=\"16:1-16:67\"><strong>B\u016btiski, lai uztur\u0113tu cauru\u013cvada integrit\u0101ti un veiktsp\u0113ju:<\/strong><\/p>\n<ul data-sourcepos=\"18:1-20:0\">\n<li data-sourcepos=\"18:1-18:628\"><strong>R\u016bpniec\u012bbas objektiem, komun\u0101lajiem uz\u0146\u0113mumiem un komerci\u0101l\u0101 \u012bpa\u0161uma p\u0101rvaldniekiem:<\/strong> Vai j\u016bs uztrauc novecojo\u0161o cauru\u013cvadu st\u0101voklis, iesp\u0113jamie darb\u012bbas trauc\u0113jumi aizsprostojuma d\u0113\u013c vai atbilst\u012bba izpl\u016bd\u0113m? Robotisk\u0101 p\u0101rbaude sniedz gal\u012bgu ieskatu j\u016bsu kritisk\u0101s cauru\u013cu infrastrukt\u016bras iek\u0161ien\u0113, neizmantojot d\u0101rgas vai trauc\u0113jo\u0161as metodes. Identific\u0113jiet iesp\u0113jam\u0101s probl\u0113mas pirms to saasin\u0101\u0161an\u0101s, pl\u0101nojiet m\u0113r\u0137tiec\u012bgu t\u012br\u012b\u0161anu vai remontu, nov\u0113rsiet negaid\u012btas sist\u0113mas k\u013c\u016bmes, nodro\u0161iniet optim\u0101lu pl\u016bsmu, p\u0101rbaudiet jauno instal\u0101ciju st\u0101vokli pirms to pie\u0146em\u0161anas un efekt\u012bv\u0101k p\u0101rvaldiet savus pazemes l\u012bdzek\u013cus.<\/li>\n<li data-sourcepos=\"19:1-20:0\"><strong>Pa\u0161vald\u012bb\u0101m, \u016bdens un notek\u016bde\u0146u iest\u0101d\u0113m:<\/strong> Vai esat atbild\u012bgs par svar\u012bgu sabiedrisko kanaliz\u0101cijas un lietus \u016bdens t\u012bklu integrit\u0101tes un darb\u012bbas nodro\u0161in\u0101\u0161anu? M\u016bsu robotiz\u0113t\u0101s p\u0101rbaudes pakalpojumi ir efekt\u012bvas, proakt\u012bvas infrastrukt\u016bras p\u0101rvald\u012bbas pamatelementi. Prec\u012bzi nov\u0113rt\u0113jiet cauru\u013cu st\u0101vokli, lai pie\u0161\u0137irtu priorit\u0101ti apkopes un atjauno\u0161anas pas\u0101kumiem, identific\u0113tu d\u0101rgas infiltr\u0101cijas un iepl\u016b\u0161anas (I&amp;I) avotus, atkl\u0101tu struktur\u0101las probl\u0113mas, pirms t\u0101s noved pie sabruk\u0161anas vai iegremd\u0113\u0161anas, nov\u0113rsiet kanaliz\u0101cijas dubl\u0113jumus un p\u0101rpl\u016bdes, k\u0101 ar\u012b optimiz\u0113jiet kapit\u0101la uzlabojumus un darb\u012bbas bud\u017eetus, pamatojoties uz uzticamiem st\u0101vok\u013ca datiem.<\/li>\n<\/ul>\n<p data-sourcepos=\"21:1-21:18\">\n<div class=\"wpcf7 no-js\" id=\"wpcf7-f84-o1\" lang=\"en-US\" dir=\"ltr\" data-wpcf7-id=\"84\">\n<div class=\"screen-reader-response\"><p role=\"status\" aria-live=\"polite\" aria-atomic=\"true\"><\/p> <ul><\/ul><\/div>\n<form action=\"\/lv\/wp-json\/wp\/v2\/product\/1463#wpcf7-f84-o1\" method=\"post\" class=\"wpcf7-form init\" aria-label=\"Kontaktforma\" novalidate=\"novalidate\" data-status=\"init\" data-trp-original-action=\"\/lv\/wp-json\/wp\/v2\/product\/1463#wpcf7-f84-o1\">\n<div style=\"display: none;\">\n<input type=\"hidden\" name=\"_wpcf7\" value=\"84\" \/>\n<input type=\"hidden\" name=\"_wpcf7_version\" value=\"6.0.6\" \/>\n<input type=\"hidden\" name=\"_wpcf7_locale\" value=\"en_US\" \/>\n<input type=\"hidden\" name=\"_wpcf7_unit_tag\" value=\"wpcf7-f84-o1\" \/>\n<input type=\"hidden\" name=\"_wpcf7_container_post\" value=\"0\" \/>\n<input type=\"hidden\" name=\"_wpcf7_posted_data_hash\" value=\"\" \/>\n<input type=\"hidden\" name=\"_wpcf7_recaptcha_response\" value=\"\" \/>\n<\/div>\n<p><label> J\u016bsu v\u0101rds (oblig\u0101ti)<br \/>\n<span class=\"wpcf7-form-control-wrap\" data-name=\"your-name\"><input size=\"40\" maxlength=\"400\" class=\"wpcf7-form-control wpcf7-text wpcf7-validates-as-required\" aria-required=\"true\" aria-invalid=\"false\" value=\"\" type=\"text\" name=\"your-name\" \/><\/span> <\/label>\n<\/p>\n<p><label> J\u016bsu e-pasts (oblig\u0101ti)<br \/>\n<span class=\"wpcf7-form-control-wrap\" data-name=\"your-email\"><input size=\"40\" maxlength=\"400\" class=\"wpcf7-form-control wpcf7-email wpcf7-validates-as-required wpcf7-text wpcf7-validates-as-email\" aria-required=\"true\" aria-invalid=\"false\" value=\"\" type=\"email\" name=\"your-email\" \/><\/span> <\/label>\n<\/p>\n<p><label> J\u016bsu t\u0101lrunis<br \/>\n<span class=\"wpcf7-form-control-wrap\" data-name=\"tel-199\"><input size=\"40\" maxlength=\"12\" minlength=\"8\" class=\"wpcf7-form-control wpcf7-tel wpcf7-validates-as-required wpcf7-text wpcf7-validates-as-tel\" aria-required=\"true\" aria-invalid=\"false\" value=\"\" type=\"tel\" name=\"tel-199\" \/><\/span> <\/label>\n<\/p>\n<p><label> Priek\u0161mets<br \/>\n<span class=\"wpcf7-form-control-wrap\" data-name=\"your-subject\"><input size=\"40\" maxlength=\"400\" class=\"wpcf7-form-control wpcf7-text\" aria-invalid=\"false\" value=\"\" type=\"text\" name=\"your-subject\" \/><\/span> <\/label>\n<\/p>\n<p><label> J\u016bsu Zi\u0146a<br \/>\n<span class=\"wpcf7-form-control-wrap\" data-name=\"your-message\"><textarea cols=\"40\" rows=\"10\" maxlength=\"2000\" class=\"wpcf7-form-control wpcf7-textarea\" aria-invalid=\"false\" name=\"your-message\"><\/textarea><\/span> <\/label>\n<\/p>\n\n<p><input class=\"wpcf7-form-control wpcf7-submit has-spinner\" type=\"submit\" value=\"S\u016bt\u012bt\" \/>\n<\/p><div class=\"wpcf7-response-output\" aria-hidden=\"true\"><\/div>\n<input type=\"hidden\" name=\"trp-form-language\" value=\"lv\"\/><\/form>\n<\/div>\n<\/p>\n<\/div>","protected":false},"excerpt":{"rendered":"<p>Cauru\u013cu p\u0101rbaudes pakalpojumi G\u016bstiet kritisku ieskatu cauru\u013cvadu t\u012bklu st\u0101vokl\u012b, izmantojot m\u016bsu uzlabotos robotiz\u0113tos p\u0101rbaudes risin\u0101jumus. M\u0113s izmantojam specializ\u0113tus [\u2026]<\/p>","protected":false},"featured_media":1316,"template":"","meta":[],"product_brand":[57],"product_cat":[54],"product_tag":[],"class_list":{"0":"post-1463","1":"product","2":"type-product","3":"status-publish","4":"has-post-thumbnail","6":"product_brand-dronelab-engineering","7":"product_cat-services","9":"first","10":"instock","11":"shipping-taxable","12":"product-type-simple"},"_links":{"self":[{"href":"https:\/\/dronelab.lv\/lv\/wp-json\/wp\/v2\/product\/1463","targetHints":{"allow":["GET"]}}],"collection":[{"href":"https:\/\/dronelab.lv\/lv\/wp-json\/wp\/v2\/product"}],"about":[{"href":"https:\/\/dronelab.lv\/lv\/wp-json\/wp\/v2\/types\/product"}],"wp:featuredmedia":[{"embeddable":true,"href":"https:\/\/dronelab.lv\/lv\/wp-json\/wp\/v2\/media\/1316"}],"wp:attachment":[{"href":"https:\/\/dronelab.lv\/lv\/wp-json\/wp\/v2\/media?parent=1463"}],"wp:term":[{"taxonomy":"product_brand","embeddable":true,"href":"https:\/\/dronelab.lv\/lv\/wp-json\/wp\/v2\/product_brand?post=1463"},{"taxonomy":"product_cat","embeddable":true,"href":"https:\/\/dronelab.lv\/lv\/wp-json\/wp\/v2\/product_cat?post=1463"},{"taxonomy":"product_tag","embeddable":true,"href":"https:\/\/dronelab.lv\/lv\/wp-json\/wp\/v2\/product_tag?post=1463"}],"curies":[{"name":"wp","href":"https:\/\/api.w.org\/{rel}","templated":true}]}}