{"id":1462,"date":"2025-04-11T16:53:04","date_gmt":"2025-04-11T16:53:04","guid":{"rendered":"https:\/\/dronelab.lv\/?post_type=product&#038;p=1462"},"modified":"2025-04-11T16:53:05","modified_gmt":"2025-04-11T16:53:05","slug":"underwater-photogrammetry-services","status":"publish","type":"product","link":"https:\/\/dronelab.lv\/lv\/products\/zemudens-fotogrammetrijas-pakalpojumi\/","title":{"rendered":"Zem\u016bdens fotogrammetrijas pakalpojumi"},"content":{"rendered":"<div id=\"model-response-message-contentr_45a26d4652c0e533\" class=\"markdown markdown-main-panel\" dir=\"ltr\">\n<h2 data-sourcepos=\"1:1-1:37\">Zem\u016bdens fotogrammetrijas pakalpojumi<\/h2>\n<p data-sourcepos=\"3:1-3:561\">Atbr\u012bvojieties no augstas iz\u0161\u0137irtsp\u0113jas 3D model\u0113\u0161anas iesp\u0113j\u0101m iegremd\u0113t\u0101 vid\u0113, izmantojot m\u016bsu zem\u016bdens fotogrammetrijas pakalpojumus. \u0160\u012b uzlabot\u0101 tehnika ietver sistem\u0101tisku, p\u0101rkl\u0101jo\u0161u zem\u016bdens konstrukciju, objektu vai reljefa att\u0113lu uz\u0146em\u0161anu, izmantojot augstas kvalit\u0101tes kameras, kas uzst\u0101d\u012btas uz zem\u016bdens droniem (ROV) vai cit\u0101m piem\u0113rot\u0101m platform\u0101m. Izmantojot sare\u017e\u0123\u012btu apstr\u0101di, \u0161ie att\u0113li tiek p\u0101rveidoti detaliz\u0113tos, prec\u012bzos un izm\u0113r\u0101mos 3D punktu m\u0101ko\u0146os un fotore\u0101listiskajos tekstur\u0113tos mode\u013cos, nodro\u0161inot nep\u0101rsp\u0113jamu zem\u016bdens ainas digit\u0101lo att\u0113lojumu.<\/p>\n<p data-sourcepos=\"5:1-5:42\"><strong>K\u0101p\u0113c izmantot zem\u016bdens fotogrammetriju?<\/strong><\/p>\n<p data-sourcepos=\"7:1-7:197\">Prec\u012bzu zem\u016bdens akt\u012bvu vai vides digit\u0101lo ierakstu izveide ir izaicin\u0101jums. Zem\u016bdens fotogrammetrija pied\u0101v\u0101 p\u0101rliecino\u0161as priek\u0161roc\u012bbas sal\u012bdzin\u0101jum\u0101 ar tradicion\u0101lo dokument\u0101ciju vai pamata video p\u0101rbaudi:<\/p>\n<ul data-sourcepos=\"9:1-15:0\">\n<li data-sourcepos=\"9:1-9:184\"><strong>Prec\u012bza 3D rekonstrukcija:<\/strong> \u0122ener\u0113 \u0123eometriski prec\u012bzus mode\u013cus, kas \u013cauj prec\u012bzi izm\u0113r\u012bt izm\u0113rus, laukumus, tilpumus un att\u0101lumus tie\u0161i digit\u0101laj\u0101 model\u012b.<\/li>\n<li data-sourcepos=\"10:1-10:184\"><strong>Detaliz\u0113ti vizu\u0101lie ieraksti:<\/strong> Izveido vizu\u0101li bag\u0101t\u012bgus, interakt\u012bvus 3D att\u0113lus (digit\u0101los dv\u012b\u0146us), kas ar izcilu deta\u013cu tver zem\u016bdens vietu st\u0101vokli un kontekstu.<\/li>\n<li data-sourcepos=\"11:1-11:158\"><strong>Bezkontakta datu ieg\u016b\u0161ana:<\/strong> \u013bauj veikt r\u016bp\u012bgu dokument\u0101ciju un anal\u012bzi, fiziski netrauc\u0113jot jut\u012bgas strukt\u016bras, artefaktus vai biotopus.<\/li>\n<li data-sourcepos=\"12:1-12:207\"><strong>Uzlabota anal\u012bze un vizualiz\u0101cija:<\/strong> \u013bauj virtu\u0101lu p\u0101rbaudi, anot\u0101ciju un sare\u017e\u0123\u012btu zem\u016bdens vietu koplieto\u0161anu ar ieinteres\u0113taj\u0101m person\u0101m jebkur\u0101 viet\u0101, veicinot lab\u0101ku izpratni un l\u0113mumu pie\u0146em\u0161anu.<\/li>\n<li data-sourcepos=\"13:1-13:138\"><strong>Efekt\u012bva dokument\u0101cija:<\/strong> Nodro\u0161ina visaptvero\u0161u b\u0101zes ierakstu turpm\u0101kai uzraudz\u012bbai, izmai\u0146u noteik\u0161anai un st\u0101vok\u013ca nov\u0113rt\u0113\u0161anai.<\/li>\n<li data-sourcepos=\"14:1-15:0\"><strong>Dro\u0161\u012bbas uzlabojumi:<\/strong> Var iev\u0113rojami samazin\u0101t vajadz\u012bbu p\u0113c liela nir\u0113ja dibena laika, kas parasti nepiecie\u0161ams detaliz\u0113tiem manu\u0101liem apsekojumiem vai m\u0113r\u012bjumiem.<\/li>\n<\/ul>\n<p data-sourcepos=\"16:1-16:73\"><strong>Nepiecie\u0161ams detaliz\u0113tam zem\u016bdens nov\u0113rt\u0113jumam un dokument\u0101cijai:<\/strong><\/p>\n<ul data-sourcepos=\"18:1-20:0\">\n<li data-sourcepos=\"18:1-18:521\"><strong>J\u016bras in\u017eenierijas, b\u016bvniec\u012bbas, gl\u0101b\u0161anas un arheolo\u0123ijas nozar\u0113m:<\/strong> Nepiecie\u0161ama prec\u012bza zem\u016bdens instal\u0101ciju \u201cuzb\u016bv\u0113ta\u201d dokument\u0101cija, detaliz\u0113ts zem\u016bdens infrastrukt\u016bras st\u0101vok\u013ca nov\u0113rt\u0113jums (cauru\u013cvadi, kabe\u013ci, pamati, ku\u0123u korpusi), r\u016bp\u012bga arheolo\u0123isko vietu kart\u0113\u0161ana vai prec\u012bza model\u0113\u0161ana gl\u0101b\u0161anas pl\u0101no\u0161anai? Zem\u016bdens fotogrammetrija nodro\u0161ina detaliz\u0113tus, izm\u0113r\u0101mus 3D datus, kas nepiecie\u0161ami kritiskai anal\u012bzei, strukt\u016bras uzraudz\u012bbai, mantojuma saglab\u0101\u0161anas pas\u0101kumiem un inform\u0113tai projektu izpildei.<\/li>\n<li data-sourcepos=\"19:1-20:0\"><strong>Vides a\u0123ent\u016br\u0101m, p\u0113tniec\u012bbas iest\u0101d\u0113m un kult\u016bras mantojuma p\u0101rvald\u012bbai:<\/strong> Nepiecie\u0161ams prec\u012bzi kart\u0113t un uzraudz\u012bt jut\u012bgus zem\u016bdens biotopus, piem\u0113ram, kora\u013c\u013cu rifus vai j\u016brasz\u0101les, dokument\u0113t iegremd\u0113tos kult\u016bras resursus, piem\u0113ram, ku\u0123u vrakus, vai veikt detaliz\u0113tus zin\u0101tniskus zem\u016bdens \u0123eolo\u0123ijas vai biolo\u0123ijas p\u0113t\u012bjumus? Fotogrammetrija nodro\u0161ina iesp\u0113ju izveidot augstas iz\u0161\u0137irtsp\u0113jas b\u0101zes l\u012bnijas kartes un veikt atk\u0101rtojamas aptaujas, lai kvantitat\u012bvi noteiktu izmai\u0146as laika gait\u0101. Izveidojiet jaud\u012bgas vizualiz\u0101cijas, ieg\u016bstiet v\u0113rt\u012bgus zin\u0101tniskos datus un atbalstiet saglab\u0101\u0161anas, izp\u0113tes un p\u0101rvald\u012bbas m\u0113r\u0137us, izmantojot robustus 3D mode\u013cus.<\/li>\n<\/ul>\n<p data-sourcepos=\"21:1-21:18\">\n<div class=\"wpcf7 no-js\" id=\"wpcf7-f84-o1\" lang=\"en-US\" dir=\"ltr\" data-wpcf7-id=\"84\">\n<div class=\"screen-reader-response\"><p role=\"status\" aria-live=\"polite\" aria-atomic=\"true\"><\/p> <ul><\/ul><\/div>\n<form action=\"\/lv\/wp-json\/wp\/v2\/product\/1462#wpcf7-f84-o1\" method=\"post\" class=\"wpcf7-form init\" aria-label=\"Kontaktforma\" novalidate=\"novalidate\" data-status=\"init\" data-trp-original-action=\"\/lv\/wp-json\/wp\/v2\/product\/1462#wpcf7-f84-o1\">\n<div style=\"display: none;\">\n<input type=\"hidden\" name=\"_wpcf7\" value=\"84\" \/>\n<input type=\"hidden\" name=\"_wpcf7_version\" value=\"6.0.6\" \/>\n<input type=\"hidden\" name=\"_wpcf7_locale\" value=\"en_US\" \/>\n<input type=\"hidden\" name=\"_wpcf7_unit_tag\" value=\"wpcf7-f84-o1\" \/>\n<input type=\"hidden\" name=\"_wpcf7_container_post\" value=\"0\" \/>\n<input type=\"hidden\" name=\"_wpcf7_posted_data_hash\" value=\"\" \/>\n<input type=\"hidden\" name=\"_wpcf7_recaptcha_response\" value=\"\" \/>\n<\/div>\n<p><label> J\u016bsu v\u0101rds (oblig\u0101ti)<br \/>\n<span class=\"wpcf7-form-control-wrap\" data-name=\"your-name\"><input size=\"40\" maxlength=\"400\" class=\"wpcf7-form-control wpcf7-text wpcf7-validates-as-required\" aria-required=\"true\" aria-invalid=\"false\" value=\"\" type=\"text\" name=\"your-name\" \/><\/span> <\/label>\n<\/p>\n<p><label> J\u016bsu e-pasts (oblig\u0101ti)<br \/>\n<span class=\"wpcf7-form-control-wrap\" data-name=\"your-email\"><input size=\"40\" maxlength=\"400\" class=\"wpcf7-form-control wpcf7-email wpcf7-validates-as-required wpcf7-text wpcf7-validates-as-email\" aria-required=\"true\" aria-invalid=\"false\" value=\"\" type=\"email\" name=\"your-email\" \/><\/span> <\/label>\n<\/p>\n<p><label> J\u016bsu t\u0101lrunis<br \/>\n<span class=\"wpcf7-form-control-wrap\" data-name=\"tel-199\"><input size=\"40\" maxlength=\"12\" minlength=\"8\" class=\"wpcf7-form-control wpcf7-tel wpcf7-validates-as-required wpcf7-text wpcf7-validates-as-tel\" aria-required=\"true\" aria-invalid=\"false\" value=\"\" type=\"tel\" name=\"tel-199\" \/><\/span> <\/label>\n<\/p>\n<p><label> Priek\u0161mets<br \/>\n<span class=\"wpcf7-form-control-wrap\" data-name=\"your-subject\"><input size=\"40\" maxlength=\"400\" class=\"wpcf7-form-control wpcf7-text\" aria-invalid=\"false\" value=\"\" type=\"text\" name=\"your-subject\" \/><\/span> <\/label>\n<\/p>\n<p><label> J\u016bsu Zi\u0146a<br \/>\n<span class=\"wpcf7-form-control-wrap\" data-name=\"your-message\"><textarea cols=\"40\" rows=\"10\" maxlength=\"2000\" class=\"wpcf7-form-control wpcf7-textarea\" aria-invalid=\"false\" name=\"your-message\"><\/textarea><\/span> <\/label>\n<\/p>\n\n<p><input class=\"wpcf7-form-control wpcf7-submit has-spinner\" type=\"submit\" value=\"S\u016bt\u012bt\" \/>\n<\/p><div class=\"wpcf7-response-output\" aria-hidden=\"true\"><\/div>\n<input type=\"hidden\" name=\"trp-form-language\" value=\"lv\"\/><\/form>\n<\/div>\n<\/p>\n<\/div>","protected":false},"excerpt":{"rendered":"<p>Zem\u016bdens fotogrammetrijas pakalpojumi Atbr\u012bvojieties no augstas iz\u0161\u0137irtsp\u0113jas 3D model\u0113\u0161anas iesp\u0113j\u0101m iegremd\u0113t\u0101 vid\u0113, izmantojot m\u016bsu zem\u016bdens fotogrammetrijas pakalpojumus. \u0160\u012b uzlabot\u0101 tehnika ietver [\u2026]<\/p>","protected":false},"featured_media":1037,"template":"","meta":[],"product_brand":[57],"product_cat":[54],"product_tag":[],"class_list":{"0":"post-1462","1":"product","2":"type-product","3":"status-publish","4":"has-post-thumbnail","6":"product_brand-dronelab-engineering","7":"product_cat-services","9":"first","10":"instock","11":"shipping-taxable","12":"product-type-simple"},"_links":{"self":[{"href":"https:\/\/dronelab.lv\/lv\/wp-json\/wp\/v2\/product\/1462","targetHints":{"allow":["GET"]}}],"collection":[{"href":"https:\/\/dronelab.lv\/lv\/wp-json\/wp\/v2\/product"}],"about":[{"href":"https:\/\/dronelab.lv\/lv\/wp-json\/wp\/v2\/types\/product"}],"wp:featuredmedia":[{"embeddable":true,"href":"https:\/\/dronelab.lv\/lv\/wp-json\/wp\/v2\/media\/1037"}],"wp:attachment":[{"href":"https:\/\/dronelab.lv\/lv\/wp-json\/wp\/v2\/media?parent=1462"}],"wp:term":[{"taxonomy":"product_brand","embeddable":true,"href":"https:\/\/dronelab.lv\/lv\/wp-json\/wp\/v2\/product_brand?post=1462"},{"taxonomy":"product_cat","embeddable":true,"href":"https:\/\/dronelab.lv\/lv\/wp-json\/wp\/v2\/product_cat?post=1462"},{"taxonomy":"product_tag","embeddable":true,"href":"https:\/\/dronelab.lv\/lv\/wp-json\/wp\/v2\/product_tag?post=1462"}],"curies":[{"name":"wp","href":"https:\/\/api.w.org\/{rel}","templated":true}]}}