{"id":1461,"date":"2025-04-11T16:50:24","date_gmt":"2025-04-11T16:50:24","guid":{"rendered":"https:\/\/dronelab.lv\/?post_type=product&#038;p=1461"},"modified":"2025-04-11T16:50:24","modified_gmt":"2025-04-11T16:50:24","slug":"object-recovery-services","status":"publish","type":"product","link":"https:\/\/dronelab.lv\/lv\/products\/objektu-atgusanas-pakalpojumi\/","title":{"rendered":"Objektu atkop\u0161anas pakalpojumi"},"content":{"rendered":"<div id=\"model-response-message-contentr_95597908a9079317\" class=\"markdown markdown-main-panel\" dir=\"ltr\">\n<h2 data-sourcepos=\"1:1-1:27\">Objektu atkop\u0161anas pakalpojumi<\/h2>\n<p data-sourcepos=\"3:1-3:653\">Izmantojiet specializ\u0113to bezpilota lidapar\u0101tu tehnolo\u0123iju sare\u017e\u0123\u012bt\u0101 uzdevuma veik\u0161anai, lai atrastu un izg\u016btu iegremd\u0113tus vai gr\u016bti sasniedzamus objektus. M\u016bsu pakalpojumos galvenok\u0101rt tiek izmantoti uzlaboti zem\u016bdens t\u0101lvad\u012bbas transportl\u012bdzek\u013ci (ROV), kas apr\u012bkoti ar sare\u017e\u0123\u012bt\u0101m son\u0101ru sist\u0113m\u0101m noteik\u0161anai, augstas iz\u0161\u0137irtsp\u0113jas kamer\u0101m ar jaud\u012bgu apgaismojumu skaidrai vizualiz\u0101cijai pat neskaidros apst\u0101k\u013cos un iztur\u012bg\u0101m manipulatora svir\u0101m vai piel\u0101gotiem satv\u0113r\u0113ja instrumentiem dro\u0161ai izguvei. M\u0113s varam atlas\u012bt un atg\u016bt ezeros, up\u0113s, d\u012b\u0137os, \u016bdenskr\u0101tuv\u0113s un piekrast\u0113 pazaud\u0113tos priek\u0161metus. <span class=\"citation-0 recitation citation-end-0\">Gaisa bezpilota lidapar\u0101ti var ar\u012b pal\u012bdz\u0113t s\u0101kotn\u0113j\u0101s izl\u016bko\u0161anas laik\u0101 vai vad\u012bt zem\u016bdens oper\u0101cijas.<sup class=\"superscript\" data-turn-source-index=\"1\">1<\/sup><\/span><\/p>\n<p data-sourcepos=\"5:1-5:49\"><strong>K\u0101p\u0113c objektu atkop\u0161anai izmantot dronu tehnolo\u0123iju?<\/strong><\/p>\n<p data-sourcepos=\"7:1-7:199\">Tradicion\u0101l\u0101s atvese\u013co\u0161an\u0101s metodes, jo \u012bpa\u0161i ar cilv\u0113kiem, var b\u016bt b\u012bstamas, d\u0101rgas un ierobe\u017eotas ar dzi\u013cumu, redzam\u012bbu un laika ierobe\u017eojumiem. M\u016bsu uz droniem balst\u012bt\u0101 pieeja sniedz galven\u0101s priek\u0161roc\u012bbas:<\/p>\n<ul data-sourcepos=\"9:1-15:0\">\n<li data-sourcepos=\"9:1-9:197\"><strong>Augst\u0101k\u0101 dro\u0161\u012bba:<\/strong> Nov\u0113r\u0161 b\u016btiskos riskus, kas saist\u012bti ar cilv\u0113ku \u016bdensl\u012bd\u0113ju darb\u012bbu potenci\u0101li b\u012bstamos zem\u016bdens apst\u0101k\u013cos (dzi\u013cums, aukstums, straumes, slikta redzam\u012bba, pies\u0101r\u0146ojums).<\/li>\n<li data-sourcepos=\"10:1-10:152\"><strong>Darb\u012bbas efektivit\u0101te:<\/strong> Veiciet mekl\u0113\u0161anas un atkop\u0161anas darb\u012bbas \u0101tr\u0101k un bie\u017ei vien ar maz\u0101k\u0101m atbalsta komand\u0101m, sal\u012bdzinot ar parastaj\u0101m metod\u0113m.<\/li>\n<li data-sourcepos=\"11:1-11:120\"><strong>Liel\u0101ka piek\u013cuve un iztur\u012bba:<\/strong> Efekt\u012bvi darbojieties dzi\u013cum\u0101 un uz laiku, kas p\u0101rsniedz tipiskus cilv\u0113ka nir\u0113ju ierobe\u017eojumus.<\/li>\n<li data-sourcepos=\"12:1-12:171\"><strong>Prec\u012bza izguve:<\/strong> Prec\u012bzi manevr\u0113jiet, lai atrastu, p\u0101rbaud\u012btu un nostiprin\u0101tu m\u0113r\u0137a objektus, minim\u0101li trauc\u0113jot apk\u0101rt\u0113jo vidi vai iesp\u0113jamos pier\u0101d\u012bjumus.<\/li>\n<li data-sourcepos=\"13:1-13:196\"><strong>Rentabla alternat\u012bva:<\/strong> <span class=\"citation-1 recitation citation-end-1\">Bie\u017ei vien tas ir ekonomisk\u0101ks risin\u0101jums nek\u0101 pla\u0161u nir\u0161anas komandu vai smaga gl\u0101b\u0161anas apr\u012bkojuma mobiliz\u0101cija, \u012bpa\u0161i vid\u0113ja izm\u0113ra objektiem.<sup class=\"superscript\" data-turn-source-index=\"2\">2<\/sup><\/span><\/li>\n<li data-sourcepos=\"14:1-15:0\"><strong>V\u0113rt\u012bga dokument\u0101cija:<\/strong> Nodro\u0161ina augstas kvalit\u0101tes video pier\u0101d\u012bjumus par mekl\u0113\u0161anas, atra\u0161an\u0101s vietas un atkop\u0161anas procesu.<\/li>\n<\/ul>\n<p data-sourcepos=\"16:1-16:51\"><strong>B\u016btisk\u0101s iesp\u0113jas kritisk\u0101m situ\u0101cij\u0101m:<\/strong><\/p>\n<ul data-sourcepos=\"18:1-20:0\">\n<li data-sourcepos=\"18:1-18:460\"><strong>Apdro\u0161in\u0101\u0161anas regul\u0113t\u0101jiem, j\u016bras operatoriem un r\u016bpniec\u012bbas uz\u0146\u0113mumiem:<\/strong> Nepiecie\u0161ams atg\u016bt no zem\u016bdens v\u0113rt\u012bgus pazaud\u0113tus \u012bpa\u0161umus, piem\u0113ram, apr\u012bkojumu, instrumentus, piekarin\u0101mos motorus, dronus vai pat mazus transportl\u012bdzek\u013cus? Vai piepras\u012bt vienumu izg\u016b\u0161anu krimin\u0101listikas anal\u012bzei vai pras\u012bbas apstiprin\u0101\u0161anai? M\u016bsu ROV pakalpojums pied\u0101v\u0101 dro\u0161u, efekt\u012bvu un dokument\u0113tu metodi, lai atrastu un atgrieztu iegremd\u0113tos priek\u0161metus, pal\u012bdzot samazin\u0101t zaud\u0113jumus, nodro\u0161in\u0101t darb\u012bbas nep\u0101rtraukt\u012bbu un izmekl\u0113\u0161anas atbalstu.<\/li>\n<li data-sourcepos=\"19:1-20:0\"><strong>Ties\u012bbaizsardz\u012bbas iest\u0101d\u0113m, sabiedrisk\u0101s dro\u0161\u012bbas a\u0123ent\u016br\u0101m un mekl\u0113\u0161anas un gl\u0101b\u0161anas komand\u0101m:<\/strong> Vai esat iesaist\u012bts izmekl\u0113\u0161an\u0101, kur\u0101 nepiecie\u0161ama kritisku pier\u0101d\u012bjumu (piem\u0113ram, iero\u010du, person\u012bgo mantu, transportl\u012bdzek\u013cu da\u013cu) atra\u0161an\u0101s vieta un izg\u016b\u0161ana no \u016bdenstilp\u0113m? Vai esat uzdevis nov\u0113rst navig\u0101cijas apdraud\u0113jumus vai pal\u012bdz\u0113t atrast objektus, kas saist\u012bti ar negad\u012bjumiem vai bezv\u0113sts pazu\u0161anas gad\u012bjumiem? M\u016bsu zem\u016bdens droni ir nenov\u0113rt\u0113jams r\u012bks, lai dro\u0161i un efekt\u012bvi veiktu mekl\u0113\u0161anu un atg\u016b\u0161anu, vajadz\u012bbas gad\u012bjum\u0101 saglab\u0101jot ainas integrit\u0101ti un uzlabojot j\u016bsu darb\u012bbas sasniedzam\u012bbu izaicino\u0161\u0101 \u016bdens vid\u0113.<\/li>\n<\/ul>\n<p data-sourcepos=\"21:1-21:18\">\n<div class=\"wpcf7 no-js\" id=\"wpcf7-f84-o1\" lang=\"en-US\" dir=\"ltr\" data-wpcf7-id=\"84\">\n<div class=\"screen-reader-response\"><p role=\"status\" aria-live=\"polite\" aria-atomic=\"true\"><\/p> <ul><\/ul><\/div>\n<form action=\"\/lv\/wp-json\/wp\/v2\/product\/1461#wpcf7-f84-o1\" method=\"post\" class=\"wpcf7-form init\" aria-label=\"Kontaktforma\" novalidate=\"novalidate\" data-status=\"init\" data-trp-original-action=\"\/lv\/wp-json\/wp\/v2\/product\/1461#wpcf7-f84-o1\">\n<div style=\"display: none;\">\n<input type=\"hidden\" name=\"_wpcf7\" value=\"84\" \/>\n<input type=\"hidden\" name=\"_wpcf7_version\" value=\"6.0.6\" \/>\n<input type=\"hidden\" name=\"_wpcf7_locale\" value=\"en_US\" \/>\n<input type=\"hidden\" name=\"_wpcf7_unit_tag\" value=\"wpcf7-f84-o1\" \/>\n<input type=\"hidden\" name=\"_wpcf7_container_post\" value=\"0\" \/>\n<input type=\"hidden\" name=\"_wpcf7_posted_data_hash\" value=\"\" \/>\n<input type=\"hidden\" name=\"_wpcf7_recaptcha_response\" value=\"\" \/>\n<\/div>\n<p><label> J\u016bsu v\u0101rds (oblig\u0101ti)<br \/>\n<span class=\"wpcf7-form-control-wrap\" data-name=\"your-name\"><input size=\"40\" maxlength=\"400\" class=\"wpcf7-form-control wpcf7-text wpcf7-validates-as-required\" aria-required=\"true\" aria-invalid=\"false\" value=\"\" type=\"text\" name=\"your-name\" \/><\/span> <\/label>\n<\/p>\n<p><label> J\u016bsu e-pasts (oblig\u0101ti)<br \/>\n<span class=\"wpcf7-form-control-wrap\" data-name=\"your-email\"><input size=\"40\" maxlength=\"400\" class=\"wpcf7-form-control wpcf7-email wpcf7-validates-as-required wpcf7-text wpcf7-validates-as-email\" aria-required=\"true\" aria-invalid=\"false\" value=\"\" type=\"email\" name=\"your-email\" \/><\/span> <\/label>\n<\/p>\n<p><label> J\u016bsu t\u0101lrunis<br \/>\n<span class=\"wpcf7-form-control-wrap\" data-name=\"tel-199\"><input size=\"40\" maxlength=\"12\" minlength=\"8\" class=\"wpcf7-form-control wpcf7-tel wpcf7-validates-as-required wpcf7-text wpcf7-validates-as-tel\" aria-required=\"true\" aria-invalid=\"false\" value=\"\" type=\"tel\" name=\"tel-199\" \/><\/span> <\/label>\n<\/p>\n<p><label> Priek\u0161mets<br \/>\n<span class=\"wpcf7-form-control-wrap\" data-name=\"your-subject\"><input size=\"40\" maxlength=\"400\" class=\"wpcf7-form-control wpcf7-text\" aria-invalid=\"false\" value=\"\" type=\"text\" name=\"your-subject\" \/><\/span> <\/label>\n<\/p>\n<p><label> J\u016bsu Zi\u0146a<br \/>\n<span class=\"wpcf7-form-control-wrap\" data-name=\"your-message\"><textarea cols=\"40\" rows=\"10\" maxlength=\"2000\" class=\"wpcf7-form-control wpcf7-textarea\" aria-invalid=\"false\" name=\"your-message\"><\/textarea><\/span> <\/label>\n<\/p>\n\n<p><input class=\"wpcf7-form-control wpcf7-submit has-spinner\" type=\"submit\" value=\"S\u016bt\u012bt\" \/>\n<\/p><div class=\"wpcf7-response-output\" aria-hidden=\"true\"><\/div>\n<input type=\"hidden\" name=\"trp-form-language\" value=\"lv\"\/><\/form>\n<\/div>\n<\/p>\n<\/div>","protected":false},"excerpt":{"rendered":"<p>Objektu atkop\u0161anas pakalpojumi Izmantojiet specializ\u0113tu bezpilota lidapar\u0101tu tehnolo\u0123iju sare\u017e\u0123\u012btam uzdevumam, lai atrastu un izg\u016btu iegremd\u0113tus vai gr\u016bti sasniedzamus objektus. M\u016bsu pakalpojumi galvenok\u0101rt [\u2026]<\/p>","protected":false},"featured_media":1092,"template":"","meta":[],"product_brand":[],"product_cat":[54],"product_tag":[],"class_list":{"0":"post-1461","1":"product","2":"type-product","3":"status-publish","4":"has-post-thumbnail","6":"product_cat-services","8":"first","9":"instock","10":"shipping-taxable","11":"product-type-simple"},"_links":{"self":[{"href":"https:\/\/dronelab.lv\/lv\/wp-json\/wp\/v2\/product\/1461","targetHints":{"allow":["GET"]}}],"collection":[{"href":"https:\/\/dronelab.lv\/lv\/wp-json\/wp\/v2\/product"}],"about":[{"href":"https:\/\/dronelab.lv\/lv\/wp-json\/wp\/v2\/types\/product"}],"wp:featuredmedia":[{"embeddable":true,"href":"https:\/\/dronelab.lv\/lv\/wp-json\/wp\/v2\/media\/1092"}],"wp:attachment":[{"href":"https:\/\/dronelab.lv\/lv\/wp-json\/wp\/v2\/media?parent=1461"}],"wp:term":[{"taxonomy":"product_brand","embeddable":true,"href":"https:\/\/dronelab.lv\/lv\/wp-json\/wp\/v2\/product_brand?post=1461"},{"taxonomy":"product_cat","embeddable":true,"href":"https:\/\/dronelab.lv\/lv\/wp-json\/wp\/v2\/product_cat?post=1461"},{"taxonomy":"product_tag","embeddable":true,"href":"https:\/\/dronelab.lv\/lv\/wp-json\/wp\/v2\/product_tag?post=1461"}],"curies":[{"name":"wp","href":"https:\/\/api.w.org\/{rel}","templated":true}]}}