{"id":1460,"date":"2025-04-11T16:48:30","date_gmt":"2025-04-11T16:48:30","guid":{"rendered":"https:\/\/dronelab.lv\/?post_type=product&#038;p=1460"},"modified":"2025-04-11T16:48:30","modified_gmt":"2025-04-11T16:48:30","slug":"infrastructure-inspection-services","status":"publish","type":"product","link":"https:\/\/dronelab.lv\/lv\/products\/infrastrukturas-parbaudes-pakalpojumi\/","title":{"rendered":"Infrastrukt\u016bras p\u0101rbaudes pakalpojumi"},"content":{"rendered":"<div id=\"model-response-message-contentr_bb94a49cdf7eb89e\" class=\"markdown markdown-main-panel\" dir=\"ltr\">\n<h2 data-sourcepos=\"1:1-1:37\">Infrastrukt\u016bras p\u0101rbaudes pakalpojumi<\/h2>\n<p data-sourcepos=\"3:1-3:721\">Nodro\u0161iniet savas kritisk\u0101s infrastrukt\u016bras dro\u0161\u012bbu, integrit\u0101ti un optim\u0101lu veiktsp\u0113ju, izmantojot m\u016bsu vismodern\u0101kos dronu p\u0101rbaudes pakalpojumus. Izmantojot uzlabotas bezpilota antenas sist\u0113mas (UAS), kas apr\u012bkotas ar augstas iz\u0161\u0137irtsp\u0113jas vizu\u0101laj\u0101m un termiskaj\u0101m kamer\u0101m, jaud\u012bg\u0101m t\u0101lummai\u0146as iesp\u0113j\u0101m un papildu LiDAR sensoriem, m\u0113s nodro\u0161in\u0101m detaliz\u0113tus, neinvaz\u012bvus da\u017e\u0101du strukt\u016bru nov\u0113rt\u0113jumus. Tas ietver \u0113kas, tiltus, elektrop\u0101rvades l\u012bnijas, v\u0113ja turb\u012bnas, saules ener\u0123ijas fermas, sakaru tor\u0146us, cauru\u013cvadus, ce\u013cus, dzelzce\u013cus, dambjus un r\u016bpniec\u012bbas objektus. M\u016bsu tehnolo\u0123ija nodro\u0161ina vizu\u0101las p\u0101rbaudes tuvpl\u0101n\u0101, termisko anom\u0101liju identific\u0113\u0161anu, struktur\u0101lo anal\u012bzi un prec\u012bzu defektu vai nodiluma noteik\u0161anu, un tas viss tiek veikts att\u0101lin\u0101ti un dro\u0161i.<\/p>\n<p data-sourcepos=\"5:1-5:54\"><strong>K\u0101p\u0113c infrastrukt\u016bras p\u0101rbaudei izmantot dronus?<\/strong><\/p>\n<p data-sourcepos=\"7:1-7:250\">Tradicion\u0101l\u0101s p\u0101rbaudes metodes bie\u017ei ietver b\u012bstamu manu\u0101lu piek\u013cuvi (darbs augstum\u0101, sl\u0113gt\u0101s telp\u0101s), d\u0101rgu apr\u012bkojuma nomu (sastatnes, lifti, helikopteri) un iev\u0113rojamas darb\u012bbas d\u012bkst\u0101ves. Dronu p\u0101rbaudes pied\u0101v\u0101 izcilu pieeju:<\/p>\n<ul data-sourcepos=\"9:1-14:0\">\n<li data-sourcepos=\"9:1-9:117\"><strong>Uzlabota dro\u0161\u012bba:<\/strong> Dramatiski samaziniet riskus, nov\u0113r\u0161ot vajadz\u012bbu person\u0101lam piek\u013c\u016bt b\u012bstam\u0101m viet\u0101m.<\/li>\n<li data-sourcepos=\"10:1-10:142\"><strong>Paaugstin\u0101ta efektivit\u0101te:<\/strong> \u0100tri p\u0101rbaudiet lielu, sare\u017e\u0123\u012btu vai line\u0101ru infrastrukt\u016bru, samazinot trauc\u0113jumus un \u0101tr\u0101k pabeidzot nov\u0113rt\u0113jumus.<\/li>\n<li data-sourcepos=\"11:1-11:151\"><strong>Iev\u0113rojams izmaksu samazin\u0101jums:<\/strong> Samaziniet p\u0101rbaudes izmaksas, samazinot vajadz\u012bbu p\u0113c d\u0101rga piek\u013cuves apr\u012bkojuma, specializ\u0113t\u0101m komand\u0101m un ilgsto\u0161\u0101m sl\u0113g\u0161an\u0101m.<\/li>\n<li data-sourcepos=\"12:1-12:185\"><strong>Izcila datu kvalit\u0101te:<\/strong> Uz\u0146emiet augstas iz\u0161\u0137irtsp\u0113jas, \u0123eogr\u0101fiski noteiktus att\u0113lus un sensoru datus, nodro\u0161inot objekt\u012bvus, detaliz\u0113tus ierakstus anal\u012bzei, apkopes pl\u0101no\u0161anai un digit\u0101lajai sadraudz\u012bbai.<\/li>\n<li data-sourcepos=\"13:1-14:0\"><strong>Uzlabota pieejam\u012bba:<\/strong> Viegli p\u0101rbaudiet gr\u016bti sasniedzam\u0101s vietas, kuras ir gr\u016bti vai neiesp\u0113jami nov\u0113rt\u0113t, izmantojot parastos l\u012bdzek\u013cus.<\/li>\n<\/ul>\n<p data-sourcepos=\"15:1-15:68\"><strong>B\u016btiski akt\u012bvai l\u012bdzek\u013cu p\u0101rvald\u012bbai un dro\u0161\u012bbas garant\u0113\u0161anai:<\/strong><\/p>\n<ul data-sourcepos=\"17:1-19:0\">\n<li data-sourcepos=\"17:1-17:593\"><strong>Kritisk\u0101s infrastrukt\u016bras (komun\u0101lie pakalpojumi, ener\u0123\u0113tika, telekomunik\u0101cijas, transports, r\u016bpniecisk\u0101s r\u016bpn\u012bcas) \u012bpa\u0161niekiem un operatoriem:<\/strong> Proakt\u012bvi p\u0101rvaldiet akt\u012bvu st\u0101vokli, nodro\u0161iniet darb\u012bbas nep\u0101rtraukt\u012bbu un uzlabojiet dro\u0161\u012bbas protokolus. M\u016bsu dronu p\u0101rbaudes atvieglo paredzamo apkopi, identific\u0113jot iesp\u0113jam\u0101s probl\u0113mas, piem\u0113ram, koroziju, plaisas, nopl\u016bdes vai karstos punktus, pirms tie izraisa k\u013c\u016bmes. Samaziniet negaid\u012btu d\u012bkst\u0101ves laiku, optimiz\u0113jiet apkopes grafikus un bud\u017eetus, p\u0101rbaudiet atbilst\u012bbu normat\u012bvajiem aktiem, \u0101tri nov\u0113rt\u0113jiet p\u0113cnotikuma boj\u0101jumus un pagariniet savu v\u0113rt\u012bgo l\u012bdzek\u013cu kalpo\u0161anas laiku, pie\u0146emot apzin\u0101tus l\u0113mumus.<\/li>\n<li data-sourcepos=\"18:1-19:0\"><strong>Valsts a\u0123ent\u016br\u0101m un sabiedrisko darbu iest\u0101d\u0113m:<\/strong> Efekt\u012bvi un rentabli uztur\u0113t sabiedrisk\u0101s infrastrukt\u016bras, piem\u0113ram, tiltu, ce\u013cu, dambju, sabiedrisko \u0113ku un transporta t\u012bklu, dro\u0161\u012bbu un ilgm\u016b\u017e\u012bbu. Drons nodro\u0161ina regul\u0101rus, detaliz\u0113tus st\u0101vok\u013ca nov\u0113rt\u0113jumus, kas ir \u013coti svar\u012bgi efekt\u012bv\u0101m l\u012bdzek\u013cu p\u0101rvald\u012bbas programm\u0101m. Prec\u012bzi nosakiet apkopes vajadz\u012bbas, lai optimiz\u0113tu bud\u017eeta pie\u0161\u0137ir\u0161anu, nodro\u0161in\u0101tu sabiedr\u012bbas dro\u0161\u012bbu, izmantojot proakt\u012bvu struktur\u0101lo vesel\u012bbas uzraudz\u012bbu, p\u0101rraudz\u012btu b\u016bvniec\u012bbas kvalit\u0101ti, veiktu \u0101tru p\u0113ckatastrofas nov\u0113rt\u0113jumu un izveidotu visaptvero\u0161us digit\u0101los ierakstus par b\u016btiskiem valsts l\u012bdzek\u013ciem. Uzlabot infrastrukt\u016bras notur\u012bbu un atbild\u012bbu.<\/li>\n<\/ul>\n<p data-sourcepos=\"20:1-20:18\">\n<div class=\"wpcf7 no-js\" id=\"wpcf7-f84-o1\" lang=\"en-US\" dir=\"ltr\" data-wpcf7-id=\"84\">\n<div class=\"screen-reader-response\"><p role=\"status\" aria-live=\"polite\" aria-atomic=\"true\"><\/p> <ul><\/ul><\/div>\n<form action=\"\/lv\/wp-json\/wp\/v2\/product\/1460#wpcf7-f84-o1\" method=\"post\" class=\"wpcf7-form init\" aria-label=\"Kontaktforma\" novalidate=\"novalidate\" data-status=\"init\" data-trp-original-action=\"\/lv\/wp-json\/wp\/v2\/product\/1460#wpcf7-f84-o1\">\n<div style=\"display: none;\">\n<input type=\"hidden\" name=\"_wpcf7\" value=\"84\" \/>\n<input type=\"hidden\" name=\"_wpcf7_version\" value=\"6.0.6\" \/>\n<input type=\"hidden\" name=\"_wpcf7_locale\" value=\"en_US\" \/>\n<input type=\"hidden\" name=\"_wpcf7_unit_tag\" value=\"wpcf7-f84-o1\" \/>\n<input type=\"hidden\" name=\"_wpcf7_container_post\" value=\"0\" \/>\n<input type=\"hidden\" name=\"_wpcf7_posted_data_hash\" value=\"\" \/>\n<input type=\"hidden\" name=\"_wpcf7_recaptcha_response\" value=\"\" \/>\n<\/div>\n<p><label> J\u016bsu v\u0101rds (oblig\u0101ti)<br \/>\n<span class=\"wpcf7-form-control-wrap\" data-name=\"your-name\"><input size=\"40\" maxlength=\"400\" class=\"wpcf7-form-control wpcf7-text wpcf7-validates-as-required\" aria-required=\"true\" aria-invalid=\"false\" value=\"\" type=\"text\" name=\"your-name\" \/><\/span> <\/label>\n<\/p>\n<p><label> J\u016bsu e-pasts (oblig\u0101ti)<br \/>\n<span class=\"wpcf7-form-control-wrap\" data-name=\"your-email\"><input size=\"40\" maxlength=\"400\" class=\"wpcf7-form-control wpcf7-email wpcf7-validates-as-required wpcf7-text wpcf7-validates-as-email\" aria-required=\"true\" aria-invalid=\"false\" value=\"\" type=\"email\" name=\"your-email\" \/><\/span> <\/label>\n<\/p>\n<p><label> J\u016bsu t\u0101lrunis<br \/>\n<span class=\"wpcf7-form-control-wrap\" data-name=\"tel-199\"><input size=\"40\" maxlength=\"12\" minlength=\"8\" class=\"wpcf7-form-control wpcf7-tel wpcf7-validates-as-required wpcf7-text wpcf7-validates-as-tel\" aria-required=\"true\" aria-invalid=\"false\" value=\"\" type=\"tel\" name=\"tel-199\" \/><\/span> <\/label>\n<\/p>\n<p><label> Priek\u0161mets<br \/>\n<span class=\"wpcf7-form-control-wrap\" data-name=\"your-subject\"><input size=\"40\" maxlength=\"400\" class=\"wpcf7-form-control wpcf7-text\" aria-invalid=\"false\" value=\"\" type=\"text\" name=\"your-subject\" \/><\/span> <\/label>\n<\/p>\n<p><label> J\u016bsu Zi\u0146a<br \/>\n<span class=\"wpcf7-form-control-wrap\" data-name=\"your-message\"><textarea cols=\"40\" rows=\"10\" maxlength=\"2000\" class=\"wpcf7-form-control wpcf7-textarea\" aria-invalid=\"false\" name=\"your-message\"><\/textarea><\/span> <\/label>\n<\/p>\n\n<p><input class=\"wpcf7-form-control wpcf7-submit has-spinner\" type=\"submit\" value=\"S\u016bt\u012bt\" \/>\n<\/p><div class=\"wpcf7-response-output\" aria-hidden=\"true\"><\/div>\n<input type=\"hidden\" name=\"trp-form-language\" value=\"lv\"\/><\/form>\n<\/div>\n<\/p>\n<\/div>","protected":false},"excerpt":{"rendered":"<p>Infrastrukt\u016bras p\u0101rbaudes pakalpojumi Nodro\u0161iniet savas kritisk\u0101s infrastrukt\u016bras dro\u0161\u012bbu, integrit\u0101ti un optim\u0101lu veiktsp\u0113ju, izmantojot m\u016bsu vismodern\u0101kos dronu p\u0101rbaudes pakalpojumus. Izmantojot uzlabotas [\u2026]<\/p>","protected":false},"featured_media":1005,"template":"","meta":[],"product_brand":[57],"product_cat":[54],"product_tag":[],"class_list":{"0":"post-1460","1":"product","2":"type-product","3":"status-publish","4":"has-post-thumbnail","6":"product_brand-dronelab-engineering","7":"product_cat-services","9":"first","10":"instock","11":"shipping-taxable","12":"product-type-simple"},"_links":{"self":[{"href":"https:\/\/dronelab.lv\/lv\/wp-json\/wp\/v2\/product\/1460","targetHints":{"allow":["GET"]}}],"collection":[{"href":"https:\/\/dronelab.lv\/lv\/wp-json\/wp\/v2\/product"}],"about":[{"href":"https:\/\/dronelab.lv\/lv\/wp-json\/wp\/v2\/types\/product"}],"wp:featuredmedia":[{"embeddable":true,"href":"https:\/\/dronelab.lv\/lv\/wp-json\/wp\/v2\/media\/1005"}],"wp:attachment":[{"href":"https:\/\/dronelab.lv\/lv\/wp-json\/wp\/v2\/media?parent=1460"}],"wp:term":[{"taxonomy":"product_brand","embeddable":true,"href":"https:\/\/dronelab.lv\/lv\/wp-json\/wp\/v2\/product_brand?post=1460"},{"taxonomy":"product_cat","embeddable":true,"href":"https:\/\/dronelab.lv\/lv\/wp-json\/wp\/v2\/product_cat?post=1460"},{"taxonomy":"product_tag","embeddable":true,"href":"https:\/\/dronelab.lv\/lv\/wp-json\/wp\/v2\/product_tag?post=1460"}],"curies":[{"name":"wp","href":"https:\/\/api.w.org\/{rel}","templated":true}]}}