{"id":1459,"date":"2025-04-11T16:46:37","date_gmt":"2025-04-11T16:46:37","guid":{"rendered":"https:\/\/dronelab.lv\/?post_type=product&#038;p=1459"},"modified":"2025-04-11T16:46:38","modified_gmt":"2025-04-11T16:46:38","slug":"environmental-survey-services","status":"publish","type":"product","link":"https:\/\/dronelab.lv\/lv\/products\/vides-apsekosanas-pakalpojumi\/","title":{"rendered":"Vides apsekojumu pakalpojumi"},"content":{"rendered":"<div id=\"model-response-message-contentr_7c979a6efa75ba6a\" class=\"markdown markdown-main-panel\" dir=\"ltr\">\n<h2 data-sourcepos=\"1:1-1:32\">Vides apsekojumu pakalpojumi<\/h2>\n<p data-sourcepos=\"3:1-3:556\">G\u016bstiet nep\u0101rsp\u0113jamu ieskatu vides apst\u0101k\u013cos un procesos, izmantojot m\u016bsu vismodern\u0101kos bezpilota lidapar\u0101tu vides apsekojumu risin\u0101jumus. Izvietojot bezpilota antenas sist\u0113mas, kas apr\u012bkotas ar uzlabotiem sensoriem\u00a0\u2014 no augstas iz\u0161\u0137irtsp\u0113jas vizu\u0101laj\u0101m kamer\u0101m l\u012bdz multispektr\u0101lajiem, termiskajiem, LiDAR un gaisa kvalit\u0101tes detektoriem\u00a0\u2014 m\u0113s uztveram visaptvero\u0161us, \u0123eoreferenc\u0113tus datus da\u017e\u0101d\u0101s ainav\u0101s. Tas \u013cauj detaliz\u0113ti analiz\u0113t ve\u0123et\u0101cijas vesel\u012bbu, zemes izmanto\u0161anas mode\u013cus, \u016bdenstilp\u0146u apst\u0101k\u013cus, savva\u013cas biotopus, reljefa stabilit\u0101ti, iesp\u0113jamos pies\u0101r\u0146ojuma notikumus un daudz ko citu.<\/p>\n<p data-sourcepos=\"5:1-5:58\"><strong>K\u0101p\u0113c izv\u0113l\u0113ties dronu tehnolo\u0123iju vides apsekojumiem?<\/strong><\/p>\n<p data-sourcepos=\"7:1-7:212\">Tradicion\u0101lais vides monitorings bie\u017ei ietver pla\u0161us lauka darbus, kas var b\u016bt d\u0101rgi, laikietilp\u012bgi, ierobe\u017eoti un da\u017ek\u0101rt b\u012bstami. Dronu tehnolo\u0123ija nodro\u0161ina izcilu alternat\u012bvu, pied\u0101v\u0101jot:<\/p>\n<ul data-sourcepos=\"9:1-15:0\">\n<li data-sourcepos=\"9:1-9:117\"><strong>Pla\u0161a m\u0113roga p\u0101rkl\u0101jums:<\/strong> Efekt\u012bvi apsekojiet lielas vai gr\u016bti pieejamas teritorijas, \u0101tri ieg\u016bstot konsekventus datus.<\/li>\n<li data-sourcepos=\"10:1-10:146\"><strong>Uzlabota dro\u0161\u012bba:<\/strong> Att\u0101lin\u0101ti nov\u0113rt\u0113jiet potenci\u0101li b\u012bstamas vietas, nestabilu reljefu vai katastrofu skart\u0101s zonas, nov\u0113r\u0161ot riskus person\u0101lam.<\/li>\n<li data-sourcepos=\"11:1-11:160\"><strong>Bag\u0101tin\u0101ta datu ieg\u016b\u0161ana:<\/strong> Izmantojiet vair\u0101kus sensorus vienlaikus, lai sav\u0101ktu da\u017e\u0101dus datu tipus (vizu\u0101los, termiskos, spektr\u0101los) daudzsl\u0101\u0146u izpratnei.<\/li>\n<li data-sourcepos=\"12:1-12:160\"><strong>Efekt\u012bva uzraudz\u012bba:<\/strong> Viegli atk\u0101rtojiet apsekojumus ar regul\u0101riem interv\u0101liem, lai izsekotu vides izmai\u0146\u0101m, uzraudz\u012btu atjauno\u0161anas centienus vai nov\u0113rt\u0113tu ietekmi laika gait\u0101.<\/li>\n<li data-sourcepos=\"13:1-13:130\"><strong>Zema ietekme uz vidi:<\/strong> Veiciet apsekojumus, minim\u0101li trauc\u0113jot jut\u012bg\u0101m ekosist\u0113m\u0101m, savva\u013cas dz\u012bvniekiem un viet\u0113j\u0101m kopien\u0101m.<\/li>\n<li data-sourcepos=\"14:1-15:0\"><strong>Izmaksu efektivit\u0101te:<\/strong> Samaziniet lo\u0123istikas sare\u017e\u0123\u012bt\u012bbu, laiku uz lauka un kop\u0113j\u0101s projekta izmaksas, sal\u012bdzinot ar uz zemes balst\u012bt\u0101m metod\u0113m.<\/li>\n<\/ul>\n<p data-sourcepos=\"16:1-16:69\"><strong>B\u016btiski inform\u0113tai vides p\u0101rvald\u012bbai un atbilst\u012bbai:<\/strong><\/p>\n<ul data-sourcepos=\"18:1-20:0\">\n<li data-sourcepos=\"18:1-18:630\"><strong>Uz\u0146\u0113mumiem un r\u016bpniec\u012bbas operatoriem:<\/strong> Vai iev\u0113rot vides noteikumus, veikt r\u016bp\u012bgus ietekmes uz vidi nov\u0113rt\u0113jumus (IVN), atbild\u012bgi p\u0101rvald\u012bt zemes resursus vai uzraudz\u012bt darb\u012bbas p\u0113das? M\u016bsu bezpilota lidapar\u0101tu apsekojumi sniedz b\u016btiskus datus atbilst\u012bbas p\u0101rbaudei (piem\u0113ram, emisijas, notece), vietas uzraudz\u012bbai (b\u016bvniec\u012bba, melior\u0101cija, erozijas kontrole), prec\u012bzajai lauksaimniec\u012bbai (ra\u017eu stress, \u016bdens apsaimnieko\u0161ana), infrastrukt\u016bras integrit\u0101tes p\u0101rbaud\u0113m (cauru\u013cvadu koridori) un korporat\u012bv\u0101s ilgtsp\u0113jas zi\u0146o\u0161anas stiprin\u0101\u0161anai. Pie\u0146emiet apzin\u0101tus, uz datiem balst\u012btus l\u0113mumus, lai optimiz\u0113tu darb\u012bbas un samazin\u0101tu ietekmi uz vidi.<\/li>\n<li data-sourcepos=\"19:1-20:0\"><strong>Vald\u012bbas a\u0123ent\u016br\u0101m, dabas aizsardz\u012bbas organiz\u0101cij\u0101m un p\u0113tniec\u012bbas iest\u0101d\u0113m:<\/strong> Vai jums ir uzdevums p\u0101rvald\u012bt dabas resursus, aizsarg\u0101t biolo\u0123isko daudzveid\u012bbu, uzraudz\u012bt pies\u0101r\u0146ojumu vai rea\u0123\u0113t uz vides incidentiem? Dronu apsekojumi pied\u0101v\u0101 jaud\u012bgas iesp\u0113jas detaliz\u0113tai biotopu kart\u0113\u0161anai, biolo\u0123isk\u0101s daudzveid\u012bbas uzraudz\u012bbai, pies\u0101r\u0146ojuma avotu un izkliedes izseko\u0161anai, dabas katastrofu (ugunsgr\u0113ku, pl\u016bdu) rad\u012bt\u0101 kait\u0113juma nov\u0113rt\u0113\u0161anai, zemes seguma izmai\u0146u anal\u012bzei, neinvaz\u012bvu savva\u013cas dz\u012bvnieku apsekojumu veik\u0161anai, me\u017eu apsaimnieko\u0161anai un svar\u012bgu datu apkopo\u0161anai klimata p\u0101rmai\u0146u p\u0113t\u012bjumiem. Uzlabojiet savas uzraudz\u012bbas programmas, uzlabojiet saglab\u0101\u0161anas strat\u0113\u0123ijas un atbalstiet politikas izstr\u0101di ar prec\u012bziem, savlaic\u012bgiem un telpiski skaidriem vides datiem.<\/li>\n<\/ul>\n<p data-sourcepos=\"21:1-21:18\">\n<div class=\"wpcf7 no-js\" id=\"wpcf7-f84-o1\" lang=\"en-US\" dir=\"ltr\" data-wpcf7-id=\"84\">\n<div class=\"screen-reader-response\"><p role=\"status\" aria-live=\"polite\" aria-atomic=\"true\"><\/p> <ul><\/ul><\/div>\n<form action=\"\/lv\/wp-json\/wp\/v2\/product\/1459#wpcf7-f84-o1\" method=\"post\" class=\"wpcf7-form init\" aria-label=\"Kontaktforma\" novalidate=\"novalidate\" data-status=\"init\" data-trp-original-action=\"\/lv\/wp-json\/wp\/v2\/product\/1459#wpcf7-f84-o1\">\n<div style=\"display: none;\">\n<input type=\"hidden\" name=\"_wpcf7\" value=\"84\" \/>\n<input type=\"hidden\" name=\"_wpcf7_version\" value=\"6.0.6\" \/>\n<input type=\"hidden\" name=\"_wpcf7_locale\" value=\"en_US\" \/>\n<input type=\"hidden\" name=\"_wpcf7_unit_tag\" value=\"wpcf7-f84-o1\" \/>\n<input type=\"hidden\" name=\"_wpcf7_container_post\" value=\"0\" \/>\n<input type=\"hidden\" name=\"_wpcf7_posted_data_hash\" value=\"\" \/>\n<input type=\"hidden\" name=\"_wpcf7_recaptcha_response\" value=\"\" \/>\n<\/div>\n<p><label> J\u016bsu v\u0101rds (oblig\u0101ti)<br \/>\n<span class=\"wpcf7-form-control-wrap\" data-name=\"your-name\"><input size=\"40\" maxlength=\"400\" class=\"wpcf7-form-control wpcf7-text wpcf7-validates-as-required\" aria-required=\"true\" aria-invalid=\"false\" value=\"\" type=\"text\" name=\"your-name\" \/><\/span> <\/label>\n<\/p>\n<p><label> J\u016bsu e-pasts (oblig\u0101ti)<br \/>\n<span class=\"wpcf7-form-control-wrap\" data-name=\"your-email\"><input size=\"40\" maxlength=\"400\" class=\"wpcf7-form-control wpcf7-email wpcf7-validates-as-required wpcf7-text wpcf7-validates-as-email\" aria-required=\"true\" aria-invalid=\"false\" value=\"\" type=\"email\" name=\"your-email\" \/><\/span> <\/label>\n<\/p>\n<p><label> J\u016bsu t\u0101lrunis<br \/>\n<span class=\"wpcf7-form-control-wrap\" data-name=\"tel-199\"><input size=\"40\" maxlength=\"12\" minlength=\"8\" class=\"wpcf7-form-control wpcf7-tel wpcf7-validates-as-required wpcf7-text wpcf7-validates-as-tel\" aria-required=\"true\" aria-invalid=\"false\" value=\"\" type=\"tel\" name=\"tel-199\" \/><\/span> <\/label>\n<\/p>\n<p><label> Priek\u0161mets<br \/>\n<span class=\"wpcf7-form-control-wrap\" data-name=\"your-subject\"><input size=\"40\" maxlength=\"400\" class=\"wpcf7-form-control wpcf7-text\" aria-invalid=\"false\" value=\"\" type=\"text\" name=\"your-subject\" \/><\/span> <\/label>\n<\/p>\n<p><label> J\u016bsu Zi\u0146a<br \/>\n<span class=\"wpcf7-form-control-wrap\" data-name=\"your-message\"><textarea cols=\"40\" rows=\"10\" maxlength=\"2000\" class=\"wpcf7-form-control wpcf7-textarea\" aria-invalid=\"false\" name=\"your-message\"><\/textarea><\/span> <\/label>\n<\/p>\n\n<p><input class=\"wpcf7-form-control wpcf7-submit has-spinner\" type=\"submit\" value=\"S\u016bt\u012bt\" \/>\n<\/p><div class=\"wpcf7-response-output\" aria-hidden=\"true\"><\/div>\n<input type=\"hidden\" name=\"trp-form-language\" value=\"lv\"\/><\/form>\n<\/div>\n<\/p>\n<\/div>","protected":false},"excerpt":{"rendered":"<p>Vides apsekojumu pakalpojumi G\u016bstiet nep\u0101rsp\u0113jamu ieskatu vides apst\u0101k\u013cos un procesos, izmantojot m\u016bsu vismodern\u0101kos bezpilota lidapar\u0101tu vides apsekojumu risin\u0101jumus. Izvietojot bezpilota antenu [\u2026]<\/p>","protected":false},"featured_media":1310,"template":"","meta":[],"product_brand":[57],"product_cat":[54],"product_tag":[],"class_list":{"0":"post-1459","1":"product","2":"type-product","3":"status-publish","4":"has-post-thumbnail","6":"product_brand-dronelab-engineering","7":"product_cat-services","9":"first","10":"instock","11":"shipping-taxable","12":"product-type-simple"},"_links":{"self":[{"href":"https:\/\/dronelab.lv\/lv\/wp-json\/wp\/v2\/product\/1459","targetHints":{"allow":["GET"]}}],"collection":[{"href":"https:\/\/dronelab.lv\/lv\/wp-json\/wp\/v2\/product"}],"about":[{"href":"https:\/\/dronelab.lv\/lv\/wp-json\/wp\/v2\/types\/product"}],"wp:featuredmedia":[{"embeddable":true,"href":"https:\/\/dronelab.lv\/lv\/wp-json\/wp\/v2\/media\/1310"}],"wp:attachment":[{"href":"https:\/\/dronelab.lv\/lv\/wp-json\/wp\/v2\/media?parent=1459"}],"wp:term":[{"taxonomy":"product_brand","embeddable":true,"href":"https:\/\/dronelab.lv\/lv\/wp-json\/wp\/v2\/product_brand?post=1459"},{"taxonomy":"product_cat","embeddable":true,"href":"https:\/\/dronelab.lv\/lv\/wp-json\/wp\/v2\/product_cat?post=1459"},{"taxonomy":"product_tag","embeddable":true,"href":"https:\/\/dronelab.lv\/lv\/wp-json\/wp\/v2\/product_tag?post=1459"}],"curies":[{"name":"wp","href":"https:\/\/api.w.org\/{rel}","templated":true}]}}