{"id":1458,"date":"2025-04-11T16:43:39","date_gmt":"2025-04-11T16:43:39","guid":{"rendered":"https:\/\/dronelab.lv\/?post_type=product&#038;p=1458"},"modified":"2025-04-11T16:44:59","modified_gmt":"2025-04-11T16:44:59","slug":"bathymetry-hydrography-services","status":"publish","type":"product","link":"https:\/\/dronelab.lv\/lv\/products\/batimetrijas-hidrografijas-pakalpojumi\/","title":{"rendered":"Batimetrijas\/hidrogr\u0101fijas pakalpojumi"},"content":{"rendered":"<div id=\"model-response-message-contentr_f7e5f738f4642795\" class=\"markdown markdown-main-panel\" dir=\"ltr\">\n<h2 data-sourcepos=\"1:1-1:36\">Batimetrijas\/hidrogr\u0101fijas pakalpojumi<\/h2>\n<p data-sourcepos=\"3:1-3:469\">Atveriet detaliz\u0113tu ieskatu zem\u016bdens vid\u0113, izmantojot m\u016bsu uzlabotos batimetrijas un hidrogr\u0101fijas pakalpojumus, kuru pamat\u0101 ir drons. M\u0113s specializ\u0113jamies prec\u012bz\u0101 ezeru, upju, d\u012b\u0137u, \u016bdenskr\u0101tuvju un piekrastes zonu dzi\u013cuma un zem\u016bdens topogr\u0101fijas kart\u0113\u0161an\u0101. Izmantojot visprogres\u012bv\u0101k\u0101s bezpilota sist\u0113mas, kas apr\u012bkotas ar specializ\u0113tiem hidrolokatoru sensoriem (piem\u0113ram, viena stara vai vair\u0101ku staru eholotes), m\u0113s izveidojam prec\u012bzas, augstas iz\u0161\u0137irtsp\u0113jas iegremd\u0113t\u0101 reljefa un zem\u016bdens objektu kartes.<\/p>\n<p data-sourcepos=\"5:1-5:58\"><strong>K\u0101p\u0113c izmantot bezpilota lidapar\u0101tu tehnolo\u0123iju hidrogr\u0101fiskaj\u0101m uzskait\u0113m?<\/strong><\/p>\n<p data-sourcepos=\"7:1-7:232\"><span class=\"citation-0 recitation citation-end-0\">Tradicion\u0101lajai batimetriskajai apseko\u0161anai bie\u017ei ir nepiecie\u0161ami apkalpi ku\u0123i, kas var b\u016bt d\u0101rgi, laikietilp\u012bgi un nepraktiski vai nedro\u0161i seklos, att\u0101los vai aizsprostotos \u016bde\u0146os. <\/span>M\u016bsu uz droniem balst\u012bt\u0101 pieeja pied\u0101v\u0101 at\u0161\u0137ir\u012bgas priek\u0161roc\u012bbas:<\/p>\n<ul data-sourcepos=\"9:1-14:0\">\n<li data-sourcepos=\"9:1-9:125\"><strong>Prec\u012bza kart\u0113\u0161ana:<\/strong> <span class=\"citation-1 recitation citation-end-1\">Uz\u0146emiet prec\u012bzus dzi\u013cuma m\u0113r\u012bjumus un detaliz\u0113tas zem\u016bdens funkcijas, lai ieg\u016btu ticamus datus.<\/span><\/li>\n<li data-sourcepos=\"10:1-10:147\"><strong><span class=\"citation-2 recitation\">\u0100tr\u0101 ievie\u0161ana un aptauja:<\/span><\/strong><span class=\"citation-2 recitation citation-end-2\"> \u0100tri aptveriet noz\u012bm\u012bgas jomas, pa\u0101trinot projekta termi\u0146us sal\u012bdzin\u0101jum\u0101 ar parastaj\u0101m metod\u0113m.<\/span><\/li>\n<li data-sourcepos=\"11:1-11:170\"><strong>Nep\u0101rsp\u0113jama pieejam\u012bba:<\/strong> <span class=\"citation-3 recitation citation-end-3\">Bez piep\u016bles apsekojiet sekl\u0101s \u016bdenstilpes, ierobe\u017eotas teritorijas un vietas, kur tradicion\u0101laj\u0101m laiv\u0101m ir gr\u016bti vai b\u012bstami piek\u013c\u016bt.<\/span><\/li>\n<li data-sourcepos=\"12:1-12:129\"><strong><span class=\"citation-4 recitation\">Izmaksu efektivit\u0101te:<\/span><\/strong><span class=\"citation-4 recitation citation-end-4\"> Samaziniet izdevumus, kas saist\u012bti ar ku\u0123u mobiliz\u0101ciju, liel\u0101m lauka apkalp\u0113m un darb\u012bbas laiku.<\/span><\/li>\n<li data-sourcepos=\"13:1-14:0\"><strong>Integr\u0113tie virsmas un apak\u0161zemes dati:<\/strong> Vienm\u0113r\u012bgi apvienojiet batimetriskos datus ar gaisa kart\u0113\u0161anu (fotogrammetriju\/LiDAR), lai ieg\u016btu visaptvero\u0161us 3D viet\u0146u mode\u013cus.<\/li>\n<\/ul>\n<p data-sourcepos=\"15:1-15:43\"><strong>B\u016btiski dati da\u017e\u0101d\u0101m lietojumprogramm\u0101m:<\/strong><\/p>\n<ul data-sourcepos=\"17:1-19:0\">\n<li data-sourcepos=\"17:1-17:496\"><strong><span class=\"citation-5 recitation\">B\u016bvniec\u012bbas, in\u017eenierzin\u0101t\u0146u un vides konsult\u0101cij\u0101m:<\/span><\/strong><span class=\"citation-5 recitation citation-end-5\"> Prec\u012bzi zem\u016bdens dati ir b\u016btiski, pl\u0101nojot un izpildot projektus, kas saist\u012bti ar \u016bdenstilp\u0113m.<sup class=\"superscript\" data-turn-source-index=\"6\">6<\/sup><\/span> <span class=\"citation-6 recitation citation-end-6\">Ieg\u016bstiet prec\u012bzas batimetrisk\u0101s kartes infrastrukt\u016bras projekt\u0113\u0161anai (tilti, cauru\u013cvadi, doki), bagar\u0113\u0161anas apjoma apr\u0113\u0137iniem, erozijas monitoringam, vietu nov\u0113rt\u0113jumiem, biotopu kart\u0113\u0161anai un pirms\/p\u0113c b\u016bvniec\u012bbas apsekojumiem.<sup class=\"superscript\" data-turn-source-index=\"7\">7<\/sup><\/span> Pie\u0146emiet svar\u012bgus l\u0113mumus ar p\u0101rliec\u012bbu, pamatojoties uz detaliz\u0113tu un uzticamu inform\u0101ciju par zem\u016bdens virsmu.<\/li>\n<li data-sourcepos=\"18:1-19:0\"><strong><span class=\"citation-7 recitation\">Vald\u012bbas a\u0123ent\u016br\u0101m, ostu p\u0101rvald\u0113m un p\u0113tniec\u012bbas iest\u0101d\u0113m:<\/span><\/strong><span class=\"citation-7 recitation citation-end-7\"> Efekt\u012bva \u016bdens resursu p\u0101rvald\u012bba un izpratne balst\u0101s uz jaun\u0101kajiem hidrogr\u0101fijas datiem.<sup class=\"superscript\" data-turn-source-index=\"8\">8<\/sup><\/span> Izmantojiet m\u016bsu pakalpojumus, lai atjaunin\u0101tu iek\u0161\u0113jo \u016bdensce\u013cu navig\u0101cijas inform\u0101ciju, uzraudz\u012btu sediment\u0101ciju rezervu\u0101ros un up\u0113s, nov\u0113rt\u0113tu \u016bdens uzkr\u0101\u0161anas kapacit\u0101ti, kart\u0113tu palienes, p\u0113t\u012btu piekrastes izmai\u0146as, raksturotu \u016bdens biotopus un atbalst\u012btu zin\u0101tniskos p\u0113t\u012bjumus. <span class=\"citation-8 recitation citation-end-8\">Uzlabojiet resursu p\u0101rvald\u012bbu, infrastrukt\u016bras pl\u0101no\u0161anu un vides aizsardz\u012bbas pas\u0101kumus, izmantojot efekt\u012bvu un prec\u012bzu zem\u016bdens kart\u0113\u0161anu.<sup class=\"superscript\" data-turn-source-index=\"9\">9<\/sup><\/span><\/li>\n<\/ul>\n<p data-sourcepos=\"20:1-20:18\">\n<div class=\"wpcf7 no-js\" id=\"wpcf7-f84-o1\" lang=\"en-US\" dir=\"ltr\" data-wpcf7-id=\"84\">\n<div class=\"screen-reader-response\"><p role=\"status\" aria-live=\"polite\" aria-atomic=\"true\"><\/p> <ul><\/ul><\/div>\n<form action=\"\/lv\/wp-json\/wp\/v2\/product\/1458#wpcf7-f84-o1\" method=\"post\" class=\"wpcf7-form init\" aria-label=\"Kontaktforma\" novalidate=\"novalidate\" data-status=\"init\" data-trp-original-action=\"\/lv\/wp-json\/wp\/v2\/product\/1458#wpcf7-f84-o1\">\n<div style=\"display: none;\">\n<input type=\"hidden\" name=\"_wpcf7\" value=\"84\" \/>\n<input type=\"hidden\" name=\"_wpcf7_version\" value=\"6.0.6\" \/>\n<input type=\"hidden\" name=\"_wpcf7_locale\" value=\"en_US\" \/>\n<input type=\"hidden\" name=\"_wpcf7_unit_tag\" value=\"wpcf7-f84-o1\" \/>\n<input type=\"hidden\" name=\"_wpcf7_container_post\" value=\"0\" \/>\n<input type=\"hidden\" name=\"_wpcf7_posted_data_hash\" value=\"\" \/>\n<input type=\"hidden\" name=\"_wpcf7_recaptcha_response\" value=\"\" \/>\n<\/div>\n<p><label> J\u016bsu v\u0101rds (oblig\u0101ti)<br \/>\n<span class=\"wpcf7-form-control-wrap\" data-name=\"your-name\"><input size=\"40\" maxlength=\"400\" class=\"wpcf7-form-control wpcf7-text wpcf7-validates-as-required\" aria-required=\"true\" aria-invalid=\"false\" value=\"\" type=\"text\" name=\"your-name\" \/><\/span> <\/label>\n<\/p>\n<p><label> J\u016bsu e-pasts (oblig\u0101ti)<br \/>\n<span class=\"wpcf7-form-control-wrap\" data-name=\"your-email\"><input size=\"40\" maxlength=\"400\" class=\"wpcf7-form-control wpcf7-email wpcf7-validates-as-required wpcf7-text wpcf7-validates-as-email\" aria-required=\"true\" aria-invalid=\"false\" value=\"\" type=\"email\" name=\"your-email\" \/><\/span> <\/label>\n<\/p>\n<p><label> J\u016bsu t\u0101lrunis<br \/>\n<span class=\"wpcf7-form-control-wrap\" data-name=\"tel-199\"><input size=\"40\" maxlength=\"12\" minlength=\"8\" class=\"wpcf7-form-control wpcf7-tel wpcf7-validates-as-required wpcf7-text wpcf7-validates-as-tel\" aria-required=\"true\" aria-invalid=\"false\" value=\"\" type=\"tel\" name=\"tel-199\" \/><\/span> <\/label>\n<\/p>\n<p><label> Priek\u0161mets<br \/>\n<span class=\"wpcf7-form-control-wrap\" data-name=\"your-subject\"><input size=\"40\" maxlength=\"400\" class=\"wpcf7-form-control wpcf7-text\" aria-invalid=\"false\" value=\"\" type=\"text\" name=\"your-subject\" \/><\/span> <\/label>\n<\/p>\n<p><label> J\u016bsu Zi\u0146a<br \/>\n<span class=\"wpcf7-form-control-wrap\" data-name=\"your-message\"><textarea cols=\"40\" rows=\"10\" maxlength=\"2000\" class=\"wpcf7-form-control wpcf7-textarea\" aria-invalid=\"false\" name=\"your-message\"><\/textarea><\/span> <\/label>\n<\/p>\n\n<p><input class=\"wpcf7-form-control wpcf7-submit has-spinner\" type=\"submit\" value=\"S\u016bt\u012bt\" \/>\n<\/p><div class=\"wpcf7-response-output\" aria-hidden=\"true\"><\/div>\n<input type=\"hidden\" name=\"trp-form-language\" value=\"lv\"\/><\/form>\n<\/div>\n<\/p>\n<\/div>","protected":false},"excerpt":{"rendered":"<p>Batimetrijas\/hidrogr\u0101fijas pakalpojumi Ieg\u016bstiet detaliz\u0113tu ieskatu zem\u016bdens vid\u0113, izmantojot m\u016bsu uzlabotos batimetrijas un hidrogr\u0101fijas pakalpojumus, kas balst\u012bti uz droniem. M\u0113s specializ\u0113jamies prec\u012bzi [\u2026]<\/p>","protected":false},"featured_media":658,"template":"","meta":[],"product_brand":[57],"product_cat":[54],"product_tag":[],"class_list":{"0":"post-1458","1":"product","2":"type-product","3":"status-publish","4":"has-post-thumbnail","6":"product_brand-dronelab-engineering","7":"product_cat-services","9":"first","10":"instock","11":"shipping-taxable","12":"product-type-simple"},"_links":{"self":[{"href":"https:\/\/dronelab.lv\/lv\/wp-json\/wp\/v2\/product\/1458","targetHints":{"allow":["GET"]}}],"collection":[{"href":"https:\/\/dronelab.lv\/lv\/wp-json\/wp\/v2\/product"}],"about":[{"href":"https:\/\/dronelab.lv\/lv\/wp-json\/wp\/v2\/types\/product"}],"wp:featuredmedia":[{"embeddable":true,"href":"https:\/\/dronelab.lv\/lv\/wp-json\/wp\/v2\/media\/658"}],"wp:attachment":[{"href":"https:\/\/dronelab.lv\/lv\/wp-json\/wp\/v2\/media?parent=1458"}],"wp:term":[{"taxonomy":"product_brand","embeddable":true,"href":"https:\/\/dronelab.lv\/lv\/wp-json\/wp\/v2\/product_brand?post=1458"},{"taxonomy":"product_cat","embeddable":true,"href":"https:\/\/dronelab.lv\/lv\/wp-json\/wp\/v2\/product_cat?post=1458"},{"taxonomy":"product_tag","embeddable":true,"href":"https:\/\/dronelab.lv\/lv\/wp-json\/wp\/v2\/product_tag?post=1458"}],"curies":[{"name":"wp","href":"https:\/\/api.w.org\/{rel}","templated":true}]}}