{"id":1456,"date":"2025-04-11T16:41:06","date_gmt":"2025-04-11T16:41:06","guid":{"rendered":"https:\/\/dronelab.lv\/?post_type=product&#038;p=1456"},"modified":"2025-04-16T06:14:04","modified_gmt":"2025-04-16T06:14:04","slug":"aquaculture-inspection-services","status":"publish","type":"product","link":"https:\/\/dronelab.lv\/lv\/products\/akvakulturas-inspekcijas-pakalpojumi\/","title":{"rendered":"Akvakult\u016bras inspekcijas pakalpojumi"},"content":{"rendered":"<div id=\"model-response-message-contentr_cc7d47a6690e73c9\" class=\"markdown markdown-main-panel\" dir=\"ltr\">\n<p data-sourcepos=\"3:1-3:575\">Veiciniet revol\u016bciju \u016bdens lauksaimniec\u012bbas darb\u012bbu p\u0101rraudz\u012bb\u0101 un p\u0101rvald\u012bb\u0101, izmantojot progres\u012bvus uz droniem balst\u012btus p\u0101rbaudes risin\u0101jumus. Izmantojot vismodern\u0101kos bezpilota gaisa un zem\u016bdens transportl\u012bdzek\u013cus, kas apr\u012bkoti ar augstas iz\u0161\u0137irtsp\u0113jas kamer\u0101m un specializ\u0113tiem sensoriem, m\u0113s sniedzam visaptvero\u0161us j\u016bsu akvakult\u016bras objektu nov\u0113rt\u0113jumus. M\u016bsu tehnolo\u0123ija \u013cauj detaliz\u0113ti vizu\u0101li p\u0101rbaud\u012bt t\u012bklus, b\u016brus, pietauvo\u0161an\u0101s vietas un citu infrastrukt\u016bru gan virs, gan zem \u016bdensl\u012bnijas. P\u0101rraugiet zivju vesel\u012bbu, uzved\u012bbu, baro\u0161anas mode\u013cus un vides apst\u0101k\u013cus ar nepieredz\u0113tu skaidr\u012bbu un efektivit\u0101ti.<\/p>\n<p data-sourcepos=\"5:1-5:53\"><strong>K\u0101p\u0113c invest\u0113t uz droniem balst\u012bt\u0101 akvakult\u016bras p\u0101rbaud\u0113?<\/strong><\/p>\n<p data-sourcepos=\"7:1-7:231\">Tradicion\u0101l\u0101s p\u0101rbaudes metodes, kur\u0101s iesaist\u012bti \u016bdensl\u012bd\u0113ji vai apkalpes ku\u0123i, var b\u016bt laikietilp\u012bgas, d\u0101rgas, lo\u0123istiski sare\u017e\u0123\u012btas un potenci\u0101li kait\u0113t j\u016bsu kr\u0101jumiem un videi. Dronu tehnolo\u0123ija p\u0101rvar \u0161\u012bs probl\u0113mas, pied\u0101v\u0101jot:<\/p>\n<ul data-sourcepos=\"9:1-14:0\">\n<li data-sourcepos=\"9:1-9:117\"><strong>Uzlabota efektivit\u0101te:<\/strong> \u0100tri apsekojiet lielas plat\u012bbas un sare\u017e\u0123\u012btas strukt\u016bras, iev\u0113rojami samazinot p\u0101rbaudes laiku.<\/li>\n<li data-sourcepos=\"10:1-10:117\"><strong>Uzlabota dro\u0161\u012bba:<\/strong> Samaziniet riskus, kas saist\u012bti ar cilv\u0113ku nir\u0161anas darb\u012bb\u0101m sare\u017e\u0123\u012bt\u0101 zem\u016bdens vid\u0113.<\/li>\n<li data-sourcepos=\"11:1-11:109\"><strong>Izmaksu samazin\u0101\u0161ana:<\/strong> Zem\u0101kas darb\u012bbas izmaksas, sal\u012bdzinot ar laivu nomu, nir\u0161anas komand\u0101m un saist\u012bto lo\u0123istiku.<\/li>\n<li data-sourcepos=\"12:1-12:183\"><strong>Izcila datu kvalit\u0101te:<\/strong> Ieg\u016bstiet augstas iz\u0161\u0137irtsp\u0113jas att\u0113lus, video un sensoru datus (piem., termiskos, multispektros) prec\u012bzai anal\u012bzei, uzskaitei un apzin\u0101tu l\u0113mumu pie\u0146em\u0161anai.<\/li>\n<li data-sourcepos=\"13:1-14:0\"><strong>Minim\u0101li trauc\u0113jumi:<\/strong> Veiciet p\u0101rbaudes, maz\u0101k trauc\u0113jot zivju uzved\u012bbu un \u016bdens ekosist\u0113mu.<\/li>\n<\/ul>\n<p data-sourcepos=\"15:1-15:64\"><strong>B\u016btiski m\u016bsdienu akvakult\u016bras oper\u0101cij\u0101m un uzraudz\u012bbai:<\/strong><\/p>\n<ul data-sourcepos=\"17:1-19:0\">\n<li data-sourcepos=\"17:1-17:485\"><strong>Akvakult\u016bras uz\u0146\u0113mumiem:<\/strong> Proakt\u012bvi identific\u0113jiet iesp\u0113jam\u0101s probl\u0113mas, piem\u0113ram, neto boj\u0101jumus, struktur\u0101l\u0101s nepiln\u012bbas vai agr\u012bnas slim\u012bbas paz\u012bmes, pirms t\u0101s ietekm\u0113 j\u016bsu rezult\u0101tu. Optimiz\u0113jiet baro\u0161anas strat\u0113\u0123ijas, prec\u012bzi nov\u0113rt\u0113jiet kr\u0101jumu st\u0101vokli un bl\u012bvumu, p\u0101rbaudiet infrastrukt\u016bras integrit\u0101ti un nodro\u0161iniet atbilst\u012bbu nozares standartiem. Racionaliz\u0113jiet p\u0101rbaudes procesus, samaziniet darb\u012bbas izmaksas un palieliniet savas saimniec\u012bbas produktivit\u0101ti un vesel\u012bbu ar objekt\u012bviem, atk\u0101rtojamiem datiem.<\/li>\n<li data-sourcepos=\"18:1-19:0\"><strong>Vald\u012bbas a\u0123ent\u016br\u0101m un p\u0113tniec\u012bbas iest\u0101d\u0113m:<\/strong> Ieg\u016bstiet jaud\u012bgu, neinvaz\u012bvu r\u012bku efekt\u012bvai reglament\u0113jo\u0161ai uzraudz\u012bbai, vides uzraudz\u012bbai un zin\u0101tniskai izp\u0113tei. Efekt\u012bvi veiciet vietas nov\u0113rt\u0113\u0161anu, uzraugiet atbilst\u012bbu at\u013cauj\u0101m un vides noteikumiem, nov\u0113rt\u0113jiet akvakult\u016bras darb\u012bbu ietekmi uz apk\u0101rt\u0113jo ekosist\u0113mu un v\u0101ciet b\u016btiskus datus p\u0113tniec\u012bbas nol\u016bkos bez pla\u0161\u0101m lauka komand\u0101m vai ku\u0123u izvieto\u0161anas. Uzlabojiet savas uzraudz\u012bbas iesp\u0113jas un veiciniet ilgtsp\u0113j\u012bgu praksi, izmantojot uzticamu augstas iz\u0161\u0137irtsp\u0113jas datu ieg\u016b\u0161anu.<\/li>\n<\/ul>\n<p data-sourcepos=\"20:1-20:18\">\n<div class=\"wpcf7 no-js\" id=\"wpcf7-f84-o1\" lang=\"en-US\" dir=\"ltr\" data-wpcf7-id=\"84\">\n<div class=\"screen-reader-response\"><p role=\"status\" aria-live=\"polite\" aria-atomic=\"true\"><\/p> <ul><\/ul><\/div>\n<form action=\"\/lv\/wp-json\/wp\/v2\/product\/1456#wpcf7-f84-o1\" method=\"post\" class=\"wpcf7-form init\" aria-label=\"Kontaktforma\" novalidate=\"novalidate\" data-status=\"init\" data-trp-original-action=\"\/lv\/wp-json\/wp\/v2\/product\/1456#wpcf7-f84-o1\">\n<div style=\"display: none;\">\n<input type=\"hidden\" name=\"_wpcf7\" value=\"84\" \/>\n<input type=\"hidden\" name=\"_wpcf7_version\" value=\"6.0.6\" \/>\n<input type=\"hidden\" name=\"_wpcf7_locale\" value=\"en_US\" \/>\n<input type=\"hidden\" name=\"_wpcf7_unit_tag\" value=\"wpcf7-f84-o1\" \/>\n<input type=\"hidden\" name=\"_wpcf7_container_post\" value=\"0\" \/>\n<input type=\"hidden\" name=\"_wpcf7_posted_data_hash\" value=\"\" \/>\n<input type=\"hidden\" name=\"_wpcf7_recaptcha_response\" value=\"\" \/>\n<\/div>\n<p><label> J\u016bsu v\u0101rds (oblig\u0101ti)<br \/>\n<span class=\"wpcf7-form-control-wrap\" data-name=\"your-name\"><input size=\"40\" maxlength=\"400\" class=\"wpcf7-form-control wpcf7-text wpcf7-validates-as-required\" aria-required=\"true\" aria-invalid=\"false\" value=\"\" type=\"text\" name=\"your-name\" \/><\/span> <\/label>\n<\/p>\n<p><label> J\u016bsu e-pasts (oblig\u0101ti)<br \/>\n<span class=\"wpcf7-form-control-wrap\" data-name=\"your-email\"><input size=\"40\" maxlength=\"400\" class=\"wpcf7-form-control wpcf7-email wpcf7-validates-as-required wpcf7-text wpcf7-validates-as-email\" aria-required=\"true\" aria-invalid=\"false\" value=\"\" type=\"email\" name=\"your-email\" \/><\/span> <\/label>\n<\/p>\n<p><label> J\u016bsu t\u0101lrunis<br \/>\n<span class=\"wpcf7-form-control-wrap\" data-name=\"tel-199\"><input size=\"40\" maxlength=\"12\" minlength=\"8\" class=\"wpcf7-form-control wpcf7-tel wpcf7-validates-as-required wpcf7-text wpcf7-validates-as-tel\" aria-required=\"true\" aria-invalid=\"false\" value=\"\" type=\"tel\" name=\"tel-199\" \/><\/span> <\/label>\n<\/p>\n<p><label> Priek\u0161mets<br \/>\n<span class=\"wpcf7-form-control-wrap\" data-name=\"your-subject\"><input size=\"40\" maxlength=\"400\" class=\"wpcf7-form-control wpcf7-text\" aria-invalid=\"false\" value=\"\" type=\"text\" name=\"your-subject\" \/><\/span> <\/label>\n<\/p>\n<p><label> J\u016bsu Zi\u0146a<br \/>\n<span class=\"wpcf7-form-control-wrap\" data-name=\"your-message\"><textarea cols=\"40\" rows=\"10\" maxlength=\"2000\" class=\"wpcf7-form-control wpcf7-textarea\" aria-invalid=\"false\" name=\"your-message\"><\/textarea><\/span> <\/label>\n<\/p>\n\n<p><input class=\"wpcf7-form-control wpcf7-submit has-spinner\" type=\"submit\" value=\"S\u016bt\u012bt\" \/>\n<\/p><div class=\"wpcf7-response-output\" aria-hidden=\"true\"><\/div>\n<input type=\"hidden\" name=\"trp-form-language\" value=\"lv\"\/><\/form>\n<\/div>\n<\/p>\n<\/div>","protected":false},"excerpt":{"rendered":"<p>Veiciniet revol\u016bciju \u016bdens lauksaimniec\u012bbas darb\u012bbu p\u0101rraudz\u012bb\u0101 un p\u0101rvald\u012bb\u0101, izmantojot progres\u012bvus uz droniem balst\u012btus p\u0101rbaudes risin\u0101jumus. Izmantojot vismodern\u0101kos bezpilota gaisa un zem\u016bdens transportl\u012bdzek\u013cus, kas apr\u012bkoti [\u2026]<\/p>","protected":false},"featured_media":1304,"template":"","meta":[],"product_brand":[57],"product_cat":[54],"product_tag":[],"class_list":{"0":"post-1456","1":"product","2":"type-product","3":"status-publish","4":"has-post-thumbnail","6":"product_brand-dronelab-engineering","7":"product_cat-services","9":"first","10":"instock","11":"shipping-taxable","12":"product-type-simple"},"_links":{"self":[{"href":"https:\/\/dronelab.lv\/lv\/wp-json\/wp\/v2\/product\/1456","targetHints":{"allow":["GET"]}}],"collection":[{"href":"https:\/\/dronelab.lv\/lv\/wp-json\/wp\/v2\/product"}],"about":[{"href":"https:\/\/dronelab.lv\/lv\/wp-json\/wp\/v2\/types\/product"}],"wp:featuredmedia":[{"embeddable":true,"href":"https:\/\/dronelab.lv\/lv\/wp-json\/wp\/v2\/media\/1304"}],"wp:attachment":[{"href":"https:\/\/dronelab.lv\/lv\/wp-json\/wp\/v2\/media?parent=1456"}],"wp:term":[{"taxonomy":"product_brand","embeddable":true,"href":"https:\/\/dronelab.lv\/lv\/wp-json\/wp\/v2\/product_brand?post=1456"},{"taxonomy":"product_cat","embeddable":true,"href":"https:\/\/dronelab.lv\/lv\/wp-json\/wp\/v2\/product_cat?post=1456"},{"taxonomy":"product_tag","embeddable":true,"href":"https:\/\/dronelab.lv\/lv\/wp-json\/wp\/v2\/product_tag?post=1456"}],"curies":[{"name":"wp","href":"https:\/\/api.w.org\/{rel}","templated":true}]}}