{"id":1455,"date":"2025-04-11T16:36:26","date_gmt":"2025-04-11T16:36:26","guid":{"rendered":"https:\/\/dronelab.lv\/?post_type=product&#038;p=1455"},"modified":"2025-04-14T05:12:22","modified_gmt":"2025-04-14T05:12:22","slug":"underwater-drone-rov-operations","status":"publish","type":"product","link":"https:\/\/dronelab.lv\/lv\/products\/uzlabotas-zemudens-dronu-rov-darbibas\/","title":{"rendered":"Zem\u016bdens dronu un ROV oper\u0101cijas"},"content":{"rendered":"<div id=\"model-response-message-contentr_104850722f488809\" class=\"markdown markdown-main-panel\" dir=\"ltr\">\n<h2 data-sourcepos=\"1:1-1:99\">Uzlabotas zem\u016bdens dronu un ROV darb\u012bbas: prec\u012bza zem\u016bdens p\u0101rbaude un uzdevumu izpilde<\/h2>\n<p data-sourcepos=\"5:1-5:774\">Piek\u013c\u016bstiet un izprotiet zem\u016bdens pasauli k\u0101 nekad agr\u0101k, izmantojot m\u016bsu specializ\u0113to zem\u016bdens dronu un ROV oper\u0101ciju pakalpojumu. M\u0113s izmantojam vismodern\u0101kos att\u0101lin\u0101ti vad\u0101mus transportl\u012bdzek\u013cus (ROV), kas paz\u012bstami ar\u012b k\u0101 zem\u016bdens droni, kas apr\u012bkoti ar augstas iz\u0161\u0137irtsp\u0113jas videokamer\u0101m, jaud\u012bg\u0101m apgaismojuma sist\u0113m\u0101m, progres\u012bvu son\u0101ra att\u0113lveido\u0161anas tehnolo\u0123iju, manipulatora svir\u0101m gaismas uzdevumu veik\u0161anai un vides sensoru komplektu. M\u016bsu augsti kvalific\u0113tie un sertific\u0113tie operatori prasm\u012bgi pilot\u0113 \u0161\u012bs izsmalcin\u0101t\u0101s sist\u0113mas, lai veiktu detaliz\u0113tas vizu\u0101las p\u0101rbaudes, veiktu nesagraujo\u0161u testu atbalstu, sav\u0101ktu svar\u012bgus vides datus, kart\u0113tu zem\u016bdens reljefu un strukt\u016bras un veiktu \u012bpa\u0161as zem\u016bdens darb\u012bbas ar izcilu precizit\u0101ti un kontroli pat sare\u017e\u0123\u012btos apst\u0101k\u013cos.<\/p>\n<p data-sourcepos=\"7:1-7:37\"><strong>K\u0101p\u0113c \u0161\u012b tehnolo\u0123ija ir b\u016btiska:<\/strong><\/p>\n<p data-sourcepos=\"9:1-9:889\">Tradicion\u0101l\u0101s zem\u016bdens p\u0101rbaudes un darba metodes, piem\u0113ram, \u016bdensl\u012bd\u0113ju izvieto\u0161ana, bie\u017ei saskaras ar iev\u0113rojamiem ierobe\u017eojumiem dzi\u013cuma ierobe\u017eojumu, b\u012bstamu apst\u0101k\u013cu (straumes, pies\u0101r\u0146ojuma, sliktas redzam\u012bbas), sl\u0113gtu telpu, ilgsto\u0161as iedarb\u012bbas pras\u012bbu vai p\u0101rm\u0113r\u012bgu izmaksu un risku d\u0113\u013c. ROV efekt\u012bvi p\u0101rvar daudzas no \u0161\u012bm probl\u0113m\u0101m, nodro\u0161inot dro\u0161us, daudzpus\u012bgus un \u0101rk\u0101rt\u012bgi efekt\u012bvus l\u012bdzek\u013cus darbam zem virsmas. Tie piln\u012bb\u0101 nov\u0113r\u0161 tie\u0161u cilv\u0113ku risku potenci\u0101li b\u012bstam\u0101 vid\u0113, pied\u0101v\u0101 iev\u0113rojami ilg\u0101kus darb\u012bbas dibena laikus, sal\u012bdzinot ar \u016bdensl\u012bd\u0113jiem, nodro\u0161ina konsekventu un kvalitat\u012bvu datu v\u0101k\u0161anu un nodro\u0161ina uzticamu piek\u013cuvi viet\u0101m, kas person\u0101lam var\u0113tu b\u016bt neaizsniedzamas vai p\u0101r\u0101k b\u012bstamas. \u0160\u012b tehnolo\u0123ija nodro\u0161ina bie\u017e\u0101ku, r\u016bp\u012bg\u0101ku, objekt\u012bv\u0101ku un bie\u017ei vien izmaksu zi\u0146\u0101 efekt\u012bv\u0101ku uzraudz\u012bbu un mijiedarb\u012bbu ar zem\u016bdens akt\u012bviem un vidi.<\/p>\n<p data-sourcepos=\"11:1-11:89\"><strong>Atblo\u0137\u0113jiet jaunas iesp\u0113jas savai organiz\u0101cijai (uz\u0146\u0113mumiem, vald\u012bb\u0101m, iest\u0101d\u0113m):<\/strong><\/p>\n<p data-sourcepos=\"13:1-13:267\">Uz\u0146\u0113mumiem, kas p\u0101rvalda kritiskos j\u016bras vai sald\u016bdens resursus, valsts a\u0123ent\u016br\u0101m, kas ir atbild\u012bgas par \u016bdensce\u013cu un svar\u012bgas infrastrukt\u016bras p\u0101rraudz\u012bbu, un iest\u0101d\u0113m, kas veic \u016bdens izp\u0113ti vai vides monitoringu, m\u016bsu ROV pakalpojumi pied\u0101v\u0101 p\u0101rveidojo\u0161as priek\u0161roc\u012bbas:<\/p>\n<ul data-sourcepos=\"15:1-19:0\">\n<li data-sourcepos=\"15:1-15:315\"><strong>Uzlabojiet infrastrukt\u016bras integrit\u0101ti:<\/strong> Racionaliz\u0113t un uzlabot ku\u0123u korpusu, pietauvo\u0161an\u0101s vietu, cauru\u013cvadu, kabe\u013cu, tiltu, dambju, rezervu\u0101ru, iepl\u016bdes\/izpl\u016bdes vietu un atkl\u0101t\u0101 j\u016br\u0101 eso\u0161o konstrukciju p\u0101rbau\u017eu dro\u0161\u012bbu un efektivit\u0101ti. Ieg\u016bstiet skaidrus vizu\u0101lus pier\u0101d\u012bjumus un sensoru datus tehnisk\u0101s apkopes pl\u0101no\u0161anai un strukt\u016bras nov\u0113rt\u0113\u0161anai.<\/li>\n<li data-sourcepos=\"16:1-16:198\"><strong>Uzlabot vides uzraudz\u012bbu:<\/strong> Veikt detaliz\u0113tus ietekmes uz vidi nov\u0113rt\u0113jumus, bentosa biotopu kart\u0113\u0161anu, \u016bdens kvalit\u0101tes paraugu \u0146em\u0161anas atbalstu un uzraudz\u012bt \u016bdens dz\u012bvi ar minim\u0101liem trauc\u0113jumiem.<\/li>\n<li data-sourcepos=\"17:1-17:228\"><strong>Stiprin\u0101t dro\u0161\u012bbu un sabiedrisko dro\u0161\u012bbu:<\/strong> Veiciet zem\u016bdens dro\u0161\u012bbas p\u0101rbaudes, kontrabandas korpusa p\u0101rbaudes, iegremd\u0113tu objektu vai pier\u0101d\u012bjumu mekl\u0113\u0161anas un atg\u016b\u0161anas darb\u012bbas, k\u0101 ar\u012b pal\u012bdziet zem\u016bdens krimin\u0101listikas izmekl\u0113\u0161an\u0101.<\/li>\n<li data-sourcepos=\"18:1-19:0\"><strong>Atbalsts p\u0113tniec\u012bbai un resursu p\u0101rvald\u012bbai:<\/strong> Ieg\u016bstiet augstas iz\u0161\u0137irtsp\u0113jas vizu\u0101los un sensoru datus zin\u0101tniskiem p\u0113t\u012bjumiem, arheolo\u0123isko vietu apsekojumiem un zivsaimniec\u012bbas p\u0101rvald\u012bbai bez invaz\u012bv\u0101m metod\u0113m.<\/li>\n<\/ul>\n<p data-sourcepos=\"20:1-20:290\">M\u016bsu uzlabot\u0101s ROV darb\u012bbas nodro\u0161ina objekt\u012bvu, praktiski izmantojamu inform\u0101ciju \u0101tri, dro\u0161i un efekt\u012bvi. Samaziniet kop\u0113j\u0101s projekta izmaksas un termi\u0146us, iev\u0113rojami samaziniet darb\u012bbas un cilv\u0113ku riskus un ieg\u016bstiet nep\u0101rsp\u0113jamu ieskatu apst\u0101k\u013cos un akt\u012bvos, kas pasl\u0113pti zem virsmas.<\/p>\n<p data-sourcepos=\"20:1-20:290\">\n<div class=\"wpcf7 no-js\" id=\"wpcf7-f84-o1\" lang=\"en-US\" dir=\"ltr\" data-wpcf7-id=\"84\">\n<div class=\"screen-reader-response\"><p role=\"status\" aria-live=\"polite\" aria-atomic=\"true\"><\/p> <ul><\/ul><\/div>\n<form action=\"\/lv\/wp-json\/wp\/v2\/product\/1455#wpcf7-f84-o1\" method=\"post\" class=\"wpcf7-form init\" aria-label=\"Kontaktforma\" novalidate=\"novalidate\" data-status=\"init\" data-trp-original-action=\"\/lv\/wp-json\/wp\/v2\/product\/1455#wpcf7-f84-o1\">\n<div style=\"display: none;\">\n<input type=\"hidden\" name=\"_wpcf7\" value=\"84\" \/>\n<input type=\"hidden\" name=\"_wpcf7_version\" value=\"6.0.6\" \/>\n<input type=\"hidden\" name=\"_wpcf7_locale\" value=\"en_US\" \/>\n<input type=\"hidden\" name=\"_wpcf7_unit_tag\" value=\"wpcf7-f84-o1\" \/>\n<input type=\"hidden\" name=\"_wpcf7_container_post\" value=\"0\" \/>\n<input type=\"hidden\" name=\"_wpcf7_posted_data_hash\" value=\"\" \/>\n<input type=\"hidden\" name=\"_wpcf7_recaptcha_response\" value=\"\" \/>\n<\/div>\n<p><label> J\u016bsu v\u0101rds (oblig\u0101ti)<br \/>\n<span class=\"wpcf7-form-control-wrap\" data-name=\"your-name\"><input size=\"40\" maxlength=\"400\" class=\"wpcf7-form-control wpcf7-text wpcf7-validates-as-required\" aria-required=\"true\" aria-invalid=\"false\" value=\"\" type=\"text\" name=\"your-name\" \/><\/span> <\/label>\n<\/p>\n<p><label> J\u016bsu e-pasts (oblig\u0101ti)<br \/>\n<span class=\"wpcf7-form-control-wrap\" data-name=\"your-email\"><input size=\"40\" maxlength=\"400\" class=\"wpcf7-form-control wpcf7-email wpcf7-validates-as-required wpcf7-text wpcf7-validates-as-email\" aria-required=\"true\" aria-invalid=\"false\" value=\"\" type=\"email\" name=\"your-email\" \/><\/span> <\/label>\n<\/p>\n<p><label> J\u016bsu t\u0101lrunis<br \/>\n<span class=\"wpcf7-form-control-wrap\" data-name=\"tel-199\"><input size=\"40\" maxlength=\"12\" minlength=\"8\" class=\"wpcf7-form-control wpcf7-tel wpcf7-validates-as-required wpcf7-text wpcf7-validates-as-tel\" aria-required=\"true\" aria-invalid=\"false\" value=\"\" type=\"tel\" name=\"tel-199\" \/><\/span> <\/label>\n<\/p>\n<p><label> Priek\u0161mets<br \/>\n<span class=\"wpcf7-form-control-wrap\" data-name=\"your-subject\"><input size=\"40\" maxlength=\"400\" class=\"wpcf7-form-control wpcf7-text\" aria-invalid=\"false\" value=\"\" type=\"text\" name=\"your-subject\" \/><\/span> <\/label>\n<\/p>\n<p><label> J\u016bsu Zi\u0146a<br \/>\n<span class=\"wpcf7-form-control-wrap\" data-name=\"your-message\"><textarea cols=\"40\" rows=\"10\" maxlength=\"2000\" class=\"wpcf7-form-control wpcf7-textarea\" aria-invalid=\"false\" name=\"your-message\"><\/textarea><\/span> <\/label>\n<\/p>\n\n<p><input class=\"wpcf7-form-control wpcf7-submit has-spinner\" type=\"submit\" value=\"S\u016bt\u012bt\" \/>\n<\/p><div class=\"wpcf7-response-output\" aria-hidden=\"true\"><\/div>\n<input type=\"hidden\" name=\"trp-form-language\" value=\"lv\"\/><\/form>\n<\/div>\n<\/p>\n<\/div>","protected":false},"excerpt":{"rendered":"<p>Uzlabotas zem\u016bdens dronu un ROV darb\u012bbas: prec\u012bza zem\u016bdens p\u0101rbaude un uzdevumu izpilde Piek\u013c\u016bstiet un izprotiet zem\u016bdens pasauli k\u0101 nekad agr\u0101k, izmantojot [\u2026]<\/p>","protected":false},"featured_media":1467,"template":"","meta":[],"product_brand":[57],"product_cat":[54],"product_tag":[],"class_list":{"0":"post-1455","1":"product","2":"type-product","3":"status-publish","4":"has-post-thumbnail","6":"product_brand-dronelab-engineering","7":"product_cat-services","9":"first","10":"instock","11":"shipping-taxable","12":"product-type-simple"},"_links":{"self":[{"href":"https:\/\/dronelab.lv\/lv\/wp-json\/wp\/v2\/product\/1455","targetHints":{"allow":["GET"]}}],"collection":[{"href":"https:\/\/dronelab.lv\/lv\/wp-json\/wp\/v2\/product"}],"about":[{"href":"https:\/\/dronelab.lv\/lv\/wp-json\/wp\/v2\/types\/product"}],"wp:featuredmedia":[{"embeddable":true,"href":"https:\/\/dronelab.lv\/lv\/wp-json\/wp\/v2\/media\/1467"}],"wp:attachment":[{"href":"https:\/\/dronelab.lv\/lv\/wp-json\/wp\/v2\/media?parent=1455"}],"wp:term":[{"taxonomy":"product_brand","embeddable":true,"href":"https:\/\/dronelab.lv\/lv\/wp-json\/wp\/v2\/product_brand?post=1455"},{"taxonomy":"product_cat","embeddable":true,"href":"https:\/\/dronelab.lv\/lv\/wp-json\/wp\/v2\/product_cat?post=1455"},{"taxonomy":"product_tag","embeddable":true,"href":"https:\/\/dronelab.lv\/lv\/wp-json\/wp\/v2\/product_tag?post=1455"}],"curies":[{"name":"wp","href":"https:\/\/api.w.org\/{rel}","templated":true}]}}