{"id":1454,"date":"2025-04-11T16:31:56","date_gmt":"2025-04-11T16:31:56","guid":{"rendered":"https:\/\/dronelab.lv\/?post_type=product&#038;p=1454"},"modified":"2025-04-11T16:31:56","modified_gmt":"2025-04-11T16:31:56","slug":"professional-diving-equipment-service-maintenance","status":"publish","type":"product","link":"https:\/\/dronelab.lv\/lv\/products\/profesionala-nirsanas-aprikojuma-apkalposana\/","title":{"rendered":"Profesion\u0101la nir\u0161anas apr\u012bkojuma apkalpo\u0161ana un apkope"},"content":{"rendered":"<div id=\"model-response-message-contentr_3585859aacfd209a\" class=\"markdown markdown-main-panel\" dir=\"ltr\">\n<h2 data-sourcepos=\"1:1-1:102\">Profesion\u0101la nir\u0161anas apr\u012bkojuma apkalpo\u0161ana un apkope: dro\u0161\u012bbas un uzticam\u012bbas nodro\u0161in\u0101\u0161ana zem \u016bdens<\/h2>\n<p data-sourcepos=\"5:1-5:599\">Saglab\u0101jiet savu b\u016btisko zem\u016bdens dz\u012bv\u012bbas uztur\u0113\u0161anas sist\u0113mu integrit\u0101ti un maksim\u0101lo veiktsp\u0113ju, izmantojot m\u016bsu ekspertu nir\u0161anas apr\u012bkojuma servisu un apkopi. M\u0113s pied\u0101v\u0101jam r\u016bp\u012bgu p\u0101rbaudi, diagnostiku, t\u012br\u012b\u0161anu, remontu un profilaktisko apkopi visam nir\u0161anas iek\u0101rtu spektram \u2013 no regulatoriem un peldsp\u0113jas kontroles ier\u012bc\u0113m (BCD) l\u012bdz nir\u0161anas datoriem, manometriem un gaisa baloniem. Izmantojot specializ\u0113tus instrumentus un stingri iev\u0113rojot ra\u017eot\u0101ja vadl\u012bnijas un stingrus dro\u0161\u012bbas standartus, m\u016bsu sertific\u0113tie tehni\u0137i nodro\u0161ina, ka j\u016bsu kritiskais p\u0101rnesums darbojas nevainojami, kad tas ir vissvar\u012bg\u0101kais.<\/p>\n<p data-sourcepos=\"7:1-7:44\"><strong>K\u0101p\u0113c \u0161is pakalpojums ir absol\u016bti kritisks:<\/strong><\/p>\n<p data-sourcepos=\"9:1-9:749\">Pras\u012bgaj\u0101 zem\u016bdens vid\u0113 apr\u012bkojuma uzticam\u012bba ir sinon\u012bms dro\u0161\u012bbai. Nir\u0161anas apr\u012bkojums ir dz\u012bv\u012bbas uztur\u0113\u0161anas apr\u012bkojums, un pat \u0161\u0137ietami nenoz\u012bm\u012bgiem darb\u012bbas trauc\u0113jumiem var b\u016bt smagas, dz\u012bv\u012bbai b\u012bstamas sekas. Regul\u0101ra, profesion\u0101la apkope nav tikai ieteicama; t\u0101 ir pamatpras\u012bba darb\u012bbas risku mazin\u0101\u0161anai. \u0160is b\u016btiskais pakalpojums proakt\u012bvi identific\u0113 nolietojumu, nov\u0113r\u0161 iesp\u0113jamos atteices punktus pirms to saasin\u0101\u0161an\u0101s, nomaina \u0101trboj\u012bgas sast\u0101vda\u013cas un nodro\u0161ina, ka katrs apr\u012bkojums darbojas tie\u0161i t\u0101, k\u0101 paredz\u0113ts, aizsarg\u0101jot \u016bdensl\u012bd\u0113ju katr\u0101 misij\u0101. Turkl\u0101t konsekventa, ekspertu apkalpo\u0161ana iev\u0113rojami pagarina ekspluat\u0101cijas laiku un saglab\u0101 j\u016bsu svar\u012bgo ieguld\u012bjumu v\u0113rt\u012bbu apr\u012bkojum\u0101.<\/p>\n<p data-sourcepos=\"11:1-11:90\"><strong>Aizsarg\u0101jiet savu person\u0101lu, oper\u0101cijas un akt\u012bvus (uz\u0146\u0113mumus, vald\u012bbas, iest\u0101des):<\/strong><\/p>\n<p data-sourcepos=\"13:1-13:415\">Jebkurai organiz\u0101cijai, kas izvieto person\u0101lu zem \u016bdens \u2014 infrastrukt\u016bras uztur\u0113\u0161anai, dro\u0161\u012bbas oper\u0101cij\u0101m, vides izp\u0113tei, sabiedrisk\u0101s dro\u0161\u012bbas nir\u0161anai vai apm\u0101c\u012bbai \u2014 nir\u0161anas komandu gatav\u012bba darbam un sertific\u0113ta dro\u0161\u012bba ir vissvar\u012bg\u0101k\u0101. M\u016bsu visaptvero\u0161\u0101s apkopes programmas nodro\u0161ina nepiecie\u0161amo p\u0101rliec\u012bbu, ka viss nir\u0161anas apr\u012bkojums tiek r\u016bp\u012bgi uztur\u0113ts atbilsto\u0161i augst\u0101kajiem nozares standartiem.<\/p>\n<ul data-sourcepos=\"15:1-19:0\">\n<li data-sourcepos=\"15:1-15:174\"><strong>Palieliniet dro\u0161\u012bbu un samaziniet risku:<\/strong> Garant\u0113jiet, ka j\u016bsu komanda iek\u0101pj \u016bden\u012b ar apr\u012bkojumu, kuram t\u0101 var uztic\u0113ties, krasi samazinot risku, kas saist\u012bts ar apr\u012bkojuma darb\u012bbas trauc\u0113jumiem.<\/li>\n<li data-sourcepos=\"16:1-16:174\"><strong>Nodro\u0161iniet darb\u012bbas gatav\u012bbu:<\/strong> Nov\u0113rsiet d\u0101rgas d\u012bkst\u0101ves un uzdevumu aizkav\u0113\u0161anos, ko izraisa neparedz\u0113tas apr\u012bkojuma atteices. Nodro\u0161iniet savu darb\u012bbu vienm\u0113r\u012bgu un efekt\u012bvu darb\u012bbu.<\/li>\n<li data-sourcepos=\"17:1-17:153\"><strong>Atbilst\u012bbas un standartu uztur\u0113\u0161ana:<\/strong> Par\u0101diet ap\u0146em\u0161anos nodro\u0161in\u0101t dro\u0161\u012bbu un iev\u0113rojiet normat\u012bv\u0101s vai iek\u0161\u0113j\u0101s atbilst\u012bbas pras\u012bbas attiec\u012bb\u0101 uz iek\u0101rtu uztur\u0113\u0161anu.<\/li>\n<li data-sourcepos=\"18:1-19:0\"><strong>Aizsarg\u0101jiet savu ieguld\u012bjumu:<\/strong> Pagariniet d\u0101rg\u0101 nir\u0161anas apr\u012bkojuma kalpo\u0161anas laiku, veicot proakt\u012bvu apr\u016bpi, palielinot ieguld\u012bjumu atdevi.<\/li>\n<\/ul>\n<p data-sourcepos=\"20:1-20:228\">Sadarbojieties ar mums, lai \u012bstenotu stingru apkopes grafiku. Nodro\u0161iniet savu \u016bdensl\u012bd\u0113ju dro\u0161\u012bbu, savu misiju pan\u0101kumus un savu kritisko zem\u016bdens resursu ilgm\u016b\u017e\u012bbu, izmantojot profesion\u0101lu, uzticamu apr\u012bkojuma apkalpo\u0161anu.<\/p>\n<p data-sourcepos=\"20:1-20:228\">\n<div class=\"wpcf7 no-js\" id=\"wpcf7-f84-o1\" lang=\"en-US\" dir=\"ltr\" data-wpcf7-id=\"84\">\n<div class=\"screen-reader-response\"><p role=\"status\" aria-live=\"polite\" aria-atomic=\"true\"><\/p> <ul><\/ul><\/div>\n<form action=\"\/lv\/wp-json\/wp\/v2\/product\/1454#wpcf7-f84-o1\" method=\"post\" class=\"wpcf7-form init\" aria-label=\"Kontaktforma\" novalidate=\"novalidate\" data-status=\"init\" data-trp-original-action=\"\/lv\/wp-json\/wp\/v2\/product\/1454#wpcf7-f84-o1\">\n<div style=\"display: none;\">\n<input type=\"hidden\" name=\"_wpcf7\" value=\"84\" \/>\n<input type=\"hidden\" name=\"_wpcf7_version\" value=\"6.0.6\" \/>\n<input type=\"hidden\" name=\"_wpcf7_locale\" value=\"en_US\" \/>\n<input type=\"hidden\" name=\"_wpcf7_unit_tag\" value=\"wpcf7-f84-o1\" \/>\n<input type=\"hidden\" name=\"_wpcf7_container_post\" value=\"0\" \/>\n<input type=\"hidden\" name=\"_wpcf7_posted_data_hash\" value=\"\" \/>\n<input type=\"hidden\" name=\"_wpcf7_recaptcha_response\" value=\"\" \/>\n<\/div>\n<p><label> J\u016bsu v\u0101rds (oblig\u0101ti)<br \/>\n<span class=\"wpcf7-form-control-wrap\" data-name=\"your-name\"><input size=\"40\" maxlength=\"400\" class=\"wpcf7-form-control wpcf7-text wpcf7-validates-as-required\" aria-required=\"true\" aria-invalid=\"false\" value=\"\" type=\"text\" name=\"your-name\" \/><\/span> <\/label>\n<\/p>\n<p><label> J\u016bsu e-pasts (oblig\u0101ti)<br \/>\n<span class=\"wpcf7-form-control-wrap\" data-name=\"your-email\"><input size=\"40\" maxlength=\"400\" class=\"wpcf7-form-control wpcf7-email wpcf7-validates-as-required wpcf7-text wpcf7-validates-as-email\" aria-required=\"true\" aria-invalid=\"false\" value=\"\" type=\"email\" name=\"your-email\" \/><\/span> <\/label>\n<\/p>\n<p><label> J\u016bsu t\u0101lrunis<br \/>\n<span class=\"wpcf7-form-control-wrap\" data-name=\"tel-199\"><input size=\"40\" maxlength=\"12\" minlength=\"8\" class=\"wpcf7-form-control wpcf7-tel wpcf7-validates-as-required wpcf7-text wpcf7-validates-as-tel\" aria-required=\"true\" aria-invalid=\"false\" value=\"\" type=\"tel\" name=\"tel-199\" \/><\/span> <\/label>\n<\/p>\n<p><label> Priek\u0161mets<br \/>\n<span class=\"wpcf7-form-control-wrap\" data-name=\"your-subject\"><input size=\"40\" maxlength=\"400\" class=\"wpcf7-form-control wpcf7-text\" aria-invalid=\"false\" value=\"\" type=\"text\" name=\"your-subject\" \/><\/span> <\/label>\n<\/p>\n<p><label> J\u016bsu Zi\u0146a<br \/>\n<span class=\"wpcf7-form-control-wrap\" data-name=\"your-message\"><textarea cols=\"40\" rows=\"10\" maxlength=\"2000\" class=\"wpcf7-form-control wpcf7-textarea\" aria-invalid=\"false\" name=\"your-message\"><\/textarea><\/span> <\/label>\n<\/p>\n\n<p><input class=\"wpcf7-form-control wpcf7-submit has-spinner\" type=\"submit\" value=\"S\u016bt\u012bt\" \/>\n<\/p><div class=\"wpcf7-response-output\" aria-hidden=\"true\"><\/div>\n<input type=\"hidden\" name=\"trp-form-language\" value=\"lv\"\/><\/form>\n<\/div>\n<\/p>\n<\/div>","protected":false},"excerpt":{"rendered":"<p>Profesion\u0101la nir\u0161anas apr\u012bkojuma serviss un apkope: dro\u0161\u012bbas un uzticam\u012bbas nodro\u0161in\u0101\u0161ana zem \u016bdens Saglab\u0101jiet sava b\u016btisk\u0101 zem\u016bdens dz\u012bv\u012bbas atbalsta integrit\u0101ti un maksim\u0101lo veiktsp\u0113ju [\u2026]<\/p>","protected":false},"featured_media":1125,"template":"","meta":[],"product_brand":[57],"product_cat":[54],"product_tag":[],"class_list":{"0":"post-1454","1":"product","2":"type-product","3":"status-publish","4":"has-post-thumbnail","6":"product_brand-dronelab-engineering","7":"product_cat-services","9":"first","10":"instock","11":"shipping-taxable","12":"product-type-simple"},"_links":{"self":[{"href":"https:\/\/dronelab.lv\/lv\/wp-json\/wp\/v2\/product\/1454","targetHints":{"allow":["GET"]}}],"collection":[{"href":"https:\/\/dronelab.lv\/lv\/wp-json\/wp\/v2\/product"}],"about":[{"href":"https:\/\/dronelab.lv\/lv\/wp-json\/wp\/v2\/types\/product"}],"wp:featuredmedia":[{"embeddable":true,"href":"https:\/\/dronelab.lv\/lv\/wp-json\/wp\/v2\/media\/1125"}],"wp:attachment":[{"href":"https:\/\/dronelab.lv\/lv\/wp-json\/wp\/v2\/media?parent=1454"}],"wp:term":[{"taxonomy":"product_brand","embeddable":true,"href":"https:\/\/dronelab.lv\/lv\/wp-json\/wp\/v2\/product_brand?post=1454"},{"taxonomy":"product_cat","embeddable":true,"href":"https:\/\/dronelab.lv\/lv\/wp-json\/wp\/v2\/product_cat?post=1454"},{"taxonomy":"product_tag","embeddable":true,"href":"https:\/\/dronelab.lv\/lv\/wp-json\/wp\/v2\/product_tag?post=1454"}],"curies":[{"name":"wp","href":"https:\/\/api.w.org\/{rel}","templated":true}]}}