{"id":1453,"date":"2025-04-11T16:29:06","date_gmt":"2025-04-11T16:29:06","guid":{"rendered":"https:\/\/dronelab.lv\/?post_type=product&#038;p=1453"},"modified":"2025-04-11T16:29:42","modified_gmt":"2025-04-11T16:29:42","slug":"diver-education-training","status":"publish","type":"product","link":"https:\/\/dronelab.lv\/lv\/products\/nireju-izglitibas-apmaciba\/","title":{"rendered":"\u016adensl\u012bd\u0113ju izgl\u012bt\u012bba un apm\u0101c\u012bba"},"content":{"rendered":"<div id=\"model-response-message-contentr_57ac54ad548f5d0b\" class=\"markdown markdown-main-panel\" dir=\"ltr\">\n<h2 data-sourcepos=\"1:1-1:63\">\u016adensl\u012bd\u0113ju izgl\u012bt\u012bba un apm\u0101c\u012bba: meistars zem\u016bdens oper\u0101cij\u0101s<\/h2>\n<p data-sourcepos=\"5:1-5:622\">Atbr\u012bvojiet zem\u016bdens izp\u0113tes potenci\u0101lu un str\u0101d\u0101jiet ar m\u016bsu ekspertu vad\u012btaj\u0101m \u016bdensl\u012bd\u0113ju izgl\u012bt\u012bbas un apm\u0101c\u012bbas programm\u0101m. M\u016bsu visaptvero\u0161\u0101 m\u0101c\u012bbu programma, kas ir izstr\u0101d\u0101ta gan topo\u0161ajiem, gan pieredz\u0113ju\u0161iem nir\u0113jiem, ietver svar\u012bgas teor\u0113tisk\u0101s zin\u0101\u0161anas un praktisk\u0101s iema\u0146as. No nir\u0161anas pamatprincipiem un dro\u0161\u012bbas proced\u016br\u0101m l\u012bdz progres\u012bv\u0101m metod\u0113m specializ\u0113tu uzdevumu veik\u0161anai m\u0113s nodro\u0161in\u0101m, ka dal\u012bbnieki sasniedz visaugst\u0101kos kompetences un p\u0101rliec\u012bbas standartus, lai dro\u0161i un efekt\u012bvi darbotos zem virsmas. M\u016bsu apm\u0101c\u012bb\u0101 ir uzsv\u0113rti stingri dro\u0161\u012bbas protokoli un prasme r\u012bkoties da\u017e\u0101dos zem\u016bdens scen\u0101rijos un iek\u0101rt\u0101s.<\/p>\n<p data-sourcepos=\"7:1-7:35\"><strong>K\u0101p\u0113c \u0161\u012b apm\u0101c\u012bba ir svar\u012bga:<\/strong><\/p>\n<p data-sourcepos=\"9:1-9:511\">Zem\u016bdens oper\u0101ciju veik\u0161ana bez sertific\u0113tas, profesion\u0101las apm\u0101c\u012bbas rada noz\u012bm\u012bgus un bie\u017ei vien nepie\u0146emamus riskus. Pareiza izgl\u012bt\u012bba ir absol\u016bts dro\u0161u un veiksm\u012bgu misiju st\u016brakmens, samazinot iesp\u0113jamos apdraud\u0113jumus person\u0101lam un apr\u012bkojumam, nodro\u0161inot darb\u012bbas efektivit\u0101ti un garant\u0113jot, ka sare\u017e\u0123\u012bti uzdevumi tiek izpild\u012bti prec\u012bzi un saska\u0146\u0101 ar lab\u0101ko praksi. Tas p\u0101rsniedz pamata atp\u016btas nir\u0161anu, koncentr\u0113joties uz profesion\u0101la zem\u016bdens darba pras\u012bb\u0101m un pien\u0101kumiem.<\/p>\n<p data-sourcepos=\"11:1-11:69\"><strong>Pilnvarojiet savu organiz\u0101ciju (uz\u0146\u0113mumiem, vald\u012bb\u0101m, iest\u0101d\u0113m):<\/strong><\/p>\n<p data-sourcepos=\"13:1-13:334\">Organiz\u0101cij\u0101m, kas iesaist\u012btas jebk\u0101da veida zem\u016bdens darb\u012bb\u0101s, tostarp kritisk\u0101s infrastrukt\u016bras p\u0101rbaud\u0113s, vides nov\u0113rt\u0113\u0161an\u0101 un uzraudz\u012bb\u0101, sabiedrisk\u0101s dro\u0161\u012bbas oper\u0101cij\u0101s, mekl\u0113\u0161an\u0101 un atjauno\u0161an\u0101, zin\u0101tniskaj\u0101 izp\u0113t\u0113 vai zem\u016bdens b\u016bvniec\u012bbas atbalst\u0101, nav apsprie\u017eams ieguld\u012bjums j\u016bsu person\u0101la profesion\u0101l\u0101 nir\u0113ju apm\u0101c\u012bb\u0101.<\/p>\n<ul data-sourcepos=\"15:1-19:0\">\n<li data-sourcepos=\"15:1-15:233\"><strong>Samaziniet risku un palieliniet dro\u0161\u012bbu:<\/strong> Apg\u0101d\u0101jiet savas komandas ar akredit\u0113t\u0101m prasm\u0113m un dzi\u013cu izpratni par dro\u0161\u012bbas protokoliem, lai krasi samazin\u0101tu negad\u012bjumu iesp\u0113jam\u012bbu un nodro\u0161in\u0101tu stingru darb\u012bbas standartu iev\u0113ro\u0161anu.<\/li>\n<li data-sourcepos=\"16:1-16:191\"><strong>Nodro\u0161iniet atbilst\u012bbu un samaziniet atbild\u012bbu:<\/strong> Profesion\u0101l\u0101 sertifik\u0101cija apliecina r\u016bp\u012bbu un atbilst\u012bbu nozares un normat\u012bvaj\u0101m pras\u012bb\u0101m, aizsarg\u0101jot j\u016bsu organiz\u0101ciju.<\/li>\n<li data-sourcepos=\"17:1-17:199\"><strong>Palieliniet darb\u012bbas efektivit\u0101ti:<\/strong> Apm\u0101c\u012bti \u016bdensl\u012bd\u0113ji veic uzdevumus efekt\u012bv\u0101k, prec\u012bz\u0101k un uzticam\u0101k, t\u0101d\u0113j\u0101di nodro\u0161inot lab\u0101kus projekta rezult\u0101tus, samazinot d\u012bkst\u0101ves laiku un optim\u0101lu resursu izmanto\u0161anu.<\/li>\n<li data-sourcepos=\"18:1-19:0\"><strong>Izveidojiet iek\u0161\u0113jo iesp\u0113ju:<\/strong> Att\u012bstiet sp\u0113j\u012bgu, p\u0101rliecin\u0101tu un sertific\u0113tu zem\u016bdens darbasp\u0113ku, kas ir gatavs dro\u0161i un efekt\u012bvi veikt sare\u017e\u0123\u012btas misijas, samazinot atkar\u012bbu no \u0101r\u0113jiem darbuz\u0146\u0113m\u0113jiem ikdienas vai jut\u012bg\u0101s darb\u012bb\u0101s.<\/li>\n<\/ul>\n<p data-sourcepos=\"20:1-20:149\">Invest\u0113jiet profesion\u0101l\u0101 nir\u0113ju izgl\u012bt\u012bb\u0101 un apm\u0101c\u012bb\u0101, lai izveidotu dro\u0161\u012bbas, kompetences un uzticam\u012bbas pamatus visiem j\u016bsu zem\u016bdens centieniem.<\/p>\n<p data-sourcepos=\"20:1-20:149\">[wpforms id=\u201d857\u2033 description=\u201dtrue\u201d]<\/p>\n<\/div>","protected":false},"excerpt":{"rendered":"<p>\u016adensl\u012bd\u0113ju izgl\u012bt\u012bba un apm\u0101c\u012bba: zem\u016bdens oper\u0101ciju meistars Atbr\u012bvojiet zem\u016bdens izp\u0113tes potenci\u0101lu un sadarbojieties ar m\u016bsu ekspertu vad\u012bto \u016bdensl\u012bd\u0113ju izgl\u012bt\u012bbas un apm\u0101c\u012bbas sist\u0113mu [\u2026]<\/p>","protected":false},"featured_media":1100,"template":"","meta":[],"product_brand":[57],"product_cat":[54],"product_tag":[],"class_list":{"0":"post-1453","1":"product","2":"type-product","3":"status-publish","4":"has-post-thumbnail","6":"product_brand-dronelab-engineering","7":"product_cat-services","9":"first","10":"instock","11":"shipping-taxable","12":"product-type-simple"},"_links":{"self":[{"href":"https:\/\/dronelab.lv\/lv\/wp-json\/wp\/v2\/product\/1453","targetHints":{"allow":["GET"]}}],"collection":[{"href":"https:\/\/dronelab.lv\/lv\/wp-json\/wp\/v2\/product"}],"about":[{"href":"https:\/\/dronelab.lv\/lv\/wp-json\/wp\/v2\/types\/product"}],"wp:featuredmedia":[{"embeddable":true,"href":"https:\/\/dronelab.lv\/lv\/wp-json\/wp\/v2\/media\/1100"}],"wp:attachment":[{"href":"https:\/\/dronelab.lv\/lv\/wp-json\/wp\/v2\/media?parent=1453"}],"wp:term":[{"taxonomy":"product_brand","embeddable":true,"href":"https:\/\/dronelab.lv\/lv\/wp-json\/wp\/v2\/product_brand?post=1453"},{"taxonomy":"product_cat","embeddable":true,"href":"https:\/\/dronelab.lv\/lv\/wp-json\/wp\/v2\/product_cat?post=1453"},{"taxonomy":"product_tag","embeddable":true,"href":"https:\/\/dronelab.lv\/lv\/wp-json\/wp\/v2\/product_tag?post=1453"}],"curies":[{"name":"wp","href":"https:\/\/api.w.org\/{rel}","templated":true}]}}