{"id":1452,"date":"2025-04-11T16:23:55","date_gmt":"2025-04-11T16:23:55","guid":{"rendered":"https:\/\/dronelab.lv\/?post_type=product&#038;p=1452"},"modified":"2025-04-11T16:26:30","modified_gmt":"2025-04-11T16:26:30","slug":"commercial-diving-services","status":"publish","type":"product","link":"https:\/\/dronelab.lv\/lv\/products\/komercialie-nirsanas-pakalpojumi\/","title":{"rendered":"Komerci\u0101lie nir\u0161anas pakalpojumi"},"content":{"rendered":"<div id=\"model-response-message-contentr_9ecf6fb569ff47be\" class=\"markdown markdown-main-panel\" dir=\"ltr\">\n<p data-sourcepos=\"5:1-5:542\">Atbr\u012bvojiet zem\u016bdens pasaules potenci\u0101lu, izmantojot m\u016bsu profesion\u0101los nir\u0161anas pakalpojumus. M\u0113s pied\u0101v\u0101jam visaptvero\u0161us risin\u0101jumus pla\u0161am zem\u016bdens projektu kl\u0101stam, ko veic augsti apm\u0101c\u012btas un sertific\u0113tas nir\u0161anas komandas, kas apr\u012bkotas ar vismodern\u0101kaj\u0101m tehnolo\u0123ij\u0101m. No sare\u017e\u0123\u012bt\u0101m p\u0101rbaud\u0113m l\u012bdz sare\u017e\u0123\u012btiem b\u016bvniec\u012bbas un apkopes darbiem, m\u016bsu pakalpojumi nodro\u0161ina dro\u0161\u012bbu, precizit\u0101ti un efektivit\u0101ti zem virsmas. M\u0113s iev\u0113rojam stingr\u0101kos nozares standartus, nodro\u0161inot uzticamus rezult\u0101tus pat vissare\u017e\u0123\u012bt\u0101kaj\u0101s zem\u016bdens vid\u0113s.<\/p>\n<p data-sourcepos=\"7:1-7:30\"><strong>K\u0101p\u0113c jums ir nepiecie\u0161ams \u0161is pakalpojums:<\/strong><\/p>\n<p data-sourcepos=\"9:1-9:756\">Zem\u016bdens infrastrukt\u016brai un akt\u012bviem ir nepiecie\u0161ama \u012bpa\u0161a uzman\u012bba, ko nevar sasniegt no virsmas. Profesion\u0101li nir\u0161anas pakalpojumi ir neaizst\u0101jami neatkar\u012bgi no t\u0101, vai t\u0101 ir tilta balstu integrit\u0101tes p\u0101rbaude, iegremd\u0113to cauru\u013cvadu uztur\u0113\u0161ana, sare\u017e\u0123\u012btu gl\u0101b\u0161anas darbu veik\u0161ana vai b\u016btiska j\u016bras konstrukciju remonta veik\u0161ana. Standarta apkopes proced\u016bras bie\u017ei vien nav piem\u0113rotas unik\u0101lajam zem\u016bdens spiedienam un apst\u0101k\u013ciem. Iegremd\u0113to akt\u012bvu neiev\u0113ro\u0161ana var izrais\u012bt kritiskas k\u013c\u016bmes, darb\u012bbas trauc\u0113jumus, apdraud\u0113jumu videi un iev\u0113rojamus finansi\u0101lus zaud\u0113jumus. M\u016bsu komerci\u0101l\u0101s nir\u0161anas komandas nodro\u0161ina pamatprasmes un apr\u012bkojumu, lai dro\u0161i un efekt\u012bvi piek\u013c\u016btu, nov\u0113rt\u0113tu, uztur\u0113tu un salabotu svar\u012bgus zem\u016bdens komponentus.<\/p>\n<p data-sourcepos=\"13:1-13:459\"><strong>Uz\u0146\u0113mumiem:<\/strong> Nodro\u0161iniet savu j\u016bras l\u012bdzek\u013cu un zem\u016bdens infrastrukt\u016bras ilgm\u016b\u017e\u012bbu un optim\u0101lu veiktsp\u0113ju. M\u016bsu nir\u0161anas pakalpojumi nodro\u0161ina b\u016btiskas p\u0101rbaudes, apkopes un remonta iesp\u0113jas, samazinot d\u012bkst\u0101ves laiku, nov\u0113r\u0161ot d\u0101rgas k\u013c\u016bmes un aizsarg\u0101jot j\u016bsu ieguld\u012bjumus j\u016bras darb\u012bb\u0101s, ener\u0123\u0113tik\u0101 j\u016br\u0101, akvakult\u016br\u0101 un piekrastes iek\u0101rt\u0101s. Piek\u013c\u016bstiet ekspertu zem\u016bdens iejauk\u0161an\u0101s darb\u012bb\u0101m, lai j\u016bsu darb\u012bbas darbotos vienm\u0113r\u012bgi un efekt\u012bvi.<\/p>\n<p data-sourcepos=\"15:1-15:536\"><strong>Vald\u012bb\u0101m un iest\u0101d\u0113m:<\/strong> Uztur\u0113t publisko infrastrukt\u016bru, nodro\u0161in\u0101t ku\u0123o\u0161anas dro\u0161\u012bbu un atbild\u012bgi p\u0101rvald\u012bt zem\u016bdens resursus. M\u016bsu komerci\u0101lie nir\u0161anas pakalpojumi atbalsta ostu iest\u0101des, infrastrukt\u016bras a\u0123ent\u016bras un vides instit\u016bcijas, nodro\u0161inot zem\u016bdens p\u0101rbaudes, b\u016bvniec\u012bbas atbalstu, vides monitoringu un rea\u0123\u0113\u0161anas iesp\u0113jas \u0101rk\u0101rtas situ\u0101cij\u0101s. Pa\u013caujieties uz sertific\u0113tiem profesion\u0101\u013ciem, lai veiktu kritiskus uzdevumus, kas saist\u012bti ar tiltiem, dambjiem, ost\u0101m un zem\u016bdens mantojuma objektiem, nodro\u0161inot sabiedrisko dro\u0161\u012bbu un atbilst\u012bbu normat\u012bvajiem aktiem.<\/p>\n<p data-sourcepos=\"15:1-15:536\">[wpforms id=\u201d857\u2033 description=\u201dtrue\u201d]<\/p>\n<\/div>","protected":false},"excerpt":{"rendered":"<p>Atbr\u012bvojiet zem\u016bdens pasaules potenci\u0101lu, izmantojot m\u016bsu profesion\u0101los nir\u0161anas pakalpojumus. M\u0113s pied\u0101v\u0101jam visaptvero\u0161us risin\u0101jumus pla\u0161am [\u2026]<\/p>","protected":false},"featured_media":1090,"template":"","meta":[],"product_brand":[57],"product_cat":[54],"product_tag":[],"class_list":{"0":"post-1452","1":"product","2":"type-product","3":"status-publish","4":"has-post-thumbnail","6":"product_brand-dronelab-engineering","7":"product_cat-services","9":"first","10":"instock","11":"shipping-taxable","12":"product-type-simple"},"_links":{"self":[{"href":"https:\/\/dronelab.lv\/lv\/wp-json\/wp\/v2\/product\/1452","targetHints":{"allow":["GET"]}}],"collection":[{"href":"https:\/\/dronelab.lv\/lv\/wp-json\/wp\/v2\/product"}],"about":[{"href":"https:\/\/dronelab.lv\/lv\/wp-json\/wp\/v2\/types\/product"}],"wp:featuredmedia":[{"embeddable":true,"href":"https:\/\/dronelab.lv\/lv\/wp-json\/wp\/v2\/media\/1090"}],"wp:attachment":[{"href":"https:\/\/dronelab.lv\/lv\/wp-json\/wp\/v2\/media?parent=1452"}],"wp:term":[{"taxonomy":"product_brand","embeddable":true,"href":"https:\/\/dronelab.lv\/lv\/wp-json\/wp\/v2\/product_brand?post=1452"},{"taxonomy":"product_cat","embeddable":true,"href":"https:\/\/dronelab.lv\/lv\/wp-json\/wp\/v2\/product_cat?post=1452"},{"taxonomy":"product_tag","embeddable":true,"href":"https:\/\/dronelab.lv\/lv\/wp-json\/wp\/v2\/product_tag?post=1452"}],"curies":[{"name":"wp","href":"https:\/\/api.w.org\/{rel}","templated":true}]}}