{"id":894,"date":"2024-01-18T11:57:35","date_gmt":"2024-01-18T11:57:35","guid":{"rendered":"https:\/\/dronelab.lv\/?page_id=894"},"modified":"2025-01-20T05:56:06","modified_gmt":"2025-01-20T05:56:06","slug":"dronelab-2024","status":"publish","type":"page","link":"https:\/\/dronelab.lv\/lv\/dronelab-2024\/","title":{"rendered":"Latvijas komerci\u0101l\u0101 nir\u0161anas un tehnisk\u0101 atbalsta uz\u0146\u0113mums Dronelab"},"content":{"rendered":"<figure class=\"wp-block-image size-large\"><img fetchpriority=\"high\" decoding=\"async\" width=\"1024\" height=\"768\" src=\"https:\/\/dronelab.lv\/wp-content\/uploads\/2024\/08\/karlisDronelabOsta-1024x768.jpg\" alt=\"karlisDronelab\" class=\"wp-image-1088\" srcset=\"https:\/\/dronelab.lv\/wp-content\/uploads\/2024\/08\/karlisDronelabOsta-1024x768.jpg 1024w, https:\/\/dronelab.lv\/wp-content\/uploads\/2024\/08\/karlisDronelabOsta-800x600.jpg 800w, https:\/\/dronelab.lv\/wp-content\/uploads\/2024\/08\/karlisDronelabOsta-300x225.jpg 300w, https:\/\/dronelab.lv\/wp-content\/uploads\/2024\/08\/karlisDronelabOsta-768x576.jpg 768w, https:\/\/dronelab.lv\/wp-content\/uploads\/2024\/08\/karlisDronelabOsta-16x12.jpg 16w, https:\/\/dronelab.lv\/wp-content\/uploads\/2024\/08\/karlisDronelabOsta-1000x750.jpg 1000w, https:\/\/dronelab.lv\/wp-content\/uploads\/2024\/08\/karlisDronelabOsta-230x173.jpg 230w, https:\/\/dronelab.lv\/wp-content\/uploads\/2024\/08\/karlisDronelabOsta-350x263.jpg 350w, https:\/\/dronelab.lv\/wp-content\/uploads\/2024\/08\/karlisDronelabOsta-480x360.jpg 480w, https:\/\/dronelab.lv\/wp-content\/uploads\/2024\/08\/karlisDronelabOsta.jpg 1440w\" sizes=\"(max-width: 1024px) 100vw, 1024px\" \/><\/figure><h2 class=\"wp-block-heading\">Dronelab: zem\u016bdens eksperti krastu nostiprin\u0101\u0161anai ar prec\u012bz\u0101m zem\u016bdens p\u0101rbaud\u0113m<\/h2><p><strong>R\u012bga, Latvija<\/strong> \u2013 Run\u0101jot par b\u016btiskiem krastu nostiprin\u0101\u0161anas projektiem R\u012bgas ros\u012bgaj\u0101 ost\u0101, j\u0101atceras tikai viens nosaukums: Dronelab. M\u016bsu augsti kvalific\u0113tu un sertific\u0113tu profesion\u0101lu \u016bdensl\u012bd\u0113ju un in\u017eenieru komanda sniedz visaptvero\u0161us zem\u016bdens p\u0101rbaudes pakalpojumus, nodro\u0161inot j\u016bsu projekta pan\u0101kumus jau no pa\u0161a s\u0101kuma.<\/p><p>M\u016bsu \u016bdensl\u012bd\u0113ji izmanto jaun\u0101k\u0101s tehnolo\u0123ijas, lai veiktu r\u016bp\u012bgu ostas piest\u0101tnes sienu apseko\u0161anu. \u0160\u012b detaliz\u0113t\u0101 p\u0101rbaude \u013cauj mums noteikt visus iesp\u0113jamos tr\u016bkumus vai boj\u0101jumus, kas var\u0113tu apdraud\u0113t krasta l\u012bnijas integrit\u0101ti. Izmantojot \u0161o inform\u0101ciju, m\u0113s varam izstr\u0101d\u0101t m\u0113r\u0137tiec\u012bgu remontdarbu pl\u0101nu, palielinot efektivit\u0101ti un izmaksu lietder\u012bbu.<\/p><p>Dronelab neapst\u0101jas pie p\u0101rbaud\u0113m. M\u0113s lepojamies ar\u012b ar profesion\u0101lu metin\u0101t\u0101ju komandu, kas var veikt zem\u016bdens remontu tie\u0161i piest\u0101tn\u0113. Tas nov\u0113r\u0161 nepiecie\u0161am\u012bbu p\u0113c d\u0101rg\u0101m un trauc\u0113jo\u0161\u0101m at\u016bde\u0146o\u0161anas proced\u016br\u0101m, saglab\u0101jot projektu saska\u0146\u0101 ar grafiku un samazinot d\u012bkst\u0101ves laiku.<\/p><figure class=\"wp-block-image size-large\"><img decoding=\"async\" width=\"1024\" height=\"768\" src=\"https:\/\/dronelab.lv\/wp-content\/uploads\/2024\/08\/karlisMetalWeldingCommercialDiver-1024x768.jpeg\" alt=\"Dronelab: J\u016bsu R\u012bgas eksperti krastu stiprin\u0101\u0161anai ar prec\u012bz\u0101m zem\u016bdens p\u0101rbaud\u0113m R\u012bga, Latvija \u2013 kad runa ir par b\u016btiskiem krastu nostiprin\u0101\u0161anas projektiem R\u012bgas ros\u012bgaj\u0101 ost\u0101, jums j\u0101atceras tikai viens nosaukums: Dronelab. M\u016bsu augsti kvalific\u0113tu un sertific\u0113tu profesion\u0101lu \u016bdensl\u012bd\u0113ju un in\u017eenieru komanda sniedz visaptvero\u0161us zem\u016bdens p\u0101rbaudes pakalpojumus, nodro\u0161inot j\u016bsu projekta pan\u0101kumus jau no pa\u0161a s\u0101kuma. M\u016bsu \u016bdensl\u012bd\u0113ji izmanto jaun\u0101k\u0101s tehnolo\u0123ijas, lai veiktu r\u016bp\u012bgu ostas piest\u0101tnes sienu apseko\u0161anu. \u0160\u012b detaliz\u0113t\u0101 p\u0101rbaude \u013cauj mums noteikt visus iesp\u0113jamos tr\u016bkumus vai boj\u0101jumus, kas var\u0113tu apdraud\u0113t krasta l\u012bnijas integrit\u0101ti. Izmantojot \u0161o inform\u0101ciju, m\u0113s varam izstr\u0101d\u0101t m\u0113r\u0137tiec\u012bgu remontdarbu pl\u0101nu, palielinot efektivit\u0101ti un izmaksu lietder\u012bbu. Dronelab neapst\u0101jas pie p\u0101rbaud\u0113m. M\u0113s lepojamies ar\u012b ar profesion\u0101lu metin\u0101t\u0101ju komandu, kas var veikt zem\u016bdens remontu tie\u0161i piest\u0101tn\u0113. Tas nov\u0113r\u0161 nepiecie\u0161am\u012bbu p\u0113c d\u0101rg\u0101m un trauc\u0113jo\u0161\u0101m at\u016bde\u0146o\u0161anas proced\u016br\u0101m, saglab\u0101jot projektu saska\u0146\u0101 ar grafiku un samazinot d\u012bkst\u0101ves laiku. L\u016bk, kas at\u0161\u0137ir Dronelab: nep\u0101rsp\u0113jamas zin\u0101\u0161anas: m\u016bsu komanda apvieno profesion\u0101lo nir\u0161anas pieredzi ar in\u017eenierzin\u0101tn\u0113m, pied\u0101v\u0101jot visaptvero\u0161u izpratni par zem\u016bdens izaicin\u0101jumiem un risin\u0101jumiem. Uzlabotas tehnolo\u0123ijas: m\u0113s izmantojam vismodern\u0101k\u0101s zem\u016bdens m\u0113r\u012b\u0161anas iek\u0101rtas, lai nodro\u0161in\u0101tu prec\u012bzu un detaliz\u0113tu piest\u0101tnes sienu nov\u0113rt\u0113jumu. Pieredz\u0113ju\u0161i metin\u0101t\u0101ji: mums ir augsti kvalific\u0113tu zem\u016bdens metin\u0101t\u0101ju komanda, kas sp\u0113j veikt sare\u017e\u0123\u012btus remontdarbus ar izcilu precizit\u0101ti. Efektivit\u0101te un rentabilit\u0101te: m\u016bsu apvienotie p\u0101rbaudes un remonta pakalpojumi samazina projekta termi\u0146us un trauc\u0113jumus, t\u0101d\u0113j\u0101di radot izmaksu ietaup\u012bjumus. Run\u0101jot par krasta nostiprin\u0101\u0161anu R\u012bgas ost\u0101, uzticieties Dronelab uzticam\u0101m, efekt\u012bv\u0101m un lietprat\u012bg\u0101m zem\u016bdens apskat\u0113m un remontdarbiem. Sazinieties ar mums jau \u0161odien un \u013caujiet m\u016bsu komandai pal\u012bdz\u0113t jums nodro\u0161in\u0101t j\u016bsu krasta l\u012bnijas ilgsto\u0161u sp\u0113ku un dro\u0161\u012bbu. Dronelab: nirst dzi\u013c\u0101k, lai g\u016btu pan\u0101kumus. Kontakti: T\u0101lrunis: +371 220 77 20 E-pasts: mail@dronelab.lv\" class=\"wp-image-1092\" srcset=\"https:\/\/dronelab.lv\/wp-content\/uploads\/2024\/08\/karlisMetalWeldingCommercialDiver-1024x768.jpeg 1024w, https:\/\/dronelab.lv\/wp-content\/uploads\/2024\/08\/karlisMetalWeldingCommercialDiver-800x600.jpeg 800w, https:\/\/dronelab.lv\/wp-content\/uploads\/2024\/08\/karlisMetalWeldingCommercialDiver-300x225.jpeg 300w, https:\/\/dronelab.lv\/wp-content\/uploads\/2024\/08\/karlisMetalWeldingCommercialDiver-768x576.jpeg 768w, https:\/\/dronelab.lv\/wp-content\/uploads\/2024\/08\/karlisMetalWeldingCommercialDiver-16x12.jpeg 16w, https:\/\/dronelab.lv\/wp-content\/uploads\/2024\/08\/karlisMetalWeldingCommercialDiver-1000x750.jpeg 1000w, https:\/\/dronelab.lv\/wp-content\/uploads\/2024\/08\/karlisMetalWeldingCommercialDiver-230x173.jpeg 230w, https:\/\/dronelab.lv\/wp-content\/uploads\/2024\/08\/karlisMetalWeldingCommercialDiver-350x263.jpeg 350w, https:\/\/dronelab.lv\/wp-content\/uploads\/2024\/08\/karlisMetalWeldingCommercialDiver-480x360.jpeg 480w, https:\/\/dronelab.lv\/wp-content\/uploads\/2024\/08\/karlisMetalWeldingCommercialDiver.jpeg 1440w\" sizes=\"(max-width: 1024px) 100vw, 1024px\" \/><\/figure><p><strong>L\u016bk, kas at\u0161\u0137ir Dronelab:<\/strong><\/p><ul class=\"wp-block-list\"><li><strong>Nep\u0101rsp\u0113jamas zin\u0101\u0161anas:<\/strong> M\u016bsu komanda apvieno profesion\u0101lo nir\u0161anas pieredzi ar in\u017eenierzin\u0101tn\u0113m, pied\u0101v\u0101jot visaptvero\u0161u izpratni par zem\u016bdens izaicin\u0101jumiem un risin\u0101jumiem.<\/li>\n\n<li><strong>Uzlabotas tehnolo\u0123ijas:<\/strong> M\u0113s izmantojam vismodern\u0101k\u0101s zem\u016bdens m\u0113r\u012b\u0161anas iek\u0101rtas, lai nodro\u0161in\u0101tu prec\u012bzu un detaliz\u0113tu piest\u0101tnes sienu nov\u0113rt\u0113jumu.<\/li>\n\n<li><strong>Pieredz\u0113ju\u0161i metin\u0101t\u0101ji:<\/strong> Mums ir augsti kvalific\u0113tu zem\u016bdens metin\u0101t\u0101ju komanda, kas sp\u0113j veikt sare\u017e\u0123\u012btus remontdarbus ar izcilu precizit\u0101ti.<\/li>\n\n<li><strong>Efektivit\u0101te un rentabilit\u0101te:<\/strong> M\u016bsu apvienotie p\u0101rbaudes un remonta pakalpojumi samazina projekta termi\u0146us un trauc\u0113jumus, t\u0101d\u0113j\u0101di ietaupot izmaksas.<\/li><\/ul><figure class=\"wp-block-image size-large\"><img decoding=\"async\" width=\"1024\" height=\"768\" src=\"https:\/\/dronelab.lv\/wp-content\/uploads\/2024\/08\/karlisDronelabShoreWorks-1024x768.jpeg?v=1724929461\" alt=\"\" class=\"wp-image-1094\" srcset=\"https:\/\/dronelab.lv\/wp-content\/uploads\/2024\/08\/karlisDronelabShoreWorks-1024x768.jpeg 1024w, https:\/\/dronelab.lv\/wp-content\/uploads\/2024\/08\/karlisDronelabShoreWorks-800x600.jpeg 800w, https:\/\/dronelab.lv\/wp-content\/uploads\/2024\/08\/karlisDronelabShoreWorks-300x225.jpeg 300w, https:\/\/dronelab.lv\/wp-content\/uploads\/2024\/08\/karlisDronelabShoreWorks-768x576.jpeg 768w, https:\/\/dronelab.lv\/wp-content\/uploads\/2024\/08\/karlisDronelabShoreWorks-1536x1152.jpeg 1536w, https:\/\/dronelab.lv\/wp-content\/uploads\/2024\/08\/karlisDronelabShoreWorks-16x12.jpeg 16w, https:\/\/dronelab.lv\/wp-content\/uploads\/2024\/08\/karlisDronelabShoreWorks-1000x750.jpeg 1000w, https:\/\/dronelab.lv\/wp-content\/uploads\/2024\/08\/karlisDronelabShoreWorks-230x173.jpeg 230w, https:\/\/dronelab.lv\/wp-content\/uploads\/2024\/08\/karlisDronelabShoreWorks-350x263.jpeg 350w, https:\/\/dronelab.lv\/wp-content\/uploads\/2024\/08\/karlisDronelabShoreWorks-480x360.jpeg 480w, https:\/\/dronelab.lv\/wp-content\/uploads\/2024\/08\/karlisDronelabShoreWorks.jpeg 1600w\" sizes=\"(max-width: 1024px) 100vw, 1024px\" \/><\/figure><p><strong>Run\u0101jot par krasta nostiprin\u0101\u0161anu R\u012bgas ost\u0101, uzticieties Dronelab uzticam\u0101m, efekt\u012bv\u0101m un lietprat\u012bg\u0101m zem\u016bdens apskat\u0113m un remontdarbiem. Sazinieties ar mums jau \u0161odien un \u013caujiet m\u016bsu komandai pal\u012bdz\u0113t jums nodro\u0161in\u0101t j\u016bsu krasta l\u012bnijas ilgsto\u0161u sp\u0113ku un dro\u0161\u012bbu.<\/strong><\/p><p><strong>Dronelab: nirst dzi\u013c\u0101k, lai g\u016btu pan\u0101kumus.<\/strong><\/p><p><strong>Kontaktpersona:<\/strong><\/p><ul class=\"wp-block-list\"><li>T\u0101lrunis: +371 220 77 20<\/li>\n\n<li>E-pasts: mail@dronelab.lv<\/li><\/ul><figure class=\"wp-block-image size-large\"><img loading=\"lazy\" decoding=\"async\" width=\"1024\" height=\"485\" src=\"https:\/\/dronelab.lv\/wp-content\/uploads\/2023\/11\/Zemudens-darbi-1024x485.jpeg\" alt=\"\" class=\"wp-image-743\" srcset=\"https:\/\/dronelab.lv\/wp-content\/uploads\/2023\/11\/Zemudens-darbi-1024x485.jpeg 1024w, https:\/\/dronelab.lv\/wp-content\/uploads\/2023\/11\/Zemudens-darbi-800x379.jpeg 800w, https:\/\/dronelab.lv\/wp-content\/uploads\/2023\/11\/Zemudens-darbi-300x142.jpeg 300w, https:\/\/dronelab.lv\/wp-content\/uploads\/2023\/11\/Zemudens-darbi-768x363.jpeg 768w, https:\/\/dronelab.lv\/wp-content\/uploads\/2023\/11\/Zemudens-darbi-1536x727.jpeg 1536w, https:\/\/dronelab.lv\/wp-content\/uploads\/2023\/11\/Zemudens-darbi-18x9.jpeg 18w, https:\/\/dronelab.lv\/wp-content\/uploads\/2023\/11\/Zemudens-darbi-1000x473.jpeg 1000w, https:\/\/dronelab.lv\/wp-content\/uploads\/2023\/11\/Zemudens-darbi-230x109.jpeg 230w, https:\/\/dronelab.lv\/wp-content\/uploads\/2023\/11\/Zemudens-darbi-350x166.jpeg 350w, https:\/\/dronelab.lv\/wp-content\/uploads\/2023\/11\/Zemudens-darbi-480x227.jpeg 480w, https:\/\/dronelab.lv\/wp-content\/uploads\/2023\/11\/Zemudens-darbi.jpeg 2016w\" sizes=\"(max-width: 1024px) 100vw, 1024px\" \/><\/figure><p>Dronelab zem\u016bdens zin\u0101\u0161anas ir izmantotas ar\u012b zem\u016bdens \u0161uvju sienu b\u016bvniec\u012bb\u0101. \u0160\u012bs sienas ir strat\u0113\u0123iski novietotas gar upju krastiem, lai t\u0101s nostiprin\u0101tu un nov\u0113rstu turpm\u0101ku eroziju. Dronelab izmanto specializ\u0113tu apr\u012bkojumu, lai upes gultn\u0113 ievad\u012btu javu, veidojot sp\u0113c\u012bgu un iztur\u012bgu barjeru, kas aizsarg\u0101 upes krastu no laikapst\u0101k\u013ciem.<\/p><figure class=\"wp-block-image size-large\"><img loading=\"lazy\" decoding=\"async\" width=\"1024\" height=\"683\" src=\"https:\/\/dronelab.lv\/wp-content\/uploads\/2024\/01\/Dronelab-Commercial-Diving-Photo-Full-face-mask-1024x683.png\" alt=\"\" class=\"wp-image-1005\" srcset=\"https:\/\/dronelab.lv\/wp-content\/uploads\/2024\/01\/Dronelab-Commercial-Diving-Photo-Full-face-mask-1024x683.png 1024w, https:\/\/dronelab.lv\/wp-content\/uploads\/2024\/01\/Dronelab-Commercial-Diving-Photo-Full-face-mask-800x533.png 800w, https:\/\/dronelab.lv\/wp-content\/uploads\/2024\/01\/Dronelab-Commercial-Diving-Photo-Full-face-mask-300x200.png 300w, https:\/\/dronelab.lv\/wp-content\/uploads\/2024\/01\/Dronelab-Commercial-Diving-Photo-Full-face-mask-768x512.png 768w, https:\/\/dronelab.lv\/wp-content\/uploads\/2024\/01\/Dronelab-Commercial-Diving-Photo-Full-face-mask-18x12.png 18w, https:\/\/dronelab.lv\/wp-content\/uploads\/2024\/01\/Dronelab-Commercial-Diving-Photo-Full-face-mask-1000x667.png 1000w, https:\/\/dronelab.lv\/wp-content\/uploads\/2024\/01\/Dronelab-Commercial-Diving-Photo-Full-face-mask-230x153.png 230w, https:\/\/dronelab.lv\/wp-content\/uploads\/2024\/01\/Dronelab-Commercial-Diving-Photo-Full-face-mask-350x233.png 350w, https:\/\/dronelab.lv\/wp-content\/uploads\/2024\/01\/Dronelab-Commercial-Diving-Photo-Full-face-mask-480x320.png 480w, https:\/\/dronelab.lv\/wp-content\/uploads\/2024\/01\/Dronelab-Commercial-Diving-Photo-Full-face-mask.png 1200w\" sizes=\"(max-width: 1024px) 100vw, 1024px\" \/><\/figure><p>Dronelab SIA izmanto ar\u012b zem\u016bdens akustisk\u0101s sakaru sist\u0113mas, lai p\u0101rraid\u012btu inform\u0101ciju lielos att\u0101lumos. \u0160\u012bs sist\u0113mas izstaro un sa\u0146em akustiskos sign\u0101lus, kas p\u0101rvietojas pa \u016bdeni, \u013caujot \u016bdensl\u012bd\u0113jiem sazin\u0101ties ar virszemes atbalsta person\u0101lu pat tad, ja tie nav redzami. Dronelab SIA akustisk\u0101s komunik\u0101cijas sist\u0113mas ir \u012bpa\u0161i noder\u012bgas liela m\u0113roga nir\u0161anas oper\u0101cij\u0101m, kur\u0101s nir\u0113jiem var b\u016bt nepiecie\u0161ams uztur\u0113t kontaktus vienam ar otru lielos att\u0101lumos.<\/p><figure class=\"wp-block-image size-large\"><img loading=\"lazy\" decoding=\"async\" width=\"1024\" height=\"683\" src=\"https:\/\/dronelab.lv\/wp-content\/uploads\/2024\/01\/Dronelab-Commercial-Diving-Photo-MALL-1024x683.png\" alt=\"\" class=\"wp-image-1002\" srcset=\"https:\/\/dronelab.lv\/wp-content\/uploads\/2024\/01\/Dronelab-Commercial-Diving-Photo-MALL-1024x683.png 1024w, https:\/\/dronelab.lv\/wp-content\/uploads\/2024\/01\/Dronelab-Commercial-Diving-Photo-MALL-800x533.png 800w, https:\/\/dronelab.lv\/wp-content\/uploads\/2024\/01\/Dronelab-Commercial-Diving-Photo-MALL-300x200.png 300w, https:\/\/dronelab.lv\/wp-content\/uploads\/2024\/01\/Dronelab-Commercial-Diving-Photo-MALL-768x512.png 768w, https:\/\/dronelab.lv\/wp-content\/uploads\/2024\/01\/Dronelab-Commercial-Diving-Photo-MALL-18x12.png 18w, https:\/\/dronelab.lv\/wp-content\/uploads\/2024\/01\/Dronelab-Commercial-Diving-Photo-MALL-1000x667.png 1000w, https:\/\/dronelab.lv\/wp-content\/uploads\/2024\/01\/Dronelab-Commercial-Diving-Photo-MALL-230x153.png 230w, https:\/\/dronelab.lv\/wp-content\/uploads\/2024\/01\/Dronelab-Commercial-Diving-Photo-MALL-350x233.png 350w, https:\/\/dronelab.lv\/wp-content\/uploads\/2024\/01\/Dronelab-Commercial-Diving-Photo-MALL-480x320.png 480w, https:\/\/dronelab.lv\/wp-content\/uploads\/2024\/01\/Dronelab-Commercial-Diving-Photo-MALL.png 1200w\" sizes=\"(max-width: 1024px) 100vw, 1024px\" \/><\/figure><p>SIA Dronelab veiksm\u012bgo projektu rezult\u0101t\u0101 ir b\u016btiski nostiprin\u0101ti Daugavas krasti un moli, mazinot erozijas riskus un nodro\u0161inot upju kopienu un infrastrukt\u016bras dro\u0161\u012bbu. Uz\u0146\u0113muma ap\u0146em\u0161an\u0101s nodro\u0161in\u0101t inov\u0101cijas un dro\u0161\u012bbu ir iemantojusi tai zem\u016bdens tehnolo\u0123iju l\u012bdera reput\u0101ciju.<\/p><figure class=\"wp-block-image size-large\"><img loading=\"lazy\" decoding=\"async\" width=\"1024\" height=\"683\" src=\"https:\/\/dronelab.lv\/wp-content\/uploads\/2024\/01\/Dronelab-Commercial-Diving-Photo-PORT-WORKING-1024x683.png\" alt=\"\" class=\"wp-image-1003\" srcset=\"https:\/\/dronelab.lv\/wp-content\/uploads\/2024\/01\/Dronelab-Commercial-Diving-Photo-PORT-WORKING-1024x683.png 1024w, https:\/\/dronelab.lv\/wp-content\/uploads\/2024\/01\/Dronelab-Commercial-Diving-Photo-PORT-WORKING-800x533.png 800w, https:\/\/dronelab.lv\/wp-content\/uploads\/2024\/01\/Dronelab-Commercial-Diving-Photo-PORT-WORKING-300x200.png 300w, https:\/\/dronelab.lv\/wp-content\/uploads\/2024\/01\/Dronelab-Commercial-Diving-Photo-PORT-WORKING-768x512.png 768w, https:\/\/dronelab.lv\/wp-content\/uploads\/2024\/01\/Dronelab-Commercial-Diving-Photo-PORT-WORKING-18x12.png 18w, https:\/\/dronelab.lv\/wp-content\/uploads\/2024\/01\/Dronelab-Commercial-Diving-Photo-PORT-WORKING-1000x667.png 1000w, https:\/\/dronelab.lv\/wp-content\/uploads\/2024\/01\/Dronelab-Commercial-Diving-Photo-PORT-WORKING-230x153.png 230w, https:\/\/dronelab.lv\/wp-content\/uploads\/2024\/01\/Dronelab-Commercial-Diving-Photo-PORT-WORKING-350x233.png 350w, https:\/\/dronelab.lv\/wp-content\/uploads\/2024\/01\/Dronelab-Commercial-Diving-Photo-PORT-WORKING-480x320.png 480w, https:\/\/dronelab.lv\/wp-content\/uploads\/2024\/01\/Dronelab-Commercial-Diving-Photo-PORT-WORKING.png 1200w\" sizes=\"(max-width: 1024px) 100vw, 1024px\" \/><\/figure><p>SIA Dronelab dal\u012bba \u0161aj\u0101 projekt\u0101 apliecina t\u0101s ap\u0146em\u0161anos nodro\u0161in\u0101t augstas kvalit\u0101tes zem\u016bdens pakalpojumus, lai atbalst\u012btu Latvijas infrastrukt\u016bras att\u012bst\u012bbu. Uz\u0146\u0113muma zin\u0101\u0161anas un novatorisk\u0101 pieeja ir padar\u012bju\u0161as to par uzticamu partneri gan valsts, gan priv\u0101t\u0101m strukt\u016br\u0101m.<\/p><figure class=\"wp-block-image size-large\"><img loading=\"lazy\" decoding=\"async\" width=\"1024\" height=\"683\" src=\"https:\/\/dronelab.lv\/wp-content\/uploads\/2024\/01\/Dronelab-zemudens-foto-1024x683.jpg\" alt=\"\" class=\"wp-image-1037\" srcset=\"https:\/\/dronelab.lv\/wp-content\/uploads\/2024\/01\/Dronelab-zemudens-foto-1024x683.jpg 1024w, https:\/\/dronelab.lv\/wp-content\/uploads\/2024\/01\/Dronelab-zemudens-foto-800x533.jpg 800w, https:\/\/dronelab.lv\/wp-content\/uploads\/2024\/01\/Dronelab-zemudens-foto-300x200.jpg 300w, https:\/\/dronelab.lv\/wp-content\/uploads\/2024\/01\/Dronelab-zemudens-foto-768x512.jpg 768w, https:\/\/dronelab.lv\/wp-content\/uploads\/2024\/01\/Dronelab-zemudens-foto-18x12.jpg 18w, https:\/\/dronelab.lv\/wp-content\/uploads\/2024\/01\/Dronelab-zemudens-foto-1000x667.jpg 1000w, https:\/\/dronelab.lv\/wp-content\/uploads\/2024\/01\/Dronelab-zemudens-foto-230x153.jpg 230w, https:\/\/dronelab.lv\/wp-content\/uploads\/2024\/01\/Dronelab-zemudens-foto-350x233.jpg 350w, https:\/\/dronelab.lv\/wp-content\/uploads\/2024\/01\/Dronelab-zemudens-foto-480x320.jpg 480w, https:\/\/dronelab.lv\/wp-content\/uploads\/2024\/01\/Dronelab-zemudens-foto.jpg 1200w\" sizes=\"(max-width: 1024px) 100vw, 1024px\" \/><\/figure><p>SIA Dronelab specializ\u0113jas ne tikai zem\u016bdens p\u0101rbaud\u0113s, izrakumos un celtniec\u012bb\u0101, bet ar\u012b atdz\u012bvina zem\u016bdens pasauli, izmantojot satrieco\u0161u zem\u016bdens fotogr\u0101fiju. Uz\u0146\u0113muma prasm\u012bgie \u016bdensl\u012bd\u0113ji un in\u017eenieri apvieno savas zin\u0101\u0161anas ar vismodern\u0101ko apr\u012bkojumu, lai uz\u0146emtu elpu aizraujo\u0161us att\u0113lus un video par zem\u016bdens ainav\u0101m, j\u016bras dz\u012bvi un zem\u016bdens strukt\u016br\u0101m.<\/p>","protected":false},"excerpt":{"rendered":"<p>Dronelab: zem\u016bdens eksperti krastu nostiprin\u0101\u0161anai ar prec\u012bz\u0101m zem\u016bdens p\u0101rbaud\u0113m R\u012bga, Latvija \u2013 kad runa ir par b\u016btiskiem krastu nostiprin\u0101\u0161anas projektiem [\u2026]<\/p>","protected":false},"author":2,"featured_media":743,"parent":0,"menu_order":0,"comment_status":"closed","ping_status":"closed","template":"","meta":{"footnotes":""},"class_list":["post-894","page","type-page","status-publish","has-post-thumbnail","hentry"],"_links":{"self":[{"href":"https:\/\/dronelab.lv\/lv\/wp-json\/wp\/v2\/pages\/894","targetHints":{"allow":["GET"]}}],"collection":[{"href":"https:\/\/dronelab.lv\/lv\/wp-json\/wp\/v2\/pages"}],"about":[{"href":"https:\/\/dronelab.lv\/lv\/wp-json\/wp\/v2\/types\/page"}],"author":[{"embeddable":true,"href":"https:\/\/dronelab.lv\/lv\/wp-json\/wp\/v2\/users\/2"}],"replies":[{"embeddable":true,"href":"https:\/\/dronelab.lv\/lv\/wp-json\/wp\/v2\/comments?post=894"}],"version-history":[{"count":9,"href":"https:\/\/dronelab.lv\/lv\/wp-json\/wp\/v2\/pages\/894\/revisions"}],"predecessor-version":[{"id":1114,"href":"https:\/\/dronelab.lv\/lv\/wp-json\/wp\/v2\/pages\/894\/revisions\/1114"}],"wp:featuredmedia":[{"embeddable":true,"href":"https:\/\/dronelab.lv\/lv\/wp-json\/wp\/v2\/media\/743"}],"wp:attachment":[{"href":"https:\/\/dronelab.lv\/lv\/wp-json\/wp\/v2\/media?parent=894"}],"curies":[{"name":"wp","href":"https:\/\/api.w.org\/{rel}","templated":true}]}}