{"id":34,"date":"2017-05-01T08:59:53","date_gmt":"2017-05-01T08:59:53","guid":{"rendered":"https:\/\/dronelab.lv\/?page_id=34"},"modified":"2025-04-11T13:14:29","modified_gmt":"2025-04-11T13:14:29","slug":"contacts-old","status":"publish","type":"page","link":"https:\/\/dronelab.lv\/lv\/kontaktpersonas\/","title":{"rendered":"Kontakti"},"content":{"rendered":"<ul>\n<li id=\"block-2\" class=\"widget widget_block widget_text\">\n<p data-sourcepos=\"3:1-3:349\"><strong>Dronelab SIA (dibin\u0101ta 2006. gad\u0101<\/strong><strong>)<\/strong> ir vado\u0161ais zem\u016bdens pakalpojumu sniedz\u0113js Latvij\u0101, kas pied\u0101v\u0101 pla\u0161u risin\u0101jumu kl\u0101stu, ieskaitot infrastrukt\u016bras p\u0101rbaudi, vides monitoringu un l\u012bdzek\u013cu atg\u016b\u0161anu. M\u0113s izmantojam kvalific\u0113tu \u016bdensl\u012bd\u0113ju un in\u017eenieru komandu, k\u0101 ar\u012b modernu apr\u012bkojumu, piem\u0113ram, zem\u016bdens dronus un ROV, lai nodro\u0161in\u0101tu augstas kvalit\u0101tes un dro\u0161us projektus.<\/p>\n<\/li>\n<li><strong>Dronelab SIA<\/strong>\u00a0ir uzticams partneris valsts a\u0123ent\u016br\u0101m, kas veiksm\u012bgi izpilda konkursus par augst\u0101k\u0101 l\u012bme\u0146a milit\u0101r\u0101 l\u012bme\u0146a nir\u0161anas un kompresijas apr\u012bkojuma pieg\u0101di.<\/li>\n<li><strong>Dronelab SIA<\/strong> ir labi pan\u0101kumi zem\u016bdens pakalpojumu nozar\u0113.<\/li>\n<\/ul>\n<p><img fetchpriority=\"high\" decoding=\"async\" class=\"size-full wp-image-732 alignleft\" src=\"https:\/\/dronelab.lv\/wp-content\/uploads\/2023\/10\/latvian-company.png\" alt=\"Latvijas uz\u0146\u0113mums\" width=\"299\" height=\"169\" srcset=\"https:\/\/dronelab.lv\/wp-content\/uploads\/2023\/10\/latvian-company.png 299w, https:\/\/dronelab.lv\/wp-content\/uploads\/2023\/10\/latvian-company-230x130.png 230w\" sizes=\"(max-width: 299px) 100vw, 299px\" \/><\/p>\n<aside id=\"block-3\" class=\"widget widget_block widget_text\"><strong>SIA \u201cDroneLab\u201d, 40003855421<\/strong><\/aside>\n<aside><\/aside>\n<aside id=\"block-4\" class=\"widget widget_block widget_text\">E-pasts: info(at)dronelab.lv<\/aside>\n<aside class=\"widget widget_block widget_text\">T\u0101lrunis: 220-77-202<\/aside>\n<aside class=\"widget widget_block widget_text\">Adrese: Pi\u0146\u0137i, M\u0101rupes novads, LV-2107<\/aside><p><\/p>","protected":false},"excerpt":{"rendered":"<p>Dronelab SIA (Founded in 2006) is a leading provider of underwater services in Latvia, offering a wide range of solutions including infrastructure [&hellip;]<\/p>","protected":false},"author":1,"featured_media":208,"parent":0,"menu_order":0,"comment_status":"closed","ping_status":"closed","template":"page-templates\/page_fullwidth.php","meta":{"footnotes":""},"class_list":["post-34","page","type-page","status-publish","has-post-thumbnail","hentry"],"_links":{"self":[{"href":"https:\/\/dronelab.lv\/lv\/wp-json\/wp\/v2\/pages\/34","targetHints":{"allow":["GET"]}}],"collection":[{"href":"https:\/\/dronelab.lv\/lv\/wp-json\/wp\/v2\/pages"}],"about":[{"href":"https:\/\/dronelab.lv\/lv\/wp-json\/wp\/v2\/types\/page"}],"author":[{"embeddable":true,"href":"https:\/\/dronelab.lv\/lv\/wp-json\/wp\/v2\/users\/1"}],"replies":[{"embeddable":true,"href":"https:\/\/dronelab.lv\/lv\/wp-json\/wp\/v2\/comments?post=34"}],"version-history":[{"count":13,"href":"https:\/\/dronelab.lv\/lv\/wp-json\/wp\/v2\/pages\/34\/revisions"}],"predecessor-version":[{"id":1167,"href":"https:\/\/dronelab.lv\/lv\/wp-json\/wp\/v2\/pages\/34\/revisions\/1167"}],"wp:featuredmedia":[{"embeddable":true,"href":"https:\/\/dronelab.lv\/lv\/wp-json\/wp\/v2\/media\/208"}],"wp:attachment":[{"href":"https:\/\/dronelab.lv\/lv\/wp-json\/wp\/v2\/media?parent=34"}],"curies":[{"name":"wp","href":"https:\/\/api.w.org\/{rel}","templated":true}]}}