{"id":28,"date":"2017-05-01T08:59:28","date_gmt":"2017-05-01T08:59:28","guid":{"rendered":"https:\/\/dronelab.lv\/?page_id=28"},"modified":"2024-02-08T20:24:16","modified_gmt":"2024-02-08T20:24:16","slug":"products","status":"publish","type":"page","link":"https:\/\/dronelab.lv\/lv\/produktiem\/","title":{"rendered":"Dronelab produkti"},"content":{"rendered":"<div class=\"ce_text m-center no-padding-bottom d5-d12 t5-t12 m-padinfull block\">\n<h3>Dronbuster<\/h3>\n<p>Pret UAV risin\u0101jumi milit\u0101rajai, feder\u0101lajai un viet\u0113jai ties\u012bbaizsardz\u012bbai. Dronebuster ir RF trauc\u0113\u0161anas ier\u012bce. Dronebuster var spert \u0161o soli t\u0101l\u0101k un ar\u012b p\u0101rsp\u012bl\u0113t GPS sign\u0101lu, kas liks dronam nolaisties vai izkrist no debes\u012bm. Dronebuster ir izmaksu zi\u0146\u0101 efekt\u012bvs r\u012bks dro\u0161\u012bbas komand\u0101m un pirmajiem rea\u0123\u0113t\u0101jiem, ko var izmantot pl\u016bsto\u0161u, neskaidru un \u0101trs notikumu laik\u0101. Sist\u0113ma \u013cauj dro\u0161\u012bbas komand\u0101m un ties\u012bbaizsardz\u012bbas iest\u0101d\u0113m efekt\u012bvi tikt gal\u0101 ar bezpilota lidapar\u0101tu, kas tuvojas priek\u0161\u0113jai darb\u012bbas b\u0101zei, lidin\u0101s p\u0101ri lielam p\u016blim, snau\u017e dro\u0161\u0101s\/priv\u0101t\u0101s zon\u0101s vai lido ierobe\u017eot\u0101 gaisa telp\u0101.<\/p>\n<h3><a href=\"https:\/\/dronelab.lv\/lv\/produktiem\/dronebuster-mobile-version\/\" rel=\"attachment wp-att-91\"><img fetchpriority=\"high\" decoding=\"async\" class=\"alignnone size-full wp-image-91\" src=\"https:\/\/dronelab.lv\/wp-content\/uploads\/2017\/05\/Dronebuster-mobile-version.png\" alt=\"\" width=\"588\" height=\"508\" srcset=\"https:\/\/dronelab.lv\/wp-content\/uploads\/2017\/05\/Dronebuster-mobile-version.png 588w, https:\/\/dronelab.lv\/wp-content\/uploads\/2017\/05\/Dronebuster-mobile-version-300x259.png 300w, https:\/\/dronelab.lv\/wp-content\/uploads\/2017\/05\/Dronebuster-mobile-version-230x199.png 230w, https:\/\/dronelab.lv\/wp-content\/uploads\/2017\/05\/Dronebuster-mobile-version-350x302.png 350w, https:\/\/dronelab.lv\/wp-content\/uploads\/2017\/05\/Dronebuster-mobile-version-480x415.png 480w\" sizes=\"(max-width: 588px) 100vw, 588px\" \/><\/a><\/h3>\n<p>Avi\u0101cijas dro\u0161\u012bba, pas\u0101kumu dro\u0161\u012bba, ugunsdz\u0113s\u012bba, pils\u0113ti\u0146as apsardze<\/p>\n<p>&nbsp;<\/p>\n<h3>RF sensors 2.5<\/h3>\n<\/div>\n<div class=\"ce_text m-center d5-d11 t5-t12 m-padinfull block\">\n<p>DroneTracker 2.5 kombin\u0101cij\u0101 ar RF sensoru sp\u0113j noteikt dronus un t\u0101lvad\u012bbas pultis p\u0113c to radiofrekvences (RF) signat\u016bras. M\u0113s atkl\u0101jam visus dronus, kas savienoti, izmantojot RF vai WiFi, tostarp <strong>visa DJI produktu l\u012bnija<\/strong>.<\/p>\n<\/div>\n<p><img decoding=\"async\" class=\"alignnone size-large wp-image-39\" src=\"https:\/\/dronelab.lv\/wp-content\/uploads\/2017\/05\/rf-sensor-intro-1024x579.jpg\" alt=\"\" width=\"1024\" height=\"579\" srcset=\"https:\/\/dronelab.lv\/wp-content\/uploads\/2017\/05\/rf-sensor-intro-1024x579.jpg 1024w, https:\/\/dronelab.lv\/wp-content\/uploads\/2017\/05\/rf-sensor-intro-800x453.jpg 800w, https:\/\/dronelab.lv\/wp-content\/uploads\/2017\/05\/rf-sensor-intro-300x170.jpg 300w, https:\/\/dronelab.lv\/wp-content\/uploads\/2017\/05\/rf-sensor-intro-768x435.jpg 768w, https:\/\/dronelab.lv\/wp-content\/uploads\/2017\/05\/rf-sensor-intro-830x470.jpg 830w, https:\/\/dronelab.lv\/wp-content\/uploads\/2017\/05\/rf-sensor-intro-230x130.jpg 230w, https:\/\/dronelab.lv\/wp-content\/uploads\/2017\/05\/rf-sensor-intro-350x198.jpg 350w, https:\/\/dronelab.lv\/wp-content\/uploads\/2017\/05\/rf-sensor-intro-480x272.jpg 480w, https:\/\/dronelab.lv\/wp-content\/uploads\/2017\/05\/rf-sensor-intro.jpg 1958w\" sizes=\"(max-width: 1024px) 100vw, 1024px\" \/><\/p>\n<h3>Agr\u012bn\u0101s br\u012bdin\u0101\u0161anas sist\u0113ma<\/h3>\n<p>DroneTracker RF sensors past\u0101v\u012bgi mekl\u0113 pla\u0161u frekven\u010du joslu un klasific\u0113 un atkod\u0113 sign\u0101lus, lai klienti sa\u0146emtu agr\u012bnus br\u012bdin\u0101jumus \u2014 <strong>bie\u017ei vien pirms droni ir pat gais\u0101<\/strong>.<\/p>\n<p><img decoding=\"async\" class=\"alignnone size-full wp-image-40\" src=\"https:\/\/dronelab.lv\/wp-content\/uploads\/2017\/05\/product-rf-sensor-scanning-1c932e96.png\" alt=\"\" width=\"979\" height=\"530\" srcset=\"https:\/\/dronelab.lv\/wp-content\/uploads\/2017\/05\/product-rf-sensor-scanning-1c932e96.png 979w, https:\/\/dronelab.lv\/wp-content\/uploads\/2017\/05\/product-rf-sensor-scanning-1c932e96-800x433.png 800w, https:\/\/dronelab.lv\/wp-content\/uploads\/2017\/05\/product-rf-sensor-scanning-1c932e96-300x162.png 300w, https:\/\/dronelab.lv\/wp-content\/uploads\/2017\/05\/product-rf-sensor-scanning-1c932e96-768x416.png 768w, https:\/\/dronelab.lv\/wp-content\/uploads\/2017\/05\/product-rf-sensor-scanning-1c932e96-830x449.png 830w, https:\/\/dronelab.lv\/wp-content\/uploads\/2017\/05\/product-rf-sensor-scanning-1c932e96-230x125.png 230w, https:\/\/dronelab.lv\/wp-content\/uploads\/2017\/05\/product-rf-sensor-scanning-1c932e96-350x189.png 350w, https:\/\/dronelab.lv\/wp-content\/uploads\/2017\/05\/product-rf-sensor-scanning-1c932e96-480x260.png 480w\" sizes=\"(max-width: 979px) 100vw, 979px\" \/><\/p>\n<h3>\u00a0DroneTracker multisensors<\/h3>\n<p>J\u016bs varat past\u0101v\u012bgi uzst\u0101d\u012bt DT Multi Sensor pie fas\u0101d\u0113m vai \u012bpa\u0161iem stabiem, lai 24 stundas diennakt\u012b uzraudz\u012btu noteiktu debess posmu.<\/p>\n<p><img loading=\"lazy\" decoding=\"async\" class=\"alignnone size-full wp-image-41\" src=\"https:\/\/dronelab.lv\/wp-content\/uploads\/2017\/05\/dronetracker.png\" alt=\"\" width=\"436\" height=\"516\" srcset=\"https:\/\/dronelab.lv\/wp-content\/uploads\/2017\/05\/dronetracker.png 436w, https:\/\/dronelab.lv\/wp-content\/uploads\/2017\/05\/dronetracker-253x300.png 253w, https:\/\/dronelab.lv\/wp-content\/uploads\/2017\/05\/dronetracker-230x272.png 230w, https:\/\/dronelab.lv\/wp-content\/uploads\/2017\/05\/dronetracker-350x414.png 350w\" sizes=\"(max-width: 436px) 100vw, 436px\" \/><\/p>\n<h3>DroneTracker notikumu komplekts<\/h3>\n<p>M\u0113s esam izstr\u0101d\u0101ju\u0161i DroneTracker notikumu komplektu \u012bslaic\u012bgai lieto\u0161anai, piem\u0113ram, agr\u012bnai bezpilota lidapar\u0101tu noteik\u0161anai valsts viz\u012bt\u0113s, publisk\u0101s konvencij\u0101s, koncertos vai sporta pas\u0101kumos. Pas\u0101kumu komplekt\u0101 ir divi stat\u012bvi, pie kuriem varat elast\u012bgi piestiprin\u0101t DroneTracker multisensorus vai DT RF sensoru un uzst\u0101d\u012bt tos jebkur.<\/p>\n<p><img loading=\"lazy\" decoding=\"async\" class=\"alignnone size-large wp-image-42\" src=\"https:\/\/dronelab.lv\/wp-content\/uploads\/2017\/05\/event-kit-826x1024.jpg\" alt=\"\" width=\"826\" height=\"1024\" srcset=\"https:\/\/dronelab.lv\/wp-content\/uploads\/2017\/05\/event-kit-826x1024.jpg 826w, https:\/\/dronelab.lv\/wp-content\/uploads\/2017\/05\/event-kit-800x991.jpg 800w, https:\/\/dronelab.lv\/wp-content\/uploads\/2017\/05\/event-kit-242x300.jpg 242w, https:\/\/dronelab.lv\/wp-content\/uploads\/2017\/05\/event-kit-768x952.jpg 768w, https:\/\/dronelab.lv\/wp-content\/uploads\/2017\/05\/event-kit-830x1028.jpg 830w, https:\/\/dronelab.lv\/wp-content\/uploads\/2017\/05\/event-kit-230x285.jpg 230w, https:\/\/dronelab.lv\/wp-content\/uploads\/2017\/05\/event-kit-350x434.jpg 350w, https:\/\/dronelab.lv\/wp-content\/uploads\/2017\/05\/event-kit-480x595.jpg 480w, https:\/\/dronelab.lv\/wp-content\/uploads\/2017\/05\/event-kit.jpg 958w\" sizes=\"(max-width: 826px) 100vw, 826px\" \/><\/p>\n<h3>Robin Radar Systems Elvira<\/h3>\n<p>Elv\u012bra aptver pilnu 360 gr\u0101du skatu. Tas atkl\u0101j liel\u0101kus fiks\u0113tu sp\u0101rnu m\u0113r\u0137us devi\u0146u kilometru diapazon\u0101, bet maz\u0101kus vair\u0101ku rotoru bezpilota lidapar\u0101tus - l\u012bdz tr\u012bs kilometriem. Tom\u0113r, lai piln\u012bb\u0101 nodro\u0161in\u0101tu apgabalu, ir nepiecie\u0161ams vair\u0101k nek\u0101 tikai att\u0101luma noteik\u0161ana. Tas prasa elast\u012bbu un uzticam\u012bbu. Elvira nodro\u0161ina neierobe\u017eotu p\u0101rkl\u0101jumu, pateicoties sp\u0113jai apvienot vair\u0101kas radara ier\u012bces integr\u0113t\u0101 sensoru t\u012bkl\u0101. Vair\u0101ku sensoru izvade ir iek\u013cauta vien\u0101 nep\u0101rprotam\u0101 att\u0113l\u0101.<\/p>\n<p><a href=\"https:\/\/dronelab.lv\/lv\/produktiem\/robin-radar-woensdrecht-19\/\" rel=\"attachment wp-att-96\"><img loading=\"lazy\" decoding=\"async\" class=\"alignnone size-full wp-image-96\" src=\"https:\/\/dronelab.lv\/wp-content\/uploads\/2017\/05\/Robin-Radar-Woensdrecht-19.jpg\" alt=\"\" width=\"640\" height=\"461\" srcset=\"https:\/\/dronelab.lv\/wp-content\/uploads\/2017\/05\/Robin-Radar-Woensdrecht-19.jpg 640w, https:\/\/dronelab.lv\/wp-content\/uploads\/2017\/05\/Robin-Radar-Woensdrecht-19-300x216.jpg 300w, https:\/\/dronelab.lv\/wp-content\/uploads\/2017\/05\/Robin-Radar-Woensdrecht-19-230x166.jpg 230w, https:\/\/dronelab.lv\/wp-content\/uploads\/2017\/05\/Robin-Radar-Woensdrecht-19-350x252.jpg 350w, https:\/\/dronelab.lv\/wp-content\/uploads\/2017\/05\/Robin-Radar-Woensdrecht-19-480x346.jpg 480w\" sizes=\"(max-width: 640px) 100vw, 640px\" \/><\/a><\/p>\n<p>&nbsp;<\/p>","protected":false},"excerpt":{"rendered":"<p>Dronebuster Counter UAV risin\u0101jumi milit\u0101rajai, feder\u0101lajai un viet\u0113jai ties\u012bbaizsardz\u012bbai. Dronebuster ir RF trauc\u0113\u0161anas ier\u012bce. Dronebuster var pa\u0146emt \u0161o [\u2026]<\/p>","protected":false},"author":1,"featured_media":0,"parent":0,"menu_order":0,"comment_status":"closed","ping_status":"closed","template":"page-templates\/page_fullwidth.php","meta":{"footnotes":""},"class_list":["post-28","page","type-page","status-publish","hentry"],"_links":{"self":[{"href":"https:\/\/dronelab.lv\/lv\/wp-json\/wp\/v2\/pages\/28","targetHints":{"allow":["GET"]}}],"collection":[{"href":"https:\/\/dronelab.lv\/lv\/wp-json\/wp\/v2\/pages"}],"about":[{"href":"https:\/\/dronelab.lv\/lv\/wp-json\/wp\/v2\/types\/page"}],"author":[{"embeddable":true,"href":"https:\/\/dronelab.lv\/lv\/wp-json\/wp\/v2\/users\/1"}],"replies":[{"embeddable":true,"href":"https:\/\/dronelab.lv\/lv\/wp-json\/wp\/v2\/comments?post=28"}],"version-history":[{"count":1,"href":"https:\/\/dronelab.lv\/lv\/wp-json\/wp\/v2\/pages\/28\/revisions"}],"predecessor-version":[{"id":1061,"href":"https:\/\/dronelab.lv\/lv\/wp-json\/wp\/v2\/pages\/28\/revisions\/1061"}],"wp:attachment":[{"href":"https:\/\/dronelab.lv\/lv\/wp-json\/wp\/v2\/media?parent=28"}],"curies":[{"name":"wp","href":"https:\/\/api.w.org\/{rel}","templated":true}]}}