{"id":227,"date":"2021-07-21T13:24:39","date_gmt":"2021-07-21T13:24:39","guid":{"rendered":"https:\/\/dronelab.lv\/?page_id=227"},"modified":"2024-02-08T20:26:22","modified_gmt":"2024-02-08T20:26:22","slug":"pool-building","status":"publish","type":"page","link":"https:\/\/dronelab.lv\/lv\/baseina-eka\/","title":{"rendered":"Dronelab baseina \u0113ka"},"content":{"rendered":"<h3>Kuru baseinu izv\u0113l\u0113ties?<\/h3>\n<p>M\u016bsdien\u0101s pied\u0101v\u0101to baseinu kl\u0101sts ir \u013coti pla\u0161s un cilv\u0113kam, kur\u0161 nav \u0161\u012bs jomas speci\u0101lists, ir diezgan gr\u016bti nov\u0113rt\u0113t, kur\u0161 baseins b\u016btu piem\u0113rot\u0101kais vi\u0146a apst\u0101k\u013ciem un pras\u012bb\u0101m. K\u0101ds b\u016btu pareizais baseina apr\u012bkojums un apdares materi\u0101li. Lai pal\u012bdz\u0113tu izv\u0113l\u0113ties sev optim\u0101l\u0101ko risin\u0101jumu, past\u0101st\u012b\u0161u par da\u017e\u0101du baseinu priek\u0161roc\u012bb\u0101m un tr\u016bkumiem, s\u0101kot ar popul\u0101r\u0101kajiem veidiem un beidzot ar tiem, kurus izv\u0113las ret\u0101k.<\/p>\n<h3>T\u0113rauda baseini<\/h3>\n<p>Baseina raksturojums: Vid\u0113jas vai zemas uzst\u0101d\u012b\u0161anas izmaksas. Ir iesp\u0113jams tikai skimmeru \u016bdens virsmas s\u016bk\u0161anas princips. \u0100tra baseina uzst\u0101d\u012b\u0161ana un ekspluat\u0101cija. Baseina korpuss ir izgatavots no cinkota un pretkorozijas apstr\u0101d\u0101ta t\u0113rauda. Ir pieejami apa\u013ci, ov\u0101li vai asto\u0146st\u016bra formas baseini. S\u0101nu augstums ir standarta \u2013 0,9 m; 1,2 m; 1,5\u00a0m. PVC vai Vinila maisi\u0146\u0161, kas atbilst baseina izm\u0113ram, kalpo k\u0101 hidroizol\u0101cijas un apdares materi\u0101ls. Tas ir bez pastiprin\u0101juma, parasti 0,75 mm biezs. Baseinus var uzst\u0101d\u012bt virs zemes, da\u013c\u0113ji iegremd\u0113t vai piln\u012bb\u0101 iegremd\u0113t.<\/p>\n<p>Plusi: \u0101tra uzst\u0101d\u012b\u0161ana. Zem\u0101kas sagatavo\u0161anas izmaksas. Jums nav j\u0101dom\u0101 par form\u0101m un izm\u0113riem. Papildu apdares materi\u0101li nav nepiecie\u0161ami.<\/p>\n<p>M\u012bnusi: ierobe\u017eotas formas un dzi\u013cums. Ekspluat\u0101cijas laik\u0101 j\u0101iev\u0113ro hidroizol\u0101cijas materi\u0101ls \u2013 viegli boj\u0101jams (parasti 0,75 mm biezs). Nav p\u0101rkl\u0101ts ar aizsargk\u0101rtu, p\u0113c ziemas r\u016bp\u012bgi j\u0101nomazg\u0101. Baseina korpuss p\u0113c ilgsto\u0161as ekspluat\u0101cijas (7-10 gadi) viet\u0101m sar\u016bs\u0113. Uzst\u0101dot baseinu, pamatne ir j\u0101beton\u0113 vai j\u0101nosl\u012bp\u0113. Augsts grunts\u016bdens var trauc\u0113t darb\u012bbu, k\u0101 ar\u012b uzst\u0101d\u012b\u0161anu.<\/p>\n<p><img fetchpriority=\"high\" decoding=\"async\" class=\"alignnone size-full wp-image-228\" src=\"https:\/\/dronelab.lv\/wp-content\/uploads\/2021\/07\/Pool-building.jpg\" alt=\"Baseina \u0113ka\" width=\"1200\" height=\"741\" srcset=\"https:\/\/dronelab.lv\/wp-content\/uploads\/2021\/07\/Pool-building.jpg 1200w, https:\/\/dronelab.lv\/wp-content\/uploads\/2021\/07\/Pool-building-800x494.jpg 800w, https:\/\/dronelab.lv\/wp-content\/uploads\/2021\/07\/Pool-building-300x185.jpg 300w, https:\/\/dronelab.lv\/wp-content\/uploads\/2021\/07\/Pool-building-1024x632.jpg 1024w, https:\/\/dronelab.lv\/wp-content\/uploads\/2021\/07\/Pool-building-768x474.jpg 768w, https:\/\/dronelab.lv\/wp-content\/uploads\/2021\/07\/Pool-building-830x513.jpg 830w, https:\/\/dronelab.lv\/wp-content\/uploads\/2021\/07\/Pool-building-230x142.jpg 230w, https:\/\/dronelab.lv\/wp-content\/uploads\/2021\/07\/Pool-building-350x216.jpg 350w, https:\/\/dronelab.lv\/wp-content\/uploads\/2021\/07\/Pool-building-480x296.jpg 480w\" sizes=\"(max-width: 1200px) 100vw, 1200px\" \/><\/p>\n<h3 id=\"at-5571\" class=\"c-accordion__title js-accordion-controller\" tabindex=\"0\" role=\"button\" aria-controls=\"ac-5571\" aria-expanded=\"true\"><span>Vai man ir nepiecie\u0161ama b\u016bvat\u013cauja?<\/span><\/h3>\n<div id=\"ac-5571\" class=\"c-accordion__content\">\n<p><span>Pirmais padoms, ko m\u0113s jums pateiksim, ir sazin\u0101ties ar savu r\u0101tsnamu. Vairum\u0101 gad\u012bjumu virszemes peldbaseinam pietiek ar deklar\u0101ciju r\u0101tsnamam, ja v\u0113l\u0113sies to apglab\u0101t, b\u016bs j\u0101iziet b\u016bvat\u013cauja.<\/span><\/p>\n<\/div>\n<h3 id=\"at-99945\" class=\"c-accordion__title js-accordion-controller\" tabindex=\"0\" role=\"button\" aria-controls=\"ac-99945\" aria-expanded=\"true\">Cik \u0101tri es varu sa\u0146emt savu konteineru baseinu?<\/h3>\n<div id=\"ac-99945\" class=\"c-accordion__content\">\n<p>Peldbaseina realiz\u0101cija konteiner\u0101 aiz\u0146em apm\u0113ram 2 m\u0113ne\u0161us.<br \/>\nTom\u0113r t\u0101 datumi, protams, ir saska\u0146\u0101 ar m\u016bsu pas\u016bt\u012bjumu gr\u0101matu. Var gad\u012bties, ka kav\u0113\u0161an\u0101s ir ilg\u0101ka. M\u0113s iesak\u0101m sazin\u0101ties ar m\u016bsu uz\u0146\u0113mumu, lai ieg\u016btu detaliz\u0113t\u0101ku priek\u0161statu par pieg\u0101des datumiem.<\/p>\n<p><img decoding=\"async\" class=\"alignnone size-full wp-image-229\" src=\"https:\/\/dronelab.lv\/wp-content\/uploads\/2021\/07\/Pool-building-in-Latvia.jpg\" alt=\"\" width=\"1428\" height=\"1428\" srcset=\"https:\/\/dronelab.lv\/wp-content\/uploads\/2021\/07\/Pool-building-in-Latvia.jpg 1428w, https:\/\/dronelab.lv\/wp-content\/uploads\/2021\/07\/Pool-building-in-Latvia-420x420.jpg 420w, https:\/\/dronelab.lv\/wp-content\/uploads\/2021\/07\/Pool-building-in-Latvia-100x100.jpg 100w, https:\/\/dronelab.lv\/wp-content\/uploads\/2021\/07\/Pool-building-in-Latvia-800x800.jpg 800w, https:\/\/dronelab.lv\/wp-content\/uploads\/2021\/07\/Pool-building-in-Latvia-300x300.jpg 300w, https:\/\/dronelab.lv\/wp-content\/uploads\/2021\/07\/Pool-building-in-Latvia-1024x1024.jpg 1024w, https:\/\/dronelab.lv\/wp-content\/uploads\/2021\/07\/Pool-building-in-Latvia-150x150.jpg 150w, https:\/\/dronelab.lv\/wp-content\/uploads\/2021\/07\/Pool-building-in-Latvia-768x768.jpg 768w, https:\/\/dronelab.lv\/wp-content\/uploads\/2021\/07\/Pool-building-in-Latvia-830x830.jpg 830w, https:\/\/dronelab.lv\/wp-content\/uploads\/2021\/07\/Pool-building-in-Latvia-230x230.jpg 230w, https:\/\/dronelab.lv\/wp-content\/uploads\/2021\/07\/Pool-building-in-Latvia-350x350.jpg 350w, https:\/\/dronelab.lv\/wp-content\/uploads\/2021\/07\/Pool-building-in-Latvia-480x480.jpg 480w\" sizes=\"(max-width: 1428px) 100vw, 1428px\" \/><\/p>\n<h3 id=\"at-61413\" class=\"c-accordion__title js-accordion-controller\" tabindex=\"0\" role=\"button\" aria-controls=\"ac-61413\" aria-expanded=\"true\">Vai pirms mana konteineru baseina iera\u0161an\u0101s ir j\u0101iepl\u0101no k\u0101di darbi?<\/h3>\n<div id=\"ac-61413\" class=\"c-accordion__content\">\n<p>J\u016bsu peldbaseina uzst\u0101d\u012b\u0161anai ir vair\u0101kas iesp\u0113jas. Var pietikt ar grants gultni, bet ieteicami ir betona palikt\u0146i (l\u0113ti un \u013coti uzticami). Varat ar\u012b novietot savu baseinu uz betona pl\u0101tn\u0113m (iev\u0113rojiet nepiecie\u0161amo pl\u0101t\u0146u biezumu)<\/p>\n<h3 id=\"at-60266\" class=\"c-accordion__title js-accordion-controller\" tabindex=\"0\" role=\"button\" aria-controls=\"ac-60266\" aria-expanded=\"true\">Un b\u0113rnu dro\u0161\u012bbai<\/h3>\n<div id=\"ac-60266\" class=\"c-accordion__content\">\n<p>Svar\u012bga ir b\u0113rnu dro\u0161\u012bba. T\u0101p\u0113c virszemes baseiniem m\u0113s iesak\u0101m izvelkamas k\u0101pnes, kas ir paredz\u0113tas vieglai uzglab\u0101\u0161anai ar l\u016bku un aizb\u012bdni, lai t\u0101s pasl\u0113ptu. Zemes peldbaseiniem varat l\u016bgt signaliz\u0101ciju. Logs ir labs veids, k\u0101 uzraudz\u012bt cilv\u0113kus basein\u0101.<\/p>\n<h3 id=\"at-83277\" class=\"c-accordion__title js-accordion-controller\" tabindex=\"0\" role=\"button\" aria-controls=\"ac-83277\" aria-expanded=\"true\">\u00a0Vai baseins ir j\u0101aprok vai j\u0101tur virs zemes?<\/h3>\n<div id=\"ac-83277\" class=\"c-accordion__content\">\n<p>Tas ir p\u0113c klienta ieskatiem. M\u016bsu konteineru baseini ir paredz\u0113ti ierak\u0161anai vai virs zemes.<\/p>\n<h3 id=\"at-18907\" class=\"c-accordion__title js-accordion-controller\" tabindex=\"0\" role=\"button\" aria-controls=\"ac-18907\" aria-expanded=\"true\">K\u0101 notiek pieg\u0101de?<\/h3>\n<div id=\"ac-18907\" class=\"c-accordion__content\">\n<p>Varam tikt gal\u0101 ar pieg\u0101di. Pirmk\u0101rt, b\u016bs svar\u012bgi defin\u0113t pieg\u0101des veidu. \u0160im nol\u016bkam m\u0113s iesak\u0101m sazin\u0101ties ar m\u016bsu tirdzniec\u012bbas p\u0101rst\u0101vi.<br \/>\nParasti, lai izmestu baseinu, ir nepiecie\u0161ams celtnis. Atsevi\u0161\u0137os gad\u012bjumos, kad pieg\u0101de ar celt\u0146a ma\u0161\u012bnu nav iesp\u0113jama, klients vai konteineru baseins var piezvan\u012bt celt\u0146a operatoram, lai veiktu pieg\u0101di. M\u0113s varam par\u016bp\u0113ties par pieg\u0101di un \u013caut klientam r\u012bkoties ar celtni (izmaksu gad\u012bjum\u0101) un novirz\u012bt j\u016bs uz tuvum\u0101 eso\u0161ajiem uz\u0146\u0113mumiem, lai pal\u012bdz\u0113tu.<\/p>\n<\/div>\n<\/div>\n<\/div>\n<p><img decoding=\"async\" class=\"alignnone size-full wp-image-205\" src=\"https:\/\/dronelab.lv\/wp-content\/uploads\/2021\/06\/padi-mermaid.jpg\" alt=\"Baseina \u0113ka\" width=\"564\" height=\"423\" srcset=\"https:\/\/dronelab.lv\/wp-content\/uploads\/2021\/06\/padi-mermaid.jpg 564w, https:\/\/dronelab.lv\/wp-content\/uploads\/2021\/06\/padi-mermaid-300x225.jpg 300w, https:\/\/dronelab.lv\/wp-content\/uploads\/2021\/06\/padi-mermaid-230x173.jpg 230w, https:\/\/dronelab.lv\/wp-content\/uploads\/2021\/06\/padi-mermaid-350x263.jpg 350w, https:\/\/dronelab.lv\/wp-content\/uploads\/2021\/06\/padi-mermaid-480x360.jpg 480w\" sizes=\"(max-width: 564px) 100vw, 564px\" \/><\/p>\n<p>L\u016bdzu, sazinieties ar mums, t\u0101lr <strong>+371-220-77-202<\/strong><\/p>\n<\/div>\n<\/div>","protected":false},"excerpt":{"rendered":"<p>Kuru baseinu izv\u0113l\u0113ties? M\u016bsdien\u0101s pied\u0101v\u0101to baseinu kl\u0101sts ir \u013coti pla\u0161s un tas ir diezgan gr\u016bti cilv\u0113kam, kur\u0161 [\u2026]<\/p>","protected":false},"author":2,"featured_media":228,"parent":0,"menu_order":0,"comment_status":"closed","ping_status":"closed","template":"page-templates\/page_fullwidth.php","meta":{"footnotes":""},"class_list":["post-227","page","type-page","status-publish","has-post-thumbnail","hentry"],"_links":{"self":[{"href":"https:\/\/dronelab.lv\/lv\/wp-json\/wp\/v2\/pages\/227","targetHints":{"allow":["GET"]}}],"collection":[{"href":"https:\/\/dronelab.lv\/lv\/wp-json\/wp\/v2\/pages"}],"about":[{"href":"https:\/\/dronelab.lv\/lv\/wp-json\/wp\/v2\/types\/page"}],"author":[{"embeddable":true,"href":"https:\/\/dronelab.lv\/lv\/wp-json\/wp\/v2\/users\/2"}],"replies":[{"embeddable":true,"href":"https:\/\/dronelab.lv\/lv\/wp-json\/wp\/v2\/comments?post=227"}],"version-history":[{"count":1,"href":"https:\/\/dronelab.lv\/lv\/wp-json\/wp\/v2\/pages\/227\/revisions"}],"predecessor-version":[{"id":1063,"href":"https:\/\/dronelab.lv\/lv\/wp-json\/wp\/v2\/pages\/227\/revisions\/1063"}],"wp:featuredmedia":[{"embeddable":true,"href":"https:\/\/dronelab.lv\/lv\/wp-json\/wp\/v2\/media\/228"}],"wp:attachment":[{"href":"https:\/\/dronelab.lv\/lv\/wp-json\/wp\/v2\/media?parent=227"}],"curies":[{"name":"wp","href":"https:\/\/api.w.org\/{rel}","templated":true}]}}