{"id":1388,"date":"2025-04-11T15:27:49","date_gmt":"2025-04-11T15:27:49","guid":{"rendered":"https:\/\/dronelab.lv\/cart\/"},"modified":"2025-04-11T17:05:11","modified_gmt":"2025-04-11T17:05:11","slug":"cart","status":"publish","type":"page","link":"https:\/\/dronelab.lv\/lv\/ratini\/","title":{"rendered":"Rati"},"content":{"rendered":"<div data-block-name=\"woocommerce\/cart\" class=\"wp-block-woocommerce-cart alignwide is-loading\"><div data-block-name=\"woocommerce\/filled-cart-block\" class=\"wp-block-woocommerce-filled-cart-block\"><div data-block-name=\"woocommerce\/cart-items-block\" class=\"wp-block-woocommerce-cart-items-block\"><div data-block-name=\"woocommerce\/cart-line-items-block\" class=\"wp-block-woocommerce-cart-line-items-block\"><\/div>\n\n<div data-block-name=\"woocommerce\/cart-cross-sells-block\" class=\"wp-block-woocommerce-cart-cross-sells-block\"><h2 class=\"wp-block-heading has-large-font-size\">J\u016bs var\u0113tu interes\u0113t\u2026<\/h2>\n\n<div data-block-name=\"woocommerce\/cart-cross-sells-products-block\" class=\"wp-block-woocommerce-cart-cross-sells-products-block\"><\/div><\/div><\/div>\n\n<div data-block-name=\"woocommerce\/cart-totals-block\" class=\"wp-block-woocommerce-cart-totals-block\"><div data-block-name=\"woocommerce\/cart-order-summary-block\" class=\"wp-block-woocommerce-cart-order-summary-block\"><div data-block-name=\"woocommerce\/cart-order-summary-heading-block\" class=\"wp-block-woocommerce-cart-order-summary-heading-block\"><\/div><div data-block-name=\"woocommerce\/cart-order-summary-coupon-form-block\" class=\"wp-block-woocommerce-cart-order-summary-coupon-form-block\"><\/div><div data-block-name=\"woocommerce\/cart-order-summary-totals-block\" class=\"wp-block-woocommerce-cart-order-summary-totals-block\">\n<div data-block-name=\"woocommerce\/cart-order-summary-subtotal-block\" class=\"wp-block-woocommerce-cart-order-summary-subtotal-block\"><\/div>\n<div data-block-name=\"woocommerce\/cart-order-summary-discount-block\" class=\"wp-block-woocommerce-cart-order-summary-discount-block\"><\/div>\n<div data-block-name=\"woocommerce\/cart-order-summary-fee-block\" class=\"wp-block-woocommerce-cart-order-summary-fee-block\"><\/div>\n<div data-block-name=\"woocommerce\/cart-order-summary-shipping-block\" class=\"wp-block-woocommerce-cart-order-summary-shipping-block\"><\/div>\n<div data-block-name=\"woocommerce\/cart-order-summary-taxes-block\" class=\"wp-block-woocommerce-cart-order-summary-taxes-block\"><\/div><\/div><\/div>\n\n<div data-block-name=\"woocommerce\/cart-express-payment-block\" class=\"wp-block-woocommerce-cart-express-payment-block\"><\/div>\n\n<div data-block-name=\"woocommerce\/proceed-to-checkout-block\" class=\"wp-block-woocommerce-proceed-to-checkout-block\"><\/div>\n\n<div data-block-name=\"woocommerce\/cart-accepted-payment-methods-block\" class=\"wp-block-woocommerce-cart-accepted-payment-methods-block\"><\/div><\/div><\/div>\n\n<div data-block-name=\"woocommerce\/empty-cart-block\" class=\"wp-block-woocommerce-empty-cart-block\"><h2 class=\"wp-block-heading has-text-align-center with-empty-cart-icon wc-block-cart__empty-cart__title\">J\u016bsu grozs \u0161obr\u012bd ir tuk\u0161s!<\/h2>\n\n<hr class=\"wp-block-separator has-alpha-channel-opacity is-style-dots\"\/>\n\n<h2 class=\"wp-block-heading has-text-align-center\">Jaunums veikal\u0101<\/h2>\n\n<div data-block-name=\"woocommerce\/product-new\" data-columns=\"4\" data-rows=\"1\" class=\"wc-block-grid wp-block-product-new wp-block-woocommerce-product-new wc-block-product-new has-4-columns\"><ul class=\"wc-block-grid__products\"><li class=\"wc-block-grid__product\">\n\t\t\t\t<a href=\"https:\/\/dronelab.lv\/lv\/products\/drona-batimetrija\/\" class=\"wc-block-grid__product-link\">\n\t\t\t\t\t\n\t\t\t\t\t<div class=\"wc-block-grid__product-image\"><img fetchpriority=\"high\" decoding=\"async\" width=\"420\" height=\"420\" src=\"https:\/\/dronelab.lv\/wp-content\/uploads\/2023\/04\/Bathymetry-and-mapping-services-in-Latvia.jpg-420x420.png\" class=\"attachment-woocommerce_thumbnail size-woocommerce_thumbnail\" alt=\"Batimetrijas un kart\u0113\u0161anas pakalpojumi Latvij\u0101\" srcset=\"https:\/\/dronelab.lv\/wp-content\/uploads\/2023\/04\/Bathymetry-and-mapping-services-in-Latvia.jpg-420x420.png 420w, https:\/\/dronelab.lv\/wp-content\/uploads\/2023\/04\/Bathymetry-and-mapping-services-in-Latvia.jpg-100x100.png 100w, https:\/\/dronelab.lv\/wp-content\/uploads\/2023\/04\/Bathymetry-and-mapping-services-in-Latvia.jpg-150x150.png 150w\" sizes=\"(max-width: 420px) 100vw, 420px\" \/><\/div>\n\t\t\t\t\t<div class=\"wc-block-grid__product-title\">Drona batimetrija<\/div>\n\t\t\t\t<\/a>\n\t\t\t\t<div class=\"wc-block-grid__product-price price\"><\/div>\n\t\t\t\t\n\t\t\t\t<div class=\"wp-block-button wc-block-grid__product-add-to-cart\"><a href=\"https:\/\/dronelab.lv\/lv\/products\/drona-batimetrija\/\" aria-label=\"Lasiet vair\u0101k par \u201cDrone Bathymetry\u201d\" data-quantity=\"1\" data-product_id=\"1512\" data-product_sku=\"\" data-price=\"0\" rel=\"nofollow\" class=\"wp-block-button__link  add_to_cart_button\" data-no-translation=\"\" data-trp-gettext=\"\" data-no-translation-aria-label=\"\">Las\u012bt vair\u0101k<\/a><\/div>\n\t\t\t<\/li><li class=\"wc-block-grid__product\">\n\t\t\t\t<a href=\"https:\/\/dronelab.lv\/lv\/products\/zemudens-ielausanas-atklasanas-un-izsekosanas-risinajumi\/\" class=\"wc-block-grid__product-link\">\n\t\t\t\t\t\n\t\t\t\t\t<div class=\"wc-block-grid__product-image\"><img decoding=\"async\" width=\"420\" height=\"420\" src=\"https:\/\/dronelab.lv\/wp-content\/uploads\/2025\/04\/Sunset-scaled-420x420.jpg\" class=\"attachment-woocommerce_thumbnail size-woocommerce_thumbnail\" alt=\"Zem\u016bdens ielau\u0161an\u0101s atkl\u0101\u0161anas un izseko\u0161anas risin\u0101jumi\" srcset=\"https:\/\/dronelab.lv\/wp-content\/uploads\/2025\/04\/Sunset-scaled-420x420.jpg 420w, https:\/\/dronelab.lv\/wp-content\/uploads\/2025\/04\/Sunset-scaled-100x100.jpg 100w, https:\/\/dronelab.lv\/wp-content\/uploads\/2025\/04\/Sunset-150x150.jpg 150w\" sizes=\"(max-width: 420px) 100vw, 420px\" \/><\/div>\n\t\t\t\t\t<div class=\"wc-block-grid__product-title\">Zem\u016bdens ielau\u0161an\u0101s atkl\u0101\u0161anas un izseko\u0161anas risin\u0101jumi<\/div>\n\t\t\t\t<\/a>\n\t\t\t\t<div class=\"wc-block-grid__product-price price\"><\/div>\n\t\t\t\t\n\t\t\t\t<div class=\"wp-block-button wc-block-grid__product-add-to-cart\"><a href=\"https:\/\/dronelab.lv\/lv\/products\/zemudens-ielausanas-atklasanas-un-izsekosanas-risinajumi\/\" aria-label=\"Lasiet vair\u0101k par \u201cUnderwater Intruder Detection and Tracking Solutions\u201d\" data-quantity=\"1\" data-product_id=\"1511\" data-product_sku=\"\" data-price=\"0\" rel=\"nofollow\" class=\"wp-block-button__link  add_to_cart_button\" data-no-translation=\"\" data-trp-gettext=\"\" data-no-translation-aria-label=\"\">Las\u012bt vair\u0101k<\/a><\/div>\n\t\t\t<\/li><li class=\"wc-block-grid__product\">\n\t\t\t\t<a href=\"https:\/\/dronelab.lv\/lv\/products\/autonomo-virszemes-kugu-sanu-skenesanas-hidrolokatoru-pakalpojumi-baltijas-juras-regiona\/\" class=\"wc-block-grid__product-link\">\n\t\t\t\t\t\n\t\t\t\t\t<div class=\"wc-block-grid__product-image\"><img decoding=\"async\" width=\"420\" height=\"420\" src=\"https:\/\/dronelab.lv\/wp-content\/uploads\/2025\/04\/BR-101652-002-HULL_SET_ORANGE-e1744385011490-420x420.jpg\" class=\"attachment-woocommerce_thumbnail size-woocommerce_thumbnail\" alt=\"Autonomie dzi\u013c\u016bdens sken\u0113\u0161anas pakalpojumi Baltijas j\u016bras re\u0123ion\u0101\" srcset=\"https:\/\/dronelab.lv\/wp-content\/uploads\/2025\/04\/BR-101652-002-HULL_SET_ORANGE-e1744385011490-420x420.jpg 420w, https:\/\/dronelab.lv\/wp-content\/uploads\/2025\/04\/BR-101652-002-HULL_SET_ORANGE-e1744385011490-100x100.jpg 100w, https:\/\/dronelab.lv\/wp-content\/uploads\/2025\/04\/BR-101652-002-HULL_SET_ORANGE-e1744385011490-150x150.jpg 150w\" sizes=\"(max-width: 420px) 100vw, 420px\" \/><\/div>\n\t\t\t\t\t<div class=\"wc-block-grid__product-title\">Autonomie dzi\u013c\u016bdens sken\u0113\u0161anas pakalpojumi Baltijas j\u016bras re\u0123ion\u0101<\/div>\n\t\t\t\t<\/a>\n\t\t\t\t<div class=\"wc-block-grid__product-price price\"><\/div>\n\t\t\t\t\n\t\t\t\t<div class=\"wp-block-button wc-block-grid__product-add-to-cart\"><a href=\"https:\/\/dronelab.lv\/lv\/products\/autonomo-virszemes-kugu-sanu-skenesanas-hidrolokatoru-pakalpojumi-baltijas-juras-regiona\/\" aria-label=\"Lasiet vair\u0101k par \u201cAutonomous deep water scanning services in the Baltic Sea Region\u201d\" data-quantity=\"1\" data-product_id=\"1496\" data-product_sku=\"\" data-price=\"0\" rel=\"nofollow\" class=\"wp-block-button__link  add_to_cart_button\" data-no-translation=\"\" data-trp-gettext=\"\" data-no-translation-aria-label=\"\">Las\u012bt vair\u0101k<\/a><\/div>\n\t\t\t<\/li><li class=\"wc-block-grid__product\">\n\t\t\t\t<a href=\"https:\/\/dronelab.lv\/lv\/products\/autonomo-virszemes-kugu-attistiba\/\" class=\"wc-block-grid__product-link\">\n\t\t\t\t\t\n\t\t\t\t\t<div class=\"wc-block-grid__product-image\"><img loading=\"lazy\" decoding=\"async\" width=\"420\" height=\"420\" src=\"https:\/\/dronelab.lv\/wp-content\/uploads\/2025\/04\/BR-101652-002-HULL_SET_ORANGE-e1744385011490-420x420.jpg\" class=\"attachment-woocommerce_thumbnail size-woocommerce_thumbnail\" alt=\"Autonomo virszemes ku\u0123u izstr\u0101de\" srcset=\"https:\/\/dronelab.lv\/wp-content\/uploads\/2025\/04\/BR-101652-002-HULL_SET_ORANGE-e1744385011490-420x420.jpg 420w, https:\/\/dronelab.lv\/wp-content\/uploads\/2025\/04\/BR-101652-002-HULL_SET_ORANGE-e1744385011490-100x100.jpg 100w, https:\/\/dronelab.lv\/wp-content\/uploads\/2025\/04\/BR-101652-002-HULL_SET_ORANGE-e1744385011490-150x150.jpg 150w\" sizes=\"(max-width: 420px) 100vw, 420px\" \/><\/div>\n\t\t\t\t\t<div class=\"wc-block-grid__product-title\">Autonomo virszemes ku\u0123u izstr\u0101de<\/div>\n\t\t\t\t<\/a>\n\t\t\t\t<div class=\"wc-block-grid__product-price price\"><\/div>\n\t\t\t\t\n\t\t\t\t<div class=\"wp-block-button wc-block-grid__product-add-to-cart\"><a href=\"https:\/\/dronelab.lv\/lv\/products\/autonomo-virszemes-kugu-attistiba\/\" aria-label=\"Lasiet vair\u0101k par \u201cAutonomous Surface Vessels development\u201d\" data-quantity=\"1\" data-product_id=\"1495\" data-product_sku=\"\" data-price=\"0\" rel=\"nofollow\" class=\"wp-block-button__link  add_to_cart_button\" data-no-translation=\"\" data-trp-gettext=\"\" data-no-translation-aria-label=\"\">Las\u012bt vair\u0101k<\/a><\/div>\n\t\t\t<\/li><\/ul><\/div><\/div><\/div>","protected":false},"excerpt":{"rendered":"","protected":false},"author":1,"featured_media":0,"parent":0,"menu_order":0,"comment_status":"closed","ping_status":"closed","template":"","meta":{"footnotes":""},"class_list":["post-1388","page","type-page","status-publish","hentry"],"_links":{"self":[{"href":"https:\/\/dronelab.lv\/lv\/wp-json\/wp\/v2\/pages\/1388","targetHints":{"allow":["GET"]}}],"collection":[{"href":"https:\/\/dronelab.lv\/lv\/wp-json\/wp\/v2\/pages"}],"about":[{"href":"https:\/\/dronelab.lv\/lv\/wp-json\/wp\/v2\/types\/page"}],"author":[{"embeddable":true,"href":"https:\/\/dronelab.lv\/lv\/wp-json\/wp\/v2\/users\/1"}],"replies":[{"embeddable":true,"href":"https:\/\/dronelab.lv\/lv\/wp-json\/wp\/v2\/comments?post=1388"}],"version-history":[{"count":1,"href":"https:\/\/dronelab.lv\/lv\/wp-json\/wp\/v2\/pages\/1388\/revisions"}],"predecessor-version":[{"id":1392,"href":"https:\/\/dronelab.lv\/lv\/wp-json\/wp\/v2\/pages\/1388\/revisions\/1392"}],"wp:attachment":[{"href":"https:\/\/dronelab.lv\/lv\/wp-json\/wp\/v2\/media?parent=1388"}],"curies":[{"name":"wp","href":"https:\/\/api.w.org\/{rel}","templated":true}]}}