{"id":138,"date":"2018-06-25T17:16:50","date_gmt":"2018-06-25T17:16:50","guid":{"rendered":"https:\/\/dronelab.lv\/?page_id=138"},"modified":"2018-06-27T10:44:58","modified_gmt":"2018-06-27T10:44:58","slug":"sonar-and-underwater","status":"publish","type":"page","link":"https:\/\/dronelab.lv\/lv\/sonars-un-zemudens\/","title":{"rendered":"Son\u0101rs un zem\u016bdens"},"content":{"rendered":"<h4>Ar t\u0101lvad\u012bbu vad\u0101ms transportl\u012bdzeklis (ROV)<\/h4>\n<h6>Aukst\u0101 \u016bdens (3\u20135\u00a0C) zem\u016bdens ROV ar Tritech Micron son\u0101ru<\/h6>\n<hr \/>\n<p>ROV Factory ra\u017eo modernu zem\u016bdens mini ROV s\u0113riju, kas paredz\u0113ta nov\u0113ro\u0161anas, apskates, izp\u0113tes vai mekl\u0113\u0161anas un gl\u0101b\u0161anas misij\u0101m. Ir pieejams pla\u0161s da\u017e\u0101du konfigur\u0101ciju kl\u0101sts ar kabeli (piesaiti), s\u0101kot no 120 l\u012bdz 1200 metriem. Zem\u016bdens ROV paredz\u0113ts nov\u0113ro\u0161anas, apsekojuma vai mekl\u0113\u0161anas un gl\u0101b\u0161anas misij\u0101m. Att\u0113lveido\u0161anas son\u0101ri. Izgatavots p\u0113c klienta pas\u016bt\u012bjuma. Divu gadu garantija.<\/p>\n<p><img fetchpriority=\"high\" decoding=\"async\" class=\"alignnone size-medium wp-image-154\" src=\"https:\/\/dronelab.lv\/wp-content\/uploads\/2018\/06\/Riga-ROVS-1-300x208.jpg\" alt=\"\" width=\"300\" height=\"208\" srcset=\"https:\/\/dronelab.lv\/wp-content\/uploads\/2018\/06\/Riga-ROVS-1-300x208.jpg 300w, https:\/\/dronelab.lv\/wp-content\/uploads\/2018\/06\/Riga-ROVS-1-230x160.jpg 230w, https:\/\/dronelab.lv\/wp-content\/uploads\/2018\/06\/Riga-ROVS-1.jpg 350w\" sizes=\"(max-width: 300px) 100vw, 300px\" \/><\/p>\n<h4>Atv\u0113rt\u0101 koda zem\u016bdens robots<\/h4>\n<h6>Trident zem\u016bdens drons<\/h6>\n<hr \/>\n<p>ROV ir zemu izmaksu atv\u0113rt\u0101 koda zem\u016bdens robots izp\u0113tei un izgl\u012bt\u012bbai. ROV ir sp\u0113j\u012bgs r\u012bks, k\u0101 ar\u012b labs ievads j\u016bras robotik\u0101.<\/p>\n<p><img decoding=\"async\" class=\"alignnone size-medium wp-image-151\" src=\"https:\/\/dronelab.lv\/wp-content\/uploads\/2018\/06\/OpenROV2-300x225.jpg\" alt=\"\" width=\"300\" height=\"225\" srcset=\"https:\/\/dronelab.lv\/wp-content\/uploads\/2018\/06\/OpenROV2-300x225.jpg 300w, https:\/\/dronelab.lv\/wp-content\/uploads\/2018\/06\/OpenROV2-800x600.jpg 800w, https:\/\/dronelab.lv\/wp-content\/uploads\/2018\/06\/OpenROV2-768x576.jpg 768w, https:\/\/dronelab.lv\/wp-content\/uploads\/2018\/06\/OpenROV2-1024x768.jpg 1024w, https:\/\/dronelab.lv\/wp-content\/uploads\/2018\/06\/OpenROV2-830x623.jpg 830w, https:\/\/dronelab.lv\/wp-content\/uploads\/2018\/06\/OpenROV2-230x173.jpg 230w, https:\/\/dronelab.lv\/wp-content\/uploads\/2018\/06\/OpenROV2-350x263.jpg 350w, https:\/\/dronelab.lv\/wp-content\/uploads\/2018\/06\/OpenROV2-480x360.jpg 480w, https:\/\/dronelab.lv\/wp-content\/uploads\/2018\/06\/OpenROV2.jpg 1600w\" sizes=\"(max-width: 300px) 100vw, 300px\" \/><\/p>\n<h4>\u016adensl\u012bd\u0113ju navig\u0101cijas platformas<\/h4>\n<h6>Blueprint Subsea, RJE International<\/h6>\n<hr \/>\n<p>\u016adensl\u012bd\u0113ju konsoles, kas apvieno sensorus, piem\u0113ram, uz priek\u0161u v\u0113rstu hidrolokatoru, DVL un GPS navig\u0101ciju, kas piem\u0113rotas lieto\u0161anai j\u016bras m\u012bnu nir\u0113jiem, komerci\u0101lajiem \u016bdensl\u012bd\u0113jiem, policijai un mekl\u0113\u0161anas un gl\u0101b\u0161anas nir\u0113jiem, kuriem \u0101tri un dro\u0161i j\u0101atrod iegremd\u0113ti objekti.<\/p>\n<p><img decoding=\"async\" class=\"alignnone size-medium wp-image-141\" src=\"https:\/\/dronelab.lv\/wp-content\/uploads\/2018\/06\/artemis-300x277.jpg\" alt=\"\" width=\"300\" height=\"277\" srcset=\"https:\/\/dronelab.lv\/wp-content\/uploads\/2018\/06\/artemis-300x277.jpg 300w, https:\/\/dronelab.lv\/wp-content\/uploads\/2018\/06\/artemis-230x212.jpg 230w, https:\/\/dronelab.lv\/wp-content\/uploads\/2018\/06\/artemis-350x323.jpg 350w, https:\/\/dronelab.lv\/wp-content\/uploads\/2018\/06\/artemis.jpg 459w\" sizes=\"(max-width: 300px) 100vw, 300px\" \/><\/p>\n<h4>\u016adensl\u012bd\u0113ju komunik\u0101cija<\/h4>\n<h6>RJE International<\/h6>\n<hr \/>\n<p>Ocean Technology Systems zem\u016bdens bezvadu sakaru apr\u012bkojums un \u016bdensl\u012bd\u0113ju atsauk\u0161anas sist\u0113ma atbalsta apm\u0101c\u012bbas un nir\u0161anas darb\u012bbas. M\u016bsdien\u012bgie sakaru modu\u013ci nodro\u0161ina skaidru bezvadu sazi\u0146u ar virsmu un vair\u0101kiem nir\u0113jiem diapazon\u0101 l\u012bdz 5000 metriem.<\/p>\n<p><img loading=\"lazy\" decoding=\"async\" class=\"alignnone size-medium wp-image-149\" src=\"https:\/\/dronelab.lv\/wp-content\/uploads\/2018\/06\/STX-101-Wireless-Surface-Station-1-300x200.jpg\" alt=\"\" width=\"300\" height=\"200\" srcset=\"https:\/\/dronelab.lv\/wp-content\/uploads\/2018\/06\/STX-101-Wireless-Surface-Station-1-300x200.jpg 300w, https:\/\/dronelab.lv\/wp-content\/uploads\/2018\/06\/STX-101-Wireless-Surface-Station-1-230x153.jpg 230w, https:\/\/dronelab.lv\/wp-content\/uploads\/2018\/06\/STX-101-Wireless-Surface-Station-1-350x233.jpg 350w, https:\/\/dronelab.lv\/wp-content\/uploads\/2018\/06\/STX-101-Wireless-Surface-Station-1.jpg 471w\" sizes=\"(max-width: 300px) 100vw, 300px\" \/><\/p>\n<h4>StarFish s\u0101nu sken\u0113\u0161anas hidrolokatori<\/h4>\n<h6>Zem\u016bdens projekts<\/h6>\n<hr \/>\n<p>Sekla \u016bdens, augstas specifik\u0101cijas un p\u0101rn\u0113s\u0101jamas velkamas s\u0101nu sken\u0113\u0161anas hidrolokatoru sist\u0113mas ar tauvas korpusu, kura garums ir maz\u0101ks par 15\u00a0coll\u0101m, un kas izmanto jaun\u0101ko progres\u012bvo digit\u0101lo CHIRP akustisko tehnolo\u0123iju, lai rad\u012btu iespaid\u012bgus j\u016bras gultnes att\u0113lus.<\/p>\n<p><img loading=\"lazy\" decoding=\"async\" class=\"alignnone size-medium wp-image-142\" src=\"https:\/\/dronelab.lv\/wp-content\/uploads\/2018\/06\/Starfish-300x197.jpg\" alt=\"\" width=\"300\" height=\"197\" srcset=\"https:\/\/dronelab.lv\/wp-content\/uploads\/2018\/06\/Starfish-300x197.jpg 300w, https:\/\/dronelab.lv\/wp-content\/uploads\/2018\/06\/Starfish-230x151.jpg 230w, https:\/\/dronelab.lv\/wp-content\/uploads\/2018\/06\/Starfish-350x230.jpg 350w, https:\/\/dronelab.lv\/wp-content\/uploads\/2018\/06\/Starfish.jpg 380w\" sizes=\"(max-width: 300px) 100vw, 300px\" \/><\/p>\n<h4>Oculus daudzstaru hidrolokatori<\/h4>\n<h6>Zem\u016bdens projekts<\/h6>\n<hr \/>\n<p>Oculus M s\u0113rijas daudzstaru hidrolokatori, kas paredz\u0113ti izmanto\u0161anai da\u017e\u0101dos zem\u016bdens lietojumos, ir ide\u0101li piem\u0113roti izvieto\u0161anai uz mikro izm\u0113ra platform\u0101m, savuk\u0101rt to iztur\u012bg\u0101 konstrukcija padara tos ar\u012b par lielisku izv\u0113li liel\u0101kiem darba klases transportl\u012bdzek\u013ciem un zem\u016bdens infrastrukt\u016brai.<\/p>\n<p><img loading=\"lazy\" decoding=\"async\" class=\"alignnone size-medium wp-image-158\" src=\"https:\/\/dronelab.lv\/wp-content\/uploads\/2018\/06\/Oculus-300x233.png\" alt=\"\" width=\"300\" height=\"233\" srcset=\"https:\/\/dronelab.lv\/wp-content\/uploads\/2018\/06\/Oculus-300x233.png 300w, https:\/\/dronelab.lv\/wp-content\/uploads\/2018\/06\/Oculus-230x179.png 230w, https:\/\/dronelab.lv\/wp-content\/uploads\/2018\/06\/Oculus-350x272.png 350w, https:\/\/dronelab.lv\/wp-content\/uploads\/2018\/06\/Oculus-480x373.png 480w, https:\/\/dronelab.lv\/wp-content\/uploads\/2018\/06\/Oculus.png 600w\" sizes=\"(max-width: 300px) 100vw, 300px\" \/><\/p>\n<h4>Zem\u016bdens dro\u0161\u012bbas sist\u0113mas<\/h4>\n<h6>DSIT<\/h6>\n<hr \/>\n<p>DSIT Shield\u2122 zem\u016bdens dro\u0161\u012bbas sist\u0113mu saime pied\u0101v\u0101 autom\u0101tiskus \u016bdensl\u012bd\u0113ju noteik\u0161anas son\u0101rus, lai aizsarg\u0101tu kritisk\u0101s j\u016bras vietas.<br \/>\nProdukti:<br \/>\nAquaShield\u2122 DDS \u2014 \u016bdensl\u012bd\u0113ja noteik\u0161anas hidrolokators,<br \/>\nPointShield\u2122 \u2014 p\u0101rn\u0113s\u0101jams \u016bdensl\u012bd\u0113ju noteik\u0161anas hidrolokators,<br \/>\nOstas uzraudz\u012bbas sist\u0113ma (HSS).<\/p>\n<p><img loading=\"lazy\" decoding=\"async\" class=\"alignnone size-medium wp-image-144\" src=\"https:\/\/dronelab.lv\/wp-content\/uploads\/2018\/06\/thm_technology_applications_thumbWidth5-268x300.jpg\" alt=\"\" width=\"268\" height=\"300\" srcset=\"https:\/\/dronelab.lv\/wp-content\/uploads\/2018\/06\/thm_technology_applications_thumbWidth5-268x300.jpg 268w, https:\/\/dronelab.lv\/wp-content\/uploads\/2018\/06\/thm_technology_applications_thumbWidth5-230x257.jpg 230w, https:\/\/dronelab.lv\/wp-content\/uploads\/2018\/06\/thm_technology_applications_thumbWidth5-350x391.jpg 350w, https:\/\/dronelab.lv\/wp-content\/uploads\/2018\/06\/thm_technology_applications_thumbWidth5.jpg 380w\" sizes=\"(max-width: 268px) 100vw, 268px\" \/><\/p>\n<h4>Akustisk\u0101 anal\u012bze<\/h4>\n<h6>DSIT<\/h6>\n<hr \/>\n<p>DSIT akustisk\u0101s m\u0113r\u012b\u0161anas un anal\u012bzes sist\u0113mas nodro\u0161ina uzticamus re\u0101llaika risin\u0101jumus izl\u016bko\u0161anas un uztur\u0113\u0161anas nol\u016bkos.<br \/>\nProdukti:<br \/>\nP\u0101rn\u0113s\u0101jamais akustiskais diapazons (PAR) un<br \/>\nU\/W akustisko sign\u0101lu anal\u012bze (UASA)<\/p>\n<p><img loading=\"lazy\" decoding=\"async\" class=\"alignnone size-medium wp-image-157\" src=\"https:\/\/dronelab.lv\/wp-content\/uploads\/2018\/06\/AquaShield_DDS_DSIT-300x218.png\" alt=\"\" width=\"300\" height=\"218\" srcset=\"https:\/\/dronelab.lv\/wp-content\/uploads\/2018\/06\/AquaShield_DDS_DSIT-300x218.png 300w, https:\/\/dronelab.lv\/wp-content\/uploads\/2018\/06\/AquaShield_DDS_DSIT-230x167.png 230w, https:\/\/dronelab.lv\/wp-content\/uploads\/2018\/06\/AquaShield_DDS_DSIT-350x254.png 350w, https:\/\/dronelab.lv\/wp-content\/uploads\/2018\/06\/AquaShield_DDS_DSIT-480x349.png 480w, https:\/\/dronelab.lv\/wp-content\/uploads\/2018\/06\/AquaShield_DDS_DSIT.png 482w\" sizes=\"(max-width: 300px) 100vw, 300px\" \/><\/p>","protected":false},"excerpt":{"rendered":"<p>T\u0101lvad\u012bbas transportl\u012bdzek\u013ca (ROV) aukst\u0101 \u016bdens (3\u20135\u00a0 Celsija) zem\u016bdens ROV ar Tritech Micron Sonar ROV r\u016bpn\u012bcu ra\u017eo virkni modernu zem\u016bdens [\u2026]<\/p>","protected":false},"author":2,"featured_media":141,"parent":0,"menu_order":0,"comment_status":"closed","ping_status":"closed","template":"page-templates\/page_fullwidth.php","meta":{"footnotes":""},"class_list":["post-138","page","type-page","status-publish","has-post-thumbnail","hentry"],"_links":{"self":[{"href":"https:\/\/dronelab.lv\/lv\/wp-json\/wp\/v2\/pages\/138","targetHints":{"allow":["GET"]}}],"collection":[{"href":"https:\/\/dronelab.lv\/lv\/wp-json\/wp\/v2\/pages"}],"about":[{"href":"https:\/\/dronelab.lv\/lv\/wp-json\/wp\/v2\/types\/page"}],"author":[{"embeddable":true,"href":"https:\/\/dronelab.lv\/lv\/wp-json\/wp\/v2\/users\/2"}],"replies":[{"embeddable":true,"href":"https:\/\/dronelab.lv\/lv\/wp-json\/wp\/v2\/comments?post=138"}],"version-history":[{"count":0,"href":"https:\/\/dronelab.lv\/lv\/wp-json\/wp\/v2\/pages\/138\/revisions"}],"wp:featuredmedia":[{"embeddable":true,"href":"https:\/\/dronelab.lv\/lv\/wp-json\/wp\/v2\/media\/141"}],"wp:attachment":[{"href":"https:\/\/dronelab.lv\/lv\/wp-json\/wp\/v2\/media?parent=138"}],"curies":[{"name":"wp","href":"https:\/\/api.w.org\/{rel}","templated":true}]}}