{"id":1351,"date":"2025-04-11T12:33:01","date_gmt":"2025-04-11T12:33:01","guid":{"rendered":"https:\/\/dronelab.lv\/?page_id=1351"},"modified":"2025-04-11T12:36:09","modified_gmt":"2025-04-11T12:36:09","slug":"your-trusted-latvian-partner-for-advanced-underwater-solutions","status":"publish","type":"page","link":"https:\/\/dronelab.lv\/lv\/jusu-uzticamais-latvijas-partneris-progresiviem-zemudens-risinajumiem\/","title":{"rendered":"Uzticams partneris uzlabotiem zem\u016bdens risin\u0101jumiem"},"content":{"rendered":"<p>Dronelab SIA, kas dibin\u0101ta 2006. gad\u0101 un atrodas M\u0101rupes novada Salien\u0101, ir vado\u0161ais Latvijas uz\u0146\u0113mums, kas specializ\u0113jas visaptvero\u0161os zem\u016bdens servisos un progres\u012bvu tehnolo\u0123isko risin\u0101jumu pieg\u0101d\u0113. M\u0113s esam p\u0101rbaud\u012bts un uzticams partneris Latvijas valsts a\u0123ent\u016br\u0101m, kritisk\u0101s infrastrukt\u016bras operatoriem un aizsardz\u012bbas un dro\u0161\u012bbas sp\u0113kiem, kas ir ap\u0146\u0113mu\u0161ies nodro\u0161in\u0101t izcil\u012bbu, dro\u0161\u012bbu un inov\u0101cijas zem virsmas.<\/p><p class=\"has-large-font-size\"><strong>M\u016bsu Misija<\/strong><\/p><p>M\u016bsu misija ir dot iesp\u0113ju Latvijas valsts iest\u0101d\u0113m un publisk\u0101 sektora iest\u0101d\u0113m, nodro\u0161inot m\u016bsdien\u012bgas zem\u016bdens tehnolo\u0123ijas, specializ\u0113tu apr\u012bkojumu un ekspertu pakalpojumus. M\u016bsu m\u0113r\u0137is ir uzlabot darb\u012bbas sp\u0113jas, nodro\u0161in\u0101t person\u0101la un l\u012bdzek\u013cu dro\u0161\u012bbu, atbalst\u012bt vides p\u0101rvald\u012bbu un sniegt ieguld\u012bjumu valsts zem\u016bdens infrastrukt\u016bras un mantojuma efekt\u012bv\u0101 p\u0101rvald\u012bb\u0101.<\/p><p class=\"has-large-font-size\"><strong>Galven\u0101s iesp\u0113jas un pakalpojumi publiskajam sektoram<\/strong><\/p><p>Dronelab SIA pied\u0101v\u0101 unik\u0101lu zin\u0101\u0161anu un tehnolo\u0123iju kombin\u0101ciju, kas piel\u0101gota vald\u012bbas darb\u012bbas specifiskaj\u0101m vajadz\u012bb\u0101m:<\/p><ol class=\"wp-block-list\"><li><strong>Specializ\u0113t\u0101 un milit\u0101r\u0101 l\u012bme\u0146a apr\u012bkojuma pieg\u0101de:<\/strong><ul class=\"wp-block-list\"><li><strong>Pier\u0101d\u012bta konkursa izpilde:<\/strong> Mums ir veiksm\u012bga pieredze vald\u012bbas konkursu izpild\u0113, augst\u0101k\u0101 l\u012bme\u0146a milit\u0101r\u0101 l\u012bme\u0146a nir\u0161anas apr\u012bkojuma (tostarp sl\u0113gta cikla un da\u013c\u0113ji sl\u0113gtas \u0137\u0113des rebreathers\u00a0\u2014 CCR\/SCR) un saist\u012bto sist\u0113mu pieg\u0101d\u0113.<\/li>\n\n<li><strong>Uzlabota zem\u016bdens tehnolo\u0123ija:<\/strong> M\u0113s nodro\u0161in\u0101m piek\u013cuvi jaun\u0101kaj\u0101m zem\u016bdens tehnolo\u0123ij\u0101m, veidojot strat\u0113\u0123iskas partnerattiec\u012bbas ar vado\u0161ajiem ra\u017eot\u0101jiem. Tas ietver att\u0101lin\u0101ti vad\u0101mus transportl\u012bdzek\u013cus (ROV), hidrolokatoru sist\u0113mas, zem\u016bdens navig\u0101cijas un sakaru ier\u012bces, specializ\u0113tus r\u012bkus un apgaismojuma sist\u0113mas, kas ir b\u016btiskas aizsardz\u012bbas, dro\u0161\u012bbas, p\u0113tniec\u012bbas un vides uzdevumiem.<\/li><\/ul><\/li>\n\n<li><strong>Zem\u016bdens infrastrukt\u016bras p\u0101rbaude un apkope:<\/strong><ul class=\"wp-block-list\"><li><strong>Ekspertu nir\u0161anas komandas un ROV izvieto\u0161ana:<\/strong> M\u016bsu sertific\u0113tie komerci\u0101lie nir\u0113ji un uzlabotie ROV veic detaliz\u0113tas p\u0101rbaudes, nov\u0113rt\u0113\u0161anu un tehnisko apkopi kritiskajai zem\u016bdens infrastrukt\u016brai (ostas, tilti, hidrogr\u0101fisk\u0101s iek\u0101rtas, cauru\u013cvadi).<\/li>\n\n<li><strong>Ar datiem pamatoti p\u0101rskati:<\/strong> M\u0113s sniedzam visaptvero\u0161us p\u0101rskatus, tostarp augstas iz\u0161\u0137irtsp\u0113jas att\u0113lu un sensoru datus, lai atbalst\u012btu apzin\u0101tu l\u0113mumu pie\u0146em\u0161anu attiec\u012bb\u0101 uz l\u012bdzek\u013cu integrit\u0101ti, apkopes pl\u0101no\u0161anu un riska p\u0101rvald\u012bbu.<\/li><\/ul><\/li>\n\n<li><strong>Vides uzraudz\u012bba un aizsardz\u012bba:<\/strong><ul class=\"wp-block-list\"><li><strong>Datu ieg\u016b\u0161ana:<\/strong> Izmantojot ROV un specializ\u0113tus sensorus, m\u0113s veicam vides monitoringu, j\u016bras gultnes kart\u0113\u0161anu, \u016bdens kvalit\u0101tes anal\u012bzi un apsekojumus, lai atbalst\u012btu atbilst\u012bbu normat\u012bvajiem aktiem, saglab\u0101\u0161anas pas\u0101kumus un zin\u0101tnisko izp\u0113ti Baltijas j\u016br\u0101 un iek\u0161\u0113jos \u016bde\u0146os.<\/li>\n\n<li><strong>Akt\u012bv\u0101 iejauk\u0161an\u0101s:<\/strong> M\u016bsu iesp\u0113jas attiecas ar\u012b uz zem\u016bdens att\u012br\u012b\u0161anas darb\u012bb\u0101m, piem\u0113ram, b\u012bstamu gru\u017eu (piem., spoku t\u012bklu) aizv\u0101k\u0161anu, kas tie\u0161i veicina vides aizsardz\u012bbas m\u0113r\u0137u sasnieg\u0161anu.<\/li><\/ul><\/li>\n\n<li><strong>Sabiedr\u012bbas dro\u0161\u012bbas, dro\u0161\u012bbas un aizsardz\u012bbas atbalsts:<\/strong><ul class=\"wp-block-list\"><li><strong>Darb\u012bbas apr\u012bkojums:<\/strong> Tiek nodro\u0161in\u0101ts taktiskais nir\u0161anas apr\u012bkojums, kas paredz\u0113ts zema trok\u0161\u0146a l\u012bme\u0146a oper\u0101cij\u0101m ar minim\u0101lu magn\u0113tisko parakstu, kas ir \u013coti svar\u012bga specializ\u0113t\u0101m dro\u0161\u012bbas un aizsardz\u012bbas misij\u0101m.<\/li>\n\n<li><strong>Zem\u016bdens pakalpojumi:<\/strong> Atbalsta nodro\u0161in\u0101\u0161ana zem\u016bdens mekl\u0113\u0161anai un atjauno\u0161anai (SAR), vietas dro\u0161\u012bbas apsekojumiem, pier\u0101d\u012bjumu dokument\u0101cijai un l\u012bdzek\u013cu izg\u016b\u0161anai, izmantojot gan \u016bdensl\u012bd\u0113jus, gan ROV.<\/li><\/ul><\/li>\n\n<li><strong>Zem\u016bdens mantojuma saglab\u0101\u0161ana:<\/strong><ul class=\"wp-block-list\"><li><strong>Dokument\u0101cija un aptaujas:<\/strong> M\u0113s izmantojam neinvaz\u012bvas metodes, izmantojot ROV un specializ\u0113tus \u016bdensl\u012bd\u0113jus, lai p\u0113t\u012btu, dokument\u0113tu un film\u0113tu zem\u016bdens kult\u016bras mantojuma vietas (ku\u0123u vrakus, v\u0113sturiskus artefaktus) p\u0113tniec\u012bbas iest\u0101d\u0113m un muzejiem, pal\u012bdzot tos saglab\u0101t.<\/li><\/ul><\/li>\n\n<li><strong>Profesion\u0101l\u0101s apm\u0101c\u012bbas un apr\u012bkojuma atbalsts:<\/strong><ul class=\"wp-block-list\"><li><strong>\u016adensl\u012bd\u0113ju izgl\u012bt\u012bba:<\/strong> Pied\u0101v\u0101jam visaptvero\u0161as apm\u0101c\u012bbas un sertifik\u0101cijas programmas profesion\u0101liem un tehniskajiem nir\u0113jiem.<\/li>\n\n<li><strong>Tehnisk\u0101s apkopes pakalpojumi:<\/strong> Nir\u0161anas un zem\u016bdens apr\u012bkojuma ekspertu apkalpo\u0161anas un apkopes nodro\u0161in\u0101\u0161ana, lai nodro\u0161in\u0101tu darba gatav\u012bbu un ilgm\u016b\u017e\u012bbu.<\/li><\/ul><\/li><\/ol><p class=\"has-medium-font-size\"><strong>K\u0101p\u0113c sadarboties ar Dronelab SIA?<\/strong><\/p><ul class=\"wp-block-list\"><li><strong>Pier\u0101d\u012bta vald\u012bbas pieredze:<\/strong> Pier\u0101d\u012bta sp\u0113ja veiksm\u012bgi sadarboties un nodro\u0161in\u0101t risin\u0101jumus Latvijas valsts iest\u0101d\u0113m un valsts uz\u0146\u0113mumiem (t.sk. Latvijas Hidrogr\u0101fijas dienestam, Latvijas J\u016bras administr\u0101cijai un liel\u0101kaj\u0101m ost\u0101m).<\/li>\n\n<li><strong>Viet\u0113j\u0101s zin\u0101\u0161anas un kl\u0101tb\u016btne:<\/strong> Mums k\u0101 Latvijas uz\u0146\u0113mumam ir sare\u017e\u0123\u012btas zin\u0101\u0161anas par viet\u0113jo darb\u012bbas vidi, noteikumiem un valsts strat\u0113\u0123iskaj\u0101m priorit\u0101t\u0113m.<\/li>\n\n<li><strong>Bezkompromisa dro\u0161\u012bbas standarti:<\/strong> M\u0113s stingri iev\u0113rojam augst\u0101kos valsts un starptautiskos dro\u0161\u012bbas protokolus vis\u0101s nir\u0161anas un zem\u016bdens oper\u0101cij\u0101s.<\/li>\n\n<li><strong>Tehnolo\u0123isk\u0101 priek\u0161roc\u012bba:<\/strong> Nep\u0101rtrauktas invest\u012bcijas progres\u012bv\u0101s zem\u016bdens tehnolo\u0123ij\u0101s, tostarp ROV un specializ\u0113t\u0101s sensoru iek\u0101rtas, un to prasm\u012bga darb\u012bba.<\/li>\n\n<li><strong>Uzticam\u012bba un uzticam\u012bba:<\/strong> T\u0101 ir balst\u012bta uz vair\u0101k nek\u0101 desmit gadu veiksm\u012bgu projektu izpildi un ap\u0146em\u0161anos nodro\u0161in\u0101t augstas kvalit\u0101tes, uzticamus rezult\u0101tus.<\/li><\/ul><p class=\"has-medium-font-size\"><strong>Sazinies ar mums<\/strong><\/p><p>Dronelab SIA ir gatavs atbalst\u012bt Latvijas valsts m\u0113r\u0137us ar m\u016bsu specializ\u0113taj\u0101m zem\u016bdens iesp\u0113j\u0101m. Aicin\u0101m ministriju, a\u0123ent\u016bru un valsts iest\u0101\u017eu p\u0101rst\u0101vjus sazin\u0101ties ar mums, lai apspriestu, k\u0101 m\u016bsu piel\u0101got\u0101 apr\u012bkojuma pieg\u0101de, tehniskie pakalpojumi un ekspertu atbalsts var atbilst j\u016bsu specifiskaj\u0101m darb\u012bbas pras\u012bb\u0101m.<\/p><hr class=\"wp-block-separator has-alpha-channel-opacity\"\/><p class=\"has-large-font-size\">SIA \u201cDroneLab\u201d<\/p><ul class=\"wp-block-list\"><li>Reg. Nr.: 40003855421<\/li>\n\n<li>Adrese: Pi\u0146\u0137i, M\u0101rupes novads, LV-2107<\/li>\n\n<li>T\u0101lrunis: +371 220-77-202<\/li>\n\n<li>E-pasts: info(at)dronelab.lv<\/li>\n\n<li>M\u0101jaslapa: www.dronelab.lv<\/li><\/ul><p><\/p>","protected":false},"excerpt":{"rendered":"<p>Dronelab SIA, kas dibin\u0101ta 2006. gad\u0101 un atrodas M\u0101rupes novada Salien\u0101, ir vado\u0161ais Latvijas uz\u0146\u0113mums, kas specializ\u0113jas visaptvero\u0161u zem\u016bdens pakalpojumu un [\u2026]<\/p>","protected":false},"author":2,"featured_media":58,"parent":0,"menu_order":0,"comment_status":"closed","ping_status":"closed","template":"page-templates\/page_fullwidth.php","meta":{"footnotes":""},"class_list":["post-1351","page","type-page","status-publish","has-post-thumbnail","hentry"],"_links":{"self":[{"href":"https:\/\/dronelab.lv\/lv\/wp-json\/wp\/v2\/pages\/1351","targetHints":{"allow":["GET"]}}],"collection":[{"href":"https:\/\/dronelab.lv\/lv\/wp-json\/wp\/v2\/pages"}],"about":[{"href":"https:\/\/dronelab.lv\/lv\/wp-json\/wp\/v2\/types\/page"}],"author":[{"embeddable":true,"href":"https:\/\/dronelab.lv\/lv\/wp-json\/wp\/v2\/users\/2"}],"replies":[{"embeddable":true,"href":"https:\/\/dronelab.lv\/lv\/wp-json\/wp\/v2\/comments?post=1351"}],"version-history":[{"count":3,"href":"https:\/\/dronelab.lv\/lv\/wp-json\/wp\/v2\/pages\/1351\/revisions"}],"predecessor-version":[{"id":1356,"href":"https:\/\/dronelab.lv\/lv\/wp-json\/wp\/v2\/pages\/1351\/revisions\/1356"}],"wp:featuredmedia":[{"embeddable":true,"href":"https:\/\/dronelab.lv\/lv\/wp-json\/wp\/v2\/media\/58"}],"wp:attachment":[{"href":"https:\/\/dronelab.lv\/lv\/wp-json\/wp\/v2\/media?parent=1351"}],"curies":[{"name":"wp","href":"https:\/\/api.w.org\/{rel}","templated":true}]}}