{"id":1301,"date":"2025-04-06T08:03:26","date_gmt":"2025-04-06T08:03:26","guid":{"rendered":"https:\/\/dronelab.lv\/?page_id=1301"},"modified":"2025-04-06T08:15:13","modified_gmt":"2025-04-06T08:15:13","slug":"empowering-underwater-professionals","status":"publish","type":"page","link":"https:\/\/dronelab.lv\/lv\/zemudens-profesionalu-pilnvarosana\/","title":{"rendered":"Zem\u016bdens profesion\u0101\u013cu pilnvaro\u0161ana"},"content":{"rendered":"<p>Pras\u012bgaj\u0101 profesion\u0101laj\u0101 un milit\u0101raj\u0101 nir\u0161anas pasaul\u0113 vissvar\u012bg\u0101k\u0101 ir uzticam\u012bba un kvalit\u0101te. Dronelab SIA ir sevi pier\u0101d\u012bjis k\u0101 vado\u0161o visaptvero\u0161o zem\u016bdens risin\u0101jumu pieg\u0101d\u0101t\u0101ju, sniedzot ne tikai ekspertu pakalpojumus, bet ar\u012b augst\u0101k\u0101 l\u012bme\u0146a apr\u012bkojumu, kas atbilst \u0161o specializ\u0113to jomu stingriem standartiem. M\u016bsu ap\u0146em\u0161an\u0101s sasniegt izcil\u012bbu nodro\u0161ina, ka profesion\u0101\u013ciem, kas str\u0101d\u0101 izaicino\u0161aj\u0101 Baltijas j\u016bras vid\u0113, ir nepiecie\u0161amie instrumenti, lai g\u016btu pan\u0101kumus.<\/p><figure class=\"wp-block-image size-large\"><img fetchpriority=\"high\" decoding=\"async\" width=\"1024\" height=\"576\" src=\"https:\/\/dronelab.lv\/wp-content\/uploads\/2025\/04\/Boat-1024x576.jpg\" alt=\"\" class=\"wp-image-1304\" srcset=\"https:\/\/dronelab.lv\/wp-content\/uploads\/2025\/04\/Boat-1024x576.jpg 1024w, https:\/\/dronelab.lv\/wp-content\/uploads\/2025\/04\/Boat-scaled-800x450.jpg 800w, https:\/\/dronelab.lv\/wp-content\/uploads\/2025\/04\/Boat-300x169.jpg 300w, https:\/\/dronelab.lv\/wp-content\/uploads\/2025\/04\/Boat-768x432.jpg 768w, https:\/\/dronelab.lv\/wp-content\/uploads\/2025\/04\/Boat-1536x864.jpg 1536w, https:\/\/dronelab.lv\/wp-content\/uploads\/2025\/04\/Boat-2048x1152.jpg 2048w, https:\/\/dronelab.lv\/wp-content\/uploads\/2025\/04\/Boat-18x10.jpg 18w, https:\/\/dronelab.lv\/wp-content\/uploads\/2025\/04\/Boat-1000x563.jpg 1000w, https:\/\/dronelab.lv\/wp-content\/uploads\/2025\/04\/Boat-230x129.jpg 230w, https:\/\/dronelab.lv\/wp-content\/uploads\/2025\/04\/Boat-350x197.jpg 350w, https:\/\/dronelab.lv\/wp-content\/uploads\/2025\/04\/Boat-480x270.jpg 480w\" sizes=\"(max-width: 1024px) 100vw, 1024px\" \/><\/figure><p><strong>Uzticams partneris kritisk\u0101m zem\u016bdens oper\u0101cij\u0101m<\/strong><\/p><p>Dronelab SIA izce\u013cas ar unik\u0101lu ekspertu pakalpojumu un augstas kvalit\u0101tes iek\u0101rtu pieg\u0101des kombin\u0101ciju. M\u016bsu iesp\u0113jas ietver:<\/p><ul class=\"wp-block-list\"><li><strong>Visaptvero\u0161i zem\u016bdens risin\u0101jumi:<\/strong> M\u0113s pied\u0101v\u0101jam pla\u0161u pakalpojumu kl\u0101stu, tostarp kritisk\u0101s infrastrukt\u016bras p\u0101rbaudi, prec\u012bzu vides uzraudz\u012bbu un efekt\u012bvu l\u012bdzek\u013cu atg\u016b\u0161anu, kas piel\u0101goti profesion\u0101lu un milit\u0101ru klientu \u012bpa\u0161aj\u0101m vajadz\u012bb\u0101m.<\/li>\n\n<li><strong>Uzlabota zem\u016bdens tehnolo\u0123ija:<\/strong> Izmantojot vismodern\u0101kos zem\u016bdens dronus (UUV) un att\u0101lin\u0101ti vad\u0101mus transportl\u012bdzek\u013cus (ROV), m\u0113s pied\u0101v\u0101jam augstas kvalit\u0101tes, dro\u0161us un efekt\u012bvus risin\u0101jumus sare\u017e\u0123\u012btiem zem\u016bdens projektiem.<\/li>\n\n<li><strong>Milit\u0101r\u0101 l\u012bme\u0146a ekip\u0113juma pieg\u0101de:<\/strong> K\u0101 uzticams valsts a\u0123ent\u016bru partneris m\u0113s izpild\u0101m konkursus par augst\u0101k\u0101 l\u012bme\u0146a milit\u0101r\u0101 l\u012bme\u0146a nir\u0161anas un kompresijas apr\u012bkojuma pieg\u0101di, nodro\u0161inot visaugst\u0101kos uzticam\u012bbas un veiktsp\u0113jas standartus.<\/li><\/ul><figure class=\"wp-block-image size-large\"><img decoding=\"async\" width=\"1024\" height=\"576\" src=\"https:\/\/dronelab.lv\/wp-content\/uploads\/2025\/04\/Equipment-1024x576.jpg?v=1743927303\" alt=\"\" class=\"wp-image-1306\" srcset=\"https:\/\/dronelab.lv\/wp-content\/uploads\/2025\/04\/Equipment-1024x576.jpg 1024w, https:\/\/dronelab.lv\/wp-content\/uploads\/2025\/04\/Equipment-scaled-800x450.jpg 800w, https:\/\/dronelab.lv\/wp-content\/uploads\/2025\/04\/Equipment-300x169.jpg 300w, https:\/\/dronelab.lv\/wp-content\/uploads\/2025\/04\/Equipment-768x432.jpg 768w, https:\/\/dronelab.lv\/wp-content\/uploads\/2025\/04\/Equipment-1536x864.jpg 1536w, https:\/\/dronelab.lv\/wp-content\/uploads\/2025\/04\/Equipment-2048x1152.jpg 2048w, https:\/\/dronelab.lv\/wp-content\/uploads\/2025\/04\/Equipment-18x10.jpg 18w, https:\/\/dronelab.lv\/wp-content\/uploads\/2025\/04\/Equipment-1000x563.jpg 1000w, https:\/\/dronelab.lv\/wp-content\/uploads\/2025\/04\/Equipment-230x129.jpg 230w, https:\/\/dronelab.lv\/wp-content\/uploads\/2025\/04\/Equipment-350x197.jpg 350w, https:\/\/dronelab.lv\/wp-content\/uploads\/2025\/04\/Equipment-480x270.jpg 480w\" sizes=\"(max-width: 1024px) 100vw, 1024px\" \/><\/figure><p><strong>Nodro\u0161ina lab\u0101ko par lab\u0101ko<\/strong><\/p><p>Lai nodro\u0161in\u0101tu maksim\u0101lu veiktsp\u0113ju un dro\u0161\u012bbu, Dronelab SIA sadarbojas ar un pieg\u0101d\u0101 apr\u012bkojumu no pasaul\u0113 cien\u012bjam\u0101kajiem un atz\u012bt\u0101kajiem nir\u0161anas z\u012bmoliem:<\/p><ul class=\"wp-block-list\"><li><strong>Vado\u0161ais nir\u0161anas apr\u012bkojums:<\/strong> M\u0113s pied\u0101v\u0101jam pla\u0161u nir\u0161anas apr\u012bkojuma kl\u0101stu no nozares l\u012bderiem, nodro\u0161inot profesion\u0101\u013ciem piek\u013cuvi visuzticam\u0101kajiem un modern\u0101kajiem instrumentiem.<\/li>\n\n<li><strong>Augstas veiktsp\u0113jas regulatori:<\/strong> M\u0113s pied\u0101v\u0101jam regulatorus, kas ir slaveni ar savu izcilo veiktsp\u0113ju, kas ir b\u016btiski, lai saglab\u0101tu dro\u0161\u012bbu un efektivit\u0101ti pras\u012bgu nir\u0161anas laik\u0101.<\/li>\n\n<li><strong>Specializ\u0113tas pilnas sejas maskas un komunik\u0101cijas sist\u0113mas:<\/strong> M\u0113s pieg\u0101d\u0101jam uzlabotas sakaru sist\u0113mas un visas sejas maskas, kas nodro\u0161ina skaidru sazi\u0146u un uzlabotu dro\u0161\u012bbu sare\u017e\u0123\u012btu zem\u016bdens oper\u0101ciju laik\u0101.<\/li>\n\n<li><strong>Tehniskais nir\u0161anas apr\u012bkojums un rebreathers:<\/strong> M\u0113s pied\u0101v\u0101jam tehnisko nir\u0161anas apr\u012bkojumu un rebrezerus, kas paredz\u0113ti ilgsto\u0161\u0101m un izaicino\u0161\u0101m nir\u0161an\u0101m, kas atbilst specializ\u0113tu profesion\u0101\u013cu vajadz\u012bb\u0101m.<\/li><\/ul><p><strong>Balstoties uz pieredzes pamatu<\/strong><\/p><p>Uz\u0146\u0113mums Dronelab SIA ir dibin\u0101ts 2006.\u00a0gad\u0101 un ir izveidojis sp\u0113c\u012bgu reput\u0101ciju, pateicoties uzticam\u012bbai un izcil\u012bbai zem\u016bdens pakalpojumu un produktu pieg\u0101des nozar\u0113. M\u016bsu pla\u0161\u0101 pieredze un ap\u0146em\u0161an\u0101s p\u0101rsniegt klientu cer\u012bbas padara m\u016bs par uzticamu partneri profesion\u0101liem un milit\u0101riem \u016bdensl\u012bd\u0113jiem, kas darbojas Baltijas j\u016bras re\u0123ion\u0101.<\/p><p><strong>Secin\u0101jums<\/strong><\/p><p>Dronelab SIA cent\u012bba nodro\u0161in\u0101t visaptvero\u0161us zem\u016bdens risin\u0101jumus un pieg\u0101d\u0101t augst\u0101k\u0101 l\u012bme\u0146a apr\u012bkojumu nodro\u0161ina, ka profesion\u0101lajiem un milit\u0101rajiem \u016bdensl\u012bd\u0113jiem ir instrumenti un atbalsts, kas tiem nepiecie\u0161ams, lai darbotos dro\u0161i un efekt\u012bvi. Sadarbojoties ar vado\u0161ajiem z\u012bmoliem un izmantojot progres\u012bvas tehnolo\u0123ijas, m\u0113s dodam zem\u016bdens profesion\u0101\u013ciem iesp\u0113ju izcelties vi\u0146u pras\u012bgaj\u0101s lom\u0101s, veicinot svar\u012bgu zem\u016bdens oper\u0101ciju dro\u0161\u012bbu un pan\u0101kumus Baltijas j\u016br\u0101.<\/p><p><\/p>","protected":false},"excerpt":{"rendered":"<p>Pras\u012bgaj\u0101 profesion\u0101laj\u0101 un milit\u0101raj\u0101 nir\u0161anas pasaul\u0113 vissvar\u012bg\u0101k\u0101 ir uzticam\u012bba un kvalit\u0101te. SIA Dronelab ir sevi pier\u0101d\u012bjis k\u0101 vado\u0161o [\u2026]<\/p>","protected":false},"author":2,"featured_media":1304,"parent":0,"menu_order":0,"comment_status":"closed","ping_status":"closed","template":"","meta":{"footnotes":""},"class_list":["post-1301","page","type-page","status-publish","has-post-thumbnail","hentry"],"_links":{"self":[{"href":"https:\/\/dronelab.lv\/lv\/wp-json\/wp\/v2\/pages\/1301","targetHints":{"allow":["GET"]}}],"collection":[{"href":"https:\/\/dronelab.lv\/lv\/wp-json\/wp\/v2\/pages"}],"about":[{"href":"https:\/\/dronelab.lv\/lv\/wp-json\/wp\/v2\/types\/page"}],"author":[{"embeddable":true,"href":"https:\/\/dronelab.lv\/lv\/wp-json\/wp\/v2\/users\/2"}],"replies":[{"embeddable":true,"href":"https:\/\/dronelab.lv\/lv\/wp-json\/wp\/v2\/comments?post=1301"}],"version-history":[{"count":3,"href":"https:\/\/dronelab.lv\/lv\/wp-json\/wp\/v2\/pages\/1301\/revisions"}],"predecessor-version":[{"id":1307,"href":"https:\/\/dronelab.lv\/lv\/wp-json\/wp\/v2\/pages\/1301\/revisions\/1307"}],"wp:featuredmedia":[{"embeddable":true,"href":"https:\/\/dronelab.lv\/lv\/wp-json\/wp\/v2\/media\/1304"}],"wp:attachment":[{"href":"https:\/\/dronelab.lv\/lv\/wp-json\/wp\/v2\/media?parent=1301"}],"curies":[{"name":"wp","href":"https:\/\/api.w.org\/{rel}","templated":true}]}}