{"id":1298,"date":"2025-04-06T08:00:22","date_gmt":"2025-04-06T08:00:22","guid":{"rendered":"https:\/\/dronelab.lv\/?page_id=1298"},"modified":"2025-04-06T08:27:56","modified_gmt":"2025-04-06T08:27:56","slug":"baltic-sea-underwater-projects","status":"publish","type":"page","link":"https:\/\/dronelab.lv\/lv\/baltijas-juras-zemudens-projekti\/","title":{"rendered":"Baltijas j\u016bras zem\u016bdens projekti"},"content":{"rendered":"<figure class=\"wp-block-image size-large\"><img fetchpriority=\"high\" decoding=\"async\" width=\"1600\" height=\"900\" src=\"https:\/\/dronelab.lv\/wp-content\/uploads\/2025\/04\/karlisDronelabShoreWorks-edited-1.jpeg\" alt=\"\" class=\"wp-image-1318\" srcset=\"https:\/\/dronelab.lv\/wp-content\/uploads\/2025\/04\/karlisDronelabShoreWorks-edited-1.jpeg 1600w, https:\/\/dronelab.lv\/wp-content\/uploads\/2025\/04\/karlisDronelabShoreWorks-edited-1-800x450.jpeg 800w, https:\/\/dronelab.lv\/wp-content\/uploads\/2025\/04\/karlisDronelabShoreWorks-edited-1-300x169.jpeg 300w, https:\/\/dronelab.lv\/wp-content\/uploads\/2025\/04\/karlisDronelabShoreWorks-edited-1-1024x576.jpeg 1024w, https:\/\/dronelab.lv\/wp-content\/uploads\/2025\/04\/karlisDronelabShoreWorks-edited-1-768x432.jpeg 768w, https:\/\/dronelab.lv\/wp-content\/uploads\/2025\/04\/karlisDronelabShoreWorks-edited-1-1536x864.jpeg 1536w, https:\/\/dronelab.lv\/wp-content\/uploads\/2025\/04\/karlisDronelabShoreWorks-edited-1-18x10.jpeg 18w, https:\/\/dronelab.lv\/wp-content\/uploads\/2025\/04\/karlisDronelabShoreWorks-edited-1-1000x563.jpeg 1000w, https:\/\/dronelab.lv\/wp-content\/uploads\/2025\/04\/karlisDronelabShoreWorks-edited-1-230x129.jpeg 230w, https:\/\/dronelab.lv\/wp-content\/uploads\/2025\/04\/karlisDronelabShoreWorks-edited-1-350x197.jpeg 350w, https:\/\/dronelab.lv\/wp-content\/uploads\/2025\/04\/karlisDronelabShoreWorks-edited-1-480x270.jpeg 480w\" sizes=\"(max-width: 1600px) 100vw, 1600px\" \/><\/figure><p>Baltijas j\u016bra, re\u0123ions ar iev\u0113rojamu ekonomisko un ekolo\u0123isko noz\u012bmi, rada unik\u0101lus izaicin\u0101jumus zem\u016bdens oper\u0101cij\u0101m. No sare\u017e\u0123\u012btas infrastrukt\u016bras uztur\u0113\u0161anas l\u012bdz delik\u0101tai vides uzraudz\u012bbai un sare\u017e\u0123\u012btai l\u012bdzek\u013cu atg\u016b\u0161anai, nepiecie\u0161am\u012bba p\u0113c specializ\u0113t\u0101m zin\u0101\u0161an\u0101m ir \u013coti svar\u012bga. Dronelab SIA ir pier\u0101d\u012bjis sevi k\u0101 l\u012bderi visaptvero\u0161u zem\u016bdens risin\u0101jumu nodro\u0161in\u0101\u0161an\u0101, \u012bpa\u0161i Baltijas j\u016bras re\u0123ion\u0101, demonstr\u0113jot veiksm\u012bgu projektu portfeli, kas apliecina t\u0101s ap\u0146em\u0161anos nodro\u0161in\u0101t inov\u0101cijas un izcil\u012bbu.<\/p><figure class=\"wp-block-image size-large\"><img decoding=\"async\" width=\"1024\" height=\"576\" src=\"https:\/\/dronelab.lv\/wp-content\/uploads\/2025\/04\/Boat-1024x576.jpg\" alt=\"\" class=\"wp-image-1304\" srcset=\"https:\/\/dronelab.lv\/wp-content\/uploads\/2025\/04\/Boat-1024x576.jpg 1024w, https:\/\/dronelab.lv\/wp-content\/uploads\/2025\/04\/Boat-scaled-800x450.jpg 800w, https:\/\/dronelab.lv\/wp-content\/uploads\/2025\/04\/Boat-300x169.jpg 300w, https:\/\/dronelab.lv\/wp-content\/uploads\/2025\/04\/Boat-768x432.jpg 768w, https:\/\/dronelab.lv\/wp-content\/uploads\/2025\/04\/Boat-1536x864.jpg 1536w, https:\/\/dronelab.lv\/wp-content\/uploads\/2025\/04\/Boat-2048x1152.jpg 2048w, https:\/\/dronelab.lv\/wp-content\/uploads\/2025\/04\/Boat-18x10.jpg 18w, https:\/\/dronelab.lv\/wp-content\/uploads\/2025\/04\/Boat-1000x563.jpg 1000w, https:\/\/dronelab.lv\/wp-content\/uploads\/2025\/04\/Boat-230x129.jpg 230w, https:\/\/dronelab.lv\/wp-content\/uploads\/2025\/04\/Boat-350x197.jpg 350w, https:\/\/dronelab.lv\/wp-content\/uploads\/2025\/04\/Boat-480x270.jpg 480w\" sizes=\"(max-width: 1024px) 100vw, 1024px\" \/><\/figure><p><strong>Kritisku zem\u016bdens vajadz\u012bbu risin\u0101\u0161ana Baltijas re\u0123ion\u0101<\/strong><\/p><p>Baltijas j\u016bras vide prasa daudzpus\u012bgu pieeju zem\u016bdens darbiem. \u0160eit ir nor\u0101d\u012btas galven\u0101s jomas, kur\u0101s Dronelab pieredze b\u016btiski ietekm\u0113:<\/p><ul class=\"wp-block-list\"><li><strong>Svar\u012bgas zem\u016bdens infrastrukt\u016bras uztur\u0113\u0161ana:<\/strong> Baltijas j\u016bras cauru\u013cvadu, kabe\u013cu un ostu konstrukciju t\u012bkls ir b\u016btisks re\u0123ion\u0101lajai tirdzniec\u012bbai. Regul\u0101ras p\u0101rbaudes un apkope ir \u013coti svar\u012bgas, lai nov\u0113rstu trauc\u0113jumus un iesp\u0113jamos vides apdraud\u0113jumus. Dronelab izmanto progres\u012bvus zem\u016bdens izp\u0113tes bezpilota lidapar\u0101tus un att\u0101lin\u0101ti vad\u0101mus transportl\u012bdzek\u013cus (ROV), lai sniegtu detaliz\u0113tus vizu\u0101lus nov\u0113rt\u0113jumus un identific\u0113tu iesp\u0113jam\u0101s probl\u0113mas pirms to saasin\u0101\u0161an\u0101s.<\/li>\n\n<li><strong>Baltijas trausl\u0101s ekosist\u0113mas aizsardz\u012bba:<\/strong> Vides monitorings ir \u013coti svar\u012bgs, lai saglab\u0101tu Baltijas j\u016bras trauslo ekosist\u0113mu. Dronelab tehnolo\u0123ija \u013cauj v\u0101kt svar\u012bgus datus par \u016bdens kvalit\u0101ti, j\u016bras dz\u012bvi un pies\u0101r\u0146ojuma l\u012bmeni, atbalstot saglab\u0101\u0161anas centienus un ilgtsp\u0113j\u012bgu att\u012bst\u012bbu.<\/li>\n\n<li><strong>Prec\u012bza zaud\u0113to l\u012bdzek\u013cu atg\u016b\u0161ana:<\/strong> Lai atg\u016btu nogrimu\u0161os l\u012bdzek\u013cus gl\u0101b\u0161anas vai izmekl\u0113\u0161anas nol\u016bkos, ir vajadz\u012bgas specializ\u0113tas prasmes un apr\u012bkojums. Dronelab zin\u0101\u0161anas zem\u016bdens navig\u0101cij\u0101 un manipul\u0101cij\u0101s \u013cauj dro\u0161i un efekt\u012bvi izcelt objektus no j\u016bras dibena.<\/li><\/ul><p><strong>Dronelab specializ\u0113tie pakalpojumi: dzi\u013ca nir\u0161ana<\/strong><\/p><ul class=\"wp-block-list\"><li><strong>Zem\u016bdens infrastrukt\u016bras p\u0101rbaude:<\/strong><ul class=\"wp-block-list\"><li>Izmantojot augstas iz\u0161\u0137irtsp\u0113jas zem\u016bdens izp\u0113tes dronus un ROV, Dronelab uz\u0146em detaliz\u0113tus zem\u016bdens strukt\u016bru att\u0113lus.<\/li>\n\n<li>\u0160ie dati tiek r\u016bp\u012bgi analiz\u0113ti, lai atkl\u0101tu defektus, boj\u0101jumus un iesp\u0113jamos atteices punktus, nodro\u0161inot kritisk\u0101s infrastrukt\u016bras ilgm\u016b\u017e\u012bbu un dro\u0161\u012bbu.<\/li><\/ul><\/li>\n\n<li><strong>Zem\u016bdens rak\u0161ana un b\u016bvniec\u012bba:<\/strong><ul class=\"wp-block-list\"><li>Dronelab augsti kvalific\u0113tu \u016bdensl\u012bd\u0113ju komanda veic sare\u017e\u0123\u012btus zem\u016bdens rak\u0161anas un b\u016bvniec\u012bbas projektus.<\/li>\n\n<li>Vi\u0146u zin\u0101\u0161anas nodro\u0161ina dro\u0161u un efekt\u012bvu darb\u012bbu, nov\u0113r\u0161ot \u0161\u0137\u0113r\u0161\u013cus vai b\u016bv\u0113jot jaunas zem\u016bdens iek\u0101rtas.<\/li><\/ul><\/li>\n\n<li><strong>Vides monitorings:<\/strong><ul class=\"wp-block-list\"><li>Dronelab izmanto progres\u012bvas tehnolo\u0123ijas, lai sav\u0101ktu svar\u012bgus datus par \u016bdens kvalit\u0101ti, j\u016bras biolo\u0123isko daudzveid\u012bbu un pies\u0101r\u0146ojuma l\u012bmeni.<\/li>\n\n<li>\u0160ie dati atbalsta apzin\u0101tu l\u0113mumu pie\u0146em\u0161anu par vides aizsardz\u012bbu un Baltijas j\u016bras ilgtsp\u0113j\u012bgu apsaimnieko\u0161anu.<\/li><\/ul><\/li>\n\n<li><strong>L\u012bdzek\u013cu atg\u016b\u0161ana:<\/strong><ul class=\"wp-block-list\"><li>Dronelab zin\u0101\u0161anas zem\u016bdens atra\u0161anas un izguves jom\u0101 \u013cauj atg\u016bt pazaud\u0113tos vai nogrimu\u0161os l\u012bdzek\u013cus.<\/li>\n\n<li>Vi\u0146u zin\u0101\u0161anas samazina ietekmi uz vidi, vienlaikus maksim\u0101li palielinot re\u0123ener\u0101cijas darb\u012bbu pan\u0101kumus.<\/li><\/ul><\/li><\/ul><p><strong>Pieredzes robe\u017ea: mazas komandas, liela ietekme<\/strong><\/p><p>Izaicino\u0161aj\u0101 Baltijas j\u016bras vid\u0113 nevar p\u0101rv\u0113rt\u0113t mazu, elast\u012bgu un augsti kvalific\u0113tu komandu v\u0113rt\u012bbu. Dronelab darb\u012bbas modelis uzsver:<\/p><ul class=\"wp-block-list\"><li><strong>Kvalific\u0113ti speci\u0101listi:<\/strong> Uz\u0146\u0113mums pa\u013caujas uz sertific\u0113tiem nir\u0113jiem, nir\u0113jiem un pieredz\u0113ju\u0161iem RIB laivu kaptei\u0146iem, nodro\u0161inot visaugst\u0101kos dro\u0161\u012bbas un efektivit\u0101tes standartus.<\/li>\n\n<li><strong>Veikl\u012bba un piel\u0101go\u0161an\u0101s sp\u0113ja:<\/strong> Dronelab izm\u0113ri \u013cauj \u0101tri rea\u0123\u0113t un piel\u0101gotus risin\u0101jumus, kas ir b\u016btiski daudzveid\u012bgiem izaicin\u0101jumiem, ar kuriem saskaras zem\u016bdens projekti.<\/li><\/ul><p><strong>Secin\u0101jums: Partner\u012bba ilgtsp\u0113j\u012bgai Baltijas j\u016brai<\/strong><\/p><p>Dronelab SIA ap\u0146em\u0161an\u0101s nodro\u0161in\u0101t inov\u0101cijas, dro\u0161\u012bbu un atbild\u012bbu par vidi padara to par uzticamu partneri zem\u016bdens projektos Baltijas j\u016bras re\u0123ion\u0101. Nodro\u0161inot visaptvero\u0161us risin\u0101jumus infrastrukt\u016bras uztur\u0113\u0161anai, vides uzraudz\u012bbai un l\u012bdzek\u013cu atjauno\u0161anai, Dronelab veicina \u0161\u012bs vit\u0101li svar\u012bg\u0101s ekosist\u0113mas ilgtsp\u0113j\u012bgu att\u012bst\u012bbu un saglab\u0101\u0161anu.<\/p>","protected":false},"excerpt":{"rendered":"<p>Baltijas j\u016bra, re\u0123ions ar iev\u0113rojamu ekonomisko un ekolo\u0123isko noz\u012bmi, rada unik\u0101lus izaicin\u0101jumus zem\u016bdens oper\u0101cij\u0101m. No sare\u017e\u0123\u012btas infrastrukt\u016bras uztur\u0113\u0161anas l\u012bdz [\u2026]<\/p>","protected":false},"author":2,"featured_media":0,"parent":0,"menu_order":0,"comment_status":"closed","ping_status":"closed","template":"","meta":{"footnotes":""},"class_list":["post-1298","page","type-page","status-publish","hentry"],"_links":{"self":[{"href":"https:\/\/dronelab.lv\/lv\/wp-json\/wp\/v2\/pages\/1298","targetHints":{"allow":["GET"]}}],"collection":[{"href":"https:\/\/dronelab.lv\/lv\/wp-json\/wp\/v2\/pages"}],"about":[{"href":"https:\/\/dronelab.lv\/lv\/wp-json\/wp\/v2\/types\/page"}],"author":[{"embeddable":true,"href":"https:\/\/dronelab.lv\/lv\/wp-json\/wp\/v2\/users\/2"}],"replies":[{"embeddable":true,"href":"https:\/\/dronelab.lv\/lv\/wp-json\/wp\/v2\/comments?post=1298"}],"version-history":[{"count":4,"href":"https:\/\/dronelab.lv\/lv\/wp-json\/wp\/v2\/pages\/1298\/revisions"}],"predecessor-version":[{"id":1319,"href":"https:\/\/dronelab.lv\/lv\/wp-json\/wp\/v2\/pages\/1298\/revisions\/1319"}],"wp:attachment":[{"href":"https:\/\/dronelab.lv\/lv\/wp-json\/wp\/v2\/media?parent=1298"}],"curies":[{"name":"wp","href":"https:\/\/api.w.org\/{rel}","templated":true}]}}