{"id":1293,"date":"2025-04-06T07:54:40","date_gmt":"2025-04-06T07:54:40","guid":{"rendered":"https:\/\/dronelab.lv\/?page_id=1293"},"modified":"2025-04-06T08:18:00","modified_gmt":"2025-04-06T08:18:00","slug":"exploring-the-baltic-sea-with-dronelab","status":"publish","type":"page","link":"https:\/\/dronelab.lv\/lv\/baltijas-juras-izpete-ar-dronelab\/","title":{"rendered":"Baltijas j\u016bras izp\u0113te"},"content":{"rendered":"<p>Baltijas j\u016bra, unik\u0101la un ekolo\u0123iski jut\u012bga \u016bdenstilpe, rada virkni izaicin\u0101jumu nozar\u0113m un p\u0113tniekiem. No novecojo\u0161as infrastrukt\u016bras l\u012bdz j\u016bras ekosist\u0113mas trauslajam l\u012bdzsvaram pieaug vajadz\u012bba p\u0113c inovat\u012bviem risin\u0101jumiem, lai izp\u0113t\u012btu un izprastu \u0161o svar\u012bgo resursu.<\/p><figure class=\"wp-block-image size-large\"><img fetchpriority=\"high\" decoding=\"async\" width=\"1024\" height=\"576\" src=\"https:\/\/dronelab.lv\/wp-content\/uploads\/2025\/04\/RIB-BOAT-1024x576.jpg?v=1743927456\" alt=\"\" class=\"wp-image-1309\" srcset=\"https:\/\/dronelab.lv\/wp-content\/uploads\/2025\/04\/RIB-BOAT-1024x576.jpg 1024w, https:\/\/dronelab.lv\/wp-content\/uploads\/2025\/04\/RIB-BOAT-scaled-800x450.jpg 800w, https:\/\/dronelab.lv\/wp-content\/uploads\/2025\/04\/RIB-BOAT-300x169.jpg 300w, https:\/\/dronelab.lv\/wp-content\/uploads\/2025\/04\/RIB-BOAT-768x432.jpg 768w, https:\/\/dronelab.lv\/wp-content\/uploads\/2025\/04\/RIB-BOAT-1536x864.jpg 1536w, https:\/\/dronelab.lv\/wp-content\/uploads\/2025\/04\/RIB-BOAT-2048x1152.jpg 2048w, https:\/\/dronelab.lv\/wp-content\/uploads\/2025\/04\/RIB-BOAT-18x10.jpg 18w, https:\/\/dronelab.lv\/wp-content\/uploads\/2025\/04\/RIB-BOAT-1000x563.jpg 1000w, https:\/\/dronelab.lv\/wp-content\/uploads\/2025\/04\/RIB-BOAT-230x129.jpg 230w, https:\/\/dronelab.lv\/wp-content\/uploads\/2025\/04\/RIB-BOAT-350x197.jpg 350w, https:\/\/dronelab.lv\/wp-content\/uploads\/2025\/04\/RIB-BOAT-480x270.jpg 480w\" sizes=\"(max-width: 1024px) 100vw, 1024px\" \/><\/figure><p><strong>Baltijas j\u016bras izaicin\u0101jumi<\/strong><\/p><ul class=\"wp-block-list\"><li><strong>Novecojo\u0161a infrastrukt\u016bra:<\/strong> Baltijas j\u016br\u0101 ir pla\u0161s kritisk\u0101s zem\u016bdens infrastrukt\u016bras t\u012bkls, tostarp cauru\u013cvadi, kabe\u013ci un j\u016bras v\u0113ja parki. Daudzas no \u0161\u012bm strukt\u016br\u0101m noveco, palielinot nopl\u016b\u017eu, boj\u0101jumu un iesp\u0113jamu vides katastrofu risku.<\/li>\n\n<li><strong>Vides monitorings:<\/strong> Baltijas j\u016bra saskaras ar daudziem vides apdraud\u0113jumiem, piem\u0113ram, pies\u0101r\u0146ojumu, p\u0101rzveju un klimata p\u0101rmai\u0146u ietekmi. Prec\u012bza un savlaic\u012bga \u0161o probl\u0113mu uzraudz\u012bba ir \u013coti svar\u012bga efekt\u012bvai saglab\u0101\u0161anai un p\u0101rvald\u012bbai.<\/li>\n\n<li><strong>J\u016bras arheolo\u0123ija:<\/strong> Baltijas j\u016brai ir bag\u0101ta j\u016brniec\u012bbas v\u0113sture, un zem t\u0101s virsmas atrodas daudzi ku\u0123u vraki un arheolo\u0123isk\u0101s vietas. \u0160o vietu izp\u0113te un dokument\u0113\u0161ana ir b\u016btiska, lai izprastu re\u0123iona pag\u0101tni.<\/li><\/ul><p><strong>Inovat\u012bvi risin\u0101jumi zem\u016bdens izp\u0113tei<\/strong><\/p><p>Dronelab SIA ir priek\u0161gal\u0101, nodro\u0161inot novatoriskus risin\u0101jumus \u0161iem izaicin\u0101jumiem. Izmantojot progres\u012bvas zem\u016bdens tehnolo\u0123ijas, m\u0113s pied\u0101v\u0101jam pakalpojumu kl\u0101stu, kas piel\u0101gots m\u016bsu klientu \u012bpa\u0161aj\u0101m vajadz\u012bb\u0101m.<\/p><ul class=\"wp-block-list\"><li><strong>Augstas iz\u0161\u0137irtsp\u0113jas zem\u016bdens aptaujas:<\/strong> Izmantojot jaun\u0101kos zem\u016bdens dronus un att\u0101lin\u0101ti vad\u0101mus transportl\u012bdzek\u013cus (ROV), m\u0113s varam veikt detaliz\u0113tas zem\u016bdens konstrukciju p\u0101rbaudes, nodro\u0161inot augstas iz\u0161\u0137irtsp\u0113jas att\u0113lus un video prec\u012bzai nov\u0113rt\u0113\u0161anai un anal\u012bzei.<\/li>\n\n<li><strong>Prec\u012bza zem\u016bdens kart\u0113\u0161ana:<\/strong> M\u016bsu uzlabot\u0101s kart\u0113\u0161anas iesp\u0113jas \u013cauj mums izveidot detaliz\u0113tus j\u016bras gultnes 3D mode\u013cus, identific\u0113jot iesp\u0113jamos apdraud\u0113jumus, lokaliz\u0113jot arheolo\u0123isk\u0101s vietas un atbalstot vides uzraudz\u012bbas programmas.<\/li>\n\n<li><strong>Uz datiem balst\u012bti risin\u0101jumi:<\/strong> M\u0113s apkopojam un analiz\u0113jam milz\u012bgu datu apjomu no m\u016bsu zem\u016bdens apsekojumiem, sniedzot v\u0113rt\u012bgu ieskatu par infrastrukt\u016bras st\u0101vokli, j\u016bras ekosist\u0113mas vesel\u012bbu un zem\u016bdens vietu v\u0113sturisko noz\u012bmi.<\/li><\/ul><figure class=\"wp-block-image size-large\"><img decoding=\"async\" width=\"1024\" height=\"576\" src=\"https:\/\/dronelab.lv\/wp-content\/uploads\/2025\/04\/Sunset-1024x576.jpg\" alt=\"\" class=\"wp-image-1310\" srcset=\"https:\/\/dronelab.lv\/wp-content\/uploads\/2025\/04\/Sunset-1024x576.jpg 1024w, https:\/\/dronelab.lv\/wp-content\/uploads\/2025\/04\/Sunset-scaled-800x450.jpg 800w, https:\/\/dronelab.lv\/wp-content\/uploads\/2025\/04\/Sunset-300x169.jpg 300w, https:\/\/dronelab.lv\/wp-content\/uploads\/2025\/04\/Sunset-768x432.jpg 768w, https:\/\/dronelab.lv\/wp-content\/uploads\/2025\/04\/Sunset-1536x864.jpg 1536w, https:\/\/dronelab.lv\/wp-content\/uploads\/2025\/04\/Sunset-2048x1152.jpg 2048w, https:\/\/dronelab.lv\/wp-content\/uploads\/2025\/04\/Sunset-18x10.jpg 18w, https:\/\/dronelab.lv\/wp-content\/uploads\/2025\/04\/Sunset-1000x563.jpg 1000w, https:\/\/dronelab.lv\/wp-content\/uploads\/2025\/04\/Sunset-230x129.jpg 230w, https:\/\/dronelab.lv\/wp-content\/uploads\/2025\/04\/Sunset-350x197.jpg 350w, https:\/\/dronelab.lv\/wp-content\/uploads\/2025\/04\/Sunset-480x270.jpg 480w\" sizes=\"(max-width: 1024px) 100vw, 1024px\" \/><\/figure><p><strong>Mazu, veiklu komandu noz\u012bme<\/strong><\/p><p>Lai orient\u0113tos Baltijas j\u016bras sare\u017e\u0123\u012btajos izaicin\u0101jumos, nepiecie\u0161ama unik\u0101la pieeja. Dronelab SIA uzsver mazu, veiklu komandu ar specializ\u0113tu pieredzi noz\u012bmi. M\u016bsu komand\u0101 ir augsti kvalific\u0113ti speci\u0101listi, tostarp:<\/p><ul class=\"wp-block-list\"><li><strong>Kvalific\u0113ti nir\u0113ji:<\/strong> Pieredz\u0113ju\u0161i nir\u0113ji ar prasm\u0113m un apm\u0101c\u012bbu darboties sare\u017e\u0123\u012bt\u0101 zem\u016bdens vid\u0113.<\/li>\n\n<li><strong>Rebreather \u016bdensl\u012bd\u0113ji:<\/strong> Tiek izmantota uzlabota reelpas tehnolo\u0123ija ilgsto\u0161\u0101m zem\u016bdens oper\u0101cij\u0101m un minim\u0101lai ietekmei uz vidi.<\/li>\n\n<li><strong>RIB laivu kaptei\u0146i:<\/strong> Prasm\u012bgi laivu apstr\u0101d\u0101t\u0101ji, kas nodro\u0161ina dro\u0161u un efekt\u012bvu darb\u012bbu j\u016br\u0101.<\/li><\/ul><p><strong>Secin\u0101jums<\/strong><\/p><p>Dronelab SIA ir ap\u0146\u0113musies nodro\u0161in\u0101t inovat\u012bvus un uzticamus zem\u016bdens risin\u0101jumus Baltijas j\u016brai. Apvienojot progres\u012bvas tehnolo\u0123ijas ar m\u016bsu augsti kvalific\u0113t\u0101s komandas zin\u0101\u0161an\u0101m, m\u0113s varam efekt\u012bvi risin\u0101t probl\u0113mas, ar kur\u0101m saskaras \u0161\u012b svar\u012bg\u0101 ekosist\u0113ma, aizsarg\u0101t kritisko infrastrukt\u016bru un veicin\u0101t dzi\u013c\u0101ku izpratni par Baltijas j\u016bras bag\u0101to v\u0113sturi un vidi.<\/p><p><\/p>","protected":false},"excerpt":{"rendered":"<p>Baltijas j\u016bra, unik\u0101la un ekolo\u0123iski jut\u012bga \u016bdenstilpe, rada virkni izaicin\u0101jumu nozar\u0113m un p\u0113tniekiem. No noveco\u0161anas [\u2026]<\/p>","protected":false},"author":2,"featured_media":150,"parent":0,"menu_order":0,"comment_status":"closed","ping_status":"closed","template":"","meta":{"footnotes":""},"class_list":["post-1293","page","type-page","status-publish","has-post-thumbnail","hentry"],"_links":{"self":[{"href":"https:\/\/dronelab.lv\/lv\/wp-json\/wp\/v2\/pages\/1293","targetHints":{"allow":["GET"]}}],"collection":[{"href":"https:\/\/dronelab.lv\/lv\/wp-json\/wp\/v2\/pages"}],"about":[{"href":"https:\/\/dronelab.lv\/lv\/wp-json\/wp\/v2\/types\/page"}],"author":[{"embeddable":true,"href":"https:\/\/dronelab.lv\/lv\/wp-json\/wp\/v2\/users\/2"}],"replies":[{"embeddable":true,"href":"https:\/\/dronelab.lv\/lv\/wp-json\/wp\/v2\/comments?post=1293"}],"version-history":[{"count":3,"href":"https:\/\/dronelab.lv\/lv\/wp-json\/wp\/v2\/pages\/1293\/revisions"}],"predecessor-version":[{"id":1311,"href":"https:\/\/dronelab.lv\/lv\/wp-json\/wp\/v2\/pages\/1293\/revisions\/1311"}],"wp:featuredmedia":[{"embeddable":true,"href":"https:\/\/dronelab.lv\/lv\/wp-json\/wp\/v2\/media\/150"}],"wp:attachment":[{"href":"https:\/\/dronelab.lv\/lv\/wp-json\/wp\/v2\/media?parent=1293"}],"curies":[{"name":"wp","href":"https:\/\/api.w.org\/{rel}","templated":true}]}}